{"id":405,"date":"2022-12-20T15:32:13","date_gmt":"2022-12-20T13:32:13","guid":{"rendered":"https:\/\/www.belzona.nl\/?post_type=product&#038;p=405"},"modified":"2025-12-18T09:44:47","modified_gmt":"2025-12-18T08:44:47","slug":"belzona-1813-hittebestendige-pasta","status":"publish","type":"product","link":"https:\/\/www.belzona.be\/fr\/product\/serie-1000-metal-liquide-et-malleable\/belzona-1813-hittebestendige-pasta\/","title":{"rendered":"Belzona 1813 \u2013 P\u00e2te haute temp\u00e9rature pour r\u00e9paration et protection"},"content":{"rendered":"<p><iframe title=\"Abrasion resistant coating demonstration - Belzona 1813\" width=\"980\" height=\"551\" data-src=\"https:\/\/www.youtube.com\/embed\/ufkEJ5OpFtI?feature=oembed\" frameborder=\"0\" allow=\"accelerometer; autoplay; clipboard-write; encrypted-media; gyroscope; picture-in-picture; web-share\" referrerpolicy=\"strict-origin-when-cross-origin\" allowfullscreen src=\"data:image\/svg+xml;base64,PHN2ZyB3aWR0aD0iMSIgaGVpZ2h0PSIxIiB4bWxucz0iaHR0cDovL3d3dy53My5vcmcvMjAwMC9zdmciPjwvc3ZnPg==\" class=\"lazyload\" data-load-mode=\"1\"><\/iframe><\/p>\n","protected":false},"excerpt":{"rendered":"<p data-start=\"4710\" data-end=\"5006\">Belzona 1813 est une p\u00e2te haute temp\u00e9rature con\u00e7ue pour r\u00e9parer et prot\u00e9ger des \u00e9quipements op\u00e9rant jusqu\u2019\u00e0 200\u00b0C. Elle adh\u00e8re fortement \u00e0 de nombreux substrats m\u00e9talliques, notamment l\u2019acier et la fonte, et pr\u00e9sente une r\u00e9sistance \u00e9lev\u00e9e aux impacts, \u00e0 l\u2019abrasion et \u00e0 divers produits chimiques.<\/p>\n<h3 data-start=\"5008\" data-end=\"5036\">Durable et performante<\/h3>\n<p data-start=\"5037\" data-end=\"5334\">L\u2019application de Belzona 1813 offre une protection durable en service, applicable en couches minces ou \u00e9paisses selon les besoins op\u00e9rationnels. Elle pr\u00e9sente une temp\u00e9rature de d\u00e9formation \u00e0 chaud \u00e9lev\u00e9e et ne corrode pas. Belzona 1813 s\u2019applique facilement et assure une longue tenue en service.<\/p>\n<h3 data-start=\"5336\" data-end=\"5370\">Applications du Belzona 1813<\/h3>\n<p data-start=\"5371\" data-end=\"5685\">\u2022 Protection des tuyaux, coudes et vannes soumis \u00e0 l\u2019abrasion<br data-start=\"5432\" data-end=\"5435\" \/>\u2022 Collage ou jointoiement de carreaux c\u00e9ramiques et plaques d\u2019usure<br data-start=\"5502\" data-end=\"5505\" \/>\u2022 R\u00e9paration des vis de levage et des centrifugeuses endommag\u00e9es par \u00e9rosion ou corrosion<br data-start=\"5594\" data-end=\"5597\" \/>\u2022 Rev\u00eatement de tr\u00e9mies, pales de m\u00e9langeurs et autres \u00e9quipements soumis \u00e0 l\u2019abrasion<\/p>\n<p data-start=\"5371\" data-end=\"5685\"><strong>T\u00e9l\u00e9chargements<\/strong><\/p>\n<p data-start=\"5371\" data-end=\"5685\"><a href=\"https:\/\/www.belzona.nl\/wp-content\/uploads\/sites\/4\/2022\/12\/Belzona-1813.pdf\">Belzona 1813<\/a><br \/>\n<a href=\"https:\/\/www.belzona.nl\/wp-content\/uploads\/sites\/4\/2022\/12\/Gebruiksinstructie-1813.pdf\">Mode d&#8217;emploi 1813<\/a><br \/>\n<a href=\"https:\/\/www.belzona.nl\/wp-content\/uploads\/sites\/4\/2022\/12\/Veiligheidsinformatie-Base-11.pdf\">Informations de s\u00e9curit\u00e9 Base<\/a><br \/>\n<a href=\"https:\/\/www.belzona.nl\/wp-content\/uploads\/sites\/4\/2022\/12\/Veiligheidsinformatie-Solidifier-6.pdf\">Informations de s\u00e9curit\u00e9 Solidifier<\/a><\/p>\n","protected":false},"featured_media":406,"template":"","meta":{"_acf_changed":false,"content-type":"","editor_notices":[]},"product_brand":[],"product_cat":[23],"product_tag":[],"class_list":{"0":"post-405","1":"product","2":"type-product","3":"status-publish","4":"has-post-thumbnail","6":"product_cat-serie-1000-metal-liquide-et-malleable","8":"first","9":"instock","10":"taxable","11":"shipping-taxable","12":"product-type-simple"},"acf":[],"yoast_head":"<!-- This site is optimized with the Yoast SEO plugin v27.3 - https:\/\/yoast.com\/product\/yoast-seo-wordpress\/ -->\n<title>Belzona 1813 : p\u00e2te haute temp\u00e9rature de r\u00e9paration | Perspect BE<\/title>\n<meta name=\"description\" content=\"Belzona 1813 est une p\u00e2te haute temp\u00e9rature destin\u00e9e \u00e0 la r\u00e9paration et \u00e0 la protection d\u2019\u00e9quipements soumis \u00e0 l\u2019abrasion et \u00e0 des conditions jusqu\u2019\u00e0 200\u00b0C.\" \/>\n<meta name=\"robots\" content=\"index, follow, max-snippet:-1, max-image-preview:large, max-video-preview:-1\" \/>\n<link rel=\"canonical\" href=\"https:\/\/www.belzona.be\/fr\/product\/serie-1000-metal-liquide-et-malleable\/belzona-1813-hittebestendige-pasta\/\" \/>\n<meta property=\"og:locale\" content=\"fr_FR\" \/>\n<meta property=\"og:type\" content=\"article\" \/>\n<meta property=\"og:title\" content=\"Belzona 1813 : p\u00e2te haute temp\u00e9rature de r\u00e9paration | Perspect BE\" \/>\n<meta property=\"og:description\" content=\"Belzona 1813 est une p\u00e2te haute temp\u00e9rature destin\u00e9e \u00e0 la r\u00e9paration et \u00e0 la protection d\u2019\u00e9quipements soumis \u00e0 l\u2019abrasion et \u00e0 des conditions jusqu\u2019\u00e0 200\u00b0C.\" \/>\n<meta property=\"og:url\" content=\"https:\/\/www.belzona.be\/fr\/product\/serie-1000-metal-liquide-et-malleable\/belzona-1813-hittebestendige-pasta\/\" \/>\n<meta property=\"og:site_name\" content=\"Belzona Perspect Belgique FR\" \/>\n<meta property=\"article:modified_time\" content=\"2025-12-18T08:44:47+00:00\" \/>\n<meta property=\"og:image\" content=\"https:\/\/www.belzona.be\/fr\/wp-content\/uploads\/sites\/4\/2022\/12\/belzona-1813.jpg\" \/>\n\t<meta property=\"og:image:width\" content=\"709\" \/>\n\t<meta property=\"og:image:height\" content=\"709\" \/>\n\t<meta property=\"og:image:type\" content=\"image\/jpeg\" \/>\n<meta name=\"twitter:card\" content=\"summary_large_image\" \/>\n<meta name=\"twitter:label1\" content=\"Dur\u00e9e de lecture est.\" \/>\n\t<meta name=\"twitter:data1\" content=\"1 minute\" \/>\n<script type=\"application\/ld+json\" class=\"yoast-schema-graph\">{\"@context\":\"https:\\\/\\\/schema.org\",\"@graph\":[{\"@type\":\"WebPage\",\"@id\":\"https:\\\/\\\/www.belzona.be\\\/fr\\\/product\\\/serie-1000-metal-liquide-et-malleable\\\/belzona-1813-hittebestendige-pasta\\\/\",\"url\":\"https:\\\/\\\/www.belzona.be\\\/fr\\\/product\\\/serie-1000-metal-liquide-et-malleable\\\/belzona-1813-hittebestendige-pasta\\\/\",\"name\":\"Belzona 1813 : p\u00e2te haute temp\u00e9rature de r\u00e9paration | Perspect BE\",\"isPartOf\":{\"@id\":\"https:\\\/\\\/www.belzona.be\\\/fr\\\/#website\"},\"primaryImageOfPage\":{\"@id\":\"https:\\\/\\\/www.belzona.be\\\/fr\\\/product\\\/serie-1000-metal-liquide-et-malleable\\\/belzona-1813-hittebestendige-pasta\\\/#primaryimage\"},\"image\":{\"@id\":\"https:\\\/\\\/www.belzona.be\\\/fr\\\/product\\\/serie-1000-metal-liquide-et-malleable\\\/belzona-1813-hittebestendige-pasta\\\/#primaryimage\"},\"thumbnailUrl\":\"https:\\\/\\\/www.belzona.be\\\/fr\\\/wp-content\\\/uploads\\\/sites\\\/4\\\/2022\\\/12\\\/belzona-1813.jpg\",\"datePublished\":\"2022-12-20T13:32:13+00:00\",\"dateModified\":\"2025-12-18T08:44:47+00:00\",\"description\":\"Belzona 1813 est une p\u00e2te haute temp\u00e9rature destin\u00e9e \u00e0 la r\u00e9paration et \u00e0 la protection d\u2019\u00e9quipements soumis \u00e0 l\u2019abrasion et \u00e0 des conditions jusqu\u2019\u00e0 200\u00b0C.\",\"breadcrumb\":{\"@id\":\"https:\\\/\\\/www.belzona.be\\\/fr\\\/product\\\/serie-1000-metal-liquide-et-malleable\\\/belzona-1813-hittebestendige-pasta\\\/#breadcrumb\"},\"inLanguage\":\"fr-BE\",\"potentialAction\":[{\"@type\":\"ReadAction\",\"target\":[\"https:\\\/\\\/www.belzona.be\\\/fr\\\/product\\\/serie-1000-metal-liquide-et-malleable\\\/belzona-1813-hittebestendige-pasta\\\/\"]}]},{\"@type\":\"ImageObject\",\"inLanguage\":\"fr-BE\",\"@id\":\"https:\\\/\\\/www.belzona.be\\\/fr\\\/product\\\/serie-1000-metal-liquide-et-malleable\\\/belzona-1813-hittebestendige-pasta\\\/#primaryimage\",\"url\":\"https:\\\/\\\/www.belzona.be\\\/fr\\\/wp-content\\\/uploads\\\/sites\\\/4\\\/2022\\\/12\\\/belzona-1813.jpg\",\"contentUrl\":\"https:\\\/\\\/www.belzona.be\\\/fr\\\/wp-content\\\/uploads\\\/sites\\\/4\\\/2022\\\/12\\\/belzona-1813.jpg\",\"width\":709,\"height\":709},{\"@type\":\"BreadcrumbList\",\"@id\":\"https:\\\/\\\/www.belzona.be\\\/fr\\\/product\\\/serie-1000-metal-liquide-et-malleable\\\/belzona-1813-hittebestendige-pasta\\\/#breadcrumb\",\"itemListElement\":[{\"@type\":\"ListItem\",\"position\":1,\"name\":\"Accueil\",\"item\":\"https:\\\/\\\/www.belzona.be\\\/fr\\\/\"},{\"@type\":\"ListItem\",\"position\":2,\"name\":\"Produits\",\"item\":\"https:\\\/\\\/www.belzona.be\\\/fr\\\/produits\\\/\"},{\"@type\":\"ListItem\",\"position\":3,\"name\":\"Belzona 1813 \u2013 P\u00e2te haute temp\u00e9rature pour r\u00e9paration et protection\"}]},{\"@type\":\"WebSite\",\"@id\":\"https:\\\/\\\/www.belzona.be\\\/fr\\\/#website\",\"url\":\"https:\\\/\\\/www.belzona.be\\\/fr\\\/\",\"name\":\"Belzona Perspect Belgique FR\",\"description\":\"Belzona : r\u00e9paration, protection et am\u00e9lioration des surfaces. Belzona pr\u00e9vient et r\u00e9pare l&#039;\u00e9rosion, la corrosion, l&#039;abrasion, ainsi que les d\u00e9gradations chimiques et m\u00e9caniques.\",\"potentialAction\":[{\"@type\":\"SearchAction\",\"target\":{\"@type\":\"EntryPoint\",\"urlTemplate\":\"https:\\\/\\\/www.belzona.be\\\/fr\\\/?s={search_term_string}\"},\"query-input\":{\"@type\":\"PropertyValueSpecification\",\"valueRequired\":true,\"valueName\":\"search_term_string\"}}],\"inLanguage\":\"fr-BE\"}]}<\/script>\n<!-- \/ Yoast SEO plugin. -->","yoast_head_json":{"title":"Belzona 1813 : p\u00e2te haute temp\u00e9rature de r\u00e9paration | Perspect BE","description":"Belzona 1813 est une p\u00e2te haute temp\u00e9rature destin\u00e9e \u00e0 la r\u00e9paration et \u00e0 la protection d\u2019\u00e9quipements soumis \u00e0 l\u2019abrasion et \u00e0 des conditions jusqu\u2019\u00e0 200\u00b0C.","robots":{"index":"index","follow":"follow","max-snippet":"max-snippet:-1","max-image-preview":"max-image-preview:large","max-video-preview":"max-video-preview:-1"},"canonical":"https:\/\/www.belzona.be\/fr\/product\/serie-1000-metal-liquide-et-malleable\/belzona-1813-hittebestendige-pasta\/","og_locale":"fr_FR","og_type":"article","og_title":"Belzona 1813 : p\u00e2te haute temp\u00e9rature de r\u00e9paration | Perspect BE","og_description":"Belzona 1813 est une p\u00e2te haute temp\u00e9rature destin\u00e9e \u00e0 la r\u00e9paration et \u00e0 la protection d\u2019\u00e9quipements soumis \u00e0 l\u2019abrasion et \u00e0 des conditions jusqu\u2019\u00e0 200\u00b0C.","og_url":"https:\/\/www.belzona.be\/fr\/product\/serie-1000-metal-liquide-et-malleable\/belzona-1813-hittebestendige-pasta\/","og_site_name":"Belzona Perspect Belgique FR","article_modified_time":"2025-12-18T08:44:47+00:00","og_image":[{"width":709,"height":709,"url":"https:\/\/www.belzona.be\/fr\/wp-content\/uploads\/sites\/4\/2022\/12\/belzona-1813.jpg","type":"image\/jpeg"}],"twitter_card":"summary_large_image","twitter_misc":{"Dur\u00e9e de lecture est.":"1 minute"},"schema":{"@context":"https:\/\/schema.org","@graph":[{"@type":"WebPage","@id":"https:\/\/www.belzona.be\/fr\/product\/serie-1000-metal-liquide-et-malleable\/belzona-1813-hittebestendige-pasta\/","url":"https:\/\/www.belzona.be\/fr\/product\/serie-1000-metal-liquide-et-malleable\/belzona-1813-hittebestendige-pasta\/","name":"Belzona 1813 : p\u00e2te haute temp\u00e9rature de r\u00e9paration | Perspect BE","isPartOf":{"@id":"https:\/\/www.belzona.be\/fr\/#website"},"primaryImageOfPage":{"@id":"https:\/\/www.belzona.be\/fr\/product\/serie-1000-metal-liquide-et-malleable\/belzona-1813-hittebestendige-pasta\/#primaryimage"},"image":{"@id":"https:\/\/www.belzona.be\/fr\/product\/serie-1000-metal-liquide-et-malleable\/belzona-1813-hittebestendige-pasta\/#primaryimage"},"thumbnailUrl":"https:\/\/www.belzona.be\/fr\/wp-content\/uploads\/sites\/4\/2022\/12\/belzona-1813.jpg","datePublished":"2022-12-20T13:32:13+00:00","dateModified":"2025-12-18T08:44:47+00:00","description":"Belzona 1813 est une p\u00e2te haute temp\u00e9rature destin\u00e9e \u00e0 la r\u00e9paration et \u00e0 la protection d\u2019\u00e9quipements soumis \u00e0 l\u2019abrasion et \u00e0 des conditions jusqu\u2019\u00e0 200\u00b0C.","breadcrumb":{"@id":"https:\/\/www.belzona.be\/fr\/product\/serie-1000-metal-liquide-et-malleable\/belzona-1813-hittebestendige-pasta\/#breadcrumb"},"inLanguage":"fr-BE","potentialAction":[{"@type":"ReadAction","target":["https:\/\/www.belzona.be\/fr\/product\/serie-1000-metal-liquide-et-malleable\/belzona-1813-hittebestendige-pasta\/"]}]},{"@type":"ImageObject","inLanguage":"fr-BE","@id":"https:\/\/www.belzona.be\/fr\/product\/serie-1000-metal-liquide-et-malleable\/belzona-1813-hittebestendige-pasta\/#primaryimage","url":"https:\/\/www.belzona.be\/fr\/wp-content\/uploads\/sites\/4\/2022\/12\/belzona-1813.jpg","contentUrl":"https:\/\/www.belzona.be\/fr\/wp-content\/uploads\/sites\/4\/2022\/12\/belzona-1813.jpg","width":709,"height":709},{"@type":"BreadcrumbList","@id":"https:\/\/www.belzona.be\/fr\/product\/serie-1000-metal-liquide-et-malleable\/belzona-1813-hittebestendige-pasta\/#breadcrumb","itemListElement":[{"@type":"ListItem","position":1,"name":"Accueil","item":"https:\/\/www.belzona.be\/fr\/"},{"@type":"ListItem","position":2,"name":"Produits","item":"https:\/\/www.belzona.be\/fr\/produits\/"},{"@type":"ListItem","position":3,"name":"Belzona 1813 \u2013 P\u00e2te haute temp\u00e9rature pour r\u00e9paration et protection"}]},{"@type":"WebSite","@id":"https:\/\/www.belzona.be\/fr\/#website","url":"https:\/\/www.belzona.be\/fr\/","name":"Belzona Perspect Belgique FR","description":"Belzona : r\u00e9paration, protection et am\u00e9lioration des surfaces. Belzona pr\u00e9vient et r\u00e9pare l&#039;\u00e9rosion, la corrosion, l&#039;abrasion, ainsi que les d\u00e9gradations chimiques et m\u00e9caniques.","potentialAction":[{"@type":"SearchAction","target":{"@type":"EntryPoint","urlTemplate":"https:\/\/www.belzona.be\/fr\/?s={search_term_string}"},"query-input":{"@type":"PropertyValueSpecification","valueRequired":true,"valueName":"search_term_string"}}],"inLanguage":"fr-BE"}]}},"_links":{"self":[{"href":"https:\/\/www.belzona.be\/fr\/wp-json\/wp\/v2\/product\/405","targetHints":{"allow":["GET"]}}],"collection":[{"href":"https:\/\/www.belzona.be\/fr\/wp-json\/wp\/v2\/product"}],"about":[{"href":"https:\/\/www.belzona.be\/fr\/wp-json\/wp\/v2\/types\/product"}],"wp:featuredmedia":[{"embeddable":true,"href":"https:\/\/www.belzona.be\/fr\/wp-json\/wp\/v2\/media\/406"}],"wp:attachment":[{"href":"https:\/\/www.belzona.be\/fr\/wp-json\/wp\/v2\/media?parent=405"}],"wp:term":[{"taxonomy":"product_brand","embeddable":true,"href":"https:\/\/www.belzona.be\/fr\/wp-json\/wp\/v2\/product_brand?post=405"},{"taxonomy":"product_cat","embeddable":true,"href":"https:\/\/www.belzona.be\/fr\/wp-json\/wp\/v2\/product_cat?post=405"},{"taxonomy":"product_tag","embeddable":true,"href":"https:\/\/www.belzona.be\/fr\/wp-json\/wp\/v2\/product_tag?post=405"}],"curies":[{"name":"wp","href":"https:\/\/api.w.org\/{rel}","templated":true}]}}