{"id":403,"date":"2022-12-20T15:29:20","date_gmt":"2022-12-20T13:29:20","guid":{"rendered":"https:\/\/www.belzona.nl\/?post_type=product&#038;p=403"},"modified":"2025-12-18T09:44:56","modified_gmt":"2025-12-18T08:44:56","slug":"belzona-1511-super-ht-metal-metaalpasta-voor-hoge-temperaturen","status":"publish","type":"product","link":"https:\/\/www.belzona.be\/fr\/product\/serie-1000-metal-liquide-et-malleable\/belzona-1511-super-ht-metal-metaalpasta-voor-hoge-temperaturen\/","title":{"rendered":"Belzona 1511 Super HT Metal \u2013 P\u00e2te haute temp\u00e9rature de r\u00e9paration m\u00e9tallique"},"content":{"rendered":"","protected":false},"excerpt":{"rendered":"<p data-start=\"3851\" data-end=\"4167\">Belzona 1511 Super HT Metal est une p\u00e2te haute temp\u00e9rature con\u00e7ue pour la reconstruction de surfaces m\u00e9talliques endommag\u00e9es par l\u2019\u00e9rosion ou la corrosion. Elle peut \u00eatre appliqu\u00e9e en couches jusqu\u2019\u00e0 12 mm et comble efficacement les piq\u00fbres profondes. Le produit convient pour des applications jusqu\u2019\u00e0 210\u00b0C (410\u00b0F).<\/p>\n<h3 data-start=\"4169\" data-end=\"4224\">Protection durable et r\u00e9duction des temps d\u2019arr\u00eat<\/h3>\n<p data-start=\"4225\" data-end=\"4553\">Belzona 1511 assure une protection avanc\u00e9e contre l\u2019\u00e9rosion, la corrosion et les agents chimiques en environnements haute temp\u00e9rature. Sa fen\u00eatre de recouvrement de 24 heures avec les rev\u00eatements Belzona haute temp\u00e9rature permet des interventions rapides et limite les temps d\u2019arr\u00eat, tout en optimisant les co\u00fbts d\u2019exploitation.<\/p>\n<h3 data-start=\"4555\" data-end=\"4589\">Applications du Belzona 1511<\/h3>\n<p data-start=\"4590\" data-end=\"4936\">\u2022 R\u00e9parations haute temp\u00e9rature pour cuves de traitement, colonnes de distillation, \u00e9changeurs de chaleur, r\u00e9servoirs, pipelines et unit\u00e9s de lavage<br data-start=\"4738\" data-end=\"4741\" \/>\u2022 R\u00e9paration de fissures et perforations sur machines, stations de pompage, tuyaux, r\u00e9servoirs et divers \u00e9quipements industriels<br data-start=\"4869\" data-end=\"4872\" \/>\u2022 Remplissage de piq\u00fbres de corrosion sur surfaces m\u00e9talliques<\/p>\n","protected":false},"featured_media":404,"template":"","meta":{"_acf_changed":false,"content-type":"","editor_notices":[]},"product_brand":[],"product_cat":[23],"product_tag":[],"class_list":{"0":"post-403","1":"product","2":"type-product","3":"status-publish","4":"has-post-thumbnail","6":"product_cat-serie-1000-metal-liquide-et-malleable","8":"first","9":"instock","10":"taxable","11":"shipping-taxable","12":"product-type-simple"},"acf":[],"yoast_head":"<!-- This site is optimized with the Yoast SEO plugin v27.3 - https:\/\/yoast.com\/product\/yoast-seo-wordpress\/ -->\n<title>Belzona 1511 : p\u00e2te haute temp\u00e9rature de r\u00e9paration | Perspect BE<\/title>\n<meta name=\"description\" content=\"Belzona 1511 est une p\u00e2te haute temp\u00e9rature con\u00e7ue pour restaurer les surfaces m\u00e9talliques \u00e9rod\u00e9es ou corrod\u00e9es, avec une r\u00e9sistance m\u00e9canique et chimique.\" \/>\n<meta name=\"robots\" content=\"index, follow, max-snippet:-1, max-image-preview:large, max-video-preview:-1\" \/>\n<link rel=\"canonical\" href=\"https:\/\/www.belzona.be\/fr\/product\/serie-1000-metal-liquide-et-malleable\/belzona-1511-super-ht-metal-metaalpasta-voor-hoge-temperaturen\/\" \/>\n<meta property=\"og:locale\" content=\"fr_FR\" \/>\n<meta property=\"og:type\" content=\"article\" \/>\n<meta property=\"og:title\" content=\"Belzona 1511 : p\u00e2te haute temp\u00e9rature de r\u00e9paration | Perspect BE\" \/>\n<meta property=\"og:description\" content=\"Belzona 1511 est une p\u00e2te haute temp\u00e9rature con\u00e7ue pour restaurer les surfaces m\u00e9talliques \u00e9rod\u00e9es ou corrod\u00e9es, avec une r\u00e9sistance m\u00e9canique et chimique.\" \/>\n<meta property=\"og:url\" content=\"https:\/\/www.belzona.be\/fr\/product\/serie-1000-metal-liquide-et-malleable\/belzona-1511-super-ht-metal-metaalpasta-voor-hoge-temperaturen\/\" \/>\n<meta property=\"og:site_name\" content=\"Belzona Perspect Belgique FR\" \/>\n<meta property=\"article:modified_time\" content=\"2025-12-18T08:44:56+00:00\" \/>\n<meta property=\"og:image\" content=\"https:\/\/www.belzona.be\/fr\/wp-content\/uploads\/sites\/4\/2022\/12\/belzona-1511-super-ht-metal.jpg\" \/>\n\t<meta property=\"og:image:width\" content=\"688\" \/>\n\t<meta property=\"og:image:height\" content=\"688\" \/>\n\t<meta property=\"og:image:type\" content=\"image\/jpeg\" \/>\n<meta name=\"twitter:card\" content=\"summary_large_image\" \/>\n<meta name=\"twitter:label1\" content=\"Dur\u00e9e de lecture est.\" \/>\n\t<meta name=\"twitter:data1\" content=\"1 minute\" \/>\n<script type=\"application\/ld+json\" class=\"yoast-schema-graph\">{\"@context\":\"https:\\\/\\\/schema.org\",\"@graph\":[{\"@type\":\"WebPage\",\"@id\":\"https:\\\/\\\/www.belzona.be\\\/fr\\\/product\\\/serie-1000-metal-liquide-et-malleable\\\/belzona-1511-super-ht-metal-metaalpasta-voor-hoge-temperaturen\\\/\",\"url\":\"https:\\\/\\\/www.belzona.be\\\/fr\\\/product\\\/serie-1000-metal-liquide-et-malleable\\\/belzona-1511-super-ht-metal-metaalpasta-voor-hoge-temperaturen\\\/\",\"name\":\"Belzona 1511 : p\u00e2te haute temp\u00e9rature de r\u00e9paration | Perspect BE\",\"isPartOf\":{\"@id\":\"https:\\\/\\\/www.belzona.be\\\/fr\\\/#website\"},\"primaryImageOfPage\":{\"@id\":\"https:\\\/\\\/www.belzona.be\\\/fr\\\/product\\\/serie-1000-metal-liquide-et-malleable\\\/belzona-1511-super-ht-metal-metaalpasta-voor-hoge-temperaturen\\\/#primaryimage\"},\"image\":{\"@id\":\"https:\\\/\\\/www.belzona.be\\\/fr\\\/product\\\/serie-1000-metal-liquide-et-malleable\\\/belzona-1511-super-ht-metal-metaalpasta-voor-hoge-temperaturen\\\/#primaryimage\"},\"thumbnailUrl\":\"https:\\\/\\\/www.belzona.be\\\/fr\\\/wp-content\\\/uploads\\\/sites\\\/4\\\/2022\\\/12\\\/belzona-1511-super-ht-metal.jpg\",\"datePublished\":\"2022-12-20T13:29:20+00:00\",\"dateModified\":\"2025-12-18T08:44:56+00:00\",\"description\":\"Belzona 1511 est une p\u00e2te haute temp\u00e9rature con\u00e7ue pour restaurer les surfaces m\u00e9talliques \u00e9rod\u00e9es ou corrod\u00e9es, avec une r\u00e9sistance m\u00e9canique et chimique.\",\"breadcrumb\":{\"@id\":\"https:\\\/\\\/www.belzona.be\\\/fr\\\/product\\\/serie-1000-metal-liquide-et-malleable\\\/belzona-1511-super-ht-metal-metaalpasta-voor-hoge-temperaturen\\\/#breadcrumb\"},\"inLanguage\":\"fr-BE\",\"potentialAction\":[{\"@type\":\"ReadAction\",\"target\":[\"https:\\\/\\\/www.belzona.be\\\/fr\\\/product\\\/serie-1000-metal-liquide-et-malleable\\\/belzona-1511-super-ht-metal-metaalpasta-voor-hoge-temperaturen\\\/\"]}]},{\"@type\":\"ImageObject\",\"inLanguage\":\"fr-BE\",\"@id\":\"https:\\\/\\\/www.belzona.be\\\/fr\\\/product\\\/serie-1000-metal-liquide-et-malleable\\\/belzona-1511-super-ht-metal-metaalpasta-voor-hoge-temperaturen\\\/#primaryimage\",\"url\":\"https:\\\/\\\/www.belzona.be\\\/fr\\\/wp-content\\\/uploads\\\/sites\\\/4\\\/2022\\\/12\\\/belzona-1511-super-ht-metal.jpg\",\"contentUrl\":\"https:\\\/\\\/www.belzona.be\\\/fr\\\/wp-content\\\/uploads\\\/sites\\\/4\\\/2022\\\/12\\\/belzona-1511-super-ht-metal.jpg\",\"width\":688,\"height\":688},{\"@type\":\"BreadcrumbList\",\"@id\":\"https:\\\/\\\/www.belzona.be\\\/fr\\\/product\\\/serie-1000-metal-liquide-et-malleable\\\/belzona-1511-super-ht-metal-metaalpasta-voor-hoge-temperaturen\\\/#breadcrumb\",\"itemListElement\":[{\"@type\":\"ListItem\",\"position\":1,\"name\":\"Accueil\",\"item\":\"https:\\\/\\\/www.belzona.be\\\/fr\\\/\"},{\"@type\":\"ListItem\",\"position\":2,\"name\":\"Produits\",\"item\":\"https:\\\/\\\/www.belzona.be\\\/fr\\\/produits\\\/\"},{\"@type\":\"ListItem\",\"position\":3,\"name\":\"Belzona 1511 Super HT Metal \u2013 P\u00e2te haute temp\u00e9rature de r\u00e9paration m\u00e9tallique\"}]},{\"@type\":\"WebSite\",\"@id\":\"https:\\\/\\\/www.belzona.be\\\/fr\\\/#website\",\"url\":\"https:\\\/\\\/www.belzona.be\\\/fr\\\/\",\"name\":\"Belzona Perspect Belgique FR\",\"description\":\"Belzona : r\u00e9paration, protection et am\u00e9lioration des surfaces. Belzona pr\u00e9vient et r\u00e9pare l&#039;\u00e9rosion, la corrosion, l&#039;abrasion, ainsi que les d\u00e9gradations chimiques et m\u00e9caniques.\",\"potentialAction\":[{\"@type\":\"SearchAction\",\"target\":{\"@type\":\"EntryPoint\",\"urlTemplate\":\"https:\\\/\\\/www.belzona.be\\\/fr\\\/?s={search_term_string}\"},\"query-input\":{\"@type\":\"PropertyValueSpecification\",\"valueRequired\":true,\"valueName\":\"search_term_string\"}}],\"inLanguage\":\"fr-BE\"}]}<\/script>\n<!-- \/ Yoast SEO plugin. -->","yoast_head_json":{"title":"Belzona 1511 : p\u00e2te haute temp\u00e9rature de r\u00e9paration | Perspect BE","description":"Belzona 1511 est une p\u00e2te haute temp\u00e9rature con\u00e7ue pour restaurer les surfaces m\u00e9talliques \u00e9rod\u00e9es ou corrod\u00e9es, avec une r\u00e9sistance m\u00e9canique et chimique.","robots":{"index":"index","follow":"follow","max-snippet":"max-snippet:-1","max-image-preview":"max-image-preview:large","max-video-preview":"max-video-preview:-1"},"canonical":"https:\/\/www.belzona.be\/fr\/product\/serie-1000-metal-liquide-et-malleable\/belzona-1511-super-ht-metal-metaalpasta-voor-hoge-temperaturen\/","og_locale":"fr_FR","og_type":"article","og_title":"Belzona 1511 : p\u00e2te haute temp\u00e9rature de r\u00e9paration | Perspect BE","og_description":"Belzona 1511 est une p\u00e2te haute temp\u00e9rature con\u00e7ue pour restaurer les surfaces m\u00e9talliques \u00e9rod\u00e9es ou corrod\u00e9es, avec une r\u00e9sistance m\u00e9canique et chimique.","og_url":"https:\/\/www.belzona.be\/fr\/product\/serie-1000-metal-liquide-et-malleable\/belzona-1511-super-ht-metal-metaalpasta-voor-hoge-temperaturen\/","og_site_name":"Belzona Perspect Belgique FR","article_modified_time":"2025-12-18T08:44:56+00:00","og_image":[{"width":688,"height":688,"url":"https:\/\/www.belzona.be\/fr\/wp-content\/uploads\/sites\/4\/2022\/12\/belzona-1511-super-ht-metal.jpg","type":"image\/jpeg"}],"twitter_card":"summary_large_image","twitter_misc":{"Dur\u00e9e de lecture est.":"1 minute"},"schema":{"@context":"https:\/\/schema.org","@graph":[{"@type":"WebPage","@id":"https:\/\/www.belzona.be\/fr\/product\/serie-1000-metal-liquide-et-malleable\/belzona-1511-super-ht-metal-metaalpasta-voor-hoge-temperaturen\/","url":"https:\/\/www.belzona.be\/fr\/product\/serie-1000-metal-liquide-et-malleable\/belzona-1511-super-ht-metal-metaalpasta-voor-hoge-temperaturen\/","name":"Belzona 1511 : p\u00e2te haute temp\u00e9rature de r\u00e9paration | Perspect BE","isPartOf":{"@id":"https:\/\/www.belzona.be\/fr\/#website"},"primaryImageOfPage":{"@id":"https:\/\/www.belzona.be\/fr\/product\/serie-1000-metal-liquide-et-malleable\/belzona-1511-super-ht-metal-metaalpasta-voor-hoge-temperaturen\/#primaryimage"},"image":{"@id":"https:\/\/www.belzona.be\/fr\/product\/serie-1000-metal-liquide-et-malleable\/belzona-1511-super-ht-metal-metaalpasta-voor-hoge-temperaturen\/#primaryimage"},"thumbnailUrl":"https:\/\/www.belzona.be\/fr\/wp-content\/uploads\/sites\/4\/2022\/12\/belzona-1511-super-ht-metal.jpg","datePublished":"2022-12-20T13:29:20+00:00","dateModified":"2025-12-18T08:44:56+00:00","description":"Belzona 1511 est une p\u00e2te haute temp\u00e9rature con\u00e7ue pour restaurer les surfaces m\u00e9talliques \u00e9rod\u00e9es ou corrod\u00e9es, avec une r\u00e9sistance m\u00e9canique et chimique.","breadcrumb":{"@id":"https:\/\/www.belzona.be\/fr\/product\/serie-1000-metal-liquide-et-malleable\/belzona-1511-super-ht-metal-metaalpasta-voor-hoge-temperaturen\/#breadcrumb"},"inLanguage":"fr-BE","potentialAction":[{"@type":"ReadAction","target":["https:\/\/www.belzona.be\/fr\/product\/serie-1000-metal-liquide-et-malleable\/belzona-1511-super-ht-metal-metaalpasta-voor-hoge-temperaturen\/"]}]},{"@type":"ImageObject","inLanguage":"fr-BE","@id":"https:\/\/www.belzona.be\/fr\/product\/serie-1000-metal-liquide-et-malleable\/belzona-1511-super-ht-metal-metaalpasta-voor-hoge-temperaturen\/#primaryimage","url":"https:\/\/www.belzona.be\/fr\/wp-content\/uploads\/sites\/4\/2022\/12\/belzona-1511-super-ht-metal.jpg","contentUrl":"https:\/\/www.belzona.be\/fr\/wp-content\/uploads\/sites\/4\/2022\/12\/belzona-1511-super-ht-metal.jpg","width":688,"height":688},{"@type":"BreadcrumbList","@id":"https:\/\/www.belzona.be\/fr\/product\/serie-1000-metal-liquide-et-malleable\/belzona-1511-super-ht-metal-metaalpasta-voor-hoge-temperaturen\/#breadcrumb","itemListElement":[{"@type":"ListItem","position":1,"name":"Accueil","item":"https:\/\/www.belzona.be\/fr\/"},{"@type":"ListItem","position":2,"name":"Produits","item":"https:\/\/www.belzona.be\/fr\/produits\/"},{"@type":"ListItem","position":3,"name":"Belzona 1511 Super HT Metal \u2013 P\u00e2te haute temp\u00e9rature de r\u00e9paration m\u00e9tallique"}]},{"@type":"WebSite","@id":"https:\/\/www.belzona.be\/fr\/#website","url":"https:\/\/www.belzona.be\/fr\/","name":"Belzona Perspect Belgique FR","description":"Belzona : r\u00e9paration, protection et am\u00e9lioration des surfaces. Belzona pr\u00e9vient et r\u00e9pare l&#039;\u00e9rosion, la corrosion, l&#039;abrasion, ainsi que les d\u00e9gradations chimiques et m\u00e9caniques.","potentialAction":[{"@type":"SearchAction","target":{"@type":"EntryPoint","urlTemplate":"https:\/\/www.belzona.be\/fr\/?s={search_term_string}"},"query-input":{"@type":"PropertyValueSpecification","valueRequired":true,"valueName":"search_term_string"}}],"inLanguage":"fr-BE"}]}},"_links":{"self":[{"href":"https:\/\/www.belzona.be\/fr\/wp-json\/wp\/v2\/product\/403","targetHints":{"allow":["GET"]}}],"collection":[{"href":"https:\/\/www.belzona.be\/fr\/wp-json\/wp\/v2\/product"}],"about":[{"href":"https:\/\/www.belzona.be\/fr\/wp-json\/wp\/v2\/types\/product"}],"wp:featuredmedia":[{"embeddable":true,"href":"https:\/\/www.belzona.be\/fr\/wp-json\/wp\/v2\/media\/404"}],"wp:attachment":[{"href":"https:\/\/www.belzona.be\/fr\/wp-json\/wp\/v2\/media?parent=403"}],"wp:term":[{"taxonomy":"product_brand","embeddable":true,"href":"https:\/\/www.belzona.be\/fr\/wp-json\/wp\/v2\/product_brand?post=403"},{"taxonomy":"product_cat","embeddable":true,"href":"https:\/\/www.belzona.be\/fr\/wp-json\/wp\/v2\/product_cat?post=403"},{"taxonomy":"product_tag","embeddable":true,"href":"https:\/\/www.belzona.be\/fr\/wp-json\/wp\/v2\/product_tag?post=403"}],"curies":[{"name":"wp","href":"https:\/\/api.w.org\/{rel}","templated":true}]}}