{"id":401,"date":"2022-12-20T15:23:29","date_gmt":"2022-12-20T13:23:29","guid":{"rendered":"https:\/\/www.belzona.nl\/?post_type=product&#038;p=401"},"modified":"2025-12-18T09:44:59","modified_gmt":"2025-12-18T08:44:59","slug":"belzona-1311-ceramic-r-metal","status":"publish","type":"product","link":"https:\/\/www.belzona.be\/fr\/product\/serie-1000-metal-liquide-et-malleable\/belzona-1311-ceramic-r-metal\/","title":{"rendered":"Belzona 1311 Ceramic R Metal \u2013 P\u00e2te c\u00e9ramique de reconstruction m\u00e9tallique"},"content":{"rendered":"","protected":false},"excerpt":{"rendered":"<p data-start=\"4102\" data-end=\"4468\">Belzona 1311 est une p\u00e2te c\u00e9ramique con\u00e7ue pour la reconstruction durable des surfaces m\u00e9talliques \u00e9rod\u00e9es ou corrod\u00e9es. Cette p\u00e2te restaure les surfaces tout en offrant une protection efficace contre l\u2019\u00e9rosion et la corrosion. Elle adh\u00e8re \u00e0 de nombreux substrats, notamment l\u2019acier, l\u2019aluminium, le cuivre, le laiton, le verre, le bois et la plupart des plastiques.<\/p>\n<h3 data-start=\"4470\" data-end=\"4507\">Durable et r\u00e9sistante \u00e0 l\u2019usure<\/h3>\n<p data-start=\"4508\" data-end=\"4759\">Cette p\u00e2te c\u00e9ramique peut \u00eatre appliqu\u00e9e \u00e0 temp\u00e9rature ambiante. Sans solvant, elle pr\u00e9sente une r\u00e9sistance \u00e9lev\u00e9e \u00e0 l\u2019abrasion. Pour renforcer la long\u00e9vit\u00e9 des surfaces restaur\u00e9es, il est possible d\u2019appliquer en finition Belzona 1321 Ceramic S Metal.<\/p>\n<h3 data-start=\"4761\" data-end=\"4779\">Applications<\/h3>\n<p data-start=\"4780\" data-end=\"4933\">\u2022 Pompes centrifuges et turbines<br data-start=\"4812\" data-end=\"4815\" \/>\u2022 \u00c9changeurs de chaleur<br data-start=\"4838\" data-end=\"4841\" \/>\u2022 Coudes de tuyaux<br data-start=\"4859\" data-end=\"4862\" \/>\u2022 Buses<br data-start=\"4869\" data-end=\"4872\" \/>\u2022 Propulseurs<br data-start=\"4885\" data-end=\"4888\" \/>\u2022 Roues<br data-start=\"4895\" data-end=\"4898\" \/>\u2022 Pi\u00e8ces en T<br data-start=\"4911\" data-end=\"4914\" \/>\u2022 Vannes papillon<\/p>\n<p><strong>T\u00e9l\u00e9chargements<\/strong><br \/>\n<a href=\"https:\/\/www.belzona.nl\/wp-content\/uploads\/sites\/4\/2022\/12\/Belzona-1311.pdf\">Belzona 1311<\/a><br \/>\n<a href=\"https:\/\/www.belzona.nl\/wp-content\/uploads\/sites\/4\/2022\/12\/Gebruiksinstructie-1311.pdf\">Instruction d&rsquo;application 1311<\/a><br \/>\n<a href=\"https:\/\/www.belzona.nl\/wp-content\/uploads\/sites\/4\/2022\/12\/Veiligheidsinformatie-Base-31.pdf\">Informations de s\u00e9curit\u00e9 Base<\/a><br \/>\n<a href=\"https:\/\/www.belzona.nl\/wp-content\/uploads\/sites\/4\/2022\/12\/Veiligheidsinformatie-Solidifier-28.pdf\">Informations de s\u00e9curit\u00e9 Solidifier<\/a><\/p>\n","protected":false},"featured_media":402,"template":"","meta":{"_acf_changed":false,"content-type":"","editor_notices":[]},"product_brand":[],"product_cat":[23],"product_tag":[],"class_list":{"0":"post-401","1":"product","2":"type-product","3":"status-publish","4":"has-post-thumbnail","6":"product_cat-serie-1000-metal-liquide-et-malleable","8":"first","9":"instock","10":"taxable","11":"shipping-taxable","12":"product-type-simple"},"acf":[],"yoast_head":"<!-- This site is optimized with the Yoast SEO plugin v27.3 - https:\/\/yoast.com\/product\/yoast-seo-wordpress\/ -->\n<title>Belzona 1311 : p\u00e2te c\u00e9ramique pour reconstruction | Perspect BE<\/title>\n<meta name=\"description\" content=\"Belzona 1311 est une p\u00e2te c\u00e9ramique con\u00e7ue pour restaurer et prot\u00e9ger les surfaces m\u00e9talliques \u00e9rod\u00e9es ou corrod\u00e9es, avec une r\u00e9sistance \u00e0 l\u2019abrasion.\" \/>\n<meta name=\"robots\" content=\"index, follow, max-snippet:-1, max-image-preview:large, max-video-preview:-1\" \/>\n<link rel=\"canonical\" href=\"https:\/\/www.belzona.be\/fr\/product\/serie-1000-metal-liquide-et-malleable\/belzona-1311-ceramic-r-metal\/\" \/>\n<meta property=\"og:locale\" content=\"fr_FR\" \/>\n<meta property=\"og:type\" content=\"article\" \/>\n<meta property=\"og:title\" content=\"Belzona 1311 : p\u00e2te c\u00e9ramique pour reconstruction | Perspect BE\" \/>\n<meta property=\"og:description\" content=\"Belzona 1311 est une p\u00e2te c\u00e9ramique con\u00e7ue pour restaurer et prot\u00e9ger les surfaces m\u00e9talliques \u00e9rod\u00e9es ou corrod\u00e9es, avec une r\u00e9sistance \u00e0 l\u2019abrasion.\" \/>\n<meta property=\"og:url\" content=\"https:\/\/www.belzona.be\/fr\/product\/serie-1000-metal-liquide-et-malleable\/belzona-1311-ceramic-r-metal\/\" \/>\n<meta property=\"og:site_name\" content=\"Belzona Perspect Belgique FR\" \/>\n<meta property=\"article:modified_time\" content=\"2025-12-18T08:44:59+00:00\" \/>\n<meta property=\"og:image\" content=\"https:\/\/www.belzona.be\/fr\/wp-content\/uploads\/sites\/4\/2022\/12\/Belzona-1311-Ceramic-R-Metal.jpg\" \/>\n\t<meta property=\"og:image:width\" content=\"688\" \/>\n\t<meta property=\"og:image:height\" content=\"688\" \/>\n\t<meta property=\"og:image:type\" content=\"image\/jpeg\" \/>\n<meta name=\"twitter:card\" content=\"summary_large_image\" \/>\n<meta name=\"twitter:label1\" content=\"Dur\u00e9e de lecture est.\" \/>\n\t<meta name=\"twitter:data1\" content=\"1 minute\" \/>\n<script type=\"application\/ld+json\" class=\"yoast-schema-graph\">{\"@context\":\"https:\\\/\\\/schema.org\",\"@graph\":[{\"@type\":\"WebPage\",\"@id\":\"https:\\\/\\\/www.belzona.be\\\/fr\\\/product\\\/serie-1000-metal-liquide-et-malleable\\\/belzona-1311-ceramic-r-metal\\\/\",\"url\":\"https:\\\/\\\/www.belzona.be\\\/fr\\\/product\\\/serie-1000-metal-liquide-et-malleable\\\/belzona-1311-ceramic-r-metal\\\/\",\"name\":\"Belzona 1311 : p\u00e2te c\u00e9ramique pour reconstruction | Perspect BE\",\"isPartOf\":{\"@id\":\"https:\\\/\\\/www.belzona.be\\\/fr\\\/#website\"},\"primaryImageOfPage\":{\"@id\":\"https:\\\/\\\/www.belzona.be\\\/fr\\\/product\\\/serie-1000-metal-liquide-et-malleable\\\/belzona-1311-ceramic-r-metal\\\/#primaryimage\"},\"image\":{\"@id\":\"https:\\\/\\\/www.belzona.be\\\/fr\\\/product\\\/serie-1000-metal-liquide-et-malleable\\\/belzona-1311-ceramic-r-metal\\\/#primaryimage\"},\"thumbnailUrl\":\"https:\\\/\\\/www.belzona.be\\\/fr\\\/wp-content\\\/uploads\\\/sites\\\/4\\\/2022\\\/12\\\/Belzona-1311-Ceramic-R-Metal.jpg\",\"datePublished\":\"2022-12-20T13:23:29+00:00\",\"dateModified\":\"2025-12-18T08:44:59+00:00\",\"description\":\"Belzona 1311 est une p\u00e2te c\u00e9ramique con\u00e7ue pour restaurer et prot\u00e9ger les surfaces m\u00e9talliques \u00e9rod\u00e9es ou corrod\u00e9es, avec une r\u00e9sistance \u00e0 l\u2019abrasion.\",\"breadcrumb\":{\"@id\":\"https:\\\/\\\/www.belzona.be\\\/fr\\\/product\\\/serie-1000-metal-liquide-et-malleable\\\/belzona-1311-ceramic-r-metal\\\/#breadcrumb\"},\"inLanguage\":\"fr-BE\",\"potentialAction\":[{\"@type\":\"ReadAction\",\"target\":[\"https:\\\/\\\/www.belzona.be\\\/fr\\\/product\\\/serie-1000-metal-liquide-et-malleable\\\/belzona-1311-ceramic-r-metal\\\/\"]}]},{\"@type\":\"ImageObject\",\"inLanguage\":\"fr-BE\",\"@id\":\"https:\\\/\\\/www.belzona.be\\\/fr\\\/product\\\/serie-1000-metal-liquide-et-malleable\\\/belzona-1311-ceramic-r-metal\\\/#primaryimage\",\"url\":\"https:\\\/\\\/www.belzona.be\\\/fr\\\/wp-content\\\/uploads\\\/sites\\\/4\\\/2022\\\/12\\\/Belzona-1311-Ceramic-R-Metal.jpg\",\"contentUrl\":\"https:\\\/\\\/www.belzona.be\\\/fr\\\/wp-content\\\/uploads\\\/sites\\\/4\\\/2022\\\/12\\\/Belzona-1311-Ceramic-R-Metal.jpg\",\"width\":688,\"height\":688},{\"@type\":\"BreadcrumbList\",\"@id\":\"https:\\\/\\\/www.belzona.be\\\/fr\\\/product\\\/serie-1000-metal-liquide-et-malleable\\\/belzona-1311-ceramic-r-metal\\\/#breadcrumb\",\"itemListElement\":[{\"@type\":\"ListItem\",\"position\":1,\"name\":\"Accueil\",\"item\":\"https:\\\/\\\/www.belzona.be\\\/fr\\\/\"},{\"@type\":\"ListItem\",\"position\":2,\"name\":\"Produits\",\"item\":\"https:\\\/\\\/www.belzona.be\\\/fr\\\/produits\\\/\"},{\"@type\":\"ListItem\",\"position\":3,\"name\":\"Belzona 1311 Ceramic R Metal \u2013 P\u00e2te c\u00e9ramique de reconstruction m\u00e9tallique\"}]},{\"@type\":\"WebSite\",\"@id\":\"https:\\\/\\\/www.belzona.be\\\/fr\\\/#website\",\"url\":\"https:\\\/\\\/www.belzona.be\\\/fr\\\/\",\"name\":\"Belzona Perspect Belgique FR\",\"description\":\"Belzona : r\u00e9paration, protection et am\u00e9lioration des surfaces. Belzona pr\u00e9vient et r\u00e9pare l&#039;\u00e9rosion, la corrosion, l&#039;abrasion, ainsi que les d\u00e9gradations chimiques et m\u00e9caniques.\",\"potentialAction\":[{\"@type\":\"SearchAction\",\"target\":{\"@type\":\"EntryPoint\",\"urlTemplate\":\"https:\\\/\\\/www.belzona.be\\\/fr\\\/?s={search_term_string}\"},\"query-input\":{\"@type\":\"PropertyValueSpecification\",\"valueRequired\":true,\"valueName\":\"search_term_string\"}}],\"inLanguage\":\"fr-BE\"}]}<\/script>\n<!-- \/ Yoast SEO plugin. -->","yoast_head_json":{"title":"Belzona 1311 : p\u00e2te c\u00e9ramique pour reconstruction | Perspect BE","description":"Belzona 1311 est une p\u00e2te c\u00e9ramique con\u00e7ue pour restaurer et prot\u00e9ger les surfaces m\u00e9talliques \u00e9rod\u00e9es ou corrod\u00e9es, avec une r\u00e9sistance \u00e0 l\u2019abrasion.","robots":{"index":"index","follow":"follow","max-snippet":"max-snippet:-1","max-image-preview":"max-image-preview:large","max-video-preview":"max-video-preview:-1"},"canonical":"https:\/\/www.belzona.be\/fr\/product\/serie-1000-metal-liquide-et-malleable\/belzona-1311-ceramic-r-metal\/","og_locale":"fr_FR","og_type":"article","og_title":"Belzona 1311 : p\u00e2te c\u00e9ramique pour reconstruction | Perspect BE","og_description":"Belzona 1311 est une p\u00e2te c\u00e9ramique con\u00e7ue pour restaurer et prot\u00e9ger les surfaces m\u00e9talliques \u00e9rod\u00e9es ou corrod\u00e9es, avec une r\u00e9sistance \u00e0 l\u2019abrasion.","og_url":"https:\/\/www.belzona.be\/fr\/product\/serie-1000-metal-liquide-et-malleable\/belzona-1311-ceramic-r-metal\/","og_site_name":"Belzona Perspect Belgique FR","article_modified_time":"2025-12-18T08:44:59+00:00","og_image":[{"width":688,"height":688,"url":"https:\/\/www.belzona.be\/fr\/wp-content\/uploads\/sites\/4\/2022\/12\/Belzona-1311-Ceramic-R-Metal.jpg","type":"image\/jpeg"}],"twitter_card":"summary_large_image","twitter_misc":{"Dur\u00e9e de lecture est.":"1 minute"},"schema":{"@context":"https:\/\/schema.org","@graph":[{"@type":"WebPage","@id":"https:\/\/www.belzona.be\/fr\/product\/serie-1000-metal-liquide-et-malleable\/belzona-1311-ceramic-r-metal\/","url":"https:\/\/www.belzona.be\/fr\/product\/serie-1000-metal-liquide-et-malleable\/belzona-1311-ceramic-r-metal\/","name":"Belzona 1311 : p\u00e2te c\u00e9ramique pour reconstruction | Perspect BE","isPartOf":{"@id":"https:\/\/www.belzona.be\/fr\/#website"},"primaryImageOfPage":{"@id":"https:\/\/www.belzona.be\/fr\/product\/serie-1000-metal-liquide-et-malleable\/belzona-1311-ceramic-r-metal\/#primaryimage"},"image":{"@id":"https:\/\/www.belzona.be\/fr\/product\/serie-1000-metal-liquide-et-malleable\/belzona-1311-ceramic-r-metal\/#primaryimage"},"thumbnailUrl":"https:\/\/www.belzona.be\/fr\/wp-content\/uploads\/sites\/4\/2022\/12\/Belzona-1311-Ceramic-R-Metal.jpg","datePublished":"2022-12-20T13:23:29+00:00","dateModified":"2025-12-18T08:44:59+00:00","description":"Belzona 1311 est une p\u00e2te c\u00e9ramique con\u00e7ue pour restaurer et prot\u00e9ger les surfaces m\u00e9talliques \u00e9rod\u00e9es ou corrod\u00e9es, avec une r\u00e9sistance \u00e0 l\u2019abrasion.","breadcrumb":{"@id":"https:\/\/www.belzona.be\/fr\/product\/serie-1000-metal-liquide-et-malleable\/belzona-1311-ceramic-r-metal\/#breadcrumb"},"inLanguage":"fr-BE","potentialAction":[{"@type":"ReadAction","target":["https:\/\/www.belzona.be\/fr\/product\/serie-1000-metal-liquide-et-malleable\/belzona-1311-ceramic-r-metal\/"]}]},{"@type":"ImageObject","inLanguage":"fr-BE","@id":"https:\/\/www.belzona.be\/fr\/product\/serie-1000-metal-liquide-et-malleable\/belzona-1311-ceramic-r-metal\/#primaryimage","url":"https:\/\/www.belzona.be\/fr\/wp-content\/uploads\/sites\/4\/2022\/12\/Belzona-1311-Ceramic-R-Metal.jpg","contentUrl":"https:\/\/www.belzona.be\/fr\/wp-content\/uploads\/sites\/4\/2022\/12\/Belzona-1311-Ceramic-R-Metal.jpg","width":688,"height":688},{"@type":"BreadcrumbList","@id":"https:\/\/www.belzona.be\/fr\/product\/serie-1000-metal-liquide-et-malleable\/belzona-1311-ceramic-r-metal\/#breadcrumb","itemListElement":[{"@type":"ListItem","position":1,"name":"Accueil","item":"https:\/\/www.belzona.be\/fr\/"},{"@type":"ListItem","position":2,"name":"Produits","item":"https:\/\/www.belzona.be\/fr\/produits\/"},{"@type":"ListItem","position":3,"name":"Belzona 1311 Ceramic R Metal \u2013 P\u00e2te c\u00e9ramique de reconstruction m\u00e9tallique"}]},{"@type":"WebSite","@id":"https:\/\/www.belzona.be\/fr\/#website","url":"https:\/\/www.belzona.be\/fr\/","name":"Belzona Perspect Belgique FR","description":"Belzona : r\u00e9paration, protection et am\u00e9lioration des surfaces. Belzona pr\u00e9vient et r\u00e9pare l&#039;\u00e9rosion, la corrosion, l&#039;abrasion, ainsi que les d\u00e9gradations chimiques et m\u00e9caniques.","potentialAction":[{"@type":"SearchAction","target":{"@type":"EntryPoint","urlTemplate":"https:\/\/www.belzona.be\/fr\/?s={search_term_string}"},"query-input":{"@type":"PropertyValueSpecification","valueRequired":true,"valueName":"search_term_string"}}],"inLanguage":"fr-BE"}]}},"_links":{"self":[{"href":"https:\/\/www.belzona.be\/fr\/wp-json\/wp\/v2\/product\/401","targetHints":{"allow":["GET"]}}],"collection":[{"href":"https:\/\/www.belzona.be\/fr\/wp-json\/wp\/v2\/product"}],"about":[{"href":"https:\/\/www.belzona.be\/fr\/wp-json\/wp\/v2\/types\/product"}],"wp:featuredmedia":[{"embeddable":true,"href":"https:\/\/www.belzona.be\/fr\/wp-json\/wp\/v2\/media\/402"}],"wp:attachment":[{"href":"https:\/\/www.belzona.be\/fr\/wp-json\/wp\/v2\/media?parent=401"}],"wp:term":[{"taxonomy":"product_brand","embeddable":true,"href":"https:\/\/www.belzona.be\/fr\/wp-json\/wp\/v2\/product_brand?post=401"},{"taxonomy":"product_cat","embeddable":true,"href":"https:\/\/www.belzona.be\/fr\/wp-json\/wp\/v2\/product_cat?post=401"},{"taxonomy":"product_tag","embeddable":true,"href":"https:\/\/www.belzona.be\/fr\/wp-json\/wp\/v2\/product_tag?post=401"}],"curies":[{"name":"wp","href":"https:\/\/api.w.org\/{rel}","templated":true}]}}