{"id":399,"date":"2022-12-20T15:19:35","date_gmt":"2022-12-20T13:19:35","guid":{"rendered":"https:\/\/www.belzona.nl\/?post_type=product&#038;p=399"},"modified":"2025-12-18T09:45:05","modified_gmt":"2025-12-18T08:45:05","slug":"belzona-1221-super-e-metal-reparatiepasta","status":"publish","type":"product","link":"https:\/\/www.belzona.be\/fr\/product\/serie-1000-metal-liquide-et-malleable\/belzona-1221-super-e-metal-reparatiepasta\/","title":{"rendered":"Belzona 1221 Super E Metal \u2013 P\u00e2te m\u00e9tal de r\u00e9paration \u00e0 durcissement rapide"},"content":{"rendered":"","protected":false},"excerpt":{"rendered":"<p data-start=\"4282\" data-end=\"4546\">Belzona 1221 Super E Metal est une p\u00e2te m\u00e9tal de r\u00e9paration \u00e0 durcissement rapide, sp\u00e9cialement con\u00e7ue pour les interventions d\u2019urgence. Elle adh\u00e8re \u00e0 une large vari\u00e9t\u00e9 de substrats : m\u00e9taux (laiton, cuivre, acier inoxydable, aluminium), plastiques, verre et bois.<\/p>\n<p data-start=\"4548\" data-end=\"4912\">Belzona 1221 est une p\u00e2te sans solvant, applicable \u00e0 temp\u00e9rature ambiante avec des outils conventionnels. Elle ne pr\u00e9sente ni retrait, ni d\u00e9formation, ni gonflement apr\u00e8s durcissement, garantissant une liaison durable. Elle offre \u00e9galement une excellente r\u00e9sistance \u00e0 la corrosion, une forte r\u00e9sistance chimique et de tr\u00e8s bonnes propri\u00e9t\u00e9s d\u2019isolation \u00e9lectrique.<\/p>\n<h3 data-start=\"4914\" data-end=\"4948\">Applications du Belzona 1221<\/h3>\n<p data-start=\"4949\" data-end=\"5199\">\u2022 R\u00e9paration de conduites et de r\u00e9servoirs fuyards<br data-start=\"4999\" data-end=\"5002\" \/>\u2022 Restauration de filetages<br data-start=\"5029\" data-end=\"5032\" \/>\u2022 Collages m\u00e9tal\/plastique<br data-start=\"5058\" data-end=\"5061\" \/>\u2022 R\u00e9paration de paliers<br data-start=\"5084\" data-end=\"5087\" \/>\u2022 Connexions de batteries<br data-start=\"5112\" data-end=\"5115\" \/>\u2022 R\u00e9paration d\u2019isolateurs cass\u00e9s<br data-start=\"5147\" data-end=\"5150\" \/>\u2022 R\u00e9fection de canaux et de v\u00e9rins hydrauliques<\/p>\n<p><strong>T\u00e9l\u00e9chargements<br \/>\n<\/strong><a href=\"https:\/\/www.belzona.nl\/wp-content\/uploads\/sites\/4\/2022\/12\/Belzona-1221.pdf\">Belzona 1221<\/a><br data-start=\"47\" data-end=\"50\" \/><a href=\"https:\/\/www.belzona.nl\/wp-content\/uploads\/sites\/4\/2022\/12\/Gebruiksinstructie-1221.pdf\">Instructions d\u2019utilisation 1221<\/a><br data-start=\"81\" data-end=\"84\" \/><a href=\"https:\/\/www.belzona.nl\/wp-content\/uploads\/sites\/4\/2022\/12\/Veiligheidsinformatie-Base-30.pdf\">Informations de s\u00e9curit\u00e9 Base<\/a><br data-start=\"113\" data-end=\"116\" \/><a href=\"https:\/\/www.belzona.nl\/wp-content\/uploads\/sites\/4\/2022\/12\/Veiligheidsinformatie-Solidifier-27.pdf\">Informations de s\u00e9curit\u00e9 Solidifiant<\/a><\/p>\n","protected":false},"featured_media":400,"template":"","meta":{"_acf_changed":false,"content-type":"","editor_notices":[]},"product_brand":[],"product_cat":[23],"product_tag":[],"class_list":{"0":"post-399","1":"product","2":"type-product","3":"status-publish","4":"has-post-thumbnail","6":"product_cat-serie-1000-metal-liquide-et-malleable","8":"first","9":"instock","10":"taxable","11":"shipping-taxable","12":"product-type-simple"},"acf":[],"yoast_head":"<!-- This site is optimized with the Yoast SEO plugin v27.3 - https:\/\/yoast.com\/product\/yoast-seo-wordpress\/ -->\n<title>Belzona 1221 : p\u00e2te m\u00e9tal de r\u00e9paration rapide | Perspect BE<\/title>\n<meta name=\"description\" content=\"Belzona 1221 est une p\u00e2te m\u00e9tal de r\u00e9paration \u00e0 durcissement rapide, id\u00e9ale pour les interventions d\u2019urgence et l\u2019adh\u00e9rence sur m\u00e9tal, plastique, verre.\" \/>\n<meta name=\"robots\" content=\"index, follow, max-snippet:-1, max-image-preview:large, max-video-preview:-1\" \/>\n<link rel=\"canonical\" href=\"https:\/\/www.belzona.be\/fr\/product\/serie-1000-metal-liquide-et-malleable\/belzona-1221-super-e-metal-reparatiepasta\/\" \/>\n<meta property=\"og:locale\" content=\"fr_FR\" \/>\n<meta property=\"og:type\" content=\"article\" \/>\n<meta property=\"og:title\" content=\"Belzona 1221 : p\u00e2te m\u00e9tal de r\u00e9paration rapide | Perspect BE\" \/>\n<meta property=\"og:description\" content=\"Belzona 1221 est une p\u00e2te m\u00e9tal de r\u00e9paration \u00e0 durcissement rapide, id\u00e9ale pour les interventions d\u2019urgence et l\u2019adh\u00e9rence sur m\u00e9tal, plastique, verre.\" \/>\n<meta property=\"og:url\" content=\"https:\/\/www.belzona.be\/fr\/product\/serie-1000-metal-liquide-et-malleable\/belzona-1221-super-e-metal-reparatiepasta\/\" \/>\n<meta property=\"og:site_name\" content=\"Belzona Perspect Belgique FR\" \/>\n<meta property=\"article:modified_time\" content=\"2025-12-18T08:45:05+00:00\" \/>\n<meta property=\"og:image\" content=\"https:\/\/www.belzona.be\/fr\/wp-content\/uploads\/sites\/4\/2022\/12\/belzona-1221-super-e-metal.jpg\" \/>\n\t<meta property=\"og:image:width\" content=\"660\" \/>\n\t<meta property=\"og:image:height\" content=\"660\" \/>\n\t<meta property=\"og:image:type\" content=\"image\/jpeg\" \/>\n<meta name=\"twitter:card\" content=\"summary_large_image\" \/>\n<meta name=\"twitter:label1\" content=\"Dur\u00e9e de lecture est.\" \/>\n\t<meta name=\"twitter:data1\" content=\"1 minute\" \/>\n<script type=\"application\/ld+json\" class=\"yoast-schema-graph\">{\"@context\":\"https:\\\/\\\/schema.org\",\"@graph\":[{\"@type\":\"WebPage\",\"@id\":\"https:\\\/\\\/www.belzona.be\\\/fr\\\/product\\\/serie-1000-metal-liquide-et-malleable\\\/belzona-1221-super-e-metal-reparatiepasta\\\/\",\"url\":\"https:\\\/\\\/www.belzona.be\\\/fr\\\/product\\\/serie-1000-metal-liquide-et-malleable\\\/belzona-1221-super-e-metal-reparatiepasta\\\/\",\"name\":\"Belzona 1221 : p\u00e2te m\u00e9tal de r\u00e9paration rapide | Perspect BE\",\"isPartOf\":{\"@id\":\"https:\\\/\\\/www.belzona.be\\\/fr\\\/#website\"},\"primaryImageOfPage\":{\"@id\":\"https:\\\/\\\/www.belzona.be\\\/fr\\\/product\\\/serie-1000-metal-liquide-et-malleable\\\/belzona-1221-super-e-metal-reparatiepasta\\\/#primaryimage\"},\"image\":{\"@id\":\"https:\\\/\\\/www.belzona.be\\\/fr\\\/product\\\/serie-1000-metal-liquide-et-malleable\\\/belzona-1221-super-e-metal-reparatiepasta\\\/#primaryimage\"},\"thumbnailUrl\":\"https:\\\/\\\/www.belzona.be\\\/fr\\\/wp-content\\\/uploads\\\/sites\\\/4\\\/2022\\\/12\\\/belzona-1221-super-e-metal.jpg\",\"datePublished\":\"2022-12-20T13:19:35+00:00\",\"dateModified\":\"2025-12-18T08:45:05+00:00\",\"description\":\"Belzona 1221 est une p\u00e2te m\u00e9tal de r\u00e9paration \u00e0 durcissement rapide, id\u00e9ale pour les interventions d\u2019urgence et l\u2019adh\u00e9rence sur m\u00e9tal, plastique, verre.\",\"breadcrumb\":{\"@id\":\"https:\\\/\\\/www.belzona.be\\\/fr\\\/product\\\/serie-1000-metal-liquide-et-malleable\\\/belzona-1221-super-e-metal-reparatiepasta\\\/#breadcrumb\"},\"inLanguage\":\"fr-BE\",\"potentialAction\":[{\"@type\":\"ReadAction\",\"target\":[\"https:\\\/\\\/www.belzona.be\\\/fr\\\/product\\\/serie-1000-metal-liquide-et-malleable\\\/belzona-1221-super-e-metal-reparatiepasta\\\/\"]}]},{\"@type\":\"ImageObject\",\"inLanguage\":\"fr-BE\",\"@id\":\"https:\\\/\\\/www.belzona.be\\\/fr\\\/product\\\/serie-1000-metal-liquide-et-malleable\\\/belzona-1221-super-e-metal-reparatiepasta\\\/#primaryimage\",\"url\":\"https:\\\/\\\/www.belzona.be\\\/fr\\\/wp-content\\\/uploads\\\/sites\\\/4\\\/2022\\\/12\\\/belzona-1221-super-e-metal.jpg\",\"contentUrl\":\"https:\\\/\\\/www.belzona.be\\\/fr\\\/wp-content\\\/uploads\\\/sites\\\/4\\\/2022\\\/12\\\/belzona-1221-super-e-metal.jpg\",\"width\":660,\"height\":660},{\"@type\":\"BreadcrumbList\",\"@id\":\"https:\\\/\\\/www.belzona.be\\\/fr\\\/product\\\/serie-1000-metal-liquide-et-malleable\\\/belzona-1221-super-e-metal-reparatiepasta\\\/#breadcrumb\",\"itemListElement\":[{\"@type\":\"ListItem\",\"position\":1,\"name\":\"Accueil\",\"item\":\"https:\\\/\\\/www.belzona.be\\\/fr\\\/\"},{\"@type\":\"ListItem\",\"position\":2,\"name\":\"Produits\",\"item\":\"https:\\\/\\\/www.belzona.be\\\/fr\\\/produits\\\/\"},{\"@type\":\"ListItem\",\"position\":3,\"name\":\"Belzona 1221 Super E Metal \u2013 P\u00e2te m\u00e9tal de r\u00e9paration \u00e0 durcissement rapide\"}]},{\"@type\":\"WebSite\",\"@id\":\"https:\\\/\\\/www.belzona.be\\\/fr\\\/#website\",\"url\":\"https:\\\/\\\/www.belzona.be\\\/fr\\\/\",\"name\":\"Belzona Perspect Belgique FR\",\"description\":\"Belzona : r\u00e9paration, protection et am\u00e9lioration des surfaces. Belzona pr\u00e9vient et r\u00e9pare l&#039;\u00e9rosion, la corrosion, l&#039;abrasion, ainsi que les d\u00e9gradations chimiques et m\u00e9caniques.\",\"potentialAction\":[{\"@type\":\"SearchAction\",\"target\":{\"@type\":\"EntryPoint\",\"urlTemplate\":\"https:\\\/\\\/www.belzona.be\\\/fr\\\/?s={search_term_string}\"},\"query-input\":{\"@type\":\"PropertyValueSpecification\",\"valueRequired\":true,\"valueName\":\"search_term_string\"}}],\"inLanguage\":\"fr-BE\"}]}<\/script>\n<!-- \/ Yoast SEO plugin. -->","yoast_head_json":{"title":"Belzona 1221 : p\u00e2te m\u00e9tal de r\u00e9paration rapide | Perspect BE","description":"Belzona 1221 est une p\u00e2te m\u00e9tal de r\u00e9paration \u00e0 durcissement rapide, id\u00e9ale pour les interventions d\u2019urgence et l\u2019adh\u00e9rence sur m\u00e9tal, plastique, verre.","robots":{"index":"index","follow":"follow","max-snippet":"max-snippet:-1","max-image-preview":"max-image-preview:large","max-video-preview":"max-video-preview:-1"},"canonical":"https:\/\/www.belzona.be\/fr\/product\/serie-1000-metal-liquide-et-malleable\/belzona-1221-super-e-metal-reparatiepasta\/","og_locale":"fr_FR","og_type":"article","og_title":"Belzona 1221 : p\u00e2te m\u00e9tal de r\u00e9paration rapide | Perspect BE","og_description":"Belzona 1221 est une p\u00e2te m\u00e9tal de r\u00e9paration \u00e0 durcissement rapide, id\u00e9ale pour les interventions d\u2019urgence et l\u2019adh\u00e9rence sur m\u00e9tal, plastique, verre.","og_url":"https:\/\/www.belzona.be\/fr\/product\/serie-1000-metal-liquide-et-malleable\/belzona-1221-super-e-metal-reparatiepasta\/","og_site_name":"Belzona Perspect Belgique FR","article_modified_time":"2025-12-18T08:45:05+00:00","og_image":[{"width":660,"height":660,"url":"https:\/\/www.belzona.be\/fr\/wp-content\/uploads\/sites\/4\/2022\/12\/belzona-1221-super-e-metal.jpg","type":"image\/jpeg"}],"twitter_card":"summary_large_image","twitter_misc":{"Dur\u00e9e de lecture est.":"1 minute"},"schema":{"@context":"https:\/\/schema.org","@graph":[{"@type":"WebPage","@id":"https:\/\/www.belzona.be\/fr\/product\/serie-1000-metal-liquide-et-malleable\/belzona-1221-super-e-metal-reparatiepasta\/","url":"https:\/\/www.belzona.be\/fr\/product\/serie-1000-metal-liquide-et-malleable\/belzona-1221-super-e-metal-reparatiepasta\/","name":"Belzona 1221 : p\u00e2te m\u00e9tal de r\u00e9paration rapide | Perspect BE","isPartOf":{"@id":"https:\/\/www.belzona.be\/fr\/#website"},"primaryImageOfPage":{"@id":"https:\/\/www.belzona.be\/fr\/product\/serie-1000-metal-liquide-et-malleable\/belzona-1221-super-e-metal-reparatiepasta\/#primaryimage"},"image":{"@id":"https:\/\/www.belzona.be\/fr\/product\/serie-1000-metal-liquide-et-malleable\/belzona-1221-super-e-metal-reparatiepasta\/#primaryimage"},"thumbnailUrl":"https:\/\/www.belzona.be\/fr\/wp-content\/uploads\/sites\/4\/2022\/12\/belzona-1221-super-e-metal.jpg","datePublished":"2022-12-20T13:19:35+00:00","dateModified":"2025-12-18T08:45:05+00:00","description":"Belzona 1221 est une p\u00e2te m\u00e9tal de r\u00e9paration \u00e0 durcissement rapide, id\u00e9ale pour les interventions d\u2019urgence et l\u2019adh\u00e9rence sur m\u00e9tal, plastique, verre.","breadcrumb":{"@id":"https:\/\/www.belzona.be\/fr\/product\/serie-1000-metal-liquide-et-malleable\/belzona-1221-super-e-metal-reparatiepasta\/#breadcrumb"},"inLanguage":"fr-BE","potentialAction":[{"@type":"ReadAction","target":["https:\/\/www.belzona.be\/fr\/product\/serie-1000-metal-liquide-et-malleable\/belzona-1221-super-e-metal-reparatiepasta\/"]}]},{"@type":"ImageObject","inLanguage":"fr-BE","@id":"https:\/\/www.belzona.be\/fr\/product\/serie-1000-metal-liquide-et-malleable\/belzona-1221-super-e-metal-reparatiepasta\/#primaryimage","url":"https:\/\/www.belzona.be\/fr\/wp-content\/uploads\/sites\/4\/2022\/12\/belzona-1221-super-e-metal.jpg","contentUrl":"https:\/\/www.belzona.be\/fr\/wp-content\/uploads\/sites\/4\/2022\/12\/belzona-1221-super-e-metal.jpg","width":660,"height":660},{"@type":"BreadcrumbList","@id":"https:\/\/www.belzona.be\/fr\/product\/serie-1000-metal-liquide-et-malleable\/belzona-1221-super-e-metal-reparatiepasta\/#breadcrumb","itemListElement":[{"@type":"ListItem","position":1,"name":"Accueil","item":"https:\/\/www.belzona.be\/fr\/"},{"@type":"ListItem","position":2,"name":"Produits","item":"https:\/\/www.belzona.be\/fr\/produits\/"},{"@type":"ListItem","position":3,"name":"Belzona 1221 Super E Metal \u2013 P\u00e2te m\u00e9tal de r\u00e9paration \u00e0 durcissement rapide"}]},{"@type":"WebSite","@id":"https:\/\/www.belzona.be\/fr\/#website","url":"https:\/\/www.belzona.be\/fr\/","name":"Belzona Perspect Belgique FR","description":"Belzona : r\u00e9paration, protection et am\u00e9lioration des surfaces. Belzona pr\u00e9vient et r\u00e9pare l&#039;\u00e9rosion, la corrosion, l&#039;abrasion, ainsi que les d\u00e9gradations chimiques et m\u00e9caniques.","potentialAction":[{"@type":"SearchAction","target":{"@type":"EntryPoint","urlTemplate":"https:\/\/www.belzona.be\/fr\/?s={search_term_string}"},"query-input":{"@type":"PropertyValueSpecification","valueRequired":true,"valueName":"search_term_string"}}],"inLanguage":"fr-BE"}]}},"_links":{"self":[{"href":"https:\/\/www.belzona.be\/fr\/wp-json\/wp\/v2\/product\/399","targetHints":{"allow":["GET"]}}],"collection":[{"href":"https:\/\/www.belzona.be\/fr\/wp-json\/wp\/v2\/product"}],"about":[{"href":"https:\/\/www.belzona.be\/fr\/wp-json\/wp\/v2\/types\/product"}],"wp:featuredmedia":[{"embeddable":true,"href":"https:\/\/www.belzona.be\/fr\/wp-json\/wp\/v2\/media\/400"}],"wp:attachment":[{"href":"https:\/\/www.belzona.be\/fr\/wp-json\/wp\/v2\/media?parent=399"}],"wp:term":[{"taxonomy":"product_brand","embeddable":true,"href":"https:\/\/www.belzona.be\/fr\/wp-json\/wp\/v2\/product_brand?post=399"},{"taxonomy":"product_cat","embeddable":true,"href":"https:\/\/www.belzona.be\/fr\/wp-json\/wp\/v2\/product_cat?post=399"},{"taxonomy":"product_tag","embeddable":true,"href":"https:\/\/www.belzona.be\/fr\/wp-json\/wp\/v2\/product_tag?post=399"}],"curies":[{"name":"wp","href":"https:\/\/api.w.org\/{rel}","templated":true}]}}