{"id":396,"date":"2022-12-20T15:15:48","date_gmt":"2022-12-20T13:15:48","guid":{"rendered":"https:\/\/www.belzona.nl\/?post_type=product&#038;p=396"},"modified":"2025-12-18T09:45:45","modified_gmt":"2025-12-18T08:45:45","slug":"belzona-1161","status":"publish","type":"product","link":"https:\/\/www.belzona.be\/fr\/product\/serie-1000-metal-liquide-et-malleable\/belzona-1161\/","title":{"rendered":"Belzona 1161 Super UW Metal \u2013 P\u00e2te de r\u00e9paration sous l\u2019eau et en milieu gras"},"content":{"rendered":"<p><iframe title=\"Pipe leak repair - Metal bonding with Belzona 1161\" width=\"980\" height=\"551\" data-src=\"https:\/\/www.youtube.com\/embed\/8XAGqDvTIes?feature=oembed\" frameborder=\"0\" allow=\"accelerometer; autoplay; clipboard-write; encrypted-media; gyroscope; picture-in-picture; web-share\" referrerpolicy=\"strict-origin-when-cross-origin\" allowfullscreen src=\"data:image\/svg+xml;base64,PHN2ZyB3aWR0aD0iMSIgaGVpZ2h0PSIxIiB4bWxucz0iaHR0cDovL3d3dy53My5vcmcvMjAwMC9zdmciPjwvc3ZnPg==\" class=\"lazyload\" data-load-mode=\"1\"><\/iframe><\/p>\n","protected":false},"excerpt":{"rendered":"<p data-start=\"4867\" data-end=\"5217\">Belzona 1161 Super UW Metal (anciennement Belzona 1831) est une p\u00e2te de r\u00e9paration tol\u00e9rante \u00e0 l\u2019eau et \u00e0 l\u2019huile, con\u00e7ue pour restaurer et reconstruire des surfaces m\u00e9talliques endommag\u00e9es. Durable et multifonctionnelle, elle peut \u00eatre appliqu\u00e9e y compris sous l\u2019eau. Le m\u00e9lange et l\u2019application sont simples et ne requi\u00e8rent aucun outil sp\u00e9cialis\u00e9.<\/p>\n<p data-start=\"5219\" data-end=\"5583\">Belzona 1161 offre une forte adh\u00e9rence sur de nombreux substrats m\u00e9talliques, notamment l\u2019acier inoxydable, l\u2019aluminium, le laiton et le cuivre. Ce mat\u00e9riau sans solvant assure une excellente isolation \u00e9lectrique et ne pr\u00e9sente ni retrait, ni d\u00e9formation, ni gonflement. Il pr\u00e9sente \u00e9galement une r\u00e9sistance chimique \u00e9lev\u00e9e et une protection anticorrosion durable.<\/p>\n<p data-start=\"5585\" data-end=\"5690\">Belzona 1161 est sp\u00e9cialement formul\u00e9 pour les applications sur structures humides, grasses ou immerg\u00e9es.<\/p>\n","protected":false},"featured_media":398,"template":"","meta":{"_acf_changed":false,"content-type":"","editor_notices":[]},"product_brand":[],"product_cat":[23],"product_tag":[],"class_list":{"0":"post-396","1":"product","2":"type-product","3":"status-publish","4":"has-post-thumbnail","6":"product_cat-serie-1000-metal-liquide-et-malleable","8":"first","9":"instock","10":"taxable","11":"shipping-taxable","12":"product-type-simple"},"acf":[],"yoast_head":"<!-- This site is optimized with the Yoast SEO plugin v27.3 - https:\/\/yoast.com\/product\/yoast-seo-wordpress\/ -->\n<title>Belzona 1161 : p\u00e2te de r\u00e9paration sous l\u2019eau | Perspect BE<\/title>\n<meta name=\"description\" content=\"Belzona 1161 est une p\u00e2te de r\u00e9paration tol\u00e9rante \u00e0 l\u2019eau et \u00e0 l\u2019huile, id\u00e9ale pour restaurer les surfaces m\u00e9talliques et intervenir m\u00eame sous l\u2019eau.\" \/>\n<meta name=\"robots\" content=\"index, follow, max-snippet:-1, max-image-preview:large, max-video-preview:-1\" \/>\n<link rel=\"canonical\" href=\"https:\/\/www.belzona.be\/fr\/product\/serie-1000-metal-liquide-et-malleable\/belzona-1161\/\" \/>\n<meta property=\"og:locale\" content=\"fr_FR\" \/>\n<meta property=\"og:type\" content=\"article\" \/>\n<meta property=\"og:title\" content=\"Belzona 1161 : p\u00e2te de r\u00e9paration sous l\u2019eau | Perspect BE\" \/>\n<meta property=\"og:description\" content=\"Belzona 1161 est une p\u00e2te de r\u00e9paration tol\u00e9rante \u00e0 l\u2019eau et \u00e0 l\u2019huile, id\u00e9ale pour restaurer les surfaces m\u00e9talliques et intervenir m\u00eame sous l\u2019eau.\" \/>\n<meta property=\"og:url\" content=\"https:\/\/www.belzona.be\/fr\/product\/serie-1000-metal-liquide-et-malleable\/belzona-1161\/\" \/>\n<meta property=\"og:site_name\" content=\"Belzona Perspect Belgique FR\" \/>\n<meta property=\"article:modified_time\" content=\"2025-12-18T08:45:45+00:00\" \/>\n<meta property=\"og:image\" content=\"https:\/\/www.belzona.be\/fr\/wp-content\/uploads\/sites\/4\/2022\/12\/Belzona-1161-Super-UW-Metal.jpg\" \/>\n\t<meta property=\"og:image:width\" content=\"688\" \/>\n\t<meta property=\"og:image:height\" content=\"688\" \/>\n\t<meta property=\"og:image:type\" content=\"image\/jpeg\" \/>\n<meta name=\"twitter:card\" content=\"summary_large_image\" \/>\n<meta name=\"twitter:label1\" content=\"Dur\u00e9e de lecture est.\" \/>\n\t<meta name=\"twitter:data1\" content=\"1 minute\" \/>\n<script type=\"application\/ld+json\" class=\"yoast-schema-graph\">{\"@context\":\"https:\\\/\\\/schema.org\",\"@graph\":[{\"@type\":\"WebPage\",\"@id\":\"https:\\\/\\\/www.belzona.be\\\/fr\\\/product\\\/serie-1000-metal-liquide-et-malleable\\\/belzona-1161\\\/\",\"url\":\"https:\\\/\\\/www.belzona.be\\\/fr\\\/product\\\/serie-1000-metal-liquide-et-malleable\\\/belzona-1161\\\/\",\"name\":\"Belzona 1161 : p\u00e2te de r\u00e9paration sous l\u2019eau | Perspect BE\",\"isPartOf\":{\"@id\":\"https:\\\/\\\/www.belzona.be\\\/fr\\\/#website\"},\"primaryImageOfPage\":{\"@id\":\"https:\\\/\\\/www.belzona.be\\\/fr\\\/product\\\/serie-1000-metal-liquide-et-malleable\\\/belzona-1161\\\/#primaryimage\"},\"image\":{\"@id\":\"https:\\\/\\\/www.belzona.be\\\/fr\\\/product\\\/serie-1000-metal-liquide-et-malleable\\\/belzona-1161\\\/#primaryimage\"},\"thumbnailUrl\":\"https:\\\/\\\/www.belzona.be\\\/fr\\\/wp-content\\\/uploads\\\/sites\\\/4\\\/2022\\\/12\\\/Belzona-1161-Super-UW-Metal.jpg\",\"datePublished\":\"2022-12-20T13:15:48+00:00\",\"dateModified\":\"2025-12-18T08:45:45+00:00\",\"description\":\"Belzona 1161 est une p\u00e2te de r\u00e9paration tol\u00e9rante \u00e0 l\u2019eau et \u00e0 l\u2019huile, id\u00e9ale pour restaurer les surfaces m\u00e9talliques et intervenir m\u00eame sous l\u2019eau.\",\"breadcrumb\":{\"@id\":\"https:\\\/\\\/www.belzona.be\\\/fr\\\/product\\\/serie-1000-metal-liquide-et-malleable\\\/belzona-1161\\\/#breadcrumb\"},\"inLanguage\":\"fr-BE\",\"potentialAction\":[{\"@type\":\"ReadAction\",\"target\":[\"https:\\\/\\\/www.belzona.be\\\/fr\\\/product\\\/serie-1000-metal-liquide-et-malleable\\\/belzona-1161\\\/\"]}]},{\"@type\":\"ImageObject\",\"inLanguage\":\"fr-BE\",\"@id\":\"https:\\\/\\\/www.belzona.be\\\/fr\\\/product\\\/serie-1000-metal-liquide-et-malleable\\\/belzona-1161\\\/#primaryimage\",\"url\":\"https:\\\/\\\/www.belzona.be\\\/fr\\\/wp-content\\\/uploads\\\/sites\\\/4\\\/2022\\\/12\\\/Belzona-1161-Super-UW-Metal.jpg\",\"contentUrl\":\"https:\\\/\\\/www.belzona.be\\\/fr\\\/wp-content\\\/uploads\\\/sites\\\/4\\\/2022\\\/12\\\/Belzona-1161-Super-UW-Metal.jpg\",\"width\":688,\"height\":688},{\"@type\":\"BreadcrumbList\",\"@id\":\"https:\\\/\\\/www.belzona.be\\\/fr\\\/product\\\/serie-1000-metal-liquide-et-malleable\\\/belzona-1161\\\/#breadcrumb\",\"itemListElement\":[{\"@type\":\"ListItem\",\"position\":1,\"name\":\"Accueil\",\"item\":\"https:\\\/\\\/www.belzona.be\\\/fr\\\/\"},{\"@type\":\"ListItem\",\"position\":2,\"name\":\"Produits\",\"item\":\"https:\\\/\\\/www.belzona.be\\\/fr\\\/produits\\\/\"},{\"@type\":\"ListItem\",\"position\":3,\"name\":\"Belzona 1161 Super UW Metal \u2013 P\u00e2te de r\u00e9paration sous l\u2019eau et en milieu gras\"}]},{\"@type\":\"WebSite\",\"@id\":\"https:\\\/\\\/www.belzona.be\\\/fr\\\/#website\",\"url\":\"https:\\\/\\\/www.belzona.be\\\/fr\\\/\",\"name\":\"Belzona Perspect Belgique FR\",\"description\":\"Belzona : r\u00e9paration, protection et am\u00e9lioration des surfaces. Belzona pr\u00e9vient et r\u00e9pare l&#039;\u00e9rosion, la corrosion, l&#039;abrasion, ainsi que les d\u00e9gradations chimiques et m\u00e9caniques.\",\"potentialAction\":[{\"@type\":\"SearchAction\",\"target\":{\"@type\":\"EntryPoint\",\"urlTemplate\":\"https:\\\/\\\/www.belzona.be\\\/fr\\\/?s={search_term_string}\"},\"query-input\":{\"@type\":\"PropertyValueSpecification\",\"valueRequired\":true,\"valueName\":\"search_term_string\"}}],\"inLanguage\":\"fr-BE\"}]}<\/script>\n<!-- \/ Yoast SEO plugin. -->","yoast_head_json":{"title":"Belzona 1161 : p\u00e2te de r\u00e9paration sous l\u2019eau | Perspect BE","description":"Belzona 1161 est une p\u00e2te de r\u00e9paration tol\u00e9rante \u00e0 l\u2019eau et \u00e0 l\u2019huile, id\u00e9ale pour restaurer les surfaces m\u00e9talliques et intervenir m\u00eame sous l\u2019eau.","robots":{"index":"index","follow":"follow","max-snippet":"max-snippet:-1","max-image-preview":"max-image-preview:large","max-video-preview":"max-video-preview:-1"},"canonical":"https:\/\/www.belzona.be\/fr\/product\/serie-1000-metal-liquide-et-malleable\/belzona-1161\/","og_locale":"fr_FR","og_type":"article","og_title":"Belzona 1161 : p\u00e2te de r\u00e9paration sous l\u2019eau | Perspect BE","og_description":"Belzona 1161 est une p\u00e2te de r\u00e9paration tol\u00e9rante \u00e0 l\u2019eau et \u00e0 l\u2019huile, id\u00e9ale pour restaurer les surfaces m\u00e9talliques et intervenir m\u00eame sous l\u2019eau.","og_url":"https:\/\/www.belzona.be\/fr\/product\/serie-1000-metal-liquide-et-malleable\/belzona-1161\/","og_site_name":"Belzona Perspect Belgique FR","article_modified_time":"2025-12-18T08:45:45+00:00","og_image":[{"width":688,"height":688,"url":"https:\/\/www.belzona.be\/fr\/wp-content\/uploads\/sites\/4\/2022\/12\/Belzona-1161-Super-UW-Metal.jpg","type":"image\/jpeg"}],"twitter_card":"summary_large_image","twitter_misc":{"Dur\u00e9e de lecture est.":"1 minute"},"schema":{"@context":"https:\/\/schema.org","@graph":[{"@type":"WebPage","@id":"https:\/\/www.belzona.be\/fr\/product\/serie-1000-metal-liquide-et-malleable\/belzona-1161\/","url":"https:\/\/www.belzona.be\/fr\/product\/serie-1000-metal-liquide-et-malleable\/belzona-1161\/","name":"Belzona 1161 : p\u00e2te de r\u00e9paration sous l\u2019eau | Perspect BE","isPartOf":{"@id":"https:\/\/www.belzona.be\/fr\/#website"},"primaryImageOfPage":{"@id":"https:\/\/www.belzona.be\/fr\/product\/serie-1000-metal-liquide-et-malleable\/belzona-1161\/#primaryimage"},"image":{"@id":"https:\/\/www.belzona.be\/fr\/product\/serie-1000-metal-liquide-et-malleable\/belzona-1161\/#primaryimage"},"thumbnailUrl":"https:\/\/www.belzona.be\/fr\/wp-content\/uploads\/sites\/4\/2022\/12\/Belzona-1161-Super-UW-Metal.jpg","datePublished":"2022-12-20T13:15:48+00:00","dateModified":"2025-12-18T08:45:45+00:00","description":"Belzona 1161 est une p\u00e2te de r\u00e9paration tol\u00e9rante \u00e0 l\u2019eau et \u00e0 l\u2019huile, id\u00e9ale pour restaurer les surfaces m\u00e9talliques et intervenir m\u00eame sous l\u2019eau.","breadcrumb":{"@id":"https:\/\/www.belzona.be\/fr\/product\/serie-1000-metal-liquide-et-malleable\/belzona-1161\/#breadcrumb"},"inLanguage":"fr-BE","potentialAction":[{"@type":"ReadAction","target":["https:\/\/www.belzona.be\/fr\/product\/serie-1000-metal-liquide-et-malleable\/belzona-1161\/"]}]},{"@type":"ImageObject","inLanguage":"fr-BE","@id":"https:\/\/www.belzona.be\/fr\/product\/serie-1000-metal-liquide-et-malleable\/belzona-1161\/#primaryimage","url":"https:\/\/www.belzona.be\/fr\/wp-content\/uploads\/sites\/4\/2022\/12\/Belzona-1161-Super-UW-Metal.jpg","contentUrl":"https:\/\/www.belzona.be\/fr\/wp-content\/uploads\/sites\/4\/2022\/12\/Belzona-1161-Super-UW-Metal.jpg","width":688,"height":688},{"@type":"BreadcrumbList","@id":"https:\/\/www.belzona.be\/fr\/product\/serie-1000-metal-liquide-et-malleable\/belzona-1161\/#breadcrumb","itemListElement":[{"@type":"ListItem","position":1,"name":"Accueil","item":"https:\/\/www.belzona.be\/fr\/"},{"@type":"ListItem","position":2,"name":"Produits","item":"https:\/\/www.belzona.be\/fr\/produits\/"},{"@type":"ListItem","position":3,"name":"Belzona 1161 Super UW Metal \u2013 P\u00e2te de r\u00e9paration sous l\u2019eau et en milieu gras"}]},{"@type":"WebSite","@id":"https:\/\/www.belzona.be\/fr\/#website","url":"https:\/\/www.belzona.be\/fr\/","name":"Belzona Perspect Belgique FR","description":"Belzona : r\u00e9paration, protection et am\u00e9lioration des surfaces. Belzona pr\u00e9vient et r\u00e9pare l&#039;\u00e9rosion, la corrosion, l&#039;abrasion, ainsi que les d\u00e9gradations chimiques et m\u00e9caniques.","potentialAction":[{"@type":"SearchAction","target":{"@type":"EntryPoint","urlTemplate":"https:\/\/www.belzona.be\/fr\/?s={search_term_string}"},"query-input":{"@type":"PropertyValueSpecification","valueRequired":true,"valueName":"search_term_string"}}],"inLanguage":"fr-BE"}]}},"_links":{"self":[{"href":"https:\/\/www.belzona.be\/fr\/wp-json\/wp\/v2\/product\/396","targetHints":{"allow":["GET"]}}],"collection":[{"href":"https:\/\/www.belzona.be\/fr\/wp-json\/wp\/v2\/product"}],"about":[{"href":"https:\/\/www.belzona.be\/fr\/wp-json\/wp\/v2\/types\/product"}],"wp:featuredmedia":[{"embeddable":true,"href":"https:\/\/www.belzona.be\/fr\/wp-json\/wp\/v2\/media\/398"}],"wp:attachment":[{"href":"https:\/\/www.belzona.be\/fr\/wp-json\/wp\/v2\/media?parent=396"}],"wp:term":[{"taxonomy":"product_brand","embeddable":true,"href":"https:\/\/www.belzona.be\/fr\/wp-json\/wp\/v2\/product_brand?post=396"},{"taxonomy":"product_cat","embeddable":true,"href":"https:\/\/www.belzona.be\/fr\/wp-json\/wp\/v2\/product_cat?post=396"},{"taxonomy":"product_tag","embeddable":true,"href":"https:\/\/www.belzona.be\/fr\/wp-json\/wp\/v2\/product_tag?post=396"}],"curies":[{"name":"wp","href":"https:\/\/api.w.org\/{rel}","templated":true}]}}