{"id":394,"date":"2022-12-20T14:53:03","date_gmt":"2022-12-20T12:53:03","guid":{"rendered":"https:\/\/www.belzona.nl\/?post_type=product&#038;p=394"},"modified":"2025-12-18T09:45:49","modified_gmt":"2025-12-18T08:45:49","slug":"belzona-1151","status":"publish","type":"product","link":"https:\/\/www.belzona.be\/fr\/product\/serie-1000-metal-liquide-et-malleable\/belzona-1151\/","title":{"rendered":"Belzona 1151 \u2013 Composite de r\u00e9paration \u00e9poxy"},"content":{"rendered":"","protected":false},"excerpt":{"rendered":"<p data-start=\"4678\" data-end=\"5162\">Belzona 1151 est un composite de r\u00e9paration \u00e9poxy permettant de reconstruire rapidement et durablement les surfaces m\u00e9talliques endommag\u00e9es par piq\u00fbres de corrosion ou pertes de m\u00e9tal jusqu\u2019\u00e0 6 mm. Adapt\u00e9 aux grandes surfaces, ce composite r\u00e9siste \u00e0 l\u2019\u00e9rosion et \u00e0 la corrosion, et pr\u00e9sente d\u2019excellentes propri\u00e9t\u00e9s d\u2019isolation \u00e9lectrique. Belzona 1151 offre une forte adh\u00e9rence sur de nombreux substrats m\u00e9talliques, notamment l\u2019acier inoxydable, l\u2019aluminium, le laiton et le cuivre.<\/p>\n<h3 data-start=\"5164\" data-end=\"5204\">R\u00e9sistance chimique exceptionnelle<\/h3>\n<p data-start=\"5205\" data-end=\"5456\">Pour renforcer la protection contre l\u2019\u00e9rosion, la corrosion et l\u2019agression chimique, ce composite peut \u00eatre recouvert de rev\u00eatements \u00e9poxy tels que Belzona 1321 Ceramic S Metal. Il est sans solvant, ne r\u00e9tr\u00e9cit pas, ne se d\u00e9forme pas et ne gonfle pas.<\/p>\n<h3 data-start=\"5458\" data-end=\"5492\">Applications du Belzona 1151<\/h3>\n<p data-start=\"5493\" data-end=\"5672\">\u2022 Pompes centrifuges et turbines<br data-start=\"5525\" data-end=\"5528\" \/>\u2022 \u00c9changeurs de chaleur<br data-start=\"5551\" data-end=\"5554\" \/>\u2022 Vannes papillon et \u00e0 guillotine<br data-start=\"5587\" data-end=\"5590\" \/>\u2022 H\u00e9lices<br data-start=\"5599\" data-end=\"5602\" \/>\u2022 Courtes sections de buses<br data-start=\"5629\" data-end=\"5632\" \/>\u2022 Propulseurs d\u2019\u00e9trave<br data-start=\"5654\" data-end=\"5657\" \/>\u2022 Tuyauteries<\/p>\n","protected":false},"featured_media":395,"template":"","meta":{"_acf_changed":false,"content-type":"","editor_notices":[]},"product_brand":[],"product_cat":[23],"product_tag":[],"class_list":{"0":"post-394","1":"product","2":"type-product","3":"status-publish","4":"has-post-thumbnail","6":"product_cat-serie-1000-metal-liquide-et-malleable","8":"first","9":"instock","10":"taxable","11":"shipping-taxable","12":"product-type-simple"},"acf":[],"yoast_head":"<!-- This site is optimized with the Yoast SEO plugin v27.3 - https:\/\/yoast.com\/product\/yoast-seo-wordpress\/ -->\n<title>Belzona 1151 : composite de r\u00e9paration \u00e9poxy | Perspect BE<\/title>\n<meta name=\"description\" content=\"Belzona 1151 est un composite de r\u00e9paration \u00e9poxy con\u00e7u pour reconstruire durablement les surfaces m\u00e9talliques endommag\u00e9es, avec une excellente r\u00e9sistance.\" \/>\n<meta name=\"robots\" content=\"index, follow, max-snippet:-1, max-image-preview:large, max-video-preview:-1\" \/>\n<link rel=\"canonical\" href=\"https:\/\/www.belzona.be\/fr\/product\/serie-1000-metal-liquide-et-malleable\/belzona-1151\/\" \/>\n<meta property=\"og:locale\" content=\"fr_FR\" \/>\n<meta property=\"og:type\" content=\"article\" \/>\n<meta property=\"og:title\" content=\"Belzona 1151 : composite de r\u00e9paration \u00e9poxy | Perspect BE\" \/>\n<meta property=\"og:description\" content=\"Belzona 1151 est un composite de r\u00e9paration \u00e9poxy con\u00e7u pour reconstruire durablement les surfaces m\u00e9talliques endommag\u00e9es, avec une excellente r\u00e9sistance.\" \/>\n<meta property=\"og:url\" content=\"https:\/\/www.belzona.be\/fr\/product\/serie-1000-metal-liquide-et-malleable\/belzona-1151\/\" \/>\n<meta property=\"og:site_name\" content=\"Belzona Perspect Belgique FR\" \/>\n<meta property=\"article:modified_time\" content=\"2025-12-18T08:45:49+00:00\" \/>\n<meta property=\"og:image\" content=\"https:\/\/www.belzona.be\/fr\/wp-content\/uploads\/sites\/4\/2022\/12\/Belzona-1151-Smoothing-metaL.jpg\" \/>\n\t<meta property=\"og:image:width\" content=\"800\" \/>\n\t<meta property=\"og:image:height\" content=\"1069\" \/>\n\t<meta property=\"og:image:type\" content=\"image\/jpeg\" \/>\n<meta name=\"twitter:card\" content=\"summary_large_image\" \/>\n<meta name=\"twitter:label1\" content=\"Dur\u00e9e de lecture est.\" \/>\n\t<meta name=\"twitter:data1\" content=\"1 minute\" \/>\n<script type=\"application\/ld+json\" class=\"yoast-schema-graph\">{\"@context\":\"https:\\\/\\\/schema.org\",\"@graph\":[{\"@type\":\"WebPage\",\"@id\":\"https:\\\/\\\/www.belzona.be\\\/fr\\\/product\\\/serie-1000-metal-liquide-et-malleable\\\/belzona-1151\\\/\",\"url\":\"https:\\\/\\\/www.belzona.be\\\/fr\\\/product\\\/serie-1000-metal-liquide-et-malleable\\\/belzona-1151\\\/\",\"name\":\"Belzona 1151 : composite de r\u00e9paration \u00e9poxy | Perspect BE\",\"isPartOf\":{\"@id\":\"https:\\\/\\\/www.belzona.be\\\/fr\\\/#website\"},\"primaryImageOfPage\":{\"@id\":\"https:\\\/\\\/www.belzona.be\\\/fr\\\/product\\\/serie-1000-metal-liquide-et-malleable\\\/belzona-1151\\\/#primaryimage\"},\"image\":{\"@id\":\"https:\\\/\\\/www.belzona.be\\\/fr\\\/product\\\/serie-1000-metal-liquide-et-malleable\\\/belzona-1151\\\/#primaryimage\"},\"thumbnailUrl\":\"https:\\\/\\\/www.belzona.be\\\/fr\\\/wp-content\\\/uploads\\\/sites\\\/4\\\/2022\\\/12\\\/Belzona-1151-Smoothing-metaL.jpg\",\"datePublished\":\"2022-12-20T12:53:03+00:00\",\"dateModified\":\"2025-12-18T08:45:49+00:00\",\"description\":\"Belzona 1151 est un composite de r\u00e9paration \u00e9poxy con\u00e7u pour reconstruire durablement les surfaces m\u00e9talliques endommag\u00e9es, avec une excellente r\u00e9sistance.\",\"breadcrumb\":{\"@id\":\"https:\\\/\\\/www.belzona.be\\\/fr\\\/product\\\/serie-1000-metal-liquide-et-malleable\\\/belzona-1151\\\/#breadcrumb\"},\"inLanguage\":\"fr-BE\",\"potentialAction\":[{\"@type\":\"ReadAction\",\"target\":[\"https:\\\/\\\/www.belzona.be\\\/fr\\\/product\\\/serie-1000-metal-liquide-et-malleable\\\/belzona-1151\\\/\"]}]},{\"@type\":\"ImageObject\",\"inLanguage\":\"fr-BE\",\"@id\":\"https:\\\/\\\/www.belzona.be\\\/fr\\\/product\\\/serie-1000-metal-liquide-et-malleable\\\/belzona-1151\\\/#primaryimage\",\"url\":\"https:\\\/\\\/www.belzona.be\\\/fr\\\/wp-content\\\/uploads\\\/sites\\\/4\\\/2022\\\/12\\\/Belzona-1151-Smoothing-metaL.jpg\",\"contentUrl\":\"https:\\\/\\\/www.belzona.be\\\/fr\\\/wp-content\\\/uploads\\\/sites\\\/4\\\/2022\\\/12\\\/Belzona-1151-Smoothing-metaL.jpg\",\"width\":800,\"height\":1069},{\"@type\":\"BreadcrumbList\",\"@id\":\"https:\\\/\\\/www.belzona.be\\\/fr\\\/product\\\/serie-1000-metal-liquide-et-malleable\\\/belzona-1151\\\/#breadcrumb\",\"itemListElement\":[{\"@type\":\"ListItem\",\"position\":1,\"name\":\"Accueil\",\"item\":\"https:\\\/\\\/www.belzona.be\\\/fr\\\/\"},{\"@type\":\"ListItem\",\"position\":2,\"name\":\"Produits\",\"item\":\"https:\\\/\\\/www.belzona.be\\\/fr\\\/produits\\\/\"},{\"@type\":\"ListItem\",\"position\":3,\"name\":\"Belzona 1151 \u2013 Composite de r\u00e9paration \u00e9poxy\"}]},{\"@type\":\"WebSite\",\"@id\":\"https:\\\/\\\/www.belzona.be\\\/fr\\\/#website\",\"url\":\"https:\\\/\\\/www.belzona.be\\\/fr\\\/\",\"name\":\"Belzona Perspect Belgique FR\",\"description\":\"Belzona : r\u00e9paration, protection et am\u00e9lioration des surfaces. Belzona pr\u00e9vient et r\u00e9pare l&#039;\u00e9rosion, la corrosion, l&#039;abrasion, ainsi que les d\u00e9gradations chimiques et m\u00e9caniques.\",\"potentialAction\":[{\"@type\":\"SearchAction\",\"target\":{\"@type\":\"EntryPoint\",\"urlTemplate\":\"https:\\\/\\\/www.belzona.be\\\/fr\\\/?s={search_term_string}\"},\"query-input\":{\"@type\":\"PropertyValueSpecification\",\"valueRequired\":true,\"valueName\":\"search_term_string\"}}],\"inLanguage\":\"fr-BE\"}]}<\/script>\n<!-- \/ Yoast SEO plugin. -->","yoast_head_json":{"title":"Belzona 1151 : composite de r\u00e9paration \u00e9poxy | Perspect BE","description":"Belzona 1151 est un composite de r\u00e9paration \u00e9poxy con\u00e7u pour reconstruire durablement les surfaces m\u00e9talliques endommag\u00e9es, avec une excellente r\u00e9sistance.","robots":{"index":"index","follow":"follow","max-snippet":"max-snippet:-1","max-image-preview":"max-image-preview:large","max-video-preview":"max-video-preview:-1"},"canonical":"https:\/\/www.belzona.be\/fr\/product\/serie-1000-metal-liquide-et-malleable\/belzona-1151\/","og_locale":"fr_FR","og_type":"article","og_title":"Belzona 1151 : composite de r\u00e9paration \u00e9poxy | Perspect BE","og_description":"Belzona 1151 est un composite de r\u00e9paration \u00e9poxy con\u00e7u pour reconstruire durablement les surfaces m\u00e9talliques endommag\u00e9es, avec une excellente r\u00e9sistance.","og_url":"https:\/\/www.belzona.be\/fr\/product\/serie-1000-metal-liquide-et-malleable\/belzona-1151\/","og_site_name":"Belzona Perspect Belgique FR","article_modified_time":"2025-12-18T08:45:49+00:00","og_image":[{"width":800,"height":1069,"url":"https:\/\/www.belzona.be\/fr\/wp-content\/uploads\/sites\/4\/2022\/12\/Belzona-1151-Smoothing-metaL.jpg","type":"image\/jpeg"}],"twitter_card":"summary_large_image","twitter_misc":{"Dur\u00e9e de lecture est.":"1 minute"},"schema":{"@context":"https:\/\/schema.org","@graph":[{"@type":"WebPage","@id":"https:\/\/www.belzona.be\/fr\/product\/serie-1000-metal-liquide-et-malleable\/belzona-1151\/","url":"https:\/\/www.belzona.be\/fr\/product\/serie-1000-metal-liquide-et-malleable\/belzona-1151\/","name":"Belzona 1151 : composite de r\u00e9paration \u00e9poxy | Perspect BE","isPartOf":{"@id":"https:\/\/www.belzona.be\/fr\/#website"},"primaryImageOfPage":{"@id":"https:\/\/www.belzona.be\/fr\/product\/serie-1000-metal-liquide-et-malleable\/belzona-1151\/#primaryimage"},"image":{"@id":"https:\/\/www.belzona.be\/fr\/product\/serie-1000-metal-liquide-et-malleable\/belzona-1151\/#primaryimage"},"thumbnailUrl":"https:\/\/www.belzona.be\/fr\/wp-content\/uploads\/sites\/4\/2022\/12\/Belzona-1151-Smoothing-metaL.jpg","datePublished":"2022-12-20T12:53:03+00:00","dateModified":"2025-12-18T08:45:49+00:00","description":"Belzona 1151 est un composite de r\u00e9paration \u00e9poxy con\u00e7u pour reconstruire durablement les surfaces m\u00e9talliques endommag\u00e9es, avec une excellente r\u00e9sistance.","breadcrumb":{"@id":"https:\/\/www.belzona.be\/fr\/product\/serie-1000-metal-liquide-et-malleable\/belzona-1151\/#breadcrumb"},"inLanguage":"fr-BE","potentialAction":[{"@type":"ReadAction","target":["https:\/\/www.belzona.be\/fr\/product\/serie-1000-metal-liquide-et-malleable\/belzona-1151\/"]}]},{"@type":"ImageObject","inLanguage":"fr-BE","@id":"https:\/\/www.belzona.be\/fr\/product\/serie-1000-metal-liquide-et-malleable\/belzona-1151\/#primaryimage","url":"https:\/\/www.belzona.be\/fr\/wp-content\/uploads\/sites\/4\/2022\/12\/Belzona-1151-Smoothing-metaL.jpg","contentUrl":"https:\/\/www.belzona.be\/fr\/wp-content\/uploads\/sites\/4\/2022\/12\/Belzona-1151-Smoothing-metaL.jpg","width":800,"height":1069},{"@type":"BreadcrumbList","@id":"https:\/\/www.belzona.be\/fr\/product\/serie-1000-metal-liquide-et-malleable\/belzona-1151\/#breadcrumb","itemListElement":[{"@type":"ListItem","position":1,"name":"Accueil","item":"https:\/\/www.belzona.be\/fr\/"},{"@type":"ListItem","position":2,"name":"Produits","item":"https:\/\/www.belzona.be\/fr\/produits\/"},{"@type":"ListItem","position":3,"name":"Belzona 1151 \u2013 Composite de r\u00e9paration \u00e9poxy"}]},{"@type":"WebSite","@id":"https:\/\/www.belzona.be\/fr\/#website","url":"https:\/\/www.belzona.be\/fr\/","name":"Belzona Perspect Belgique FR","description":"Belzona : r\u00e9paration, protection et am\u00e9lioration des surfaces. Belzona pr\u00e9vient et r\u00e9pare l&#039;\u00e9rosion, la corrosion, l&#039;abrasion, ainsi que les d\u00e9gradations chimiques et m\u00e9caniques.","potentialAction":[{"@type":"SearchAction","target":{"@type":"EntryPoint","urlTemplate":"https:\/\/www.belzona.be\/fr\/?s={search_term_string}"},"query-input":{"@type":"PropertyValueSpecification","valueRequired":true,"valueName":"search_term_string"}}],"inLanguage":"fr-BE"}]}},"_links":{"self":[{"href":"https:\/\/www.belzona.be\/fr\/wp-json\/wp\/v2\/product\/394","targetHints":{"allow":["GET"]}}],"collection":[{"href":"https:\/\/www.belzona.be\/fr\/wp-json\/wp\/v2\/product"}],"about":[{"href":"https:\/\/www.belzona.be\/fr\/wp-json\/wp\/v2\/types\/product"}],"wp:featuredmedia":[{"embeddable":true,"href":"https:\/\/www.belzona.be\/fr\/wp-json\/wp\/v2\/media\/395"}],"wp:attachment":[{"href":"https:\/\/www.belzona.be\/fr\/wp-json\/wp\/v2\/media?parent=394"}],"wp:term":[{"taxonomy":"product_brand","embeddable":true,"href":"https:\/\/www.belzona.be\/fr\/wp-json\/wp\/v2\/product_brand?post=394"},{"taxonomy":"product_cat","embeddable":true,"href":"https:\/\/www.belzona.be\/fr\/wp-json\/wp\/v2\/product_cat?post=394"},{"taxonomy":"product_tag","embeddable":true,"href":"https:\/\/www.belzona.be\/fr\/wp-json\/wp\/v2\/product_tag?post=394"}],"curies":[{"name":"wp","href":"https:\/\/api.w.org\/{rel}","templated":true}]}}