{"id":390,"date":"2022-12-20T14:16:32","date_gmt":"2022-12-20T12:16:32","guid":{"rendered":"https:\/\/www.belzona.nl\/?post_type=product&#038;p=390"},"modified":"2025-12-18T09:45:57","modified_gmt":"2025-12-18T08:45:57","slug":"belzona-1121","status":"publish","type":"product","link":"https:\/\/www.belzona.be\/fr\/product\/serie-1000-metal-liquide-et-malleable\/belzona-1121\/","title":{"rendered":"Belzona 1121 Super XL Metal \u2013 R\u00e9sine \u00e9poxy liquide de r\u00e9paration"},"content":{"rendered":"<p><iframe title=\"How to Repair a HVAC Chiller with Belzona\" width=\"980\" height=\"551\" data-src=\"https:\/\/www.youtube.com\/embed\/Mmcnol6zMac?feature=oembed\" frameborder=\"0\" allow=\"accelerometer; autoplay; clipboard-write; encrypted-media; gyroscope; picture-in-picture; web-share\" referrerpolicy=\"strict-origin-when-cross-origin\" allowfullscreen src=\"data:image\/svg+xml;base64,PHN2ZyB3aWR0aD0iMSIgaGVpZ2h0PSIxIiB4bWxucz0iaHR0cDovL3d3dy53My5vcmcvMjAwMC9zdmciPjwvc3ZnPg==\" class=\"lazyload\" data-load-mode=\"1\"><\/iframe><\/p>\n","protected":false},"excerpt":{"rendered":"<div class=\"flex-shrink-0 flex flex-col relative items-end\">\n<div>\n<div class=\"pt-0\">\n<div class=\"gizmo-bot-avatar flex h-8 w-8 items-center justify-center overflow-hidden rounded-full\">\n<div class=\"relative p-1 rounded-sm flex items-center justify-center bg-token-main-surface-primary text-token-text-primary h-8 w-8\">\n<p data-start=\"4682\" data-end=\"5094\">Belzona 1121 Super XL Metal est une r\u00e9sine \u00e9poxy liquide bicomposante \u00e0 durcissement \u00e0 froid, con\u00e7ue pour former une r\u00e9paration durable et r\u00e9sistante sur les \u00e9quipements et pi\u00e8ces m\u00e9talliques. Cette r\u00e9sine est renforc\u00e9e par des charges m\u00e9talliques et des polym\u00e8res r\u00e9actifs assurant une excellente r\u00e9sistance m\u00e9canique. Apr\u00e8s durcissement, elle supporte les charges de service et garantit une r\u00e9paration robuste.<\/p>\n<h3 data-start=\"5096\" data-end=\"5145\">Adapt\u00e9e aux r\u00e9parations de grande envergure<\/h3>\n<p data-start=\"5146\" data-end=\"5549\">Belzona 1121 Super XL Metal est particuli\u00e8rement adapt\u00e9e aux r\u00e9parations de grande taille n\u00e9cessitant un long temps de travail, de grandes quantit\u00e9s de produit ou une application \u00e0 temp\u00e9rature \u00e9lev\u00e9e. Cette r\u00e9sine \u00e9poxy liquide ne corrode pas et pr\u00e9sente une r\u00e9sistance \u00e9lev\u00e9e \u00e0 de nombreux produits chimiques industriels. Enfin, elle se m\u00e9lange et s\u2019applique ais\u00e9ment, m\u00eame en environnement industriel.<\/p>\n<\/div>\n<\/div>\n<\/div>\n<\/div>\n<\/div>\n","protected":false},"featured_media":391,"template":"","meta":{"_acf_changed":false,"content-type":"","editor_notices":[]},"product_brand":[],"product_cat":[23],"product_tag":[],"class_list":{"0":"post-390","1":"product","2":"type-product","3":"status-publish","4":"has-post-thumbnail","6":"product_cat-serie-1000-metal-liquide-et-malleable","8":"first","9":"instock","10":"taxable","11":"shipping-taxable","12":"product-type-simple"},"acf":[],"yoast_head":"<!-- This site is optimized with the Yoast SEO plugin v27.3 - https:\/\/yoast.com\/product\/yoast-seo-wordpress\/ -->\n<title>Belzona 1121 : r\u00e9sine \u00e9poxy liquide de r\u00e9paration | Perspect BE<\/title>\n<meta name=\"description\" content=\"Belzona 1121 Super XL Metal est une r\u00e9sine \u00e9poxy liquide bicomposante id\u00e9ale pour les r\u00e9parations de grande envergure, offrant une forte r\u00e9sistance.\" \/>\n<meta name=\"robots\" content=\"index, follow, max-snippet:-1, max-image-preview:large, max-video-preview:-1\" \/>\n<link rel=\"canonical\" href=\"https:\/\/www.belzona.be\/fr\/product\/serie-1000-metal-liquide-et-malleable\/belzona-1121\/\" \/>\n<meta property=\"og:locale\" content=\"fr_FR\" \/>\n<meta property=\"og:type\" content=\"article\" \/>\n<meta property=\"og:title\" content=\"Belzona 1121 : r\u00e9sine \u00e9poxy liquide de r\u00e9paration | Perspect BE\" \/>\n<meta property=\"og:description\" content=\"Belzona 1121 Super XL Metal est une r\u00e9sine \u00e9poxy liquide bicomposante id\u00e9ale pour les r\u00e9parations de grande envergure, offrant une forte r\u00e9sistance.\" \/>\n<meta property=\"og:url\" content=\"https:\/\/www.belzona.be\/fr\/product\/serie-1000-metal-liquide-et-malleable\/belzona-1121\/\" \/>\n<meta property=\"og:site_name\" content=\"Belzona Perspect Belgique FR\" \/>\n<meta property=\"article:modified_time\" content=\"2025-12-18T08:45:57+00:00\" \/>\n<meta property=\"og:image\" content=\"https:\/\/www.belzona.be\/fr\/wp-content\/uploads\/sites\/4\/2022\/12\/belzona-1121-super-xl-metal.jpg\" \/>\n\t<meta property=\"og:image:width\" content=\"688\" \/>\n\t<meta property=\"og:image:height\" content=\"688\" \/>\n\t<meta property=\"og:image:type\" content=\"image\/jpeg\" \/>\n<meta name=\"twitter:card\" content=\"summary_large_image\" \/>\n<meta name=\"twitter:label1\" content=\"Dur\u00e9e de lecture est.\" \/>\n\t<meta name=\"twitter:data1\" content=\"1 minute\" \/>\n<script type=\"application\/ld+json\" class=\"yoast-schema-graph\">{\"@context\":\"https:\\\/\\\/schema.org\",\"@graph\":[{\"@type\":\"WebPage\",\"@id\":\"https:\\\/\\\/www.belzona.be\\\/fr\\\/product\\\/serie-1000-metal-liquide-et-malleable\\\/belzona-1121\\\/\",\"url\":\"https:\\\/\\\/www.belzona.be\\\/fr\\\/product\\\/serie-1000-metal-liquide-et-malleable\\\/belzona-1121\\\/\",\"name\":\"Belzona 1121 : r\u00e9sine \u00e9poxy liquide de r\u00e9paration | Perspect BE\",\"isPartOf\":{\"@id\":\"https:\\\/\\\/www.belzona.be\\\/fr\\\/#website\"},\"primaryImageOfPage\":{\"@id\":\"https:\\\/\\\/www.belzona.be\\\/fr\\\/product\\\/serie-1000-metal-liquide-et-malleable\\\/belzona-1121\\\/#primaryimage\"},\"image\":{\"@id\":\"https:\\\/\\\/www.belzona.be\\\/fr\\\/product\\\/serie-1000-metal-liquide-et-malleable\\\/belzona-1121\\\/#primaryimage\"},\"thumbnailUrl\":\"https:\\\/\\\/www.belzona.be\\\/fr\\\/wp-content\\\/uploads\\\/sites\\\/4\\\/2022\\\/12\\\/belzona-1121-super-xl-metal.jpg\",\"datePublished\":\"2022-12-20T12:16:32+00:00\",\"dateModified\":\"2025-12-18T08:45:57+00:00\",\"description\":\"Belzona 1121 Super XL Metal est une r\u00e9sine \u00e9poxy liquide bicomposante id\u00e9ale pour les r\u00e9parations de grande envergure, offrant une forte r\u00e9sistance.\",\"breadcrumb\":{\"@id\":\"https:\\\/\\\/www.belzona.be\\\/fr\\\/product\\\/serie-1000-metal-liquide-et-malleable\\\/belzona-1121\\\/#breadcrumb\"},\"inLanguage\":\"fr-BE\",\"potentialAction\":[{\"@type\":\"ReadAction\",\"target\":[\"https:\\\/\\\/www.belzona.be\\\/fr\\\/product\\\/serie-1000-metal-liquide-et-malleable\\\/belzona-1121\\\/\"]}]},{\"@type\":\"ImageObject\",\"inLanguage\":\"fr-BE\",\"@id\":\"https:\\\/\\\/www.belzona.be\\\/fr\\\/product\\\/serie-1000-metal-liquide-et-malleable\\\/belzona-1121\\\/#primaryimage\",\"url\":\"https:\\\/\\\/www.belzona.be\\\/fr\\\/wp-content\\\/uploads\\\/sites\\\/4\\\/2022\\\/12\\\/belzona-1121-super-xl-metal.jpg\",\"contentUrl\":\"https:\\\/\\\/www.belzona.be\\\/fr\\\/wp-content\\\/uploads\\\/sites\\\/4\\\/2022\\\/12\\\/belzona-1121-super-xl-metal.jpg\",\"width\":688,\"height\":688},{\"@type\":\"BreadcrumbList\",\"@id\":\"https:\\\/\\\/www.belzona.be\\\/fr\\\/product\\\/serie-1000-metal-liquide-et-malleable\\\/belzona-1121\\\/#breadcrumb\",\"itemListElement\":[{\"@type\":\"ListItem\",\"position\":1,\"name\":\"Accueil\",\"item\":\"https:\\\/\\\/www.belzona.be\\\/fr\\\/\"},{\"@type\":\"ListItem\",\"position\":2,\"name\":\"Produits\",\"item\":\"https:\\\/\\\/www.belzona.be\\\/fr\\\/produits\\\/\"},{\"@type\":\"ListItem\",\"position\":3,\"name\":\"Belzona 1121 Super XL Metal \u2013 R\u00e9sine \u00e9poxy liquide de r\u00e9paration\"}]},{\"@type\":\"WebSite\",\"@id\":\"https:\\\/\\\/www.belzona.be\\\/fr\\\/#website\",\"url\":\"https:\\\/\\\/www.belzona.be\\\/fr\\\/\",\"name\":\"Belzona Perspect Belgique FR\",\"description\":\"Belzona : r\u00e9paration, protection et am\u00e9lioration des surfaces. Belzona pr\u00e9vient et r\u00e9pare l&#039;\u00e9rosion, la corrosion, l&#039;abrasion, ainsi que les d\u00e9gradations chimiques et m\u00e9caniques.\",\"potentialAction\":[{\"@type\":\"SearchAction\",\"target\":{\"@type\":\"EntryPoint\",\"urlTemplate\":\"https:\\\/\\\/www.belzona.be\\\/fr\\\/?s={search_term_string}\"},\"query-input\":{\"@type\":\"PropertyValueSpecification\",\"valueRequired\":true,\"valueName\":\"search_term_string\"}}],\"inLanguage\":\"fr-BE\"}]}<\/script>\n<!-- \/ Yoast SEO plugin. -->","yoast_head_json":{"title":"Belzona 1121 : r\u00e9sine \u00e9poxy liquide de r\u00e9paration | Perspect BE","description":"Belzona 1121 Super XL Metal est une r\u00e9sine \u00e9poxy liquide bicomposante id\u00e9ale pour les r\u00e9parations de grande envergure, offrant une forte r\u00e9sistance.","robots":{"index":"index","follow":"follow","max-snippet":"max-snippet:-1","max-image-preview":"max-image-preview:large","max-video-preview":"max-video-preview:-1"},"canonical":"https:\/\/www.belzona.be\/fr\/product\/serie-1000-metal-liquide-et-malleable\/belzona-1121\/","og_locale":"fr_FR","og_type":"article","og_title":"Belzona 1121 : r\u00e9sine \u00e9poxy liquide de r\u00e9paration | Perspect BE","og_description":"Belzona 1121 Super XL Metal est une r\u00e9sine \u00e9poxy liquide bicomposante id\u00e9ale pour les r\u00e9parations de grande envergure, offrant une forte r\u00e9sistance.","og_url":"https:\/\/www.belzona.be\/fr\/product\/serie-1000-metal-liquide-et-malleable\/belzona-1121\/","og_site_name":"Belzona Perspect Belgique FR","article_modified_time":"2025-12-18T08:45:57+00:00","og_image":[{"width":688,"height":688,"url":"https:\/\/www.belzona.be\/fr\/wp-content\/uploads\/sites\/4\/2022\/12\/belzona-1121-super-xl-metal.jpg","type":"image\/jpeg"}],"twitter_card":"summary_large_image","twitter_misc":{"Dur\u00e9e de lecture est.":"1 minute"},"schema":{"@context":"https:\/\/schema.org","@graph":[{"@type":"WebPage","@id":"https:\/\/www.belzona.be\/fr\/product\/serie-1000-metal-liquide-et-malleable\/belzona-1121\/","url":"https:\/\/www.belzona.be\/fr\/product\/serie-1000-metal-liquide-et-malleable\/belzona-1121\/","name":"Belzona 1121 : r\u00e9sine \u00e9poxy liquide de r\u00e9paration | Perspect BE","isPartOf":{"@id":"https:\/\/www.belzona.be\/fr\/#website"},"primaryImageOfPage":{"@id":"https:\/\/www.belzona.be\/fr\/product\/serie-1000-metal-liquide-et-malleable\/belzona-1121\/#primaryimage"},"image":{"@id":"https:\/\/www.belzona.be\/fr\/product\/serie-1000-metal-liquide-et-malleable\/belzona-1121\/#primaryimage"},"thumbnailUrl":"https:\/\/www.belzona.be\/fr\/wp-content\/uploads\/sites\/4\/2022\/12\/belzona-1121-super-xl-metal.jpg","datePublished":"2022-12-20T12:16:32+00:00","dateModified":"2025-12-18T08:45:57+00:00","description":"Belzona 1121 Super XL Metal est une r\u00e9sine \u00e9poxy liquide bicomposante id\u00e9ale pour les r\u00e9parations de grande envergure, offrant une forte r\u00e9sistance.","breadcrumb":{"@id":"https:\/\/www.belzona.be\/fr\/product\/serie-1000-metal-liquide-et-malleable\/belzona-1121\/#breadcrumb"},"inLanguage":"fr-BE","potentialAction":[{"@type":"ReadAction","target":["https:\/\/www.belzona.be\/fr\/product\/serie-1000-metal-liquide-et-malleable\/belzona-1121\/"]}]},{"@type":"ImageObject","inLanguage":"fr-BE","@id":"https:\/\/www.belzona.be\/fr\/product\/serie-1000-metal-liquide-et-malleable\/belzona-1121\/#primaryimage","url":"https:\/\/www.belzona.be\/fr\/wp-content\/uploads\/sites\/4\/2022\/12\/belzona-1121-super-xl-metal.jpg","contentUrl":"https:\/\/www.belzona.be\/fr\/wp-content\/uploads\/sites\/4\/2022\/12\/belzona-1121-super-xl-metal.jpg","width":688,"height":688},{"@type":"BreadcrumbList","@id":"https:\/\/www.belzona.be\/fr\/product\/serie-1000-metal-liquide-et-malleable\/belzona-1121\/#breadcrumb","itemListElement":[{"@type":"ListItem","position":1,"name":"Accueil","item":"https:\/\/www.belzona.be\/fr\/"},{"@type":"ListItem","position":2,"name":"Produits","item":"https:\/\/www.belzona.be\/fr\/produits\/"},{"@type":"ListItem","position":3,"name":"Belzona 1121 Super XL Metal \u2013 R\u00e9sine \u00e9poxy liquide de r\u00e9paration"}]},{"@type":"WebSite","@id":"https:\/\/www.belzona.be\/fr\/#website","url":"https:\/\/www.belzona.be\/fr\/","name":"Belzona Perspect Belgique FR","description":"Belzona : r\u00e9paration, protection et am\u00e9lioration des surfaces. Belzona pr\u00e9vient et r\u00e9pare l&#039;\u00e9rosion, la corrosion, l&#039;abrasion, ainsi que les d\u00e9gradations chimiques et m\u00e9caniques.","potentialAction":[{"@type":"SearchAction","target":{"@type":"EntryPoint","urlTemplate":"https:\/\/www.belzona.be\/fr\/?s={search_term_string}"},"query-input":{"@type":"PropertyValueSpecification","valueRequired":true,"valueName":"search_term_string"}}],"inLanguage":"fr-BE"}]}},"_links":{"self":[{"href":"https:\/\/www.belzona.be\/fr\/wp-json\/wp\/v2\/product\/390","targetHints":{"allow":["GET"]}}],"collection":[{"href":"https:\/\/www.belzona.be\/fr\/wp-json\/wp\/v2\/product"}],"about":[{"href":"https:\/\/www.belzona.be\/fr\/wp-json\/wp\/v2\/types\/product"}],"wp:featuredmedia":[{"embeddable":true,"href":"https:\/\/www.belzona.be\/fr\/wp-json\/wp\/v2\/media\/391"}],"wp:attachment":[{"href":"https:\/\/www.belzona.be\/fr\/wp-json\/wp\/v2\/media?parent=390"}],"wp:term":[{"taxonomy":"product_brand","embeddable":true,"href":"https:\/\/www.belzona.be\/fr\/wp-json\/wp\/v2\/product_brand?post=390"},{"taxonomy":"product_cat","embeddable":true,"href":"https:\/\/www.belzona.be\/fr\/wp-json\/wp\/v2\/product_cat?post=390"},{"taxonomy":"product_tag","embeddable":true,"href":"https:\/\/www.belzona.be\/fr\/wp-json\/wp\/v2\/product_tag?post=390"}],"curies":[{"name":"wp","href":"https:\/\/api.w.org\/{rel}","templated":true}]}}