{"id":388,"date":"2022-12-20T13:14:55","date_gmt":"2022-12-20T11:14:55","guid":{"rendered":"https:\/\/www.belzona.nl\/?post_type=product&#038;p=388"},"modified":"2025-12-18T09:46:01","modified_gmt":"2025-12-18T08:46:01","slug":"belzona-1111","status":"publish","type":"product","link":"https:\/\/www.belzona.be\/fr\/product\/serie-1000-metal-liquide-et-malleable\/belzona-1111\/","title":{"rendered":"Belzona 1111 Super Metal \u2013 M\u00e9tal liquide de r\u00e9paration"},"content":{"rendered":"<p><iframe title=\"Flange repair and protection with Belzona 1111\" width=\"980\" height=\"551\" data-src=\"https:\/\/www.youtube.com\/embed\/I00-52OPi6w?feature=oembed\" frameborder=\"0\" allow=\"accelerometer; autoplay; clipboard-write; encrypted-media; gyroscope; picture-in-picture; web-share\" referrerpolicy=\"strict-origin-when-cross-origin\" allowfullscreen src=\"data:image\/svg+xml;base64,PHN2ZyB3aWR0aD0iMSIgaGVpZ2h0PSIxIiB4bWxucz0iaHR0cDovL3d3dy53My5vcmcvMjAwMC9zdmciPjwvc3ZnPg==\" class=\"lazyload\" data-load-mode=\"1\"><\/iframe><\/p>\n","protected":false},"excerpt":{"rendered":"<p data-start=\"3682\" data-end=\"3957\">Belzona 1111 Super Metal est un m\u00e9tal liquide bicomposant destin\u00e9 \u00e0 la restauration, au collage et \u00e0 la r\u00e9paration de machines, d\u2019\u00e9quipements et de pi\u00e8ces m\u00e9talliques. Ce mat\u00e9riau polyvalent constitue une solution de r\u00e9paration durable pour les composants endommag\u00e9s ou us\u00e9s.<\/p>\n<h3 data-start=\"3959\" data-end=\"3997\">R\u00e9sistance m\u00e9canique et chimique<\/h3>\n<p data-start=\"3998\" data-end=\"4383\">Belzona 1111 Super Metal pr\u00e9sente une r\u00e9sistance \u00e9lev\u00e9e \u00e0 de nombreux produits chimiques industriels et ne corrode pas. Il se m\u00e9lange et s\u2019applique ais\u00e9ment ; la p\u00e2te m\u00e9tallique peut \u00eatre mise en forme avec des outils conventionnels. Une fois durci, Belzona 1111 Super Metal offre une excellente r\u00e9sistance m\u00e9canique, permettant aux pi\u00e8ces r\u00e9par\u00e9es de supporter les charges de service.<\/p>\n","protected":false},"featured_media":389,"template":"","meta":{"_acf_changed":false,"content-type":"","editor_notices":[]},"product_brand":[],"product_cat":[23],"product_tag":[],"class_list":{"0":"post-388","1":"product","2":"type-product","3":"status-publish","4":"has-post-thumbnail","6":"product_cat-serie-1000-metal-liquide-et-malleable","8":"first","9":"instock","10":"taxable","11":"shipping-taxable","12":"product-type-simple"},"acf":[],"yoast_head":"<!-- This site is optimized with the Yoast SEO plugin v27.3 - https:\/\/yoast.com\/product\/yoast-seo-wordpress\/ -->\n<title>Belzona 1111 : m\u00e9tal liquide de r\u00e9paration industrielle | Perspect BE<\/title>\n<meta name=\"description\" content=\"Belzona 1111 est un m\u00e9tal liquide bicomposant con\u00e7u pour la r\u00e9paration, le collage et la restauration d\u2019\u00e9quipements m\u00e9talliques.\" \/>\n<meta name=\"robots\" content=\"index, follow, max-snippet:-1, max-image-preview:large, max-video-preview:-1\" \/>\n<link rel=\"canonical\" href=\"https:\/\/www.belzona.be\/fr\/product\/serie-1000-metal-liquide-et-malleable\/belzona-1111\/\" \/>\n<meta property=\"og:locale\" content=\"fr_FR\" \/>\n<meta property=\"og:type\" content=\"article\" \/>\n<meta property=\"og:title\" content=\"Belzona 1111 : m\u00e9tal liquide de r\u00e9paration industrielle | Perspect BE\" \/>\n<meta property=\"og:description\" content=\"Belzona 1111 est un m\u00e9tal liquide bicomposant con\u00e7u pour la r\u00e9paration, le collage et la restauration d\u2019\u00e9quipements m\u00e9talliques.\" \/>\n<meta property=\"og:url\" content=\"https:\/\/www.belzona.be\/fr\/product\/serie-1000-metal-liquide-et-malleable\/belzona-1111\/\" \/>\n<meta property=\"og:site_name\" content=\"Belzona Perspect Belgique FR\" \/>\n<meta property=\"article:modified_time\" content=\"2025-12-18T08:46:01+00:00\" \/>\n<meta property=\"og:image\" content=\"https:\/\/www.belzona.be\/fr\/wp-content\/uploads\/sites\/4\/2022\/12\/Belzona-11112.jpg\" \/>\n\t<meta property=\"og:image:width\" content=\"800\" \/>\n\t<meta property=\"og:image:height\" content=\"600\" \/>\n\t<meta property=\"og:image:type\" content=\"image\/jpeg\" \/>\n<meta name=\"twitter:card\" content=\"summary_large_image\" \/>\n<meta name=\"twitter:label1\" content=\"Dur\u00e9e de lecture est.\" \/>\n\t<meta name=\"twitter:data1\" content=\"1 minute\" \/>\n<script type=\"application\/ld+json\" class=\"yoast-schema-graph\">{\"@context\":\"https:\\\/\\\/schema.org\",\"@graph\":[{\"@type\":\"WebPage\",\"@id\":\"https:\\\/\\\/www.belzona.be\\\/fr\\\/product\\\/serie-1000-metal-liquide-et-malleable\\\/belzona-1111\\\/\",\"url\":\"https:\\\/\\\/www.belzona.be\\\/fr\\\/product\\\/serie-1000-metal-liquide-et-malleable\\\/belzona-1111\\\/\",\"name\":\"Belzona 1111 : m\u00e9tal liquide de r\u00e9paration industrielle | Perspect BE\",\"isPartOf\":{\"@id\":\"https:\\\/\\\/www.belzona.be\\\/fr\\\/#website\"},\"primaryImageOfPage\":{\"@id\":\"https:\\\/\\\/www.belzona.be\\\/fr\\\/product\\\/serie-1000-metal-liquide-et-malleable\\\/belzona-1111\\\/#primaryimage\"},\"image\":{\"@id\":\"https:\\\/\\\/www.belzona.be\\\/fr\\\/product\\\/serie-1000-metal-liquide-et-malleable\\\/belzona-1111\\\/#primaryimage\"},\"thumbnailUrl\":\"https:\\\/\\\/www.belzona.be\\\/fr\\\/wp-content\\\/uploads\\\/sites\\\/4\\\/2022\\\/12\\\/Belzona-11112.jpg\",\"datePublished\":\"2022-12-20T11:14:55+00:00\",\"dateModified\":\"2025-12-18T08:46:01+00:00\",\"description\":\"Belzona 1111 est un m\u00e9tal liquide bicomposant con\u00e7u pour la r\u00e9paration, le collage et la restauration d\u2019\u00e9quipements m\u00e9talliques.\",\"breadcrumb\":{\"@id\":\"https:\\\/\\\/www.belzona.be\\\/fr\\\/product\\\/serie-1000-metal-liquide-et-malleable\\\/belzona-1111\\\/#breadcrumb\"},\"inLanguage\":\"fr-BE\",\"potentialAction\":[{\"@type\":\"ReadAction\",\"target\":[\"https:\\\/\\\/www.belzona.be\\\/fr\\\/product\\\/serie-1000-metal-liquide-et-malleable\\\/belzona-1111\\\/\"]}]},{\"@type\":\"ImageObject\",\"inLanguage\":\"fr-BE\",\"@id\":\"https:\\\/\\\/www.belzona.be\\\/fr\\\/product\\\/serie-1000-metal-liquide-et-malleable\\\/belzona-1111\\\/#primaryimage\",\"url\":\"https:\\\/\\\/www.belzona.be\\\/fr\\\/wp-content\\\/uploads\\\/sites\\\/4\\\/2022\\\/12\\\/Belzona-11112.jpg\",\"contentUrl\":\"https:\\\/\\\/www.belzona.be\\\/fr\\\/wp-content\\\/uploads\\\/sites\\\/4\\\/2022\\\/12\\\/Belzona-11112.jpg\",\"width\":800,\"height\":600},{\"@type\":\"BreadcrumbList\",\"@id\":\"https:\\\/\\\/www.belzona.be\\\/fr\\\/product\\\/serie-1000-metal-liquide-et-malleable\\\/belzona-1111\\\/#breadcrumb\",\"itemListElement\":[{\"@type\":\"ListItem\",\"position\":1,\"name\":\"Accueil\",\"item\":\"https:\\\/\\\/www.belzona.be\\\/fr\\\/\"},{\"@type\":\"ListItem\",\"position\":2,\"name\":\"Produits\",\"item\":\"https:\\\/\\\/www.belzona.be\\\/fr\\\/produits\\\/\"},{\"@type\":\"ListItem\",\"position\":3,\"name\":\"Belzona 1111 Super Metal \u2013 M\u00e9tal liquide de r\u00e9paration\"}]},{\"@type\":\"WebSite\",\"@id\":\"https:\\\/\\\/www.belzona.be\\\/fr\\\/#website\",\"url\":\"https:\\\/\\\/www.belzona.be\\\/fr\\\/\",\"name\":\"Belzona Perspect Belgique FR\",\"description\":\"Belzona : r\u00e9paration, protection et am\u00e9lioration des surfaces. Belzona pr\u00e9vient et r\u00e9pare l&#039;\u00e9rosion, la corrosion, l&#039;abrasion, ainsi que les d\u00e9gradations chimiques et m\u00e9caniques.\",\"potentialAction\":[{\"@type\":\"SearchAction\",\"target\":{\"@type\":\"EntryPoint\",\"urlTemplate\":\"https:\\\/\\\/www.belzona.be\\\/fr\\\/?s={search_term_string}\"},\"query-input\":{\"@type\":\"PropertyValueSpecification\",\"valueRequired\":true,\"valueName\":\"search_term_string\"}}],\"inLanguage\":\"fr-BE\"}]}<\/script>\n<!-- \/ Yoast SEO plugin. -->","yoast_head_json":{"title":"Belzona 1111 : m\u00e9tal liquide de r\u00e9paration industrielle | Perspect BE","description":"Belzona 1111 est un m\u00e9tal liquide bicomposant con\u00e7u pour la r\u00e9paration, le collage et la restauration d\u2019\u00e9quipements m\u00e9talliques.","robots":{"index":"index","follow":"follow","max-snippet":"max-snippet:-1","max-image-preview":"max-image-preview:large","max-video-preview":"max-video-preview:-1"},"canonical":"https:\/\/www.belzona.be\/fr\/product\/serie-1000-metal-liquide-et-malleable\/belzona-1111\/","og_locale":"fr_FR","og_type":"article","og_title":"Belzona 1111 : m\u00e9tal liquide de r\u00e9paration industrielle | Perspect BE","og_description":"Belzona 1111 est un m\u00e9tal liquide bicomposant con\u00e7u pour la r\u00e9paration, le collage et la restauration d\u2019\u00e9quipements m\u00e9talliques.","og_url":"https:\/\/www.belzona.be\/fr\/product\/serie-1000-metal-liquide-et-malleable\/belzona-1111\/","og_site_name":"Belzona Perspect Belgique FR","article_modified_time":"2025-12-18T08:46:01+00:00","og_image":[{"width":800,"height":600,"url":"https:\/\/www.belzona.be\/fr\/wp-content\/uploads\/sites\/4\/2022\/12\/Belzona-11112.jpg","type":"image\/jpeg"}],"twitter_card":"summary_large_image","twitter_misc":{"Dur\u00e9e de lecture est.":"1 minute"},"schema":{"@context":"https:\/\/schema.org","@graph":[{"@type":"WebPage","@id":"https:\/\/www.belzona.be\/fr\/product\/serie-1000-metal-liquide-et-malleable\/belzona-1111\/","url":"https:\/\/www.belzona.be\/fr\/product\/serie-1000-metal-liquide-et-malleable\/belzona-1111\/","name":"Belzona 1111 : m\u00e9tal liquide de r\u00e9paration industrielle | Perspect BE","isPartOf":{"@id":"https:\/\/www.belzona.be\/fr\/#website"},"primaryImageOfPage":{"@id":"https:\/\/www.belzona.be\/fr\/product\/serie-1000-metal-liquide-et-malleable\/belzona-1111\/#primaryimage"},"image":{"@id":"https:\/\/www.belzona.be\/fr\/product\/serie-1000-metal-liquide-et-malleable\/belzona-1111\/#primaryimage"},"thumbnailUrl":"https:\/\/www.belzona.be\/fr\/wp-content\/uploads\/sites\/4\/2022\/12\/Belzona-11112.jpg","datePublished":"2022-12-20T11:14:55+00:00","dateModified":"2025-12-18T08:46:01+00:00","description":"Belzona 1111 est un m\u00e9tal liquide bicomposant con\u00e7u pour la r\u00e9paration, le collage et la restauration d\u2019\u00e9quipements m\u00e9talliques.","breadcrumb":{"@id":"https:\/\/www.belzona.be\/fr\/product\/serie-1000-metal-liquide-et-malleable\/belzona-1111\/#breadcrumb"},"inLanguage":"fr-BE","potentialAction":[{"@type":"ReadAction","target":["https:\/\/www.belzona.be\/fr\/product\/serie-1000-metal-liquide-et-malleable\/belzona-1111\/"]}]},{"@type":"ImageObject","inLanguage":"fr-BE","@id":"https:\/\/www.belzona.be\/fr\/product\/serie-1000-metal-liquide-et-malleable\/belzona-1111\/#primaryimage","url":"https:\/\/www.belzona.be\/fr\/wp-content\/uploads\/sites\/4\/2022\/12\/Belzona-11112.jpg","contentUrl":"https:\/\/www.belzona.be\/fr\/wp-content\/uploads\/sites\/4\/2022\/12\/Belzona-11112.jpg","width":800,"height":600},{"@type":"BreadcrumbList","@id":"https:\/\/www.belzona.be\/fr\/product\/serie-1000-metal-liquide-et-malleable\/belzona-1111\/#breadcrumb","itemListElement":[{"@type":"ListItem","position":1,"name":"Accueil","item":"https:\/\/www.belzona.be\/fr\/"},{"@type":"ListItem","position":2,"name":"Produits","item":"https:\/\/www.belzona.be\/fr\/produits\/"},{"@type":"ListItem","position":3,"name":"Belzona 1111 Super Metal \u2013 M\u00e9tal liquide de r\u00e9paration"}]},{"@type":"WebSite","@id":"https:\/\/www.belzona.be\/fr\/#website","url":"https:\/\/www.belzona.be\/fr\/","name":"Belzona Perspect Belgique FR","description":"Belzona : r\u00e9paration, protection et am\u00e9lioration des surfaces. Belzona pr\u00e9vient et r\u00e9pare l&#039;\u00e9rosion, la corrosion, l&#039;abrasion, ainsi que les d\u00e9gradations chimiques et m\u00e9caniques.","potentialAction":[{"@type":"SearchAction","target":{"@type":"EntryPoint","urlTemplate":"https:\/\/www.belzona.be\/fr\/?s={search_term_string}"},"query-input":{"@type":"PropertyValueSpecification","valueRequired":true,"valueName":"search_term_string"}}],"inLanguage":"fr-BE"}]}},"_links":{"self":[{"href":"https:\/\/www.belzona.be\/fr\/wp-json\/wp\/v2\/product\/388","targetHints":{"allow":["GET"]}}],"collection":[{"href":"https:\/\/www.belzona.be\/fr\/wp-json\/wp\/v2\/product"}],"about":[{"href":"https:\/\/www.belzona.be\/fr\/wp-json\/wp\/v2\/types\/product"}],"wp:featuredmedia":[{"embeddable":true,"href":"https:\/\/www.belzona.be\/fr\/wp-json\/wp\/v2\/media\/389"}],"wp:attachment":[{"href":"https:\/\/www.belzona.be\/fr\/wp-json\/wp\/v2\/media?parent=388"}],"wp:term":[{"taxonomy":"product_brand","embeddable":true,"href":"https:\/\/www.belzona.be\/fr\/wp-json\/wp\/v2\/product_brand?post=388"},{"taxonomy":"product_cat","embeddable":true,"href":"https:\/\/www.belzona.be\/fr\/wp-json\/wp\/v2\/product_cat?post=388"},{"taxonomy":"product_tag","embeddable":true,"href":"https:\/\/www.belzona.be\/fr\/wp-json\/wp\/v2\/product_tag?post=388"}],"curies":[{"name":"wp","href":"https:\/\/api.w.org\/{rel}","templated":true}]}}