{"id":386,"date":"2022-12-20T13:05:23","date_gmt":"2022-12-20T11:05:23","guid":{"rendered":"https:\/\/www.belzona.nl\/?post_type=product&#038;p=386"},"modified":"2025-12-15T09:11:11","modified_gmt":"2025-12-15T08:11:11","slug":"belzona-1812-ceramic-carbide-fp","status":"publish","type":"product","link":"https:\/\/www.belzona.be\/fr\/product\/revetements\/belzona-1812-ceramic-carbide-fp\/","title":{"rendered":"Belzona 1812 \u2013 Rev\u00eatement carbure c\u00e9ramique FP"},"content":{"rendered":"","protected":false},"excerpt":{"rendered":"<p data-start=\"4944\" data-end=\"5292\">Belzona 1812 est un rev\u00eatement carbure c\u00e9ramique con\u00e7u pour la r\u00e9paration, le rev\u00eatement et la protection des surfaces m\u00e9talliques soumises \u00e0 l\u2019\u00e9rosion par fines particules. Formul\u00e9 sans solvant, il ne corrode pas et reste stable en environnement agressif. Il assure une forte adh\u00e9rence sur l\u2019acier, la fonte et divers autres substrats m\u00e9talliques.<\/p>\n<p data-start=\"5294\" data-end=\"5610\">Belzona 1812 peut \u00eatre appliqu\u00e9 en \u00e9paisseurs de 3 mm (1\/8\u201d) jusqu\u2019\u00e0 des \u00e9paisseurs \u00e9lev\u00e9es selon les besoins applicatifs. Cette flexibilit\u00e9 permet d\u2019ajuster les profils internes et d\u2019optimiser le flux des mat\u00e9riaux. Pour les environnements comportant de grosses particules, la variante Belzona 1811 est recommand\u00e9e.<\/p>\n<p data-start=\"5612\" data-end=\"5970\">Belzona 1812 peut \u00eatre utilis\u00e9 pour :<br data-start=\"5649\" data-end=\"5652\" \/>\u2022 Protection des tuyaux, coudes et vannes soumis \u00e0 l\u2019abrasion<br data-start=\"5713\" data-end=\"5716\" \/>\u2022 Collage de carreaux et \u00e9l\u00e9ments r\u00e9sistants \u00e0 l\u2019usure<br data-start=\"5770\" data-end=\"5773\" \/>\u2022 R\u00e9paration de transporteurs \u00e0 vis, centrifugeuses et ventilateurs endommag\u00e9s par l\u2019\u00e9rosion ou la corrosion<br data-start=\"5881\" data-end=\"5884\" \/>\u2022 R\u00e9alisation de joints pour pales de m\u00e9lange et autres \u00e9quipements soumis \u00e0 l\u2019usure<\/p>\n","protected":false},"featured_media":387,"template":"","meta":{"_acf_changed":false,"content-type":"","editor_notices":[]},"product_brand":[],"product_cat":[22],"product_tag":[],"class_list":{"0":"post-386","1":"product","2":"type-product","3":"status-publish","4":"has-post-thumbnail","6":"product_cat-revetements","8":"first","9":"instock","10":"taxable","11":"shipping-taxable","12":"product-type-simple"},"acf":[],"yoast_head":"<!-- This site is optimized with the Yoast SEO plugin v27.3 - https:\/\/yoast.com\/product\/yoast-seo-wordpress\/ -->\n<title>Belzona 1812 : rev\u00eatement carbure c\u00e9ramique FP | Perspect BE<\/title>\n<meta name=\"description\" content=\"Belzona 1812 est un rev\u00eatement carbure c\u00e9ramique con\u00e7u pour r\u00e9parer et prot\u00e9ger les surfaces m\u00e9talliques contre l\u2019\u00e9rosion et de nombreux agents chimiques.\" \/>\n<meta name=\"robots\" content=\"index, follow, max-snippet:-1, max-image-preview:large, max-video-preview:-1\" \/>\n<link rel=\"canonical\" href=\"https:\/\/www.belzona.be\/fr\/product\/revetements\/belzona-1812-ceramic-carbide-fp\/\" \/>\n<meta property=\"og:locale\" content=\"fr_FR\" \/>\n<meta property=\"og:type\" content=\"article\" \/>\n<meta property=\"og:title\" content=\"Belzona 1812 : rev\u00eatement carbure c\u00e9ramique FP | Perspect BE\" \/>\n<meta property=\"og:description\" content=\"Belzona 1812 est un rev\u00eatement carbure c\u00e9ramique con\u00e7u pour r\u00e9parer et prot\u00e9ger les surfaces m\u00e9talliques contre l\u2019\u00e9rosion et de nombreux agents chimiques.\" \/>\n<meta property=\"og:url\" content=\"https:\/\/www.belzona.be\/fr\/product\/revetements\/belzona-1812-ceramic-carbide-fp\/\" \/>\n<meta property=\"og:site_name\" content=\"Belzona Perspect Belgique FR\" \/>\n<meta property=\"article:modified_time\" content=\"2025-12-15T08:11:11+00:00\" \/>\n<meta property=\"og:image\" content=\"https:\/\/www.belzona.be\/fr\/wp-content\/uploads\/sites\/4\/2022\/12\/belzona-1812-ceramic-carbide-fp.jpg\" \/>\n\t<meta property=\"og:image:width\" content=\"688\" \/>\n\t<meta property=\"og:image:height\" content=\"688\" \/>\n\t<meta property=\"og:image:type\" content=\"image\/jpeg\" \/>\n<meta name=\"twitter:card\" content=\"summary_large_image\" \/>\n<meta name=\"twitter:label1\" content=\"Dur\u00e9e de lecture est.\" \/>\n\t<meta name=\"twitter:data1\" content=\"1 minute\" \/>\n<script type=\"application\/ld+json\" class=\"yoast-schema-graph\">{\"@context\":\"https:\\\/\\\/schema.org\",\"@graph\":[{\"@type\":\"WebPage\",\"@id\":\"https:\\\/\\\/www.belzona.be\\\/fr\\\/product\\\/revetements\\\/belzona-1812-ceramic-carbide-fp\\\/\",\"url\":\"https:\\\/\\\/www.belzona.be\\\/fr\\\/product\\\/revetements\\\/belzona-1812-ceramic-carbide-fp\\\/\",\"name\":\"Belzona 1812 : rev\u00eatement carbure c\u00e9ramique FP | Perspect BE\",\"isPartOf\":{\"@id\":\"https:\\\/\\\/www.belzona.be\\\/fr\\\/#website\"},\"primaryImageOfPage\":{\"@id\":\"https:\\\/\\\/www.belzona.be\\\/fr\\\/product\\\/revetements\\\/belzona-1812-ceramic-carbide-fp\\\/#primaryimage\"},\"image\":{\"@id\":\"https:\\\/\\\/www.belzona.be\\\/fr\\\/product\\\/revetements\\\/belzona-1812-ceramic-carbide-fp\\\/#primaryimage\"},\"thumbnailUrl\":\"https:\\\/\\\/www.belzona.be\\\/fr\\\/wp-content\\\/uploads\\\/sites\\\/4\\\/2022\\\/12\\\/belzona-1812-ceramic-carbide-fp.jpg\",\"datePublished\":\"2022-12-20T11:05:23+00:00\",\"dateModified\":\"2025-12-15T08:11:11+00:00\",\"description\":\"Belzona 1812 est un rev\u00eatement carbure c\u00e9ramique con\u00e7u pour r\u00e9parer et prot\u00e9ger les surfaces m\u00e9talliques contre l\u2019\u00e9rosion et de nombreux agents chimiques.\",\"breadcrumb\":{\"@id\":\"https:\\\/\\\/www.belzona.be\\\/fr\\\/product\\\/revetements\\\/belzona-1812-ceramic-carbide-fp\\\/#breadcrumb\"},\"inLanguage\":\"fr-BE\",\"potentialAction\":[{\"@type\":\"ReadAction\",\"target\":[\"https:\\\/\\\/www.belzona.be\\\/fr\\\/product\\\/revetements\\\/belzona-1812-ceramic-carbide-fp\\\/\"]}]},{\"@type\":\"ImageObject\",\"inLanguage\":\"fr-BE\",\"@id\":\"https:\\\/\\\/www.belzona.be\\\/fr\\\/product\\\/revetements\\\/belzona-1812-ceramic-carbide-fp\\\/#primaryimage\",\"url\":\"https:\\\/\\\/www.belzona.be\\\/fr\\\/wp-content\\\/uploads\\\/sites\\\/4\\\/2022\\\/12\\\/belzona-1812-ceramic-carbide-fp.jpg\",\"contentUrl\":\"https:\\\/\\\/www.belzona.be\\\/fr\\\/wp-content\\\/uploads\\\/sites\\\/4\\\/2022\\\/12\\\/belzona-1812-ceramic-carbide-fp.jpg\",\"width\":688,\"height\":688},{\"@type\":\"BreadcrumbList\",\"@id\":\"https:\\\/\\\/www.belzona.be\\\/fr\\\/product\\\/revetements\\\/belzona-1812-ceramic-carbide-fp\\\/#breadcrumb\",\"itemListElement\":[{\"@type\":\"ListItem\",\"position\":1,\"name\":\"Accueil\",\"item\":\"https:\\\/\\\/www.belzona.be\\\/fr\\\/\"},{\"@type\":\"ListItem\",\"position\":2,\"name\":\"Produits\",\"item\":\"https:\\\/\\\/www.belzona.be\\\/fr\\\/produits\\\/\"},{\"@type\":\"ListItem\",\"position\":3,\"name\":\"Belzona 1812 \u2013 Rev\u00eatement carbure c\u00e9ramique FP\"}]},{\"@type\":\"WebSite\",\"@id\":\"https:\\\/\\\/www.belzona.be\\\/fr\\\/#website\",\"url\":\"https:\\\/\\\/www.belzona.be\\\/fr\\\/\",\"name\":\"Belzona Perspect Belgique FR\",\"description\":\"Belzona : r\u00e9paration, protection et am\u00e9lioration des surfaces. Belzona pr\u00e9vient et r\u00e9pare l&#039;\u00e9rosion, la corrosion, l&#039;abrasion, ainsi que les d\u00e9gradations chimiques et m\u00e9caniques.\",\"potentialAction\":[{\"@type\":\"SearchAction\",\"target\":{\"@type\":\"EntryPoint\",\"urlTemplate\":\"https:\\\/\\\/www.belzona.be\\\/fr\\\/?s={search_term_string}\"},\"query-input\":{\"@type\":\"PropertyValueSpecification\",\"valueRequired\":true,\"valueName\":\"search_term_string\"}}],\"inLanguage\":\"fr-BE\"}]}<\/script>\n<!-- \/ Yoast SEO plugin. -->","yoast_head_json":{"title":"Belzona 1812 : rev\u00eatement carbure c\u00e9ramique FP | Perspect BE","description":"Belzona 1812 est un rev\u00eatement carbure c\u00e9ramique con\u00e7u pour r\u00e9parer et prot\u00e9ger les surfaces m\u00e9talliques contre l\u2019\u00e9rosion et de nombreux agents chimiques.","robots":{"index":"index","follow":"follow","max-snippet":"max-snippet:-1","max-image-preview":"max-image-preview:large","max-video-preview":"max-video-preview:-1"},"canonical":"https:\/\/www.belzona.be\/fr\/product\/revetements\/belzona-1812-ceramic-carbide-fp\/","og_locale":"fr_FR","og_type":"article","og_title":"Belzona 1812 : rev\u00eatement carbure c\u00e9ramique FP | Perspect BE","og_description":"Belzona 1812 est un rev\u00eatement carbure c\u00e9ramique con\u00e7u pour r\u00e9parer et prot\u00e9ger les surfaces m\u00e9talliques contre l\u2019\u00e9rosion et de nombreux agents chimiques.","og_url":"https:\/\/www.belzona.be\/fr\/product\/revetements\/belzona-1812-ceramic-carbide-fp\/","og_site_name":"Belzona Perspect Belgique FR","article_modified_time":"2025-12-15T08:11:11+00:00","og_image":[{"width":688,"height":688,"url":"https:\/\/www.belzona.be\/fr\/wp-content\/uploads\/sites\/4\/2022\/12\/belzona-1812-ceramic-carbide-fp.jpg","type":"image\/jpeg"}],"twitter_card":"summary_large_image","twitter_misc":{"Dur\u00e9e de lecture est.":"1 minute"},"schema":{"@context":"https:\/\/schema.org","@graph":[{"@type":"WebPage","@id":"https:\/\/www.belzona.be\/fr\/product\/revetements\/belzona-1812-ceramic-carbide-fp\/","url":"https:\/\/www.belzona.be\/fr\/product\/revetements\/belzona-1812-ceramic-carbide-fp\/","name":"Belzona 1812 : rev\u00eatement carbure c\u00e9ramique FP | Perspect BE","isPartOf":{"@id":"https:\/\/www.belzona.be\/fr\/#website"},"primaryImageOfPage":{"@id":"https:\/\/www.belzona.be\/fr\/product\/revetements\/belzona-1812-ceramic-carbide-fp\/#primaryimage"},"image":{"@id":"https:\/\/www.belzona.be\/fr\/product\/revetements\/belzona-1812-ceramic-carbide-fp\/#primaryimage"},"thumbnailUrl":"https:\/\/www.belzona.be\/fr\/wp-content\/uploads\/sites\/4\/2022\/12\/belzona-1812-ceramic-carbide-fp.jpg","datePublished":"2022-12-20T11:05:23+00:00","dateModified":"2025-12-15T08:11:11+00:00","description":"Belzona 1812 est un rev\u00eatement carbure c\u00e9ramique con\u00e7u pour r\u00e9parer et prot\u00e9ger les surfaces m\u00e9talliques contre l\u2019\u00e9rosion et de nombreux agents chimiques.","breadcrumb":{"@id":"https:\/\/www.belzona.be\/fr\/product\/revetements\/belzona-1812-ceramic-carbide-fp\/#breadcrumb"},"inLanguage":"fr-BE","potentialAction":[{"@type":"ReadAction","target":["https:\/\/www.belzona.be\/fr\/product\/revetements\/belzona-1812-ceramic-carbide-fp\/"]}]},{"@type":"ImageObject","inLanguage":"fr-BE","@id":"https:\/\/www.belzona.be\/fr\/product\/revetements\/belzona-1812-ceramic-carbide-fp\/#primaryimage","url":"https:\/\/www.belzona.be\/fr\/wp-content\/uploads\/sites\/4\/2022\/12\/belzona-1812-ceramic-carbide-fp.jpg","contentUrl":"https:\/\/www.belzona.be\/fr\/wp-content\/uploads\/sites\/4\/2022\/12\/belzona-1812-ceramic-carbide-fp.jpg","width":688,"height":688},{"@type":"BreadcrumbList","@id":"https:\/\/www.belzona.be\/fr\/product\/revetements\/belzona-1812-ceramic-carbide-fp\/#breadcrumb","itemListElement":[{"@type":"ListItem","position":1,"name":"Accueil","item":"https:\/\/www.belzona.be\/fr\/"},{"@type":"ListItem","position":2,"name":"Produits","item":"https:\/\/www.belzona.be\/fr\/produits\/"},{"@type":"ListItem","position":3,"name":"Belzona 1812 \u2013 Rev\u00eatement carbure c\u00e9ramique FP"}]},{"@type":"WebSite","@id":"https:\/\/www.belzona.be\/fr\/#website","url":"https:\/\/www.belzona.be\/fr\/","name":"Belzona Perspect Belgique FR","description":"Belzona : r\u00e9paration, protection et am\u00e9lioration des surfaces. Belzona pr\u00e9vient et r\u00e9pare l&#039;\u00e9rosion, la corrosion, l&#039;abrasion, ainsi que les d\u00e9gradations chimiques et m\u00e9caniques.","potentialAction":[{"@type":"SearchAction","target":{"@type":"EntryPoint","urlTemplate":"https:\/\/www.belzona.be\/fr\/?s={search_term_string}"},"query-input":{"@type":"PropertyValueSpecification","valueRequired":true,"valueName":"search_term_string"}}],"inLanguage":"fr-BE"}]}},"_links":{"self":[{"href":"https:\/\/www.belzona.be\/fr\/wp-json\/wp\/v2\/product\/386","targetHints":{"allow":["GET"]}}],"collection":[{"href":"https:\/\/www.belzona.be\/fr\/wp-json\/wp\/v2\/product"}],"about":[{"href":"https:\/\/www.belzona.be\/fr\/wp-json\/wp\/v2\/types\/product"}],"wp:featuredmedia":[{"embeddable":true,"href":"https:\/\/www.belzona.be\/fr\/wp-json\/wp\/v2\/media\/387"}],"wp:attachment":[{"href":"https:\/\/www.belzona.be\/fr\/wp-json\/wp\/v2\/media?parent=386"}],"wp:term":[{"taxonomy":"product_brand","embeddable":true,"href":"https:\/\/www.belzona.be\/fr\/wp-json\/wp\/v2\/product_brand?post=386"},{"taxonomy":"product_cat","embeddable":true,"href":"https:\/\/www.belzona.be\/fr\/wp-json\/wp\/v2\/product_cat?post=386"},{"taxonomy":"product_tag","embeddable":true,"href":"https:\/\/www.belzona.be\/fr\/wp-json\/wp\/v2\/product_tag?post=386"}],"curies":[{"name":"wp","href":"https:\/\/api.w.org\/{rel}","templated":true}]}}