{"id":384,"date":"2022-12-20T12:58:08","date_gmt":"2022-12-20T10:58:08","guid":{"rendered":"https:\/\/www.belzona.nl\/?post_type=product&#038;p=384"},"modified":"2025-12-15T09:09:42","modified_gmt":"2025-12-15T08:09:42","slug":"belzona-1811-ceramic-carbide","status":"publish","type":"product","link":"https:\/\/www.belzona.be\/fr\/product\/revetements\/belzona-1811-ceramic-carbide\/","title":{"rendered":"Belzona 1811 \u2013 Rev\u00eatement au carbure c\u00e9ramique"},"content":{"rendered":"","protected":false},"excerpt":{"rendered":"<div class=\"flex-shrink-0 flex flex-col relative items-end\">\n<div>\n<div class=\"pt-0\">\n<div class=\"gizmo-bot-avatar flex h-8 w-8 items-center justify-center overflow-hidden rounded-full\">\n<div class=\"relative p-1 rounded-sm flex items-center justify-center bg-token-main-surface-primary text-token-text-primary h-8 w-8\">\n<p data-start=\"4300\" data-end=\"4743\">Belzona 1811 est un rev\u00eatement au carbure c\u00e9ramique con\u00e7u pour la r\u00e9paration et la protection des surfaces m\u00e9talliques soumises \u00e0 une usure abrasive s\u00e9v\u00e8re. Il peut \u00eatre appliqu\u00e9 en couches de 6 mm (1\/4\u201d), voire davantage si n\u00e9cessaire, sur des surfaces horizontales ou verticales, avec une temp\u00e9rature de service \u00e0 sec pouvant atteindre 150\u00b0C. Belzona 1811 offre une r\u00e9sistance exceptionnelle \u00e0 l\u2019abrasion et une durabilit\u00e9 \u00e9lev\u00e9e en service.<\/p>\n<p data-start=\"4745\" data-end=\"5030\">Ce mat\u00e9riau est un composite \u00e9poxy bicomposant charg\u00e9 en particules c\u00e9ramiques r\u00e9sistantes \u00e0 l\u2019abrasion. Une variante, Belzona 1812 Ceramic Carbide FP, est \u00e9galement disponible. Belzona 1811 ne corrode pas et pr\u00e9sente une r\u00e9sistance \u00e9lev\u00e9e \u00e0 de nombreux produits chimiques industriels.<\/p>\n<p data-start=\"5032\" data-end=\"5273\">Belzona 1811, rev\u00eatement au carbure c\u00e9ramique, peut \u00eatre utilis\u00e9 pour :<br data-start=\"5103\" data-end=\"5106\" \/>\u2022 Les coudes de tuyaux<br data-start=\"5128\" data-end=\"5131\" \/>\u2022 Les pistes de glissement et les tr\u00e9mies<br data-start=\"5172\" data-end=\"5175\" \/>\u2022 Les \u00e9crans d\u00e9flecteurs<br data-start=\"5199\" data-end=\"5202\" \/>\u2022 Les plaques d\u2019usure<br data-start=\"5223\" data-end=\"5226\" \/>\u2022 Les centrifugeuses<br data-start=\"5246\" data-end=\"5249\" \/>\u2022 Les cuves de m\u00e9lange<\/p>\n<\/div>\n<\/div>\n<\/div>\n<\/div>\n<\/div>\n","protected":false},"featured_media":385,"template":"","meta":{"_acf_changed":false,"content-type":"","editor_notices":[]},"product_brand":[],"product_cat":[22],"product_tag":[],"class_list":{"0":"post-384","1":"product","2":"type-product","3":"status-publish","4":"has-post-thumbnail","6":"product_cat-revetements","8":"first","9":"instock","10":"taxable","11":"shipping-taxable","12":"product-type-simple"},"acf":[],"yoast_head":"<!-- This site is optimized with the Yoast SEO plugin v27.3 - https:\/\/yoast.com\/product\/yoast-seo-wordpress\/ -->\n<title>Belzona 1811 : rev\u00eatement au carbure c\u00e9ramique | Perspect BE<\/title>\n<meta name=\"description\" content=\"Belzona 1811 est un rev\u00eatement au carbure c\u00e9ramique con\u00e7u pour prot\u00e9ger durablement les surfaces m\u00e9talliques.\" \/>\n<meta name=\"robots\" content=\"index, follow, max-snippet:-1, max-image-preview:large, max-video-preview:-1\" \/>\n<link rel=\"canonical\" href=\"https:\/\/www.belzona.be\/fr\/product\/revetements\/belzona-1811-ceramic-carbide\/\" \/>\n<meta property=\"og:locale\" content=\"fr_FR\" \/>\n<meta property=\"og:type\" content=\"article\" \/>\n<meta property=\"og:title\" content=\"Belzona 1811 : rev\u00eatement au carbure c\u00e9ramique | Perspect BE\" \/>\n<meta property=\"og:description\" content=\"Belzona 1811 est un rev\u00eatement au carbure c\u00e9ramique con\u00e7u pour prot\u00e9ger durablement les surfaces m\u00e9talliques.\" \/>\n<meta property=\"og:url\" content=\"https:\/\/www.belzona.be\/fr\/product\/revetements\/belzona-1811-ceramic-carbide\/\" \/>\n<meta property=\"og:site_name\" content=\"Belzona Perspect Belgique FR\" \/>\n<meta property=\"article:modified_time\" content=\"2025-12-15T08:09:42+00:00\" \/>\n<meta property=\"og:image\" content=\"https:\/\/www.belzona.be\/fr\/wp-content\/uploads\/sites\/4\/2022\/12\/belzona-1811-ceramic-carbide.jpg\" \/>\n\t<meta property=\"og:image:width\" content=\"688\" \/>\n\t<meta property=\"og:image:height\" content=\"688\" \/>\n\t<meta property=\"og:image:type\" content=\"image\/jpeg\" \/>\n<meta name=\"twitter:card\" content=\"summary_large_image\" \/>\n<meta name=\"twitter:label1\" content=\"Dur\u00e9e de lecture est.\" \/>\n\t<meta name=\"twitter:data1\" content=\"1 minute\" \/>\n<script type=\"application\/ld+json\" class=\"yoast-schema-graph\">{\"@context\":\"https:\\\/\\\/schema.org\",\"@graph\":[{\"@type\":\"WebPage\",\"@id\":\"https:\\\/\\\/www.belzona.be\\\/fr\\\/product\\\/revetements\\\/belzona-1811-ceramic-carbide\\\/\",\"url\":\"https:\\\/\\\/www.belzona.be\\\/fr\\\/product\\\/revetements\\\/belzona-1811-ceramic-carbide\\\/\",\"name\":\"Belzona 1811 : rev\u00eatement au carbure c\u00e9ramique | Perspect BE\",\"isPartOf\":{\"@id\":\"https:\\\/\\\/www.belzona.be\\\/fr\\\/#website\"},\"primaryImageOfPage\":{\"@id\":\"https:\\\/\\\/www.belzona.be\\\/fr\\\/product\\\/revetements\\\/belzona-1811-ceramic-carbide\\\/#primaryimage\"},\"image\":{\"@id\":\"https:\\\/\\\/www.belzona.be\\\/fr\\\/product\\\/revetements\\\/belzona-1811-ceramic-carbide\\\/#primaryimage\"},\"thumbnailUrl\":\"https:\\\/\\\/www.belzona.be\\\/fr\\\/wp-content\\\/uploads\\\/sites\\\/4\\\/2022\\\/12\\\/belzona-1811-ceramic-carbide.jpg\",\"datePublished\":\"2022-12-20T10:58:08+00:00\",\"dateModified\":\"2025-12-15T08:09:42+00:00\",\"description\":\"Belzona 1811 est un rev\u00eatement au carbure c\u00e9ramique con\u00e7u pour prot\u00e9ger durablement les surfaces m\u00e9talliques.\",\"breadcrumb\":{\"@id\":\"https:\\\/\\\/www.belzona.be\\\/fr\\\/product\\\/revetements\\\/belzona-1811-ceramic-carbide\\\/#breadcrumb\"},\"inLanguage\":\"fr-BE\",\"potentialAction\":[{\"@type\":\"ReadAction\",\"target\":[\"https:\\\/\\\/www.belzona.be\\\/fr\\\/product\\\/revetements\\\/belzona-1811-ceramic-carbide\\\/\"]}]},{\"@type\":\"ImageObject\",\"inLanguage\":\"fr-BE\",\"@id\":\"https:\\\/\\\/www.belzona.be\\\/fr\\\/product\\\/revetements\\\/belzona-1811-ceramic-carbide\\\/#primaryimage\",\"url\":\"https:\\\/\\\/www.belzona.be\\\/fr\\\/wp-content\\\/uploads\\\/sites\\\/4\\\/2022\\\/12\\\/belzona-1811-ceramic-carbide.jpg\",\"contentUrl\":\"https:\\\/\\\/www.belzona.be\\\/fr\\\/wp-content\\\/uploads\\\/sites\\\/4\\\/2022\\\/12\\\/belzona-1811-ceramic-carbide.jpg\",\"width\":688,\"height\":688},{\"@type\":\"BreadcrumbList\",\"@id\":\"https:\\\/\\\/www.belzona.be\\\/fr\\\/product\\\/revetements\\\/belzona-1811-ceramic-carbide\\\/#breadcrumb\",\"itemListElement\":[{\"@type\":\"ListItem\",\"position\":1,\"name\":\"Accueil\",\"item\":\"https:\\\/\\\/www.belzona.be\\\/fr\\\/\"},{\"@type\":\"ListItem\",\"position\":2,\"name\":\"Produits\",\"item\":\"https:\\\/\\\/www.belzona.be\\\/fr\\\/produits\\\/\"},{\"@type\":\"ListItem\",\"position\":3,\"name\":\"Belzona 1811 \u2013 Rev\u00eatement au carbure c\u00e9ramique\"}]},{\"@type\":\"WebSite\",\"@id\":\"https:\\\/\\\/www.belzona.be\\\/fr\\\/#website\",\"url\":\"https:\\\/\\\/www.belzona.be\\\/fr\\\/\",\"name\":\"Belzona Perspect Belgique FR\",\"description\":\"Belzona : r\u00e9paration, protection et am\u00e9lioration des surfaces. Belzona pr\u00e9vient et r\u00e9pare l&#039;\u00e9rosion, la corrosion, l&#039;abrasion, ainsi que les d\u00e9gradations chimiques et m\u00e9caniques.\",\"potentialAction\":[{\"@type\":\"SearchAction\",\"target\":{\"@type\":\"EntryPoint\",\"urlTemplate\":\"https:\\\/\\\/www.belzona.be\\\/fr\\\/?s={search_term_string}\"},\"query-input\":{\"@type\":\"PropertyValueSpecification\",\"valueRequired\":true,\"valueName\":\"search_term_string\"}}],\"inLanguage\":\"fr-BE\"}]}<\/script>\n<!-- \/ Yoast SEO plugin. -->","yoast_head_json":{"title":"Belzona 1811 : rev\u00eatement au carbure c\u00e9ramique | Perspect BE","description":"Belzona 1811 est un rev\u00eatement au carbure c\u00e9ramique con\u00e7u pour prot\u00e9ger durablement les surfaces m\u00e9talliques.","robots":{"index":"index","follow":"follow","max-snippet":"max-snippet:-1","max-image-preview":"max-image-preview:large","max-video-preview":"max-video-preview:-1"},"canonical":"https:\/\/www.belzona.be\/fr\/product\/revetements\/belzona-1811-ceramic-carbide\/","og_locale":"fr_FR","og_type":"article","og_title":"Belzona 1811 : rev\u00eatement au carbure c\u00e9ramique | Perspect BE","og_description":"Belzona 1811 est un rev\u00eatement au carbure c\u00e9ramique con\u00e7u pour prot\u00e9ger durablement les surfaces m\u00e9talliques.","og_url":"https:\/\/www.belzona.be\/fr\/product\/revetements\/belzona-1811-ceramic-carbide\/","og_site_name":"Belzona Perspect Belgique FR","article_modified_time":"2025-12-15T08:09:42+00:00","og_image":[{"width":688,"height":688,"url":"https:\/\/www.belzona.be\/fr\/wp-content\/uploads\/sites\/4\/2022\/12\/belzona-1811-ceramic-carbide.jpg","type":"image\/jpeg"}],"twitter_card":"summary_large_image","twitter_misc":{"Dur\u00e9e de lecture est.":"1 minute"},"schema":{"@context":"https:\/\/schema.org","@graph":[{"@type":"WebPage","@id":"https:\/\/www.belzona.be\/fr\/product\/revetements\/belzona-1811-ceramic-carbide\/","url":"https:\/\/www.belzona.be\/fr\/product\/revetements\/belzona-1811-ceramic-carbide\/","name":"Belzona 1811 : rev\u00eatement au carbure c\u00e9ramique | Perspect BE","isPartOf":{"@id":"https:\/\/www.belzona.be\/fr\/#website"},"primaryImageOfPage":{"@id":"https:\/\/www.belzona.be\/fr\/product\/revetements\/belzona-1811-ceramic-carbide\/#primaryimage"},"image":{"@id":"https:\/\/www.belzona.be\/fr\/product\/revetements\/belzona-1811-ceramic-carbide\/#primaryimage"},"thumbnailUrl":"https:\/\/www.belzona.be\/fr\/wp-content\/uploads\/sites\/4\/2022\/12\/belzona-1811-ceramic-carbide.jpg","datePublished":"2022-12-20T10:58:08+00:00","dateModified":"2025-12-15T08:09:42+00:00","description":"Belzona 1811 est un rev\u00eatement au carbure c\u00e9ramique con\u00e7u pour prot\u00e9ger durablement les surfaces m\u00e9talliques.","breadcrumb":{"@id":"https:\/\/www.belzona.be\/fr\/product\/revetements\/belzona-1811-ceramic-carbide\/#breadcrumb"},"inLanguage":"fr-BE","potentialAction":[{"@type":"ReadAction","target":["https:\/\/www.belzona.be\/fr\/product\/revetements\/belzona-1811-ceramic-carbide\/"]}]},{"@type":"ImageObject","inLanguage":"fr-BE","@id":"https:\/\/www.belzona.be\/fr\/product\/revetements\/belzona-1811-ceramic-carbide\/#primaryimage","url":"https:\/\/www.belzona.be\/fr\/wp-content\/uploads\/sites\/4\/2022\/12\/belzona-1811-ceramic-carbide.jpg","contentUrl":"https:\/\/www.belzona.be\/fr\/wp-content\/uploads\/sites\/4\/2022\/12\/belzona-1811-ceramic-carbide.jpg","width":688,"height":688},{"@type":"BreadcrumbList","@id":"https:\/\/www.belzona.be\/fr\/product\/revetements\/belzona-1811-ceramic-carbide\/#breadcrumb","itemListElement":[{"@type":"ListItem","position":1,"name":"Accueil","item":"https:\/\/www.belzona.be\/fr\/"},{"@type":"ListItem","position":2,"name":"Produits","item":"https:\/\/www.belzona.be\/fr\/produits\/"},{"@type":"ListItem","position":3,"name":"Belzona 1811 \u2013 Rev\u00eatement au carbure c\u00e9ramique"}]},{"@type":"WebSite","@id":"https:\/\/www.belzona.be\/fr\/#website","url":"https:\/\/www.belzona.be\/fr\/","name":"Belzona Perspect Belgique FR","description":"Belzona : r\u00e9paration, protection et am\u00e9lioration des surfaces. Belzona pr\u00e9vient et r\u00e9pare l&#039;\u00e9rosion, la corrosion, l&#039;abrasion, ainsi que les d\u00e9gradations chimiques et m\u00e9caniques.","potentialAction":[{"@type":"SearchAction","target":{"@type":"EntryPoint","urlTemplate":"https:\/\/www.belzona.be\/fr\/?s={search_term_string}"},"query-input":{"@type":"PropertyValueSpecification","valueRequired":true,"valueName":"search_term_string"}}],"inLanguage":"fr-BE"}]}},"_links":{"self":[{"href":"https:\/\/www.belzona.be\/fr\/wp-json\/wp\/v2\/product\/384","targetHints":{"allow":["GET"]}}],"collection":[{"href":"https:\/\/www.belzona.be\/fr\/wp-json\/wp\/v2\/product"}],"about":[{"href":"https:\/\/www.belzona.be\/fr\/wp-json\/wp\/v2\/types\/product"}],"wp:featuredmedia":[{"embeddable":true,"href":"https:\/\/www.belzona.be\/fr\/wp-json\/wp\/v2\/media\/385"}],"wp:attachment":[{"href":"https:\/\/www.belzona.be\/fr\/wp-json\/wp\/v2\/media?parent=384"}],"wp:term":[{"taxonomy":"product_brand","embeddable":true,"href":"https:\/\/www.belzona.be\/fr\/wp-json\/wp\/v2\/product_brand?post=384"},{"taxonomy":"product_cat","embeddable":true,"href":"https:\/\/www.belzona.be\/fr\/wp-json\/wp\/v2\/product_cat?post=384"},{"taxonomy":"product_tag","embeddable":true,"href":"https:\/\/www.belzona.be\/fr\/wp-json\/wp\/v2\/product_tag?post=384"}],"curies":[{"name":"wp","href":"https:\/\/api.w.org\/{rel}","templated":true}]}}