{"id":382,"date":"2022-12-20T12:54:05","date_gmt":"2022-12-20T10:54:05","guid":{"rendered":"https:\/\/www.belzona.nl\/?post_type=product&#038;p=382"},"modified":"2025-12-15T09:08:20","modified_gmt":"2025-12-15T08:08:20","slug":"belzona-1593","status":"publish","type":"product","link":"https:\/\/www.belzona.be\/fr\/product\/revetements\/belzona-1593\/","title":{"rendered":"Belzona 1593 \u2013 Rev\u00eatement \u00e9poxy interne anti-\u00e9rosion haute temp\u00e9rature"},"content":{"rendered":"","protected":false},"excerpt":{"rendered":"<p data-start=\"5201\" data-end=\"5587\">Belzona 1593 \u2013 successeur de Belzona 1591 \u2013 est un rev\u00eatement \u00e9poxy interne anti-\u00e9rosion con\u00e7u pour prot\u00e9ger les \u00e9quipements \u00e0 haute temp\u00e9rature contre la corrosion et les agents chimiques agressifs. Ce syst\u00e8me bicomposant est adapt\u00e9 aux conditions d\u2019immersion continue jusqu\u2019\u00e0 160\u00b0C. Il r\u00e9siste \u00e9galement aux nettoyages vapeur jusqu\u2019\u00e0 210\u00b0C ainsi qu\u2019aux cycles de d\u00e9compression rapide.<\/p>\n<h3 data-start=\"5589\" data-end=\"5646\">Protection durable contre l\u2019\u00e9rosion et la corrosion<\/h3>\n<p data-start=\"5647\" data-end=\"6011\">Belzona 1593 est un rev\u00eatement \u00e9poxy interne sans solvant pr\u00e9sentant une r\u00e9sistance \u00e9lev\u00e9e aux amines, hydrocarbures et produits chimiques de traitement. Il assure une forte adh\u00e9rence sur l\u2019acier carbone, l\u2019inox et divers autres substrats m\u00e9talliques. Belzona 1593 se m\u00e9lange et s\u2019applique ais\u00e9ment, m\u00eame lors d\u2019interventions manuelles en environnement industriel.<\/p>\n<p data-start=\"6013\" data-end=\"6321\">Belzona 1593 peut \u00eatre utilis\u00e9 pour :<br data-start=\"6050\" data-end=\"6053\" \/>\u2022 Rev\u00eatement anti-\u00e9rosion \u00e9poxy haute temp\u00e9rature pour les \u00e9quipements de production de p\u00e9trole et de gaz<br data-start=\"6158\" data-end=\"6161\" \/>\u2022 Protection anticorrosion contre divers agents chimiques dans les \u00e9quipements haute temp\u00e9rature, notamment chaudi\u00e8res, condensateurs et \u00e9changeurs de chaleur<\/p>\n","protected":false},"featured_media":383,"template":"","meta":{"_acf_changed":false,"content-type":"","editor_notices":[]},"product_brand":[],"product_cat":[22],"product_tag":[],"class_list":{"0":"post-382","1":"product","2":"type-product","3":"status-publish","4":"has-post-thumbnail","6":"product_cat-revetements","8":"first","9":"instock","10":"taxable","11":"shipping-taxable","12":"product-type-simple"},"acf":[],"yoast_head":"<!-- This site is optimized with the Yoast SEO plugin v27.3 - https:\/\/yoast.com\/product\/yoast-seo-wordpress\/ -->\n<title>Belzona 1593 : rev\u00eatement anti-\u00e9rosion | Perspect BE<\/title>\n<meta name=\"description\" content=\"Belzona 1593 est un revetement anti erosion \u00e9poxy conBelzona 1593 est un rev\u00eatement anti-\u00e9rosion \u00e9poxy interne con\u00e7u pour prot\u00e9ger les \u00e9quipements haute temp\u00e9rature.\" \/>\n<meta name=\"robots\" content=\"index, follow, max-snippet:-1, max-image-preview:large, max-video-preview:-1\" \/>\n<link rel=\"canonical\" href=\"https:\/\/www.belzona.be\/fr\/product\/revetements\/belzona-1593\/\" \/>\n<meta property=\"og:locale\" content=\"fr_FR\" \/>\n<meta property=\"og:type\" content=\"article\" \/>\n<meta property=\"og:title\" content=\"Belzona 1593 : rev\u00eatement anti-\u00e9rosion | Perspect BE\" \/>\n<meta property=\"og:description\" content=\"Belzona 1593 est un revetement anti erosion \u00e9poxy conBelzona 1593 est un rev\u00eatement anti-\u00e9rosion \u00e9poxy interne con\u00e7u pour prot\u00e9ger les \u00e9quipements haute temp\u00e9rature.\" \/>\n<meta property=\"og:url\" content=\"https:\/\/www.belzona.be\/fr\/product\/revetements\/belzona-1593\/\" \/>\n<meta property=\"og:site_name\" content=\"Belzona Perspect Belgique FR\" \/>\n<meta property=\"article:modified_time\" content=\"2025-12-15T08:08:20+00:00\" \/>\n<meta property=\"og:image\" content=\"https:\/\/www.belzona.be\/fr\/wp-content\/uploads\/sites\/4\/2022\/12\/belzona-1593.jpg\" \/>\n\t<meta property=\"og:image:width\" content=\"688\" \/>\n\t<meta property=\"og:image:height\" content=\"688\" \/>\n\t<meta property=\"og:image:type\" content=\"image\/jpeg\" \/>\n<meta name=\"twitter:card\" content=\"summary_large_image\" \/>\n<meta name=\"twitter:label1\" content=\"Dur\u00e9e de lecture est.\" \/>\n\t<meta name=\"twitter:data1\" content=\"1 minute\" \/>\n<script type=\"application\/ld+json\" class=\"yoast-schema-graph\">{\"@context\":\"https:\\\/\\\/schema.org\",\"@graph\":[{\"@type\":\"WebPage\",\"@id\":\"https:\\\/\\\/www.belzona.be\\\/fr\\\/product\\\/revetements\\\/belzona-1593\\\/\",\"url\":\"https:\\\/\\\/www.belzona.be\\\/fr\\\/product\\\/revetements\\\/belzona-1593\\\/\",\"name\":\"Belzona 1593 : rev\u00eatement anti-\u00e9rosion | Perspect BE\",\"isPartOf\":{\"@id\":\"https:\\\/\\\/www.belzona.be\\\/fr\\\/#website\"},\"primaryImageOfPage\":{\"@id\":\"https:\\\/\\\/www.belzona.be\\\/fr\\\/product\\\/revetements\\\/belzona-1593\\\/#primaryimage\"},\"image\":{\"@id\":\"https:\\\/\\\/www.belzona.be\\\/fr\\\/product\\\/revetements\\\/belzona-1593\\\/#primaryimage\"},\"thumbnailUrl\":\"https:\\\/\\\/www.belzona.be\\\/fr\\\/wp-content\\\/uploads\\\/sites\\\/4\\\/2022\\\/12\\\/belzona-1593.jpg\",\"datePublished\":\"2022-12-20T10:54:05+00:00\",\"dateModified\":\"2025-12-15T08:08:20+00:00\",\"description\":\"Belzona 1593 est un revetement anti erosion \u00e9poxy conBelzona 1593 est un rev\u00eatement anti-\u00e9rosion \u00e9poxy interne con\u00e7u pour prot\u00e9ger les \u00e9quipements haute temp\u00e9rature.\",\"breadcrumb\":{\"@id\":\"https:\\\/\\\/www.belzona.be\\\/fr\\\/product\\\/revetements\\\/belzona-1593\\\/#breadcrumb\"},\"inLanguage\":\"fr-BE\",\"potentialAction\":[{\"@type\":\"ReadAction\",\"target\":[\"https:\\\/\\\/www.belzona.be\\\/fr\\\/product\\\/revetements\\\/belzona-1593\\\/\"]}]},{\"@type\":\"ImageObject\",\"inLanguage\":\"fr-BE\",\"@id\":\"https:\\\/\\\/www.belzona.be\\\/fr\\\/product\\\/revetements\\\/belzona-1593\\\/#primaryimage\",\"url\":\"https:\\\/\\\/www.belzona.be\\\/fr\\\/wp-content\\\/uploads\\\/sites\\\/4\\\/2022\\\/12\\\/belzona-1593.jpg\",\"contentUrl\":\"https:\\\/\\\/www.belzona.be\\\/fr\\\/wp-content\\\/uploads\\\/sites\\\/4\\\/2022\\\/12\\\/belzona-1593.jpg\",\"width\":688,\"height\":688},{\"@type\":\"BreadcrumbList\",\"@id\":\"https:\\\/\\\/www.belzona.be\\\/fr\\\/product\\\/revetements\\\/belzona-1593\\\/#breadcrumb\",\"itemListElement\":[{\"@type\":\"ListItem\",\"position\":1,\"name\":\"Accueil\",\"item\":\"https:\\\/\\\/www.belzona.be\\\/fr\\\/\"},{\"@type\":\"ListItem\",\"position\":2,\"name\":\"Produits\",\"item\":\"https:\\\/\\\/www.belzona.be\\\/fr\\\/produits\\\/\"},{\"@type\":\"ListItem\",\"position\":3,\"name\":\"Belzona 1593 \u2013 Rev\u00eatement \u00e9poxy interne anti-\u00e9rosion haute temp\u00e9rature\"}]},{\"@type\":\"WebSite\",\"@id\":\"https:\\\/\\\/www.belzona.be\\\/fr\\\/#website\",\"url\":\"https:\\\/\\\/www.belzona.be\\\/fr\\\/\",\"name\":\"Belzona Perspect Belgique FR\",\"description\":\"Belzona : r\u00e9paration, protection et am\u00e9lioration des surfaces. Belzona pr\u00e9vient et r\u00e9pare l&#039;\u00e9rosion, la corrosion, l&#039;abrasion, ainsi que les d\u00e9gradations chimiques et m\u00e9caniques.\",\"potentialAction\":[{\"@type\":\"SearchAction\",\"target\":{\"@type\":\"EntryPoint\",\"urlTemplate\":\"https:\\\/\\\/www.belzona.be\\\/fr\\\/?s={search_term_string}\"},\"query-input\":{\"@type\":\"PropertyValueSpecification\",\"valueRequired\":true,\"valueName\":\"search_term_string\"}}],\"inLanguage\":\"fr-BE\"}]}<\/script>\n<!-- \/ Yoast SEO plugin. -->","yoast_head_json":{"title":"Belzona 1593 : rev\u00eatement anti-\u00e9rosion | Perspect BE","description":"Belzona 1593 est un revetement anti erosion \u00e9poxy conBelzona 1593 est un rev\u00eatement anti-\u00e9rosion \u00e9poxy interne con\u00e7u pour prot\u00e9ger les \u00e9quipements haute temp\u00e9rature.","robots":{"index":"index","follow":"follow","max-snippet":"max-snippet:-1","max-image-preview":"max-image-preview:large","max-video-preview":"max-video-preview:-1"},"canonical":"https:\/\/www.belzona.be\/fr\/product\/revetements\/belzona-1593\/","og_locale":"fr_FR","og_type":"article","og_title":"Belzona 1593 : rev\u00eatement anti-\u00e9rosion | Perspect BE","og_description":"Belzona 1593 est un revetement anti erosion \u00e9poxy conBelzona 1593 est un rev\u00eatement anti-\u00e9rosion \u00e9poxy interne con\u00e7u pour prot\u00e9ger les \u00e9quipements haute temp\u00e9rature.","og_url":"https:\/\/www.belzona.be\/fr\/product\/revetements\/belzona-1593\/","og_site_name":"Belzona Perspect Belgique FR","article_modified_time":"2025-12-15T08:08:20+00:00","og_image":[{"width":688,"height":688,"url":"https:\/\/www.belzona.be\/fr\/wp-content\/uploads\/sites\/4\/2022\/12\/belzona-1593.jpg","type":"image\/jpeg"}],"twitter_card":"summary_large_image","twitter_misc":{"Dur\u00e9e de lecture est.":"1 minute"},"schema":{"@context":"https:\/\/schema.org","@graph":[{"@type":"WebPage","@id":"https:\/\/www.belzona.be\/fr\/product\/revetements\/belzona-1593\/","url":"https:\/\/www.belzona.be\/fr\/product\/revetements\/belzona-1593\/","name":"Belzona 1593 : rev\u00eatement anti-\u00e9rosion | Perspect BE","isPartOf":{"@id":"https:\/\/www.belzona.be\/fr\/#website"},"primaryImageOfPage":{"@id":"https:\/\/www.belzona.be\/fr\/product\/revetements\/belzona-1593\/#primaryimage"},"image":{"@id":"https:\/\/www.belzona.be\/fr\/product\/revetements\/belzona-1593\/#primaryimage"},"thumbnailUrl":"https:\/\/www.belzona.be\/fr\/wp-content\/uploads\/sites\/4\/2022\/12\/belzona-1593.jpg","datePublished":"2022-12-20T10:54:05+00:00","dateModified":"2025-12-15T08:08:20+00:00","description":"Belzona 1593 est un revetement anti erosion \u00e9poxy conBelzona 1593 est un rev\u00eatement anti-\u00e9rosion \u00e9poxy interne con\u00e7u pour prot\u00e9ger les \u00e9quipements haute temp\u00e9rature.","breadcrumb":{"@id":"https:\/\/www.belzona.be\/fr\/product\/revetements\/belzona-1593\/#breadcrumb"},"inLanguage":"fr-BE","potentialAction":[{"@type":"ReadAction","target":["https:\/\/www.belzona.be\/fr\/product\/revetements\/belzona-1593\/"]}]},{"@type":"ImageObject","inLanguage":"fr-BE","@id":"https:\/\/www.belzona.be\/fr\/product\/revetements\/belzona-1593\/#primaryimage","url":"https:\/\/www.belzona.be\/fr\/wp-content\/uploads\/sites\/4\/2022\/12\/belzona-1593.jpg","contentUrl":"https:\/\/www.belzona.be\/fr\/wp-content\/uploads\/sites\/4\/2022\/12\/belzona-1593.jpg","width":688,"height":688},{"@type":"BreadcrumbList","@id":"https:\/\/www.belzona.be\/fr\/product\/revetements\/belzona-1593\/#breadcrumb","itemListElement":[{"@type":"ListItem","position":1,"name":"Accueil","item":"https:\/\/www.belzona.be\/fr\/"},{"@type":"ListItem","position":2,"name":"Produits","item":"https:\/\/www.belzona.be\/fr\/produits\/"},{"@type":"ListItem","position":3,"name":"Belzona 1593 \u2013 Rev\u00eatement \u00e9poxy interne anti-\u00e9rosion haute temp\u00e9rature"}]},{"@type":"WebSite","@id":"https:\/\/www.belzona.be\/fr\/#website","url":"https:\/\/www.belzona.be\/fr\/","name":"Belzona Perspect Belgique FR","description":"Belzona : r\u00e9paration, protection et am\u00e9lioration des surfaces. Belzona pr\u00e9vient et r\u00e9pare l&#039;\u00e9rosion, la corrosion, l&#039;abrasion, ainsi que les d\u00e9gradations chimiques et m\u00e9caniques.","potentialAction":[{"@type":"SearchAction","target":{"@type":"EntryPoint","urlTemplate":"https:\/\/www.belzona.be\/fr\/?s={search_term_string}"},"query-input":{"@type":"PropertyValueSpecification","valueRequired":true,"valueName":"search_term_string"}}],"inLanguage":"fr-BE"}]}},"_links":{"self":[{"href":"https:\/\/www.belzona.be\/fr\/wp-json\/wp\/v2\/product\/382","targetHints":{"allow":["GET"]}}],"collection":[{"href":"https:\/\/www.belzona.be\/fr\/wp-json\/wp\/v2\/product"}],"about":[{"href":"https:\/\/www.belzona.be\/fr\/wp-json\/wp\/v2\/types\/product"}],"wp:featuredmedia":[{"embeddable":true,"href":"https:\/\/www.belzona.be\/fr\/wp-json\/wp\/v2\/media\/383"}],"wp:attachment":[{"href":"https:\/\/www.belzona.be\/fr\/wp-json\/wp\/v2\/media?parent=382"}],"wp:term":[{"taxonomy":"product_brand","embeddable":true,"href":"https:\/\/www.belzona.be\/fr\/wp-json\/wp\/v2\/product_brand?post=382"},{"taxonomy":"product_cat","embeddable":true,"href":"https:\/\/www.belzona.be\/fr\/wp-json\/wp\/v2\/product_cat?post=382"},{"taxonomy":"product_tag","embeddable":true,"href":"https:\/\/www.belzona.be\/fr\/wp-json\/wp\/v2\/product_tag?post=382"}],"curies":[{"name":"wp","href":"https:\/\/api.w.org\/{rel}","templated":true}]}}