{"id":380,"date":"2022-12-20T12:48:33","date_gmt":"2022-12-20T10:48:33","guid":{"rendered":"https:\/\/www.belzona.nl\/?post_type=product&#038;p=380"},"modified":"2025-12-15T09:06:39","modified_gmt":"2025-12-15T08:06:39","slug":"belzona-1523-hittebestendige-spraycoating","status":"publish","type":"product","link":"https:\/\/www.belzona.be\/fr\/product\/revetements\/belzona-1523-hittebestendige-spraycoating\/","title":{"rendered":"Belzona 1523 \u2013 Rev\u00eatement haute temp\u00e9rature appliqu\u00e9 en spray"},"content":{"rendered":"<p><iframe title=\"Belzona 1523 high temperature epoxy coating for internal lining\" width=\"980\" height=\"735\" data-src=\"https:\/\/www.youtube.com\/embed\/zJPazQeIz_s?feature=oembed\" frameborder=\"0\" allow=\"accelerometer; autoplay; clipboard-write; encrypted-media; gyroscope; picture-in-picture; web-share\" referrerpolicy=\"strict-origin-when-cross-origin\" allowfullscreen src=\"data:image\/svg+xml;base64,PHN2ZyB3aWR0aD0iMSIgaGVpZ2h0PSIxIiB4bWxucz0iaHR0cDovL3d3dy53My5vcmcvMjAwMC9zdmciPjwvc3ZnPg==\" class=\"lazyload\" data-load-mode=\"1\"><\/iframe><\/p>\n","protected":false},"excerpt":{"rendered":"<p data-start=\"5513\" data-end=\"5911\">Belzona 1523 est un rev\u00eatement haute temp\u00e9rature appliqu\u00e9 en spray, con\u00e7u pour offrir une protection durable contre la corrosion et une excellente r\u00e9sistance chimique pour les \u00e9quipements immerg\u00e9s jusqu\u2019\u00e0 140\u00b0C (284\u00b0F). Ce rev\u00eatement sans solvant durcit rapidement, permettant de r\u00e9duire les temps d\u2019arr\u00eat. Il r\u00e9siste aux nettoyages vapeur jusqu\u2019\u00e0 210\u00b0C ainsi qu\u2019aux cycles de d\u00e9compression rapide.<\/p>\n<h3 data-start=\"5913\" data-end=\"5937\">Application rapide<\/h3>\n<p data-start=\"5938\" data-end=\"6263\">Belzona 1523 prot\u00e8ge efficacement les surfaces m\u00e9talliques contre un large \u00e9ventail de produits chimiques, notamment les hydrocarbures et les amines. Le rev\u00eatement s\u2019applique par pulv\u00e9risation airless chauff\u00e9e, assurant une mise en \u0153uvre rapide et uniforme. Belzona 1523 peut \u00eatre appliqu\u00e9 directement \u00e0 temp\u00e9rature ambiante.<\/p>\n<p data-start=\"6265\" data-end=\"6574\">Belzona 1523 peut \u00eatre utilis\u00e9 pour :<br data-start=\"6302\" data-end=\"6305\" \/>\u2022 Rev\u00eatement haute temp\u00e9rature appliqu\u00e9 en spray pour les \u00e9quipements de production de p\u00e9trole et de gaz<br data-start=\"6409\" data-end=\"6412\" \/>\u2022 Protection anticorrosion contre divers produits chimiques dans les \u00e9quipements haute temp\u00e9rature, notamment chaudi\u00e8res, condensateurs et \u00e9changeurs de chaleur<\/p>\n","protected":false},"featured_media":381,"template":"","meta":{"_acf_changed":false,"content-type":"","editor_notices":[]},"product_brand":[],"product_cat":[22],"product_tag":[],"class_list":{"0":"post-380","1":"product","2":"type-product","3":"status-publish","4":"has-post-thumbnail","6":"product_cat-revetements","8":"first","9":"instock","10":"taxable","11":"shipping-taxable","12":"product-type-simple"},"acf":[],"yoast_head":"<!-- This site is optimized with the Yoast SEO plugin v27.3 - https:\/\/yoast.com\/product\/yoast-seo-wordpress\/ -->\n<title>Belzona 1523 : rev\u00eatement haute temp\u00e9rature | Perspect BE<\/title>\n<meta name=\"description\" content=\"Belzona 1523 est un rev\u00eatement haute temp\u00e9rature appliqu\u00e9 en spray, offrant une protection et une r\u00e9sistance chimique pour \u00e9quipements immerg\u00e9s.\" \/>\n<meta name=\"robots\" content=\"index, follow, max-snippet:-1, max-image-preview:large, max-video-preview:-1\" \/>\n<link rel=\"canonical\" href=\"https:\/\/www.belzona.be\/fr\/product\/revetements\/belzona-1523-hittebestendige-spraycoating\/\" \/>\n<meta property=\"og:locale\" content=\"fr_FR\" \/>\n<meta property=\"og:type\" content=\"article\" \/>\n<meta property=\"og:title\" content=\"Belzona 1523 : rev\u00eatement haute temp\u00e9rature | Perspect BE\" \/>\n<meta property=\"og:description\" content=\"Belzona 1523 est un rev\u00eatement haute temp\u00e9rature appliqu\u00e9 en spray, offrant une protection et une r\u00e9sistance chimique pour \u00e9quipements immerg\u00e9s.\" \/>\n<meta property=\"og:url\" content=\"https:\/\/www.belzona.be\/fr\/product\/revetements\/belzona-1523-hittebestendige-spraycoating\/\" \/>\n<meta property=\"og:site_name\" content=\"Belzona Perspect Belgique FR\" \/>\n<meta property=\"article:modified_time\" content=\"2025-12-15T08:06:39+00:00\" \/>\n<meta property=\"og:image\" content=\"https:\/\/www.belzona.be\/fr\/wp-content\/uploads\/sites\/4\/2022\/12\/belzona-1523.jpg\" \/>\n\t<meta property=\"og:image:width\" content=\"702\" \/>\n\t<meta property=\"og:image:height\" content=\"702\" \/>\n\t<meta property=\"og:image:type\" content=\"image\/jpeg\" \/>\n<meta name=\"twitter:card\" content=\"summary_large_image\" \/>\n<meta name=\"twitter:label1\" content=\"Dur\u00e9e de lecture est.\" \/>\n\t<meta name=\"twitter:data1\" content=\"1 minute\" \/>\n<script type=\"application\/ld+json\" class=\"yoast-schema-graph\">{\"@context\":\"https:\\\/\\\/schema.org\",\"@graph\":[{\"@type\":\"WebPage\",\"@id\":\"https:\\\/\\\/www.belzona.be\\\/fr\\\/product\\\/revetements\\\/belzona-1523-hittebestendige-spraycoating\\\/\",\"url\":\"https:\\\/\\\/www.belzona.be\\\/fr\\\/product\\\/revetements\\\/belzona-1523-hittebestendige-spraycoating\\\/\",\"name\":\"Belzona 1523 : rev\u00eatement haute temp\u00e9rature | Perspect BE\",\"isPartOf\":{\"@id\":\"https:\\\/\\\/www.belzona.be\\\/fr\\\/#website\"},\"primaryImageOfPage\":{\"@id\":\"https:\\\/\\\/www.belzona.be\\\/fr\\\/product\\\/revetements\\\/belzona-1523-hittebestendige-spraycoating\\\/#primaryimage\"},\"image\":{\"@id\":\"https:\\\/\\\/www.belzona.be\\\/fr\\\/product\\\/revetements\\\/belzona-1523-hittebestendige-spraycoating\\\/#primaryimage\"},\"thumbnailUrl\":\"https:\\\/\\\/www.belzona.be\\\/fr\\\/wp-content\\\/uploads\\\/sites\\\/4\\\/2022\\\/12\\\/belzona-1523.jpg\",\"datePublished\":\"2022-12-20T10:48:33+00:00\",\"dateModified\":\"2025-12-15T08:06:39+00:00\",\"description\":\"Belzona 1523 est un rev\u00eatement haute temp\u00e9rature appliqu\u00e9 en spray, offrant une protection et une r\u00e9sistance chimique pour \u00e9quipements immerg\u00e9s.\",\"breadcrumb\":{\"@id\":\"https:\\\/\\\/www.belzona.be\\\/fr\\\/product\\\/revetements\\\/belzona-1523-hittebestendige-spraycoating\\\/#breadcrumb\"},\"inLanguage\":\"fr-BE\",\"potentialAction\":[{\"@type\":\"ReadAction\",\"target\":[\"https:\\\/\\\/www.belzona.be\\\/fr\\\/product\\\/revetements\\\/belzona-1523-hittebestendige-spraycoating\\\/\"]}]},{\"@type\":\"ImageObject\",\"inLanguage\":\"fr-BE\",\"@id\":\"https:\\\/\\\/www.belzona.be\\\/fr\\\/product\\\/revetements\\\/belzona-1523-hittebestendige-spraycoating\\\/#primaryimage\",\"url\":\"https:\\\/\\\/www.belzona.be\\\/fr\\\/wp-content\\\/uploads\\\/sites\\\/4\\\/2022\\\/12\\\/belzona-1523.jpg\",\"contentUrl\":\"https:\\\/\\\/www.belzona.be\\\/fr\\\/wp-content\\\/uploads\\\/sites\\\/4\\\/2022\\\/12\\\/belzona-1523.jpg\",\"width\":702,\"height\":702},{\"@type\":\"BreadcrumbList\",\"@id\":\"https:\\\/\\\/www.belzona.be\\\/fr\\\/product\\\/revetements\\\/belzona-1523-hittebestendige-spraycoating\\\/#breadcrumb\",\"itemListElement\":[{\"@type\":\"ListItem\",\"position\":1,\"name\":\"Accueil\",\"item\":\"https:\\\/\\\/www.belzona.be\\\/fr\\\/\"},{\"@type\":\"ListItem\",\"position\":2,\"name\":\"Produits\",\"item\":\"https:\\\/\\\/www.belzona.be\\\/fr\\\/produits\\\/\"},{\"@type\":\"ListItem\",\"position\":3,\"name\":\"Belzona 1523 \u2013 Rev\u00eatement haute temp\u00e9rature appliqu\u00e9 en spray\"}]},{\"@type\":\"WebSite\",\"@id\":\"https:\\\/\\\/www.belzona.be\\\/fr\\\/#website\",\"url\":\"https:\\\/\\\/www.belzona.be\\\/fr\\\/\",\"name\":\"Belzona Perspect Belgique FR\",\"description\":\"Belzona : r\u00e9paration, protection et am\u00e9lioration des surfaces. Belzona pr\u00e9vient et r\u00e9pare l&#039;\u00e9rosion, la corrosion, l&#039;abrasion, ainsi que les d\u00e9gradations chimiques et m\u00e9caniques.\",\"potentialAction\":[{\"@type\":\"SearchAction\",\"target\":{\"@type\":\"EntryPoint\",\"urlTemplate\":\"https:\\\/\\\/www.belzona.be\\\/fr\\\/?s={search_term_string}\"},\"query-input\":{\"@type\":\"PropertyValueSpecification\",\"valueRequired\":true,\"valueName\":\"search_term_string\"}}],\"inLanguage\":\"fr-BE\"}]}<\/script>\n<!-- \/ Yoast SEO plugin. -->","yoast_head_json":{"title":"Belzona 1523 : rev\u00eatement haute temp\u00e9rature | Perspect BE","description":"Belzona 1523 est un rev\u00eatement haute temp\u00e9rature appliqu\u00e9 en spray, offrant une protection et une r\u00e9sistance chimique pour \u00e9quipements immerg\u00e9s.","robots":{"index":"index","follow":"follow","max-snippet":"max-snippet:-1","max-image-preview":"max-image-preview:large","max-video-preview":"max-video-preview:-1"},"canonical":"https:\/\/www.belzona.be\/fr\/product\/revetements\/belzona-1523-hittebestendige-spraycoating\/","og_locale":"fr_FR","og_type":"article","og_title":"Belzona 1523 : rev\u00eatement haute temp\u00e9rature | Perspect BE","og_description":"Belzona 1523 est un rev\u00eatement haute temp\u00e9rature appliqu\u00e9 en spray, offrant une protection et une r\u00e9sistance chimique pour \u00e9quipements immerg\u00e9s.","og_url":"https:\/\/www.belzona.be\/fr\/product\/revetements\/belzona-1523-hittebestendige-spraycoating\/","og_site_name":"Belzona Perspect Belgique FR","article_modified_time":"2025-12-15T08:06:39+00:00","og_image":[{"width":702,"height":702,"url":"https:\/\/www.belzona.be\/fr\/wp-content\/uploads\/sites\/4\/2022\/12\/belzona-1523.jpg","type":"image\/jpeg"}],"twitter_card":"summary_large_image","twitter_misc":{"Dur\u00e9e de lecture est.":"1 minute"},"schema":{"@context":"https:\/\/schema.org","@graph":[{"@type":"WebPage","@id":"https:\/\/www.belzona.be\/fr\/product\/revetements\/belzona-1523-hittebestendige-spraycoating\/","url":"https:\/\/www.belzona.be\/fr\/product\/revetements\/belzona-1523-hittebestendige-spraycoating\/","name":"Belzona 1523 : rev\u00eatement haute temp\u00e9rature | Perspect BE","isPartOf":{"@id":"https:\/\/www.belzona.be\/fr\/#website"},"primaryImageOfPage":{"@id":"https:\/\/www.belzona.be\/fr\/product\/revetements\/belzona-1523-hittebestendige-spraycoating\/#primaryimage"},"image":{"@id":"https:\/\/www.belzona.be\/fr\/product\/revetements\/belzona-1523-hittebestendige-spraycoating\/#primaryimage"},"thumbnailUrl":"https:\/\/www.belzona.be\/fr\/wp-content\/uploads\/sites\/4\/2022\/12\/belzona-1523.jpg","datePublished":"2022-12-20T10:48:33+00:00","dateModified":"2025-12-15T08:06:39+00:00","description":"Belzona 1523 est un rev\u00eatement haute temp\u00e9rature appliqu\u00e9 en spray, offrant une protection et une r\u00e9sistance chimique pour \u00e9quipements immerg\u00e9s.","breadcrumb":{"@id":"https:\/\/www.belzona.be\/fr\/product\/revetements\/belzona-1523-hittebestendige-spraycoating\/#breadcrumb"},"inLanguage":"fr-BE","potentialAction":[{"@type":"ReadAction","target":["https:\/\/www.belzona.be\/fr\/product\/revetements\/belzona-1523-hittebestendige-spraycoating\/"]}]},{"@type":"ImageObject","inLanguage":"fr-BE","@id":"https:\/\/www.belzona.be\/fr\/product\/revetements\/belzona-1523-hittebestendige-spraycoating\/#primaryimage","url":"https:\/\/www.belzona.be\/fr\/wp-content\/uploads\/sites\/4\/2022\/12\/belzona-1523.jpg","contentUrl":"https:\/\/www.belzona.be\/fr\/wp-content\/uploads\/sites\/4\/2022\/12\/belzona-1523.jpg","width":702,"height":702},{"@type":"BreadcrumbList","@id":"https:\/\/www.belzona.be\/fr\/product\/revetements\/belzona-1523-hittebestendige-spraycoating\/#breadcrumb","itemListElement":[{"@type":"ListItem","position":1,"name":"Accueil","item":"https:\/\/www.belzona.be\/fr\/"},{"@type":"ListItem","position":2,"name":"Produits","item":"https:\/\/www.belzona.be\/fr\/produits\/"},{"@type":"ListItem","position":3,"name":"Belzona 1523 \u2013 Rev\u00eatement haute temp\u00e9rature appliqu\u00e9 en spray"}]},{"@type":"WebSite","@id":"https:\/\/www.belzona.be\/fr\/#website","url":"https:\/\/www.belzona.be\/fr\/","name":"Belzona Perspect Belgique FR","description":"Belzona : r\u00e9paration, protection et am\u00e9lioration des surfaces. Belzona pr\u00e9vient et r\u00e9pare l&#039;\u00e9rosion, la corrosion, l&#039;abrasion, ainsi que les d\u00e9gradations chimiques et m\u00e9caniques.","potentialAction":[{"@type":"SearchAction","target":{"@type":"EntryPoint","urlTemplate":"https:\/\/www.belzona.be\/fr\/?s={search_term_string}"},"query-input":{"@type":"PropertyValueSpecification","valueRequired":true,"valueName":"search_term_string"}}],"inLanguage":"fr-BE"}]}},"_links":{"self":[{"href":"https:\/\/www.belzona.be\/fr\/wp-json\/wp\/v2\/product\/380","targetHints":{"allow":["GET"]}}],"collection":[{"href":"https:\/\/www.belzona.be\/fr\/wp-json\/wp\/v2\/product"}],"about":[{"href":"https:\/\/www.belzona.be\/fr\/wp-json\/wp\/v2\/types\/product"}],"wp:featuredmedia":[{"embeddable":true,"href":"https:\/\/www.belzona.be\/fr\/wp-json\/wp\/v2\/media\/381"}],"wp:attachment":[{"href":"https:\/\/www.belzona.be\/fr\/wp-json\/wp\/v2\/media?parent=380"}],"wp:term":[{"taxonomy":"product_brand","embeddable":true,"href":"https:\/\/www.belzona.be\/fr\/wp-json\/wp\/v2\/product_brand?post=380"},{"taxonomy":"product_cat","embeddable":true,"href":"https:\/\/www.belzona.be\/fr\/wp-json\/wp\/v2\/product_cat?post=380"},{"taxonomy":"product_tag","embeddable":true,"href":"https:\/\/www.belzona.be\/fr\/wp-json\/wp\/v2\/product_tag?post=380"}],"curies":[{"name":"wp","href":"https:\/\/api.w.org\/{rel}","templated":true}]}}