{"id":378,"date":"2022-12-20T12:44:36","date_gmt":"2022-12-20T10:44:36","guid":{"rendered":"https:\/\/www.belzona.nl\/?post_type=product&#038;p=378"},"modified":"2025-12-10T08:49:25","modified_gmt":"2025-12-10T07:49:25","slug":"belzona-1392","status":"publish","type":"product","link":"https:\/\/www.belzona.be\/fr\/product\/revetements\/belzona-1392\/","title":{"rendered":"Belzona 1392 Ceramic HT2 \u2013 Rev\u00eatement c\u00e9ramique haute temp\u00e9rature"},"content":{"rendered":"","protected":false},"excerpt":{"rendered":"<div class=\"flex-shrink-0 flex flex-col relative items-end\">\n<div>\n<div class=\"pt-0\">\n<div class=\"gizmo-bot-avatar flex h-8 w-8 items-center justify-center overflow-hidden rounded-full\">\n<div class=\"relative p-1 rounded-sm flex items-center justify-center bg-token-main-surface-primary text-token-text-primary h-8 w-8\">\n<p data-start=\"4430\" data-end=\"4843\">Le rev\u00eatement c\u00e9ramique haute temp\u00e9rature Belzona 1392 Ceramic HT2 prot\u00e8ge les surfaces m\u00e9talliques contre l\u2019\u00e9rosion, la corrosion et divers agents chimiques. Il est adapt\u00e9 aux conditions d\u2019immersion continue jusqu\u2019\u00e0 120\u00b0C (248\u00b0F). Belzona 1392 Ceramic HT2 est un rev\u00eatement sans solvant pr\u00e9sentant une r\u00e9sistance \u00e9lev\u00e9e \u00e0 l\u2019eau, aux liquides de traitement, aux hydrocarbures et \u00e0 l\u2019eau contamin\u00e9e par des acides.<\/p>\n<p data-start=\"4845\" data-end=\"5161\">Belzona 1392 Ceramic HT2 pr\u00e9sente une excellente r\u00e9sistance \u00e0 la compression, y compris lors des phases de mont\u00e9e en pression rapide et de d\u00e9compression. Il offre une r\u00e9sistance chimique particuli\u00e8rement \u00e9lev\u00e9e, adapt\u00e9e aux environnements s\u00e9v\u00e8res. Ce rev\u00eatement peut \u00eatre appliqu\u00e9 directement \u00e0 temp\u00e9rature ambiante.<\/p>\n<p data-start=\"5163\" data-end=\"5429\">Ce rev\u00eatement c\u00e9ramique haute temp\u00e9rature peut \u00eatre utilis\u00e9 pour :<br data-start=\"5229\" data-end=\"5232\" \/>\u2022 R\u00e9servoirs de condensat<br data-start=\"5257\" data-end=\"5260\" \/>\u2022 \u00c9changeurs de chaleur<br data-start=\"5283\" data-end=\"5286\" \/>\u2022 Cuves<br data-start=\"5293\" data-end=\"5296\" \/>\u2022 \u00c9vap\u00e9rateurs<br data-start=\"5310\" data-end=\"5313\" \/>\u2022 Autoclaves<br data-start=\"5325\" data-end=\"5328\" \/>\u2022 Chaudi\u00e8res<br data-start=\"5340\" data-end=\"5343\" \/>\u2022 Unit\u00e9s de distillation<br data-start=\"5367\" data-end=\"5370\" \/>\u2022 Unit\u00e9s de lavage<br data-start=\"5388\" data-end=\"5391\" \/>\u2022 S\u00e9parateurs huile\/gaz et huile\/eau<\/p>\n<\/div>\n<\/div>\n<\/div>\n<\/div>\n<\/div>\n","protected":false},"featured_media":379,"template":"","meta":{"_acf_changed":false,"content-type":"","editor_notices":[]},"product_brand":[],"product_cat":[22],"product_tag":[],"class_list":{"0":"post-378","1":"product","2":"type-product","3":"status-publish","4":"has-post-thumbnail","6":"product_cat-revetements","8":"first","9":"instock","10":"taxable","11":"shipping-taxable","12":"product-type-simple"},"acf":[],"yoast_head":"<!-- This site is optimized with the Yoast SEO plugin v27.3 - https:\/\/yoast.com\/product\/yoast-seo-wordpress\/ -->\n<title>Belzona 1392 : rev\u00eatement c\u00e9ramique | Perspect BE<\/title>\n<meta name=\"description\" content=\"Belzona 1392 est un rev\u00eatement c\u00e9ramique haute temp\u00e9rature con\u00e7u pour prot\u00e9ger les surfaces m\u00e9talliques contre l\u2019\u00e9rosion et les agents chimiques agressifs.\" \/>\n<meta name=\"robots\" content=\"index, follow, max-snippet:-1, max-image-preview:large, max-video-preview:-1\" \/>\n<link rel=\"canonical\" href=\"https:\/\/www.belzona.be\/fr\/product\/revetements\/belzona-1392\/\" \/>\n<meta property=\"og:locale\" content=\"fr_FR\" \/>\n<meta property=\"og:type\" content=\"article\" \/>\n<meta property=\"og:title\" content=\"Belzona 1392 : rev\u00eatement c\u00e9ramique | Perspect BE\" \/>\n<meta property=\"og:description\" content=\"Belzona 1392 est un rev\u00eatement c\u00e9ramique haute temp\u00e9rature con\u00e7u pour prot\u00e9ger les surfaces m\u00e9talliques contre l\u2019\u00e9rosion et les agents chimiques agressifs.\" \/>\n<meta property=\"og:url\" content=\"https:\/\/www.belzona.be\/fr\/product\/revetements\/belzona-1392\/\" \/>\n<meta property=\"og:site_name\" content=\"Belzona Perspect Belgique FR\" \/>\n<meta property=\"article:modified_time\" content=\"2025-12-10T07:49:25+00:00\" \/>\n<meta property=\"og:image\" content=\"https:\/\/www.belzona.be\/fr\/wp-content\/uploads\/sites\/4\/2022\/12\/belzona-1392.jpg\" \/>\n\t<meta property=\"og:image:width\" content=\"628\" \/>\n\t<meta property=\"og:image:height\" content=\"628\" \/>\n\t<meta property=\"og:image:type\" content=\"image\/jpeg\" \/>\n<meta name=\"twitter:card\" content=\"summary_large_image\" \/>\n<meta name=\"twitter:label1\" content=\"Dur\u00e9e de lecture est.\" \/>\n\t<meta name=\"twitter:data1\" content=\"1 minute\" \/>\n<script type=\"application\/ld+json\" class=\"yoast-schema-graph\">{\"@context\":\"https:\\\/\\\/schema.org\",\"@graph\":[{\"@type\":\"WebPage\",\"@id\":\"https:\\\/\\\/www.belzona.be\\\/fr\\\/product\\\/revetements\\\/belzona-1392\\\/\",\"url\":\"https:\\\/\\\/www.belzona.be\\\/fr\\\/product\\\/revetements\\\/belzona-1392\\\/\",\"name\":\"Belzona 1392 : rev\u00eatement c\u00e9ramique | Perspect BE\",\"isPartOf\":{\"@id\":\"https:\\\/\\\/www.belzona.be\\\/fr\\\/#website\"},\"primaryImageOfPage\":{\"@id\":\"https:\\\/\\\/www.belzona.be\\\/fr\\\/product\\\/revetements\\\/belzona-1392\\\/#primaryimage\"},\"image\":{\"@id\":\"https:\\\/\\\/www.belzona.be\\\/fr\\\/product\\\/revetements\\\/belzona-1392\\\/#primaryimage\"},\"thumbnailUrl\":\"https:\\\/\\\/www.belzona.be\\\/fr\\\/wp-content\\\/uploads\\\/sites\\\/4\\\/2022\\\/12\\\/belzona-1392.jpg\",\"datePublished\":\"2022-12-20T10:44:36+00:00\",\"dateModified\":\"2025-12-10T07:49:25+00:00\",\"description\":\"Belzona 1392 est un rev\u00eatement c\u00e9ramique haute temp\u00e9rature con\u00e7u pour prot\u00e9ger les surfaces m\u00e9talliques contre l\u2019\u00e9rosion et les agents chimiques agressifs.\",\"breadcrumb\":{\"@id\":\"https:\\\/\\\/www.belzona.be\\\/fr\\\/product\\\/revetements\\\/belzona-1392\\\/#breadcrumb\"},\"inLanguage\":\"fr-BE\",\"potentialAction\":[{\"@type\":\"ReadAction\",\"target\":[\"https:\\\/\\\/www.belzona.be\\\/fr\\\/product\\\/revetements\\\/belzona-1392\\\/\"]}]},{\"@type\":\"ImageObject\",\"inLanguage\":\"fr-BE\",\"@id\":\"https:\\\/\\\/www.belzona.be\\\/fr\\\/product\\\/revetements\\\/belzona-1392\\\/#primaryimage\",\"url\":\"https:\\\/\\\/www.belzona.be\\\/fr\\\/wp-content\\\/uploads\\\/sites\\\/4\\\/2022\\\/12\\\/belzona-1392.jpg\",\"contentUrl\":\"https:\\\/\\\/www.belzona.be\\\/fr\\\/wp-content\\\/uploads\\\/sites\\\/4\\\/2022\\\/12\\\/belzona-1392.jpg\",\"width\":628,\"height\":628},{\"@type\":\"BreadcrumbList\",\"@id\":\"https:\\\/\\\/www.belzona.be\\\/fr\\\/product\\\/revetements\\\/belzona-1392\\\/#breadcrumb\",\"itemListElement\":[{\"@type\":\"ListItem\",\"position\":1,\"name\":\"Accueil\",\"item\":\"https:\\\/\\\/www.belzona.be\\\/fr\\\/\"},{\"@type\":\"ListItem\",\"position\":2,\"name\":\"Produits\",\"item\":\"https:\\\/\\\/www.belzona.be\\\/fr\\\/produits\\\/\"},{\"@type\":\"ListItem\",\"position\":3,\"name\":\"Belzona 1392 Ceramic HT2 \u2013 Rev\u00eatement c\u00e9ramique haute temp\u00e9rature\"}]},{\"@type\":\"WebSite\",\"@id\":\"https:\\\/\\\/www.belzona.be\\\/fr\\\/#website\",\"url\":\"https:\\\/\\\/www.belzona.be\\\/fr\\\/\",\"name\":\"Belzona Perspect Belgique FR\",\"description\":\"Belzona : r\u00e9paration, protection et am\u00e9lioration des surfaces. Belzona pr\u00e9vient et r\u00e9pare l&#039;\u00e9rosion, la corrosion, l&#039;abrasion, ainsi que les d\u00e9gradations chimiques et m\u00e9caniques.\",\"potentialAction\":[{\"@type\":\"SearchAction\",\"target\":{\"@type\":\"EntryPoint\",\"urlTemplate\":\"https:\\\/\\\/www.belzona.be\\\/fr\\\/?s={search_term_string}\"},\"query-input\":{\"@type\":\"PropertyValueSpecification\",\"valueRequired\":true,\"valueName\":\"search_term_string\"}}],\"inLanguage\":\"fr-BE\"}]}<\/script>\n<!-- \/ Yoast SEO plugin. -->","yoast_head_json":{"title":"Belzona 1392 : rev\u00eatement c\u00e9ramique | Perspect BE","description":"Belzona 1392 est un rev\u00eatement c\u00e9ramique haute temp\u00e9rature con\u00e7u pour prot\u00e9ger les surfaces m\u00e9talliques contre l\u2019\u00e9rosion et les agents chimiques agressifs.","robots":{"index":"index","follow":"follow","max-snippet":"max-snippet:-1","max-image-preview":"max-image-preview:large","max-video-preview":"max-video-preview:-1"},"canonical":"https:\/\/www.belzona.be\/fr\/product\/revetements\/belzona-1392\/","og_locale":"fr_FR","og_type":"article","og_title":"Belzona 1392 : rev\u00eatement c\u00e9ramique | Perspect BE","og_description":"Belzona 1392 est un rev\u00eatement c\u00e9ramique haute temp\u00e9rature con\u00e7u pour prot\u00e9ger les surfaces m\u00e9talliques contre l\u2019\u00e9rosion et les agents chimiques agressifs.","og_url":"https:\/\/www.belzona.be\/fr\/product\/revetements\/belzona-1392\/","og_site_name":"Belzona Perspect Belgique FR","article_modified_time":"2025-12-10T07:49:25+00:00","og_image":[{"width":628,"height":628,"url":"https:\/\/www.belzona.be\/fr\/wp-content\/uploads\/sites\/4\/2022\/12\/belzona-1392.jpg","type":"image\/jpeg"}],"twitter_card":"summary_large_image","twitter_misc":{"Dur\u00e9e de lecture est.":"1 minute"},"schema":{"@context":"https:\/\/schema.org","@graph":[{"@type":"WebPage","@id":"https:\/\/www.belzona.be\/fr\/product\/revetements\/belzona-1392\/","url":"https:\/\/www.belzona.be\/fr\/product\/revetements\/belzona-1392\/","name":"Belzona 1392 : rev\u00eatement c\u00e9ramique | Perspect BE","isPartOf":{"@id":"https:\/\/www.belzona.be\/fr\/#website"},"primaryImageOfPage":{"@id":"https:\/\/www.belzona.be\/fr\/product\/revetements\/belzona-1392\/#primaryimage"},"image":{"@id":"https:\/\/www.belzona.be\/fr\/product\/revetements\/belzona-1392\/#primaryimage"},"thumbnailUrl":"https:\/\/www.belzona.be\/fr\/wp-content\/uploads\/sites\/4\/2022\/12\/belzona-1392.jpg","datePublished":"2022-12-20T10:44:36+00:00","dateModified":"2025-12-10T07:49:25+00:00","description":"Belzona 1392 est un rev\u00eatement c\u00e9ramique haute temp\u00e9rature con\u00e7u pour prot\u00e9ger les surfaces m\u00e9talliques contre l\u2019\u00e9rosion et les agents chimiques agressifs.","breadcrumb":{"@id":"https:\/\/www.belzona.be\/fr\/product\/revetements\/belzona-1392\/#breadcrumb"},"inLanguage":"fr-BE","potentialAction":[{"@type":"ReadAction","target":["https:\/\/www.belzona.be\/fr\/product\/revetements\/belzona-1392\/"]}]},{"@type":"ImageObject","inLanguage":"fr-BE","@id":"https:\/\/www.belzona.be\/fr\/product\/revetements\/belzona-1392\/#primaryimage","url":"https:\/\/www.belzona.be\/fr\/wp-content\/uploads\/sites\/4\/2022\/12\/belzona-1392.jpg","contentUrl":"https:\/\/www.belzona.be\/fr\/wp-content\/uploads\/sites\/4\/2022\/12\/belzona-1392.jpg","width":628,"height":628},{"@type":"BreadcrumbList","@id":"https:\/\/www.belzona.be\/fr\/product\/revetements\/belzona-1392\/#breadcrumb","itemListElement":[{"@type":"ListItem","position":1,"name":"Accueil","item":"https:\/\/www.belzona.be\/fr\/"},{"@type":"ListItem","position":2,"name":"Produits","item":"https:\/\/www.belzona.be\/fr\/produits\/"},{"@type":"ListItem","position":3,"name":"Belzona 1392 Ceramic HT2 \u2013 Rev\u00eatement c\u00e9ramique haute temp\u00e9rature"}]},{"@type":"WebSite","@id":"https:\/\/www.belzona.be\/fr\/#website","url":"https:\/\/www.belzona.be\/fr\/","name":"Belzona Perspect Belgique FR","description":"Belzona : r\u00e9paration, protection et am\u00e9lioration des surfaces. Belzona pr\u00e9vient et r\u00e9pare l&#039;\u00e9rosion, la corrosion, l&#039;abrasion, ainsi que les d\u00e9gradations chimiques et m\u00e9caniques.","potentialAction":[{"@type":"SearchAction","target":{"@type":"EntryPoint","urlTemplate":"https:\/\/www.belzona.be\/fr\/?s={search_term_string}"},"query-input":{"@type":"PropertyValueSpecification","valueRequired":true,"valueName":"search_term_string"}}],"inLanguage":"fr-BE"}]}},"_links":{"self":[{"href":"https:\/\/www.belzona.be\/fr\/wp-json\/wp\/v2\/product\/378","targetHints":{"allow":["GET"]}}],"collection":[{"href":"https:\/\/www.belzona.be\/fr\/wp-json\/wp\/v2\/product"}],"about":[{"href":"https:\/\/www.belzona.be\/fr\/wp-json\/wp\/v2\/types\/product"}],"wp:featuredmedia":[{"embeddable":true,"href":"https:\/\/www.belzona.be\/fr\/wp-json\/wp\/v2\/media\/379"}],"wp:attachment":[{"href":"https:\/\/www.belzona.be\/fr\/wp-json\/wp\/v2\/media?parent=378"}],"wp:term":[{"taxonomy":"product_brand","embeddable":true,"href":"https:\/\/www.belzona.be\/fr\/wp-json\/wp\/v2\/product_brand?post=378"},{"taxonomy":"product_cat","embeddable":true,"href":"https:\/\/www.belzona.be\/fr\/wp-json\/wp\/v2\/product_cat?post=378"},{"taxonomy":"product_tag","embeddable":true,"href":"https:\/\/www.belzona.be\/fr\/wp-json\/wp\/v2\/product_tag?post=378"}],"curies":[{"name":"wp","href":"https:\/\/api.w.org\/{rel}","templated":true}]}}