{"id":374,"date":"2022-12-20T12:38:44","date_gmt":"2022-12-20T10:38:44","guid":{"rendered":"https:\/\/www.belzona.nl\/?post_type=product&#038;p=374"},"modified":"2025-12-15T09:04:05","modified_gmt":"2025-12-15T08:04:05","slug":"belzona-1391-t","status":"publish","type":"product","link":"https:\/\/www.belzona.be\/fr\/product\/revetements\/belzona-1391-t\/","title":{"rendered":"Belzona 1391 T"},"content":{"rendered":"","protected":false},"excerpt":{"rendered":"<p>Belzona 1391 T est un rev\u00eatement \u00e0 appliquer manuellement qui prot\u00e8ge les \u00e9quipements \u00e0 haute temp\u00e9rature contre l&rsquo;\u00e9rosion et la corrosion. Ce syst\u00e8me est con\u00e7u pour les \u00e9quipements immerg\u00e9s en continu jusqu&rsquo;\u00e0 130\u00b0C (266\u00b0F). Pour les situations n\u00e9cessitant un rev\u00eatement pulv\u00e9risable, Belzona 1391 S est id\u00e9al.<\/p>\n<p>Belzona 1391 T est un rev\u00eatement sans solvant offrant une r\u00e9sistance aux milieux\/liquides, aux hydrocarbures et aux produits chimiques de traitement. Apr\u00e8s application, il ne se produit ni r\u00e9tr\u00e9cissement, ni expansion, ni d\u00e9formation. La r\u00e9sistance chimique et la r\u00e9sistance \u00e0 la pression sont \u00e9lev\u00e9es, et la protection contre l&rsquo;\u00e9rosion et la corrosion est excellente. Belzona 1391 T offre une bonne isolation \u00e9lectrique.<\/p>\n<h3>Applications de Belzona 1391 T<\/h3>\n<p>Belzona 1391 T peut \u00eatre utilis\u00e9 pour :<\/p>\n<ul>\n<li>R\u00e9servoirs de condensat<\/li>\n<li>\u00c9changeurs de chaleur<\/li>\n<li>Cuves de processus<\/li>\n<li>\u00c9vap\u00e9rateurs<\/li>\n<li>Autoclaves<\/li>\n<li>Chaudi\u00e8res<\/li>\n<li>Unit\u00e9s de distillation<\/li>\n<li>Unit\u00e9s de lavage<\/li>\n<li>S\u00e9parateurs huile\/gaz et huile\/eau<\/li>\n<\/ul>\n<p><strong>\u00a0<\/strong><\/p>\n","protected":false},"featured_media":376,"template":"","meta":{"_acf_changed":false,"content-type":"","editor_notices":[]},"product_brand":[],"product_cat":[22],"product_tag":[],"class_list":{"0":"post-374","1":"product","2":"type-product","3":"status-publish","4":"has-post-thumbnail","6":"product_cat-revetements","8":"first","9":"instock","10":"taxable","11":"shipping-taxable","12":"product-type-simple"},"acf":[],"yoast_head":"<!-- This site is optimized with the Yoast SEO plugin v27.3 - https:\/\/yoast.com\/product\/yoast-seo-wordpress\/ -->\n<title>Produits Belzona : d\u00e9couvrir toute la gamme | Perspect BE<\/title>\n<meta name=\"description\" content=\"Belzona 1391 T est un rev\u00eatement sans solvant offrant une r\u00e9sistance aux milieux\/liquides, aux hydrocarbures et aux produits chimiques de traitement.\" \/>\n<meta name=\"robots\" content=\"index, follow, max-snippet:-1, max-image-preview:large, max-video-preview:-1\" \/>\n<link rel=\"canonical\" href=\"https:\/\/www.belzona.be\/fr\/product\/revetements\/belzona-1391-t\/\" \/>\n<meta property=\"og:locale\" content=\"fr_FR\" \/>\n<meta property=\"og:type\" content=\"article\" \/>\n<meta property=\"og:title\" content=\"Produits Belzona : d\u00e9couvrir toute la gamme | Perspect BE\" \/>\n<meta property=\"og:description\" content=\"Belzona 1391 T est un rev\u00eatement sans solvant offrant une r\u00e9sistance aux milieux\/liquides, aux hydrocarbures et aux produits chimiques de traitement.\" \/>\n<meta property=\"og:url\" content=\"https:\/\/www.belzona.be\/fr\/product\/revetements\/belzona-1391-t\/\" \/>\n<meta property=\"og:site_name\" content=\"Belzona Perspect Belgique FR\" \/>\n<meta property=\"article:modified_time\" content=\"2025-12-15T08:04:05+00:00\" \/>\n<meta property=\"og:image\" content=\"https:\/\/www.belzona.be\/fr\/wp-content\/uploads\/sites\/4\/2022\/12\/belzona-1391-t.jpg\" \/>\n\t<meta property=\"og:image:width\" content=\"702\" \/>\n\t<meta property=\"og:image:height\" content=\"702\" \/>\n\t<meta property=\"og:image:type\" content=\"image\/jpeg\" \/>\n<meta name=\"twitter:card\" content=\"summary_large_image\" \/>\n<meta name=\"twitter:label1\" content=\"Dur\u00e9e de lecture est.\" \/>\n\t<meta name=\"twitter:data1\" content=\"1 minute\" \/>\n<script type=\"application\/ld+json\" class=\"yoast-schema-graph\">{\"@context\":\"https:\\\/\\\/schema.org\",\"@graph\":[{\"@type\":\"WebPage\",\"@id\":\"https:\\\/\\\/www.belzona.be\\\/fr\\\/product\\\/revetements\\\/belzona-1391-t\\\/\",\"url\":\"https:\\\/\\\/www.belzona.be\\\/fr\\\/product\\\/revetements\\\/belzona-1391-t\\\/\",\"name\":\"Produits Belzona : d\u00e9couvrir toute la gamme | Perspect BE\",\"isPartOf\":{\"@id\":\"https:\\\/\\\/www.belzona.be\\\/fr\\\/#website\"},\"primaryImageOfPage\":{\"@id\":\"https:\\\/\\\/www.belzona.be\\\/fr\\\/product\\\/revetements\\\/belzona-1391-t\\\/#primaryimage\"},\"image\":{\"@id\":\"https:\\\/\\\/www.belzona.be\\\/fr\\\/product\\\/revetements\\\/belzona-1391-t\\\/#primaryimage\"},\"thumbnailUrl\":\"https:\\\/\\\/www.belzona.be\\\/fr\\\/wp-content\\\/uploads\\\/sites\\\/4\\\/2022\\\/12\\\/belzona-1391-t.jpg\",\"datePublished\":\"2022-12-20T10:38:44+00:00\",\"dateModified\":\"2025-12-15T08:04:05+00:00\",\"description\":\"Belzona 1391 T est un rev\u00eatement sans solvant offrant une r\u00e9sistance aux milieux\\\/liquides, aux hydrocarbures et aux produits chimiques de traitement.\",\"breadcrumb\":{\"@id\":\"https:\\\/\\\/www.belzona.be\\\/fr\\\/product\\\/revetements\\\/belzona-1391-t\\\/#breadcrumb\"},\"inLanguage\":\"fr-BE\",\"potentialAction\":[{\"@type\":\"ReadAction\",\"target\":[\"https:\\\/\\\/www.belzona.be\\\/fr\\\/product\\\/revetements\\\/belzona-1391-t\\\/\"]}]},{\"@type\":\"ImageObject\",\"inLanguage\":\"fr-BE\",\"@id\":\"https:\\\/\\\/www.belzona.be\\\/fr\\\/product\\\/revetements\\\/belzona-1391-t\\\/#primaryimage\",\"url\":\"https:\\\/\\\/www.belzona.be\\\/fr\\\/wp-content\\\/uploads\\\/sites\\\/4\\\/2022\\\/12\\\/belzona-1391-t.jpg\",\"contentUrl\":\"https:\\\/\\\/www.belzona.be\\\/fr\\\/wp-content\\\/uploads\\\/sites\\\/4\\\/2022\\\/12\\\/belzona-1391-t.jpg\",\"width\":702,\"height\":702},{\"@type\":\"BreadcrumbList\",\"@id\":\"https:\\\/\\\/www.belzona.be\\\/fr\\\/product\\\/revetements\\\/belzona-1391-t\\\/#breadcrumb\",\"itemListElement\":[{\"@type\":\"ListItem\",\"position\":1,\"name\":\"Accueil\",\"item\":\"https:\\\/\\\/www.belzona.be\\\/fr\\\/\"},{\"@type\":\"ListItem\",\"position\":2,\"name\":\"Produits\",\"item\":\"https:\\\/\\\/www.belzona.be\\\/fr\\\/produits\\\/\"},{\"@type\":\"ListItem\",\"position\":3,\"name\":\"Belzona 1391 T\"}]},{\"@type\":\"WebSite\",\"@id\":\"https:\\\/\\\/www.belzona.be\\\/fr\\\/#website\",\"url\":\"https:\\\/\\\/www.belzona.be\\\/fr\\\/\",\"name\":\"Belzona Perspect Belgique FR\",\"description\":\"Belzona : r\u00e9paration, protection et am\u00e9lioration des surfaces. Belzona pr\u00e9vient et r\u00e9pare l&#039;\u00e9rosion, la corrosion, l&#039;abrasion, ainsi que les d\u00e9gradations chimiques et m\u00e9caniques.\",\"potentialAction\":[{\"@type\":\"SearchAction\",\"target\":{\"@type\":\"EntryPoint\",\"urlTemplate\":\"https:\\\/\\\/www.belzona.be\\\/fr\\\/?s={search_term_string}\"},\"query-input\":{\"@type\":\"PropertyValueSpecification\",\"valueRequired\":true,\"valueName\":\"search_term_string\"}}],\"inLanguage\":\"fr-BE\"}]}<\/script>\n<!-- \/ Yoast SEO plugin. -->","yoast_head_json":{"title":"Produits Belzona : d\u00e9couvrir toute la gamme | Perspect BE","description":"Belzona 1391 T est un rev\u00eatement sans solvant offrant une r\u00e9sistance aux milieux\/liquides, aux hydrocarbures et aux produits chimiques de traitement.","robots":{"index":"index","follow":"follow","max-snippet":"max-snippet:-1","max-image-preview":"max-image-preview:large","max-video-preview":"max-video-preview:-1"},"canonical":"https:\/\/www.belzona.be\/fr\/product\/revetements\/belzona-1391-t\/","og_locale":"fr_FR","og_type":"article","og_title":"Produits Belzona : d\u00e9couvrir toute la gamme | Perspect BE","og_description":"Belzona 1391 T est un rev\u00eatement sans solvant offrant une r\u00e9sistance aux milieux\/liquides, aux hydrocarbures et aux produits chimiques de traitement.","og_url":"https:\/\/www.belzona.be\/fr\/product\/revetements\/belzona-1391-t\/","og_site_name":"Belzona Perspect Belgique FR","article_modified_time":"2025-12-15T08:04:05+00:00","og_image":[{"width":702,"height":702,"url":"https:\/\/www.belzona.be\/fr\/wp-content\/uploads\/sites\/4\/2022\/12\/belzona-1391-t.jpg","type":"image\/jpeg"}],"twitter_card":"summary_large_image","twitter_misc":{"Dur\u00e9e de lecture est.":"1 minute"},"schema":{"@context":"https:\/\/schema.org","@graph":[{"@type":"WebPage","@id":"https:\/\/www.belzona.be\/fr\/product\/revetements\/belzona-1391-t\/","url":"https:\/\/www.belzona.be\/fr\/product\/revetements\/belzona-1391-t\/","name":"Produits Belzona : d\u00e9couvrir toute la gamme | Perspect BE","isPartOf":{"@id":"https:\/\/www.belzona.be\/fr\/#website"},"primaryImageOfPage":{"@id":"https:\/\/www.belzona.be\/fr\/product\/revetements\/belzona-1391-t\/#primaryimage"},"image":{"@id":"https:\/\/www.belzona.be\/fr\/product\/revetements\/belzona-1391-t\/#primaryimage"},"thumbnailUrl":"https:\/\/www.belzona.be\/fr\/wp-content\/uploads\/sites\/4\/2022\/12\/belzona-1391-t.jpg","datePublished":"2022-12-20T10:38:44+00:00","dateModified":"2025-12-15T08:04:05+00:00","description":"Belzona 1391 T est un rev\u00eatement sans solvant offrant une r\u00e9sistance aux milieux\/liquides, aux hydrocarbures et aux produits chimiques de traitement.","breadcrumb":{"@id":"https:\/\/www.belzona.be\/fr\/product\/revetements\/belzona-1391-t\/#breadcrumb"},"inLanguage":"fr-BE","potentialAction":[{"@type":"ReadAction","target":["https:\/\/www.belzona.be\/fr\/product\/revetements\/belzona-1391-t\/"]}]},{"@type":"ImageObject","inLanguage":"fr-BE","@id":"https:\/\/www.belzona.be\/fr\/product\/revetements\/belzona-1391-t\/#primaryimage","url":"https:\/\/www.belzona.be\/fr\/wp-content\/uploads\/sites\/4\/2022\/12\/belzona-1391-t.jpg","contentUrl":"https:\/\/www.belzona.be\/fr\/wp-content\/uploads\/sites\/4\/2022\/12\/belzona-1391-t.jpg","width":702,"height":702},{"@type":"BreadcrumbList","@id":"https:\/\/www.belzona.be\/fr\/product\/revetements\/belzona-1391-t\/#breadcrumb","itemListElement":[{"@type":"ListItem","position":1,"name":"Accueil","item":"https:\/\/www.belzona.be\/fr\/"},{"@type":"ListItem","position":2,"name":"Produits","item":"https:\/\/www.belzona.be\/fr\/produits\/"},{"@type":"ListItem","position":3,"name":"Belzona 1391 T"}]},{"@type":"WebSite","@id":"https:\/\/www.belzona.be\/fr\/#website","url":"https:\/\/www.belzona.be\/fr\/","name":"Belzona Perspect Belgique FR","description":"Belzona : r\u00e9paration, protection et am\u00e9lioration des surfaces. Belzona pr\u00e9vient et r\u00e9pare l&#039;\u00e9rosion, la corrosion, l&#039;abrasion, ainsi que les d\u00e9gradations chimiques et m\u00e9caniques.","potentialAction":[{"@type":"SearchAction","target":{"@type":"EntryPoint","urlTemplate":"https:\/\/www.belzona.be\/fr\/?s={search_term_string}"},"query-input":{"@type":"PropertyValueSpecification","valueRequired":true,"valueName":"search_term_string"}}],"inLanguage":"fr-BE"}]}},"_links":{"self":[{"href":"https:\/\/www.belzona.be\/fr\/wp-json\/wp\/v2\/product\/374","targetHints":{"allow":["GET"]}}],"collection":[{"href":"https:\/\/www.belzona.be\/fr\/wp-json\/wp\/v2\/product"}],"about":[{"href":"https:\/\/www.belzona.be\/fr\/wp-json\/wp\/v2\/types\/product"}],"wp:featuredmedia":[{"embeddable":true,"href":"https:\/\/www.belzona.be\/fr\/wp-json\/wp\/v2\/media\/376"}],"wp:attachment":[{"href":"https:\/\/www.belzona.be\/fr\/wp-json\/wp\/v2\/media?parent=374"}],"wp:term":[{"taxonomy":"product_brand","embeddable":true,"href":"https:\/\/www.belzona.be\/fr\/wp-json\/wp\/v2\/product_brand?post=374"},{"taxonomy":"product_cat","embeddable":true,"href":"https:\/\/www.belzona.be\/fr\/wp-json\/wp\/v2\/product_cat?post=374"},{"taxonomy":"product_tag","embeddable":true,"href":"https:\/\/www.belzona.be\/fr\/wp-json\/wp\/v2\/product_tag?post=374"}],"curies":[{"name":"wp","href":"https:\/\/api.w.org\/{rel}","templated":true}]}}