{"id":372,"date":"2022-12-20T12:34:12","date_gmt":"2022-12-20T10:34:12","guid":{"rendered":"https:\/\/www.belzona.nl\/?post_type=product&#038;p=372"},"modified":"2025-12-18T09:46:10","modified_gmt":"2025-12-18T08:46:10","slug":"belzona-1391-s","status":"publish","type":"product","link":"https:\/\/www.belzona.be\/fr\/product\/revetements\/belzona-1391-s\/","title":{"rendered":"Belzona 1391 S Rev\u00eatement \u2013 Epoxy pour pipelines et \u00e9quipements haute temp\u00e9rature"},"content":{"rendered":"<p><iframe title=\"Process vessels repair and protection with Belzona\" width=\"980\" height=\"551\" data-src=\"https:\/\/www.youtube.com\/embed\/HAjAeF7uenk?feature=oembed\" frameborder=\"0\" allow=\"accelerometer; autoplay; clipboard-write; encrypted-media; gyroscope; picture-in-picture; web-share\" referrerpolicy=\"strict-origin-when-cross-origin\" allowfullscreen src=\"data:image\/svg+xml;base64,PHN2ZyB3aWR0aD0iMSIgaGVpZ2h0PSIxIiB4bWxucz0iaHR0cDovL3d3dy53My5vcmcvMjAwMC9zdmciPjwvc3ZnPg==\" class=\"lazyload\" data-load-mode=\"1\"><\/iframe><\/p>\n","protected":false},"excerpt":{"rendered":"<div class=\"flex-shrink-0 flex flex-col relative items-end\">\n<div class=\"pt-0\">\n<div class=\"gizmo-bot-avatar flex h-8 w-8 items-center justify-center overflow-hidden rounded-full\">\n<div class=\"relative p-1 rounded-sm flex items-center justify-center bg-token-main-surface-primary text-token-text-primary h-8 w-8\">\n<p data-start=\"4166\" data-end=\"4587\">Belzona 1391 S est un rev\u00eatement \u00e9poxy appliqu\u00e9 par pulv\u00e9risation, con\u00e7u pour la protection anticorrosion d\u2019\u00e9quipements \u00e0 haute temp\u00e9rature, notamment dans les applications de pipelines. Ce syst\u00e8me est adapt\u00e9 aux conditions d\u2019immersion continue jusqu\u2019\u00e0 110\u00b0C (230\u00b0F). Il s\u2019agit d\u2019un rev\u00eatement sans solvant offrant une r\u00e9sistance \u00e9lev\u00e9e aux liquides de traitement, aux hydrocarbures et aux produits chimiques industriels.<\/p>\n<p data-start=\"4589\" data-end=\"4959\">L\u2019application airless de Belzona 1391 S permet de r\u00e9duire les temps d\u2019arr\u00eat. Apr\u00e8s application, le rev\u00eatement ne pr\u00e9sente ni retrait, ni expansion, ni d\u00e9formation. Il offre une r\u00e9sistance chimique \u00e9lev\u00e9e adapt\u00e9e aux environnements de traitement exigeants. Belzona 1391 S assure une forte adh\u00e9rence sur l\u2019acier carbone, l\u2019acier inoxydable et divers substrats m\u00e9talliques.<\/p>\n<p data-start=\"4961\" data-end=\"5348\">Belzona 1391 S est particuli\u00e8rement adapt\u00e9 comme rev\u00eatement pipeline et pour la protection d\u2019\u00e9quipements expos\u00e9s \u00e0 la corrosion haute temp\u00e9rature. Il peut \u00eatre utilis\u00e9 pour :<br data-start=\"5135\" data-end=\"5138\" \/>\u2022 R\u00e9servoirs de condensat<br data-start=\"5163\" data-end=\"5166\" \/>\u2022 \u00c9changeurs de chaleur<br data-start=\"5189\" data-end=\"5192\" \/>\u2022 Cuves de processus<br data-start=\"5212\" data-end=\"5215\" \/>\u2022 \u00c9vap\u00e9rateurs<br data-start=\"5229\" data-end=\"5232\" \/>\u2022 Autoclaves<br data-start=\"5244\" data-end=\"5247\" \/>\u2022 Chaudi\u00e8res<br data-start=\"5259\" data-end=\"5262\" \/>\u2022 Unit\u00e9s de distillation<br data-start=\"5286\" data-end=\"5289\" \/>\u2022 Unit\u00e9s de lavage<br data-start=\"5307\" data-end=\"5310\" \/>\u2022 S\u00e9parateurs huile\/gaz et huile\/eau<\/p>\n<\/div>\n<\/div>\n<\/div>\n<\/div>\n<p>&nbsp;<\/p>\n","protected":false},"featured_media":373,"template":"","meta":{"_acf_changed":false,"content-type":"","editor_notices":[]},"product_brand":[],"product_cat":[22],"product_tag":[],"class_list":{"0":"post-372","1":"product","2":"type-product","3":"status-publish","4":"has-post-thumbnail","6":"product_cat-revetements","8":"first","9":"instock","10":"taxable","11":"shipping-taxable","12":"product-type-simple"},"acf":[],"yoast_head":"<!-- This site is optimized with the Yoast SEO plugin v27.3 - https:\/\/yoast.com\/product\/yoast-seo-wordpress\/ -->\n<title>Rev\u00eatement pipeline Belzona 1391 S | Perspect BE<\/title>\n<meta name=\"description\" content=\"Belzona 1391 S est un rev\u00eatement pipeline \u00e9poxy, id\u00e9al pour prot\u00e9ger r\u00e9servoirs, \u00e9changeurs et \u00e9quipements soumis \u00e0 la corrosion en immersion continue.\" \/>\n<meta name=\"robots\" content=\"index, follow, max-snippet:-1, max-image-preview:large, max-video-preview:-1\" \/>\n<link rel=\"canonical\" href=\"https:\/\/www.belzona.be\/fr\/product\/revetements\/belzona-1391-s\/\" \/>\n<meta property=\"og:locale\" content=\"fr_FR\" \/>\n<meta property=\"og:type\" content=\"article\" \/>\n<meta property=\"og:title\" content=\"Rev\u00eatement pipeline Belzona 1391 S | Perspect BE\" \/>\n<meta property=\"og:description\" content=\"Belzona 1391 S est un rev\u00eatement pipeline \u00e9poxy, id\u00e9al pour prot\u00e9ger r\u00e9servoirs, \u00e9changeurs et \u00e9quipements soumis \u00e0 la corrosion en immersion continue.\" \/>\n<meta property=\"og:url\" content=\"https:\/\/www.belzona.be\/fr\/product\/revetements\/belzona-1391-s\/\" \/>\n<meta property=\"og:site_name\" content=\"Belzona Perspect Belgique FR\" \/>\n<meta property=\"article:modified_time\" content=\"2025-12-18T08:46:10+00:00\" \/>\n<meta property=\"og:image\" content=\"https:\/\/www.belzona.be\/fr\/wp-content\/uploads\/sites\/4\/2022\/12\/belzona-1391-s.jpg\" \/>\n\t<meta property=\"og:image:width\" content=\"688\" \/>\n\t<meta property=\"og:image:height\" content=\"688\" \/>\n\t<meta property=\"og:image:type\" content=\"image\/jpeg\" \/>\n<meta name=\"twitter:card\" content=\"summary_large_image\" \/>\n<meta name=\"twitter:label1\" content=\"Dur\u00e9e de lecture est.\" \/>\n\t<meta name=\"twitter:data1\" content=\"1 minute\" \/>\n<script type=\"application\/ld+json\" class=\"yoast-schema-graph\">{\"@context\":\"https:\\\/\\\/schema.org\",\"@graph\":[{\"@type\":\"WebPage\",\"@id\":\"https:\\\/\\\/www.belzona.be\\\/fr\\\/product\\\/revetements\\\/belzona-1391-s\\\/\",\"url\":\"https:\\\/\\\/www.belzona.be\\\/fr\\\/product\\\/revetements\\\/belzona-1391-s\\\/\",\"name\":\"Rev\u00eatement pipeline Belzona 1391 S | Perspect BE\",\"isPartOf\":{\"@id\":\"https:\\\/\\\/www.belzona.be\\\/fr\\\/#website\"},\"primaryImageOfPage\":{\"@id\":\"https:\\\/\\\/www.belzona.be\\\/fr\\\/product\\\/revetements\\\/belzona-1391-s\\\/#primaryimage\"},\"image\":{\"@id\":\"https:\\\/\\\/www.belzona.be\\\/fr\\\/product\\\/revetements\\\/belzona-1391-s\\\/#primaryimage\"},\"thumbnailUrl\":\"https:\\\/\\\/www.belzona.be\\\/fr\\\/wp-content\\\/uploads\\\/sites\\\/4\\\/2022\\\/12\\\/belzona-1391-s.jpg\",\"datePublished\":\"2022-12-20T10:34:12+00:00\",\"dateModified\":\"2025-12-18T08:46:10+00:00\",\"description\":\"Belzona 1391 S est un rev\u00eatement pipeline \u00e9poxy, id\u00e9al pour prot\u00e9ger r\u00e9servoirs, \u00e9changeurs et \u00e9quipements soumis \u00e0 la corrosion en immersion continue.\",\"breadcrumb\":{\"@id\":\"https:\\\/\\\/www.belzona.be\\\/fr\\\/product\\\/revetements\\\/belzona-1391-s\\\/#breadcrumb\"},\"inLanguage\":\"fr-BE\",\"potentialAction\":[{\"@type\":\"ReadAction\",\"target\":[\"https:\\\/\\\/www.belzona.be\\\/fr\\\/product\\\/revetements\\\/belzona-1391-s\\\/\"]}]},{\"@type\":\"ImageObject\",\"inLanguage\":\"fr-BE\",\"@id\":\"https:\\\/\\\/www.belzona.be\\\/fr\\\/product\\\/revetements\\\/belzona-1391-s\\\/#primaryimage\",\"url\":\"https:\\\/\\\/www.belzona.be\\\/fr\\\/wp-content\\\/uploads\\\/sites\\\/4\\\/2022\\\/12\\\/belzona-1391-s.jpg\",\"contentUrl\":\"https:\\\/\\\/www.belzona.be\\\/fr\\\/wp-content\\\/uploads\\\/sites\\\/4\\\/2022\\\/12\\\/belzona-1391-s.jpg\",\"width\":688,\"height\":688},{\"@type\":\"BreadcrumbList\",\"@id\":\"https:\\\/\\\/www.belzona.be\\\/fr\\\/product\\\/revetements\\\/belzona-1391-s\\\/#breadcrumb\",\"itemListElement\":[{\"@type\":\"ListItem\",\"position\":1,\"name\":\"Accueil\",\"item\":\"https:\\\/\\\/www.belzona.be\\\/fr\\\/\"},{\"@type\":\"ListItem\",\"position\":2,\"name\":\"Produits\",\"item\":\"https:\\\/\\\/www.belzona.be\\\/fr\\\/produits\\\/\"},{\"@type\":\"ListItem\",\"position\":3,\"name\":\"Belzona 1391 S Rev\u00eatement \u2013 Epoxy pour pipelines et \u00e9quipements haute temp\u00e9rature\"}]},{\"@type\":\"WebSite\",\"@id\":\"https:\\\/\\\/www.belzona.be\\\/fr\\\/#website\",\"url\":\"https:\\\/\\\/www.belzona.be\\\/fr\\\/\",\"name\":\"Belzona Perspect Belgique FR\",\"description\":\"Belzona : r\u00e9paration, protection et am\u00e9lioration des surfaces. Belzona pr\u00e9vient et r\u00e9pare l&#039;\u00e9rosion, la corrosion, l&#039;abrasion, ainsi que les d\u00e9gradations chimiques et m\u00e9caniques.\",\"potentialAction\":[{\"@type\":\"SearchAction\",\"target\":{\"@type\":\"EntryPoint\",\"urlTemplate\":\"https:\\\/\\\/www.belzona.be\\\/fr\\\/?s={search_term_string}\"},\"query-input\":{\"@type\":\"PropertyValueSpecification\",\"valueRequired\":true,\"valueName\":\"search_term_string\"}}],\"inLanguage\":\"fr-BE\"}]}<\/script>\n<!-- \/ Yoast SEO plugin. -->","yoast_head_json":{"title":"Rev\u00eatement pipeline Belzona 1391 S | Perspect BE","description":"Belzona 1391 S est un rev\u00eatement pipeline \u00e9poxy, id\u00e9al pour prot\u00e9ger r\u00e9servoirs, \u00e9changeurs et \u00e9quipements soumis \u00e0 la corrosion en immersion continue.","robots":{"index":"index","follow":"follow","max-snippet":"max-snippet:-1","max-image-preview":"max-image-preview:large","max-video-preview":"max-video-preview:-1"},"canonical":"https:\/\/www.belzona.be\/fr\/product\/revetements\/belzona-1391-s\/","og_locale":"fr_FR","og_type":"article","og_title":"Rev\u00eatement pipeline Belzona 1391 S | Perspect BE","og_description":"Belzona 1391 S est un rev\u00eatement pipeline \u00e9poxy, id\u00e9al pour prot\u00e9ger r\u00e9servoirs, \u00e9changeurs et \u00e9quipements soumis \u00e0 la corrosion en immersion continue.","og_url":"https:\/\/www.belzona.be\/fr\/product\/revetements\/belzona-1391-s\/","og_site_name":"Belzona Perspect Belgique FR","article_modified_time":"2025-12-18T08:46:10+00:00","og_image":[{"width":688,"height":688,"url":"https:\/\/www.belzona.be\/fr\/wp-content\/uploads\/sites\/4\/2022\/12\/belzona-1391-s.jpg","type":"image\/jpeg"}],"twitter_card":"summary_large_image","twitter_misc":{"Dur\u00e9e de lecture est.":"1 minute"},"schema":{"@context":"https:\/\/schema.org","@graph":[{"@type":"WebPage","@id":"https:\/\/www.belzona.be\/fr\/product\/revetements\/belzona-1391-s\/","url":"https:\/\/www.belzona.be\/fr\/product\/revetements\/belzona-1391-s\/","name":"Rev\u00eatement pipeline Belzona 1391 S | Perspect BE","isPartOf":{"@id":"https:\/\/www.belzona.be\/fr\/#website"},"primaryImageOfPage":{"@id":"https:\/\/www.belzona.be\/fr\/product\/revetements\/belzona-1391-s\/#primaryimage"},"image":{"@id":"https:\/\/www.belzona.be\/fr\/product\/revetements\/belzona-1391-s\/#primaryimage"},"thumbnailUrl":"https:\/\/www.belzona.be\/fr\/wp-content\/uploads\/sites\/4\/2022\/12\/belzona-1391-s.jpg","datePublished":"2022-12-20T10:34:12+00:00","dateModified":"2025-12-18T08:46:10+00:00","description":"Belzona 1391 S est un rev\u00eatement pipeline \u00e9poxy, id\u00e9al pour prot\u00e9ger r\u00e9servoirs, \u00e9changeurs et \u00e9quipements soumis \u00e0 la corrosion en immersion continue.","breadcrumb":{"@id":"https:\/\/www.belzona.be\/fr\/product\/revetements\/belzona-1391-s\/#breadcrumb"},"inLanguage":"fr-BE","potentialAction":[{"@type":"ReadAction","target":["https:\/\/www.belzona.be\/fr\/product\/revetements\/belzona-1391-s\/"]}]},{"@type":"ImageObject","inLanguage":"fr-BE","@id":"https:\/\/www.belzona.be\/fr\/product\/revetements\/belzona-1391-s\/#primaryimage","url":"https:\/\/www.belzona.be\/fr\/wp-content\/uploads\/sites\/4\/2022\/12\/belzona-1391-s.jpg","contentUrl":"https:\/\/www.belzona.be\/fr\/wp-content\/uploads\/sites\/4\/2022\/12\/belzona-1391-s.jpg","width":688,"height":688},{"@type":"BreadcrumbList","@id":"https:\/\/www.belzona.be\/fr\/product\/revetements\/belzona-1391-s\/#breadcrumb","itemListElement":[{"@type":"ListItem","position":1,"name":"Accueil","item":"https:\/\/www.belzona.be\/fr\/"},{"@type":"ListItem","position":2,"name":"Produits","item":"https:\/\/www.belzona.be\/fr\/produits\/"},{"@type":"ListItem","position":3,"name":"Belzona 1391 S Rev\u00eatement \u2013 Epoxy pour pipelines et \u00e9quipements haute temp\u00e9rature"}]},{"@type":"WebSite","@id":"https:\/\/www.belzona.be\/fr\/#website","url":"https:\/\/www.belzona.be\/fr\/","name":"Belzona Perspect Belgique FR","description":"Belzona : r\u00e9paration, protection et am\u00e9lioration des surfaces. Belzona pr\u00e9vient et r\u00e9pare l&#039;\u00e9rosion, la corrosion, l&#039;abrasion, ainsi que les d\u00e9gradations chimiques et m\u00e9caniques.","potentialAction":[{"@type":"SearchAction","target":{"@type":"EntryPoint","urlTemplate":"https:\/\/www.belzona.be\/fr\/?s={search_term_string}"},"query-input":{"@type":"PropertyValueSpecification","valueRequired":true,"valueName":"search_term_string"}}],"inLanguage":"fr-BE"}]}},"_links":{"self":[{"href":"https:\/\/www.belzona.be\/fr\/wp-json\/wp\/v2\/product\/372","targetHints":{"allow":["GET"]}}],"collection":[{"href":"https:\/\/www.belzona.be\/fr\/wp-json\/wp\/v2\/product"}],"about":[{"href":"https:\/\/www.belzona.be\/fr\/wp-json\/wp\/v2\/types\/product"}],"wp:featuredmedia":[{"embeddable":true,"href":"https:\/\/www.belzona.be\/fr\/wp-json\/wp\/v2\/media\/373"}],"wp:attachment":[{"href":"https:\/\/www.belzona.be\/fr\/wp-json\/wp\/v2\/media?parent=372"}],"wp:term":[{"taxonomy":"product_brand","embeddable":true,"href":"https:\/\/www.belzona.be\/fr\/wp-json\/wp\/v2\/product_brand?post=372"},{"taxonomy":"product_cat","embeddable":true,"href":"https:\/\/www.belzona.be\/fr\/wp-json\/wp\/v2\/product_cat?post=372"},{"taxonomy":"product_tag","embeddable":true,"href":"https:\/\/www.belzona.be\/fr\/wp-json\/wp\/v2\/product_tag?post=372"}],"curies":[{"name":"wp","href":"https:\/\/api.w.org\/{rel}","templated":true}]}}