{"id":370,"date":"2022-12-20T12:28:56","date_gmt":"2022-12-20T10:28:56","guid":{"rendered":"https:\/\/www.belzona.nl\/?post_type=product&#038;p=370"},"modified":"2025-12-15T09:05:33","modified_gmt":"2025-12-15T08:05:33","slug":"belzona-1391","status":"publish","type":"product","link":"https:\/\/www.belzona.be\/fr\/product\/revetements\/belzona-1391\/","title":{"rendered":"Belzona 1391 Ceramic HT \u2013 Rev\u00eatement \u00e9poxy industriel anti-corrosion"},"content":{"rendered":"","protected":false},"excerpt":{"rendered":"<div class=\"flex-shrink-0 flex flex-col relative items-end\">\n<div>\n<div class=\"pt-0\">\n<div class=\"gizmo-bot-avatar flex h-8 w-8 items-center justify-center overflow-hidden rounded-full\">\n<div class=\"relative p-1 rounded-sm flex items-center justify-center bg-token-main-surface-primary text-token-text-primary h-8 w-8\">\n<p data-start=\"4439\" data-end=\"4803\">Belzona 1391 Ceramic HT est un rev\u00eatement \u00e9poxy industriel anti-corrosion, con\u00e7u pour prot\u00e9ger les \u00e9quipements \u00e0 haute temp\u00e9rature contre l\u2019\u00e9rosion et la corrosion. Ce syst\u00e8me bicomposant est adapt\u00e9 aux conditions d\u2019immersion continue jusqu\u2019\u00e0 120\u00b0C (248\u00b0F). Il peut \u00e9galement \u00eatre utilis\u00e9 comme adh\u00e9sif structurel haute r\u00e9sistance pour les assemblages m\u00e9talliques.<\/p>\n<p data-start=\"4805\" data-end=\"5158\">Belzona 1391 pr\u00e9sente une forte adh\u00e9rence sur l\u2019acier carbone, l\u2019acier inoxydable et divers substrats m\u00e9talliques. Le rev\u00eatement sans solvant offre une r\u00e9sistance \u00e9lev\u00e9e aux liquides de traitement, aux hydrocarbures et aux produits chimiques industriels. Belzona 1391 Ceramic HT se m\u00e9lange et s\u2019applique ais\u00e9ment, y compris sur des g\u00e9om\u00e9tries complexes.<\/p>\n<p data-start=\"5160\" data-end=\"5384\">Ce rev\u00eatement \u00e9poxy anti-corrosion peut \u00eatre utilis\u00e9 pour :<br data-start=\"5219\" data-end=\"5222\" \/>\u2022 Pompes<br data-start=\"5230\" data-end=\"5233\" \/>\u2022 R\u00e9servoirs<br data-start=\"5245\" data-end=\"5248\" \/>\u2022 \u00c9vap\u00e9rateurs<br data-start=\"5262\" data-end=\"5265\" \/>\u2022 \u00c9changeurs de chaleur<br data-start=\"5288\" data-end=\"5291\" \/>\u2022 S\u00e9parateurs<br data-start=\"5304\" data-end=\"5307\" \/>\u2022 Autoclaves<br data-start=\"5319\" data-end=\"5322\" \/>\u2022 Unit\u00e9s de lavage<br data-start=\"5340\" data-end=\"5343\" \/>\u2022 Chaudi\u00e8res<br data-start=\"5355\" data-end=\"5358\" \/>\u2022 Unit\u00e9s de distillation<\/p>\n<\/div>\n<\/div>\n<\/div>\n<\/div>\n<\/div>\n","protected":false},"featured_media":371,"template":"","meta":{"_acf_changed":false,"content-type":"","editor_notices":[]},"product_brand":[],"product_cat":[22],"product_tag":[],"class_list":{"0":"post-370","1":"product","2":"type-product","3":"status-publish","4":"has-post-thumbnail","6":"product_cat-revetements","8":"first","9":"instock","10":"taxable","11":"shipping-taxable","12":"product-type-simple"},"acf":[],"yoast_head":"<!-- This site is optimized with the Yoast SEO plugin v27.3 - https:\/\/yoast.com\/product\/yoast-seo-wordpress\/ -->\n<title>Belzona 1391 Ceramic HT : rev\u00eatement \u00e9poxy | Perspect BE<\/title>\n<meta name=\"description\" content=\"Belzona 1391 Ceramic HT est un rev\u00eatement \u00e9poxy anti-corrosion haute temp\u00e9rature, id\u00e9al pour prot\u00e9ger pompes, r\u00e9servoirs et \u00e9changeurs.\" \/>\n<meta name=\"robots\" content=\"index, follow, max-snippet:-1, max-image-preview:large, max-video-preview:-1\" \/>\n<link rel=\"canonical\" href=\"https:\/\/www.belzona.be\/fr\/product\/revetements\/belzona-1391\/\" \/>\n<meta property=\"og:locale\" content=\"fr_FR\" \/>\n<meta property=\"og:type\" content=\"article\" \/>\n<meta property=\"og:title\" content=\"Belzona 1391 Ceramic HT : rev\u00eatement \u00e9poxy | Perspect BE\" \/>\n<meta property=\"og:description\" content=\"Belzona 1391 Ceramic HT est un rev\u00eatement \u00e9poxy anti-corrosion haute temp\u00e9rature, id\u00e9al pour prot\u00e9ger pompes, r\u00e9servoirs et \u00e9changeurs.\" \/>\n<meta property=\"og:url\" content=\"https:\/\/www.belzona.be\/fr\/product\/revetements\/belzona-1391\/\" \/>\n<meta property=\"og:site_name\" content=\"Belzona Perspect Belgique FR\" \/>\n<meta property=\"article:modified_time\" content=\"2025-12-15T08:05:33+00:00\" \/>\n<meta property=\"og:image\" content=\"https:\/\/www.belzona.be\/fr\/wp-content\/uploads\/sites\/4\/2022\/12\/belzona-1391-ceramic-ht.jpg\" \/>\n\t<meta property=\"og:image:width\" content=\"622\" \/>\n\t<meta property=\"og:image:height\" content=\"622\" \/>\n\t<meta property=\"og:image:type\" content=\"image\/jpeg\" \/>\n<meta name=\"twitter:card\" content=\"summary_large_image\" \/>\n<meta name=\"twitter:label1\" content=\"Dur\u00e9e de lecture est.\" \/>\n\t<meta name=\"twitter:data1\" content=\"1 minute\" \/>\n<script type=\"application\/ld+json\" class=\"yoast-schema-graph\">{\"@context\":\"https:\\\/\\\/schema.org\",\"@graph\":[{\"@type\":\"WebPage\",\"@id\":\"https:\\\/\\\/www.belzona.be\\\/fr\\\/product\\\/revetements\\\/belzona-1391\\\/\",\"url\":\"https:\\\/\\\/www.belzona.be\\\/fr\\\/product\\\/revetements\\\/belzona-1391\\\/\",\"name\":\"Belzona 1391 Ceramic HT : rev\u00eatement \u00e9poxy | Perspect BE\",\"isPartOf\":{\"@id\":\"https:\\\/\\\/www.belzona.be\\\/fr\\\/#website\"},\"primaryImageOfPage\":{\"@id\":\"https:\\\/\\\/www.belzona.be\\\/fr\\\/product\\\/revetements\\\/belzona-1391\\\/#primaryimage\"},\"image\":{\"@id\":\"https:\\\/\\\/www.belzona.be\\\/fr\\\/product\\\/revetements\\\/belzona-1391\\\/#primaryimage\"},\"thumbnailUrl\":\"https:\\\/\\\/www.belzona.be\\\/fr\\\/wp-content\\\/uploads\\\/sites\\\/4\\\/2022\\\/12\\\/belzona-1391-ceramic-ht.jpg\",\"datePublished\":\"2022-12-20T10:28:56+00:00\",\"dateModified\":\"2025-12-15T08:05:33+00:00\",\"description\":\"Belzona 1391 Ceramic HT est un rev\u00eatement \u00e9poxy anti-corrosion haute temp\u00e9rature, id\u00e9al pour prot\u00e9ger pompes, r\u00e9servoirs et \u00e9changeurs.\",\"breadcrumb\":{\"@id\":\"https:\\\/\\\/www.belzona.be\\\/fr\\\/product\\\/revetements\\\/belzona-1391\\\/#breadcrumb\"},\"inLanguage\":\"fr-BE\",\"potentialAction\":[{\"@type\":\"ReadAction\",\"target\":[\"https:\\\/\\\/www.belzona.be\\\/fr\\\/product\\\/revetements\\\/belzona-1391\\\/\"]}]},{\"@type\":\"ImageObject\",\"inLanguage\":\"fr-BE\",\"@id\":\"https:\\\/\\\/www.belzona.be\\\/fr\\\/product\\\/revetements\\\/belzona-1391\\\/#primaryimage\",\"url\":\"https:\\\/\\\/www.belzona.be\\\/fr\\\/wp-content\\\/uploads\\\/sites\\\/4\\\/2022\\\/12\\\/belzona-1391-ceramic-ht.jpg\",\"contentUrl\":\"https:\\\/\\\/www.belzona.be\\\/fr\\\/wp-content\\\/uploads\\\/sites\\\/4\\\/2022\\\/12\\\/belzona-1391-ceramic-ht.jpg\",\"width\":622,\"height\":622},{\"@type\":\"BreadcrumbList\",\"@id\":\"https:\\\/\\\/www.belzona.be\\\/fr\\\/product\\\/revetements\\\/belzona-1391\\\/#breadcrumb\",\"itemListElement\":[{\"@type\":\"ListItem\",\"position\":1,\"name\":\"Accueil\",\"item\":\"https:\\\/\\\/www.belzona.be\\\/fr\\\/\"},{\"@type\":\"ListItem\",\"position\":2,\"name\":\"Produits\",\"item\":\"https:\\\/\\\/www.belzona.be\\\/fr\\\/produits\\\/\"},{\"@type\":\"ListItem\",\"position\":3,\"name\":\"Belzona 1391 Ceramic HT \u2013 Rev\u00eatement \u00e9poxy industriel anti-corrosion\"}]},{\"@type\":\"WebSite\",\"@id\":\"https:\\\/\\\/www.belzona.be\\\/fr\\\/#website\",\"url\":\"https:\\\/\\\/www.belzona.be\\\/fr\\\/\",\"name\":\"Belzona Perspect Belgique FR\",\"description\":\"Belzona : r\u00e9paration, protection et am\u00e9lioration des surfaces. Belzona pr\u00e9vient et r\u00e9pare l&#039;\u00e9rosion, la corrosion, l&#039;abrasion, ainsi que les d\u00e9gradations chimiques et m\u00e9caniques.\",\"potentialAction\":[{\"@type\":\"SearchAction\",\"target\":{\"@type\":\"EntryPoint\",\"urlTemplate\":\"https:\\\/\\\/www.belzona.be\\\/fr\\\/?s={search_term_string}\"},\"query-input\":{\"@type\":\"PropertyValueSpecification\",\"valueRequired\":true,\"valueName\":\"search_term_string\"}}],\"inLanguage\":\"fr-BE\"}]}<\/script>\n<!-- \/ Yoast SEO plugin. -->","yoast_head_json":{"title":"Belzona 1391 Ceramic HT : rev\u00eatement \u00e9poxy | Perspect BE","description":"Belzona 1391 Ceramic HT est un rev\u00eatement \u00e9poxy anti-corrosion haute temp\u00e9rature, id\u00e9al pour prot\u00e9ger pompes, r\u00e9servoirs et \u00e9changeurs.","robots":{"index":"index","follow":"follow","max-snippet":"max-snippet:-1","max-image-preview":"max-image-preview:large","max-video-preview":"max-video-preview:-1"},"canonical":"https:\/\/www.belzona.be\/fr\/product\/revetements\/belzona-1391\/","og_locale":"fr_FR","og_type":"article","og_title":"Belzona 1391 Ceramic HT : rev\u00eatement \u00e9poxy | Perspect BE","og_description":"Belzona 1391 Ceramic HT est un rev\u00eatement \u00e9poxy anti-corrosion haute temp\u00e9rature, id\u00e9al pour prot\u00e9ger pompes, r\u00e9servoirs et \u00e9changeurs.","og_url":"https:\/\/www.belzona.be\/fr\/product\/revetements\/belzona-1391\/","og_site_name":"Belzona Perspect Belgique FR","article_modified_time":"2025-12-15T08:05:33+00:00","og_image":[{"width":622,"height":622,"url":"https:\/\/www.belzona.be\/fr\/wp-content\/uploads\/sites\/4\/2022\/12\/belzona-1391-ceramic-ht.jpg","type":"image\/jpeg"}],"twitter_card":"summary_large_image","twitter_misc":{"Dur\u00e9e de lecture est.":"1 minute"},"schema":{"@context":"https:\/\/schema.org","@graph":[{"@type":"WebPage","@id":"https:\/\/www.belzona.be\/fr\/product\/revetements\/belzona-1391\/","url":"https:\/\/www.belzona.be\/fr\/product\/revetements\/belzona-1391\/","name":"Belzona 1391 Ceramic HT : rev\u00eatement \u00e9poxy | Perspect BE","isPartOf":{"@id":"https:\/\/www.belzona.be\/fr\/#website"},"primaryImageOfPage":{"@id":"https:\/\/www.belzona.be\/fr\/product\/revetements\/belzona-1391\/#primaryimage"},"image":{"@id":"https:\/\/www.belzona.be\/fr\/product\/revetements\/belzona-1391\/#primaryimage"},"thumbnailUrl":"https:\/\/www.belzona.be\/fr\/wp-content\/uploads\/sites\/4\/2022\/12\/belzona-1391-ceramic-ht.jpg","datePublished":"2022-12-20T10:28:56+00:00","dateModified":"2025-12-15T08:05:33+00:00","description":"Belzona 1391 Ceramic HT est un rev\u00eatement \u00e9poxy anti-corrosion haute temp\u00e9rature, id\u00e9al pour prot\u00e9ger pompes, r\u00e9servoirs et \u00e9changeurs.","breadcrumb":{"@id":"https:\/\/www.belzona.be\/fr\/product\/revetements\/belzona-1391\/#breadcrumb"},"inLanguage":"fr-BE","potentialAction":[{"@type":"ReadAction","target":["https:\/\/www.belzona.be\/fr\/product\/revetements\/belzona-1391\/"]}]},{"@type":"ImageObject","inLanguage":"fr-BE","@id":"https:\/\/www.belzona.be\/fr\/product\/revetements\/belzona-1391\/#primaryimage","url":"https:\/\/www.belzona.be\/fr\/wp-content\/uploads\/sites\/4\/2022\/12\/belzona-1391-ceramic-ht.jpg","contentUrl":"https:\/\/www.belzona.be\/fr\/wp-content\/uploads\/sites\/4\/2022\/12\/belzona-1391-ceramic-ht.jpg","width":622,"height":622},{"@type":"BreadcrumbList","@id":"https:\/\/www.belzona.be\/fr\/product\/revetements\/belzona-1391\/#breadcrumb","itemListElement":[{"@type":"ListItem","position":1,"name":"Accueil","item":"https:\/\/www.belzona.be\/fr\/"},{"@type":"ListItem","position":2,"name":"Produits","item":"https:\/\/www.belzona.be\/fr\/produits\/"},{"@type":"ListItem","position":3,"name":"Belzona 1391 Ceramic HT \u2013 Rev\u00eatement \u00e9poxy industriel anti-corrosion"}]},{"@type":"WebSite","@id":"https:\/\/www.belzona.be\/fr\/#website","url":"https:\/\/www.belzona.be\/fr\/","name":"Belzona Perspect Belgique FR","description":"Belzona : r\u00e9paration, protection et am\u00e9lioration des surfaces. Belzona pr\u00e9vient et r\u00e9pare l&#039;\u00e9rosion, la corrosion, l&#039;abrasion, ainsi que les d\u00e9gradations chimiques et m\u00e9caniques.","potentialAction":[{"@type":"SearchAction","target":{"@type":"EntryPoint","urlTemplate":"https:\/\/www.belzona.be\/fr\/?s={search_term_string}"},"query-input":{"@type":"PropertyValueSpecification","valueRequired":true,"valueName":"search_term_string"}}],"inLanguage":"fr-BE"}]}},"_links":{"self":[{"href":"https:\/\/www.belzona.be\/fr\/wp-json\/wp\/v2\/product\/370","targetHints":{"allow":["GET"]}}],"collection":[{"href":"https:\/\/www.belzona.be\/fr\/wp-json\/wp\/v2\/product"}],"about":[{"href":"https:\/\/www.belzona.be\/fr\/wp-json\/wp\/v2\/types\/product"}],"wp:featuredmedia":[{"embeddable":true,"href":"https:\/\/www.belzona.be\/fr\/wp-json\/wp\/v2\/media\/371"}],"wp:attachment":[{"href":"https:\/\/www.belzona.be\/fr\/wp-json\/wp\/v2\/media?parent=370"}],"wp:term":[{"taxonomy":"product_brand","embeddable":true,"href":"https:\/\/www.belzona.be\/fr\/wp-json\/wp\/v2\/product_brand?post=370"},{"taxonomy":"product_cat","embeddable":true,"href":"https:\/\/www.belzona.be\/fr\/wp-json\/wp\/v2\/product_cat?post=370"},{"taxonomy":"product_tag","embeddable":true,"href":"https:\/\/www.belzona.be\/fr\/wp-json\/wp\/v2\/product_tag?post=370"}],"curies":[{"name":"wp","href":"https:\/\/api.w.org\/{rel}","templated":true}]}}