{"id":368,"date":"2022-12-20T12:21:40","date_gmt":"2022-12-20T10:21:40","guid":{"rendered":"https:\/\/www.belzona.nl\/?post_type=product&#038;p=368"},"modified":"2025-12-18T09:43:25","modified_gmt":"2025-12-18T08:43:25","slug":"belzona-1381","status":"publish","type":"product","link":"https:\/\/www.belzona.be\/fr\/product\/revetements\/belzona-1381\/","title":{"rendered":"Belzona 1381 \u2013 Rev\u00eatement \u00e9poxy r\u00e9sistant \u00e0 la chaleur"},"content":{"rendered":"","protected":false},"excerpt":{"rendered":"<p>Belzona 1381 est un rev\u00eatement \u00e9poxy haute performance con\u00e7u pour prot\u00e9ger les \u00e9quipements soumis \u00e0 des temp\u00e9ratures \u00e9lev\u00e9es contre l\u2019\u00e9rosion et la corrosion. Ce rev\u00eatement s\u2019applique au pinceau ou par pulv\u00e9risation et est con\u00e7u pour des conditions d\u2019immersion continue jusqu\u2019\u00e0 95\u00b0C (203\u00b0F). Belzona 1381 offre une excellente r\u00e9sistance chimique et assure une excellente adh\u00e9rence sur la majorit\u00e9 des substrats m\u00e9talliques.<\/p>\n<p>Belzona 1381 peut \u00eatre appliqu\u00e9 en une ou deux couches avec un d\u00e9lai de recouvrement de 24 heures. Son application rapide sur grandes surfaces permet de r\u00e9duire significativement les temps d\u2019arr\u00eat. Le rev\u00eatement peut \u00eatre appliqu\u00e9 en une seule couche \u00e9paisse (jusqu\u2019\u00e0 1250 \u00b5m) sans risque d\u2019affaissement. Il pr\u00e9sente une excellente r\u00e9sistance au d\u00e9collement cathodique.<\/p>\n<p>Belzona 1381 peut \u00eatre utilis\u00e9 pour :<\/p>\n<ul>\n<li>Rev\u00eatement \u00e9poxy pour la protection contre l\u2019\u00e9rosion et la corrosion des cuves de processus, \u00e9quipements de s\u00e9paration, pompes, \u00e9changeurs de chaleur et condensateurs en immersion.<\/li>\n<li>Rev\u00eatement \u00e9poxy destin\u00e9 aux tuyaux et conduits pour prot\u00e9ger les soudures de jonction et les joints enterr\u00e9s.<\/li>\n<li>Protection durable contre la corrosion des unit\u00e9s de lavage gr\u00e2ce \u00e0 ce rev\u00eatement \u00e9poxy haute performance.<\/li>\n<\/ul>\n<p>&nbsp;<\/p>\n","protected":false},"featured_media":369,"template":"","meta":{"_acf_changed":false,"content-type":"","editor_notices":[]},"product_brand":[],"product_cat":[22],"product_tag":[],"class_list":{"0":"post-368","1":"product","2":"type-product","3":"status-publish","4":"has-post-thumbnail","6":"product_cat-revetements","8":"first","9":"instock","10":"taxable","11":"shipping-taxable","12":"product-type-simple"},"acf":[],"yoast_head":"<!-- This site is optimized with the Yoast SEO plugin v27.3 - https:\/\/yoast.com\/product\/yoast-seo-wordpress\/ -->\n<title>Belzona 1381 : rev\u00eatement \u00e9poxy haute temp\u00e9rature | Perspect BE<\/title>\n<meta name=\"description\" content=\"Belzona 1381 est un rev\u00eatement \u00e9poxy con\u00e7u pour r\u00e9sister \u00e0 l\u2019immersion jusqu\u2019\u00e0 95\u00b0C et prot\u00e9ger vos \u00e9quipements contre l\u2019\u00e9rosion et les agents chimiques.\" \/>\n<meta name=\"robots\" content=\"index, follow, max-snippet:-1, max-image-preview:large, max-video-preview:-1\" \/>\n<link rel=\"canonical\" href=\"https:\/\/www.belzona.be\/fr\/product\/revetements\/belzona-1381\/\" \/>\n<meta property=\"og:locale\" content=\"fr_FR\" \/>\n<meta property=\"og:type\" content=\"article\" \/>\n<meta property=\"og:title\" content=\"Belzona 1381 : rev\u00eatement \u00e9poxy haute temp\u00e9rature | Perspect BE\" \/>\n<meta property=\"og:description\" content=\"Belzona 1381 est un rev\u00eatement \u00e9poxy con\u00e7u pour r\u00e9sister \u00e0 l\u2019immersion jusqu\u2019\u00e0 95\u00b0C et prot\u00e9ger vos \u00e9quipements contre l\u2019\u00e9rosion et les agents chimiques.\" \/>\n<meta property=\"og:url\" content=\"https:\/\/www.belzona.be\/fr\/product\/revetements\/belzona-1381\/\" \/>\n<meta property=\"og:site_name\" content=\"Belzona Perspect Belgique FR\" \/>\n<meta property=\"article:modified_time\" content=\"2025-12-18T08:43:25+00:00\" \/>\n<meta property=\"og:image\" content=\"https:\/\/www.belzona.be\/fr\/wp-content\/uploads\/sites\/4\/2022\/12\/belzona-1381.jpg\" \/>\n\t<meta property=\"og:image:width\" content=\"716\" \/>\n\t<meta property=\"og:image:height\" content=\"716\" \/>\n\t<meta property=\"og:image:type\" content=\"image\/jpeg\" \/>\n<meta name=\"twitter:card\" content=\"summary_large_image\" \/>\n<meta name=\"twitter:label1\" content=\"Dur\u00e9e de lecture est.\" \/>\n\t<meta name=\"twitter:data1\" content=\"1 minute\" \/>\n<script type=\"application\/ld+json\" class=\"yoast-schema-graph\">{\"@context\":\"https:\\\/\\\/schema.org\",\"@graph\":[{\"@type\":\"WebPage\",\"@id\":\"https:\\\/\\\/www.belzona.be\\\/fr\\\/product\\\/revetements\\\/belzona-1381\\\/\",\"url\":\"https:\\\/\\\/www.belzona.be\\\/fr\\\/product\\\/revetements\\\/belzona-1381\\\/\",\"name\":\"Belzona 1381 : rev\u00eatement \u00e9poxy haute temp\u00e9rature | Perspect BE\",\"isPartOf\":{\"@id\":\"https:\\\/\\\/www.belzona.be\\\/fr\\\/#website\"},\"primaryImageOfPage\":{\"@id\":\"https:\\\/\\\/www.belzona.be\\\/fr\\\/product\\\/revetements\\\/belzona-1381\\\/#primaryimage\"},\"image\":{\"@id\":\"https:\\\/\\\/www.belzona.be\\\/fr\\\/product\\\/revetements\\\/belzona-1381\\\/#primaryimage\"},\"thumbnailUrl\":\"https:\\\/\\\/www.belzona.be\\\/fr\\\/wp-content\\\/uploads\\\/sites\\\/4\\\/2022\\\/12\\\/belzona-1381.jpg\",\"datePublished\":\"2022-12-20T10:21:40+00:00\",\"dateModified\":\"2025-12-18T08:43:25+00:00\",\"description\":\"Belzona 1381 est un rev\u00eatement \u00e9poxy con\u00e7u pour r\u00e9sister \u00e0 l\u2019immersion jusqu\u2019\u00e0 95\u00b0C et prot\u00e9ger vos \u00e9quipements contre l\u2019\u00e9rosion et les agents chimiques.\",\"breadcrumb\":{\"@id\":\"https:\\\/\\\/www.belzona.be\\\/fr\\\/product\\\/revetements\\\/belzona-1381\\\/#breadcrumb\"},\"inLanguage\":\"fr-BE\",\"potentialAction\":[{\"@type\":\"ReadAction\",\"target\":[\"https:\\\/\\\/www.belzona.be\\\/fr\\\/product\\\/revetements\\\/belzona-1381\\\/\"]}]},{\"@type\":\"ImageObject\",\"inLanguage\":\"fr-BE\",\"@id\":\"https:\\\/\\\/www.belzona.be\\\/fr\\\/product\\\/revetements\\\/belzona-1381\\\/#primaryimage\",\"url\":\"https:\\\/\\\/www.belzona.be\\\/fr\\\/wp-content\\\/uploads\\\/sites\\\/4\\\/2022\\\/12\\\/belzona-1381.jpg\",\"contentUrl\":\"https:\\\/\\\/www.belzona.be\\\/fr\\\/wp-content\\\/uploads\\\/sites\\\/4\\\/2022\\\/12\\\/belzona-1381.jpg\",\"width\":716,\"height\":716},{\"@type\":\"BreadcrumbList\",\"@id\":\"https:\\\/\\\/www.belzona.be\\\/fr\\\/product\\\/revetements\\\/belzona-1381\\\/#breadcrumb\",\"itemListElement\":[{\"@type\":\"ListItem\",\"position\":1,\"name\":\"Accueil\",\"item\":\"https:\\\/\\\/www.belzona.be\\\/fr\\\/\"},{\"@type\":\"ListItem\",\"position\":2,\"name\":\"Produits\",\"item\":\"https:\\\/\\\/www.belzona.be\\\/fr\\\/produits\\\/\"},{\"@type\":\"ListItem\",\"position\":3,\"name\":\"Belzona 1381 \u2013 Rev\u00eatement \u00e9poxy r\u00e9sistant \u00e0 la chaleur\"}]},{\"@type\":\"WebSite\",\"@id\":\"https:\\\/\\\/www.belzona.be\\\/fr\\\/#website\",\"url\":\"https:\\\/\\\/www.belzona.be\\\/fr\\\/\",\"name\":\"Belzona Perspect Belgique FR\",\"description\":\"Belzona : r\u00e9paration, protection et am\u00e9lioration des surfaces. Belzona pr\u00e9vient et r\u00e9pare l&#039;\u00e9rosion, la corrosion, l&#039;abrasion, ainsi que les d\u00e9gradations chimiques et m\u00e9caniques.\",\"potentialAction\":[{\"@type\":\"SearchAction\",\"target\":{\"@type\":\"EntryPoint\",\"urlTemplate\":\"https:\\\/\\\/www.belzona.be\\\/fr\\\/?s={search_term_string}\"},\"query-input\":{\"@type\":\"PropertyValueSpecification\",\"valueRequired\":true,\"valueName\":\"search_term_string\"}}],\"inLanguage\":\"fr-BE\"}]}<\/script>\n<!-- \/ Yoast SEO plugin. -->","yoast_head_json":{"title":"Belzona 1381 : rev\u00eatement \u00e9poxy haute temp\u00e9rature | Perspect BE","description":"Belzona 1381 est un rev\u00eatement \u00e9poxy con\u00e7u pour r\u00e9sister \u00e0 l\u2019immersion jusqu\u2019\u00e0 95\u00b0C et prot\u00e9ger vos \u00e9quipements contre l\u2019\u00e9rosion et les agents chimiques.","robots":{"index":"index","follow":"follow","max-snippet":"max-snippet:-1","max-image-preview":"max-image-preview:large","max-video-preview":"max-video-preview:-1"},"canonical":"https:\/\/www.belzona.be\/fr\/product\/revetements\/belzona-1381\/","og_locale":"fr_FR","og_type":"article","og_title":"Belzona 1381 : rev\u00eatement \u00e9poxy haute temp\u00e9rature | Perspect BE","og_description":"Belzona 1381 est un rev\u00eatement \u00e9poxy con\u00e7u pour r\u00e9sister \u00e0 l\u2019immersion jusqu\u2019\u00e0 95\u00b0C et prot\u00e9ger vos \u00e9quipements contre l\u2019\u00e9rosion et les agents chimiques.","og_url":"https:\/\/www.belzona.be\/fr\/product\/revetements\/belzona-1381\/","og_site_name":"Belzona Perspect Belgique FR","article_modified_time":"2025-12-18T08:43:25+00:00","og_image":[{"width":716,"height":716,"url":"https:\/\/www.belzona.be\/fr\/wp-content\/uploads\/sites\/4\/2022\/12\/belzona-1381.jpg","type":"image\/jpeg"}],"twitter_card":"summary_large_image","twitter_misc":{"Dur\u00e9e de lecture est.":"1 minute"},"schema":{"@context":"https:\/\/schema.org","@graph":[{"@type":"WebPage","@id":"https:\/\/www.belzona.be\/fr\/product\/revetements\/belzona-1381\/","url":"https:\/\/www.belzona.be\/fr\/product\/revetements\/belzona-1381\/","name":"Belzona 1381 : rev\u00eatement \u00e9poxy haute temp\u00e9rature | Perspect BE","isPartOf":{"@id":"https:\/\/www.belzona.be\/fr\/#website"},"primaryImageOfPage":{"@id":"https:\/\/www.belzona.be\/fr\/product\/revetements\/belzona-1381\/#primaryimage"},"image":{"@id":"https:\/\/www.belzona.be\/fr\/product\/revetements\/belzona-1381\/#primaryimage"},"thumbnailUrl":"https:\/\/www.belzona.be\/fr\/wp-content\/uploads\/sites\/4\/2022\/12\/belzona-1381.jpg","datePublished":"2022-12-20T10:21:40+00:00","dateModified":"2025-12-18T08:43:25+00:00","description":"Belzona 1381 est un rev\u00eatement \u00e9poxy con\u00e7u pour r\u00e9sister \u00e0 l\u2019immersion jusqu\u2019\u00e0 95\u00b0C et prot\u00e9ger vos \u00e9quipements contre l\u2019\u00e9rosion et les agents chimiques.","breadcrumb":{"@id":"https:\/\/www.belzona.be\/fr\/product\/revetements\/belzona-1381\/#breadcrumb"},"inLanguage":"fr-BE","potentialAction":[{"@type":"ReadAction","target":["https:\/\/www.belzona.be\/fr\/product\/revetements\/belzona-1381\/"]}]},{"@type":"ImageObject","inLanguage":"fr-BE","@id":"https:\/\/www.belzona.be\/fr\/product\/revetements\/belzona-1381\/#primaryimage","url":"https:\/\/www.belzona.be\/fr\/wp-content\/uploads\/sites\/4\/2022\/12\/belzona-1381.jpg","contentUrl":"https:\/\/www.belzona.be\/fr\/wp-content\/uploads\/sites\/4\/2022\/12\/belzona-1381.jpg","width":716,"height":716},{"@type":"BreadcrumbList","@id":"https:\/\/www.belzona.be\/fr\/product\/revetements\/belzona-1381\/#breadcrumb","itemListElement":[{"@type":"ListItem","position":1,"name":"Accueil","item":"https:\/\/www.belzona.be\/fr\/"},{"@type":"ListItem","position":2,"name":"Produits","item":"https:\/\/www.belzona.be\/fr\/produits\/"},{"@type":"ListItem","position":3,"name":"Belzona 1381 \u2013 Rev\u00eatement \u00e9poxy r\u00e9sistant \u00e0 la chaleur"}]},{"@type":"WebSite","@id":"https:\/\/www.belzona.be\/fr\/#website","url":"https:\/\/www.belzona.be\/fr\/","name":"Belzona Perspect Belgique FR","description":"Belzona : r\u00e9paration, protection et am\u00e9lioration des surfaces. Belzona pr\u00e9vient et r\u00e9pare l&#039;\u00e9rosion, la corrosion, l&#039;abrasion, ainsi que les d\u00e9gradations chimiques et m\u00e9caniques.","potentialAction":[{"@type":"SearchAction","target":{"@type":"EntryPoint","urlTemplate":"https:\/\/www.belzona.be\/fr\/?s={search_term_string}"},"query-input":{"@type":"PropertyValueSpecification","valueRequired":true,"valueName":"search_term_string"}}],"inLanguage":"fr-BE"}]}},"_links":{"self":[{"href":"https:\/\/www.belzona.be\/fr\/wp-json\/wp\/v2\/product\/368","targetHints":{"allow":["GET"]}}],"collection":[{"href":"https:\/\/www.belzona.be\/fr\/wp-json\/wp\/v2\/product"}],"about":[{"href":"https:\/\/www.belzona.be\/fr\/wp-json\/wp\/v2\/types\/product"}],"wp:featuredmedia":[{"embeddable":true,"href":"https:\/\/www.belzona.be\/fr\/wp-json\/wp\/v2\/media\/369"}],"wp:attachment":[{"href":"https:\/\/www.belzona.be\/fr\/wp-json\/wp\/v2\/media?parent=368"}],"wp:term":[{"taxonomy":"product_brand","embeddable":true,"href":"https:\/\/www.belzona.be\/fr\/wp-json\/wp\/v2\/product_brand?post=368"},{"taxonomy":"product_cat","embeddable":true,"href":"https:\/\/www.belzona.be\/fr\/wp-json\/wp\/v2\/product_cat?post=368"},{"taxonomy":"product_tag","embeddable":true,"href":"https:\/\/www.belzona.be\/fr\/wp-json\/wp\/v2\/product_tag?post=368"}],"curies":[{"name":"wp","href":"https:\/\/api.w.org\/{rel}","templated":true}]}}