{"id":364,"date":"2022-12-20T12:15:47","date_gmt":"2022-12-20T10:15:47","guid":{"rendered":"https:\/\/www.belzona.nl\/?post_type=product&#038;p=364"},"modified":"2025-12-15T08:59:09","modified_gmt":"2025-12-15T07:59:09","slug":"belzona-1341-supermetalglide","status":"publish","type":"product","link":"https:\/\/www.belzona.be\/fr\/product\/revetements\/belzona-1341-supermetalglide\/","title":{"rendered":"Belzona 1341 Supermetalglide"},"content":{"rendered":"","protected":false},"excerpt":{"rendered":"<p>Belzona 1341 Supermetalglide est un rev\u00eatement anti-friction con\u00e7u pour am\u00e9liorer l\u2019efficacit\u00e9 d\u2019\u00e9quipements tels que les pompes, tuyauteries et vannes, tout en offrant une protection contre les effets de l&rsquo;\u00e9rosion et de la corrosion. La consommation \u00e9nerg\u00e9tique et les co\u00fbts de maintenance sont significativement r\u00e9duits. Belzona 1341 Supermetalglide\u00a0permet d\u2019augmenter l\u2019efficacit\u00e9 jusqu\u2019\u00e0 7 % sur les pompes neuves et jusqu\u2019\u00e0 20 % sur les \u00e9quipements r\u00e9nov\u00e9s.<\/p>\n<p>Protection durable<br \/>\nBelzona 1341 Supermetalglide offre une protection durable contre l&rsquo;\u00e9rosion et la corrosion. Il pr\u00e9sente une r\u00e9sistance chimique \u00e9lev\u00e9e, adapt\u00e9e aux environnements de service exigeants. Belzona 1341 est certifi\u00e9 pour un contact avec l\u2019eau potable. Belzona 1341 Supermetalglide assure une forte adh\u00e9rence sur les m\u00e9taux, alliages sp\u00e9ciaux et divers substrats non m\u00e9talliques.<\/p>\n<p>Belzona 1341 Supermetalglide peut \u00eatre utilis\u00e9 pour :<\/p>\n<ul>\n<li>Pompes<\/li>\n<li>\u00c9changeurs de chaleur<\/li>\n<li>Collecteurs d&rsquo;eau<\/li>\n<li>Vannes<\/li>\n<li>R\u00e9servoirs d&rsquo;eau<\/li>\n<li>Tuyaux<\/li>\n<\/ul>\n<p>&nbsp;<\/p>\n","protected":false},"featured_media":366,"template":"","meta":{"_acf_changed":false,"content-type":"","editor_notices":[]},"product_brand":[],"product_cat":[22],"product_tag":[],"class_list":{"0":"post-364","1":"product","2":"type-product","3":"status-publish","4":"has-post-thumbnail","6":"product_cat-revetements","8":"first","9":"instock","10":"taxable","11":"shipping-taxable","12":"product-type-simple"},"acf":[],"yoast_head":"<!-- This site is optimized with the Yoast SEO plugin v27.3 - https:\/\/yoast.com\/product\/yoast-seo-wordpress\/ -->\n<title>Rev\u00eatement anti-friction Belzona 1341 | Perspect BE<\/title>\n<meta name=\"description\" content=\"D\u00e9couvrez Belzona 1341, un rev\u00eatement anti-friction performant pour r\u00e9duire les pertes d\u2019\u00e9nergie et optimiser l\u2019efficacit\u00e9 des \u00e9quipements.\" \/>\n<meta name=\"robots\" content=\"index, follow, max-snippet:-1, max-image-preview:large, max-video-preview:-1\" \/>\n<link rel=\"canonical\" href=\"https:\/\/www.belzona.be\/fr\/product\/revetements\/belzona-1341-supermetalglide\/\" \/>\n<meta property=\"og:locale\" content=\"fr_FR\" \/>\n<meta property=\"og:type\" content=\"article\" \/>\n<meta property=\"og:title\" content=\"Rev\u00eatement anti-friction Belzona 1341 | Perspect BE\" \/>\n<meta property=\"og:description\" content=\"D\u00e9couvrez Belzona 1341, un rev\u00eatement anti-friction performant pour r\u00e9duire les pertes d\u2019\u00e9nergie et optimiser l\u2019efficacit\u00e9 des \u00e9quipements.\" \/>\n<meta property=\"og:url\" content=\"https:\/\/www.belzona.be\/fr\/product\/revetements\/belzona-1341-supermetalglide\/\" \/>\n<meta property=\"og:site_name\" content=\"Belzona Perspect Belgique FR\" \/>\n<meta property=\"article:modified_time\" content=\"2025-12-15T07:59:09+00:00\" \/>\n<meta property=\"og:image\" content=\"https:\/\/www.belzona.be\/fr\/wp-content\/uploads\/sites\/4\/2022\/12\/belzona-1341-supermetalglide.jpg\" \/>\n\t<meta property=\"og:image:width\" content=\"723\" \/>\n\t<meta property=\"og:image:height\" content=\"723\" \/>\n\t<meta property=\"og:image:type\" content=\"image\/jpeg\" \/>\n<meta name=\"twitter:card\" content=\"summary_large_image\" \/>\n<meta name=\"twitter:label1\" content=\"Dur\u00e9e de lecture est.\" \/>\n\t<meta name=\"twitter:data1\" content=\"1 minute\" \/>\n<script type=\"application\/ld+json\" class=\"yoast-schema-graph\">{\"@context\":\"https:\\\/\\\/schema.org\",\"@graph\":[{\"@type\":\"WebPage\",\"@id\":\"https:\\\/\\\/www.belzona.be\\\/fr\\\/product\\\/revetements\\\/belzona-1341-supermetalglide\\\/\",\"url\":\"https:\\\/\\\/www.belzona.be\\\/fr\\\/product\\\/revetements\\\/belzona-1341-supermetalglide\\\/\",\"name\":\"Rev\u00eatement anti-friction Belzona 1341 | Perspect BE\",\"isPartOf\":{\"@id\":\"https:\\\/\\\/www.belzona.be\\\/fr\\\/#website\"},\"primaryImageOfPage\":{\"@id\":\"https:\\\/\\\/www.belzona.be\\\/fr\\\/product\\\/revetements\\\/belzona-1341-supermetalglide\\\/#primaryimage\"},\"image\":{\"@id\":\"https:\\\/\\\/www.belzona.be\\\/fr\\\/product\\\/revetements\\\/belzona-1341-supermetalglide\\\/#primaryimage\"},\"thumbnailUrl\":\"https:\\\/\\\/www.belzona.be\\\/fr\\\/wp-content\\\/uploads\\\/sites\\\/4\\\/2022\\\/12\\\/belzona-1341-supermetalglide.jpg\",\"datePublished\":\"2022-12-20T10:15:47+00:00\",\"dateModified\":\"2025-12-15T07:59:09+00:00\",\"description\":\"D\u00e9couvrez Belzona 1341, un rev\u00eatement anti-friction performant pour r\u00e9duire les pertes d\u2019\u00e9nergie et optimiser l\u2019efficacit\u00e9 des \u00e9quipements.\",\"breadcrumb\":{\"@id\":\"https:\\\/\\\/www.belzona.be\\\/fr\\\/product\\\/revetements\\\/belzona-1341-supermetalglide\\\/#breadcrumb\"},\"inLanguage\":\"fr-BE\",\"potentialAction\":[{\"@type\":\"ReadAction\",\"target\":[\"https:\\\/\\\/www.belzona.be\\\/fr\\\/product\\\/revetements\\\/belzona-1341-supermetalglide\\\/\"]}]},{\"@type\":\"ImageObject\",\"inLanguage\":\"fr-BE\",\"@id\":\"https:\\\/\\\/www.belzona.be\\\/fr\\\/product\\\/revetements\\\/belzona-1341-supermetalglide\\\/#primaryimage\",\"url\":\"https:\\\/\\\/www.belzona.be\\\/fr\\\/wp-content\\\/uploads\\\/sites\\\/4\\\/2022\\\/12\\\/belzona-1341-supermetalglide.jpg\",\"contentUrl\":\"https:\\\/\\\/www.belzona.be\\\/fr\\\/wp-content\\\/uploads\\\/sites\\\/4\\\/2022\\\/12\\\/belzona-1341-supermetalglide.jpg\",\"width\":723,\"height\":723},{\"@type\":\"BreadcrumbList\",\"@id\":\"https:\\\/\\\/www.belzona.be\\\/fr\\\/product\\\/revetements\\\/belzona-1341-supermetalglide\\\/#breadcrumb\",\"itemListElement\":[{\"@type\":\"ListItem\",\"position\":1,\"name\":\"Accueil\",\"item\":\"https:\\\/\\\/www.belzona.be\\\/fr\\\/\"},{\"@type\":\"ListItem\",\"position\":2,\"name\":\"Produits\",\"item\":\"https:\\\/\\\/www.belzona.be\\\/fr\\\/produits\\\/\"},{\"@type\":\"ListItem\",\"position\":3,\"name\":\"Belzona 1341 Supermetalglide\"}]},{\"@type\":\"WebSite\",\"@id\":\"https:\\\/\\\/www.belzona.be\\\/fr\\\/#website\",\"url\":\"https:\\\/\\\/www.belzona.be\\\/fr\\\/\",\"name\":\"Belzona Perspect Belgique FR\",\"description\":\"Belzona : r\u00e9paration, protection et am\u00e9lioration des surfaces. Belzona pr\u00e9vient et r\u00e9pare l&#039;\u00e9rosion, la corrosion, l&#039;abrasion, ainsi que les d\u00e9gradations chimiques et m\u00e9caniques.\",\"potentialAction\":[{\"@type\":\"SearchAction\",\"target\":{\"@type\":\"EntryPoint\",\"urlTemplate\":\"https:\\\/\\\/www.belzona.be\\\/fr\\\/?s={search_term_string}\"},\"query-input\":{\"@type\":\"PropertyValueSpecification\",\"valueRequired\":true,\"valueName\":\"search_term_string\"}}],\"inLanguage\":\"fr-BE\"}]}<\/script>\n<!-- \/ Yoast SEO plugin. -->","yoast_head_json":{"title":"Rev\u00eatement anti-friction Belzona 1341 | Perspect BE","description":"D\u00e9couvrez Belzona 1341, un rev\u00eatement anti-friction performant pour r\u00e9duire les pertes d\u2019\u00e9nergie et optimiser l\u2019efficacit\u00e9 des \u00e9quipements.","robots":{"index":"index","follow":"follow","max-snippet":"max-snippet:-1","max-image-preview":"max-image-preview:large","max-video-preview":"max-video-preview:-1"},"canonical":"https:\/\/www.belzona.be\/fr\/product\/revetements\/belzona-1341-supermetalglide\/","og_locale":"fr_FR","og_type":"article","og_title":"Rev\u00eatement anti-friction Belzona 1341 | Perspect BE","og_description":"D\u00e9couvrez Belzona 1341, un rev\u00eatement anti-friction performant pour r\u00e9duire les pertes d\u2019\u00e9nergie et optimiser l\u2019efficacit\u00e9 des \u00e9quipements.","og_url":"https:\/\/www.belzona.be\/fr\/product\/revetements\/belzona-1341-supermetalglide\/","og_site_name":"Belzona Perspect Belgique FR","article_modified_time":"2025-12-15T07:59:09+00:00","og_image":[{"width":723,"height":723,"url":"https:\/\/www.belzona.be\/fr\/wp-content\/uploads\/sites\/4\/2022\/12\/belzona-1341-supermetalglide.jpg","type":"image\/jpeg"}],"twitter_card":"summary_large_image","twitter_misc":{"Dur\u00e9e de lecture est.":"1 minute"},"schema":{"@context":"https:\/\/schema.org","@graph":[{"@type":"WebPage","@id":"https:\/\/www.belzona.be\/fr\/product\/revetements\/belzona-1341-supermetalglide\/","url":"https:\/\/www.belzona.be\/fr\/product\/revetements\/belzona-1341-supermetalglide\/","name":"Rev\u00eatement anti-friction Belzona 1341 | Perspect BE","isPartOf":{"@id":"https:\/\/www.belzona.be\/fr\/#website"},"primaryImageOfPage":{"@id":"https:\/\/www.belzona.be\/fr\/product\/revetements\/belzona-1341-supermetalglide\/#primaryimage"},"image":{"@id":"https:\/\/www.belzona.be\/fr\/product\/revetements\/belzona-1341-supermetalglide\/#primaryimage"},"thumbnailUrl":"https:\/\/www.belzona.be\/fr\/wp-content\/uploads\/sites\/4\/2022\/12\/belzona-1341-supermetalglide.jpg","datePublished":"2022-12-20T10:15:47+00:00","dateModified":"2025-12-15T07:59:09+00:00","description":"D\u00e9couvrez Belzona 1341, un rev\u00eatement anti-friction performant pour r\u00e9duire les pertes d\u2019\u00e9nergie et optimiser l\u2019efficacit\u00e9 des \u00e9quipements.","breadcrumb":{"@id":"https:\/\/www.belzona.be\/fr\/product\/revetements\/belzona-1341-supermetalglide\/#breadcrumb"},"inLanguage":"fr-BE","potentialAction":[{"@type":"ReadAction","target":["https:\/\/www.belzona.be\/fr\/product\/revetements\/belzona-1341-supermetalglide\/"]}]},{"@type":"ImageObject","inLanguage":"fr-BE","@id":"https:\/\/www.belzona.be\/fr\/product\/revetements\/belzona-1341-supermetalglide\/#primaryimage","url":"https:\/\/www.belzona.be\/fr\/wp-content\/uploads\/sites\/4\/2022\/12\/belzona-1341-supermetalglide.jpg","contentUrl":"https:\/\/www.belzona.be\/fr\/wp-content\/uploads\/sites\/4\/2022\/12\/belzona-1341-supermetalglide.jpg","width":723,"height":723},{"@type":"BreadcrumbList","@id":"https:\/\/www.belzona.be\/fr\/product\/revetements\/belzona-1341-supermetalglide\/#breadcrumb","itemListElement":[{"@type":"ListItem","position":1,"name":"Accueil","item":"https:\/\/www.belzona.be\/fr\/"},{"@type":"ListItem","position":2,"name":"Produits","item":"https:\/\/www.belzona.be\/fr\/produits\/"},{"@type":"ListItem","position":3,"name":"Belzona 1341 Supermetalglide"}]},{"@type":"WebSite","@id":"https:\/\/www.belzona.be\/fr\/#website","url":"https:\/\/www.belzona.be\/fr\/","name":"Belzona Perspect Belgique FR","description":"Belzona : r\u00e9paration, protection et am\u00e9lioration des surfaces. Belzona pr\u00e9vient et r\u00e9pare l&#039;\u00e9rosion, la corrosion, l&#039;abrasion, ainsi que les d\u00e9gradations chimiques et m\u00e9caniques.","potentialAction":[{"@type":"SearchAction","target":{"@type":"EntryPoint","urlTemplate":"https:\/\/www.belzona.be\/fr\/?s={search_term_string}"},"query-input":{"@type":"PropertyValueSpecification","valueRequired":true,"valueName":"search_term_string"}}],"inLanguage":"fr-BE"}]}},"_links":{"self":[{"href":"https:\/\/www.belzona.be\/fr\/wp-json\/wp\/v2\/product\/364","targetHints":{"allow":["GET"]}}],"collection":[{"href":"https:\/\/www.belzona.be\/fr\/wp-json\/wp\/v2\/product"}],"about":[{"href":"https:\/\/www.belzona.be\/fr\/wp-json\/wp\/v2\/types\/product"}],"wp:featuredmedia":[{"embeddable":true,"href":"https:\/\/www.belzona.be\/fr\/wp-json\/wp\/v2\/media\/366"}],"wp:attachment":[{"href":"https:\/\/www.belzona.be\/fr\/wp-json\/wp\/v2\/media?parent=364"}],"wp:term":[{"taxonomy":"product_brand","embeddable":true,"href":"https:\/\/www.belzona.be\/fr\/wp-json\/wp\/v2\/product_brand?post=364"},{"taxonomy":"product_cat","embeddable":true,"href":"https:\/\/www.belzona.be\/fr\/wp-json\/wp\/v2\/product_cat?post=364"},{"taxonomy":"product_tag","embeddable":true,"href":"https:\/\/www.belzona.be\/fr\/wp-json\/wp\/v2\/product_tag?post=364"}],"curies":[{"name":"wp","href":"https:\/\/api.w.org\/{rel}","templated":true}]}}