{"id":362,"date":"2022-12-20T12:02:24","date_gmt":"2022-12-20T10:02:24","guid":{"rendered":"https:\/\/www.belzona.nl\/?post_type=product&#038;p=362"},"modified":"2025-12-18T09:43:56","modified_gmt":"2025-12-18T08:43:56","slug":"belzona-1331","status":"publish","type":"product","link":"https:\/\/www.belzona.be\/fr\/product\/revetements\/belzona-1331\/","title":{"rendered":"Belzona 1331 \u2013 Rev\u00eatement m\u00e9tallique (pulv\u00e9risable)"},"content":{"rendered":"<p><iframe title=\"Spray coating application demonstration - Belzona 1331\" width=\"980\" height=\"551\" data-src=\"https:\/\/www.youtube.com\/embed\/EHVBvUwXNfA?feature=oembed\" frameborder=\"0\" allow=\"accelerometer; autoplay; clipboard-write; encrypted-media; gyroscope; picture-in-picture; web-share\" referrerpolicy=\"strict-origin-when-cross-origin\" allowfullscreen src=\"data:image\/svg+xml;base64,PHN2ZyB3aWR0aD0iMSIgaGVpZ2h0PSIxIiB4bWxucz0iaHR0cDovL3d3dy53My5vcmcvMjAwMC9zdmciPjwvc3ZnPg==\" class=\"lazyload\" data-load-mode=\"1\"><\/iframe><\/p>\n","protected":false},"excerpt":{"rendered":"<p>Belzona 1331 est un rev\u00eatement \u00e9poxy haute performance offrant une protection durable contre l\u2019\u00e9rosion et la corrosion pour les \u00e9quipements immerg\u00e9s en continu jusqu&rsquo;\u00e0 50\u00b0C. Ce rev\u00eatement sans solvant s\u2019applique ais\u00e9ment, au rouleau, \u00e0 la brosse ou par pulv\u00e9risation. Belzona 1331 offre une excellente r\u00e9sistance chimique et assure une adh\u00e9rence \u00e9lev\u00e9e sur la majorit\u00e9 des substrats m\u00e9talliques.<\/p>\n<p>Belzona 1331 peut \u00eatre appliqu\u00e9 en une ou deux couches avec un d\u00e9lai de recouvrement de 24 heures. Cela permet de finaliser rapidement les grandes applications, ce qui r\u00e9duit les temps d&rsquo;arr\u00eat. Le rev\u00eatement peut \u00eatre appliqu\u00e9 en une seule couche \u00e9paisse (jusqu\u2019\u00e0 1250 \u00b5m) sans risque d\u2019affaissement. Belzona 1331 pr\u00e9sente une excellente r\u00e9sistance au d\u00e9collement cathodique.<\/p>\n<p>Belzona 1331 peut \u00eatre utilis\u00e9 pour :<\/p>\n<ul>\n<li>Rev\u00eatement \u00e9poxy r\u00e9sistant \u00e0 l\u2019\u00e9rosion et \u00e0 la corrosion pour les cuves de processus, s\u00e9parateurs, pompes, \u00e9changeurs de chaleur et condensateurs en immersion.<\/li>\n<li>Rev\u00eatement \u00e9poxy pour tuyaux et conduits afin de prot\u00e9ger les soudures de jonction et les joints de terrain.<\/li>\n<li>Protection durable contre la corrosion des unit\u00e9s de lavage gr\u00e2ce \u00e0 ce rev\u00eatement \u00e9poxy.<\/li>\n<\/ul>\n","protected":false},"featured_media":363,"template":"","meta":{"_acf_changed":false,"content-type":"","editor_notices":[]},"product_brand":[],"product_cat":[22],"product_tag":[],"class_list":{"0":"post-362","1":"product","2":"type-product","3":"status-publish","4":"has-post-thumbnail","6":"product_cat-revetements","8":"first","9":"instock","10":"taxable","11":"shipping-taxable","12":"product-type-simple"},"acf":[],"yoast_head":"<!-- This site is optimized with the Yoast SEO plugin v27.3 - https:\/\/yoast.com\/product\/yoast-seo-wordpress\/ -->\n<title>Rev\u00eatement \u00e9poxy Belzona 1331 : protection avanc\u00e9e | Perspect BE<\/title>\n<meta name=\"description\" content=\"D\u00e9couvrez Belzona 1331, un rev\u00eatement \u00e9poxy hautes performances pour prot\u00e9ger vos \u00e9quipements contre l\u2019\u00e9rosion et les environnements chimiques exigeants.\" \/>\n<meta name=\"robots\" content=\"index, follow, max-snippet:-1, max-image-preview:large, max-video-preview:-1\" \/>\n<link rel=\"canonical\" href=\"https:\/\/www.belzona.be\/fr\/product\/revetements\/belzona-1331\/\" \/>\n<meta property=\"og:locale\" content=\"fr_FR\" \/>\n<meta property=\"og:type\" content=\"article\" \/>\n<meta property=\"og:title\" content=\"Rev\u00eatement \u00e9poxy Belzona 1331 : protection avanc\u00e9e | Perspect BE\" \/>\n<meta property=\"og:description\" content=\"D\u00e9couvrez Belzona 1331, un rev\u00eatement \u00e9poxy hautes performances pour prot\u00e9ger vos \u00e9quipements contre l\u2019\u00e9rosion et les environnements chimiques exigeants.\" \/>\n<meta property=\"og:url\" content=\"https:\/\/www.belzona.be\/fr\/product\/revetements\/belzona-1331\/\" \/>\n<meta property=\"og:site_name\" content=\"Belzona Perspect Belgique FR\" \/>\n<meta property=\"article:modified_time\" content=\"2025-12-18T08:43:56+00:00\" \/>\n<meta property=\"og:image\" content=\"https:\/\/www.belzona.be\/fr\/wp-content\/uploads\/sites\/4\/2022\/12\/belzona-1331.jpg\" \/>\n\t<meta property=\"og:image:width\" content=\"667\" \/>\n\t<meta property=\"og:image:height\" content=\"667\" \/>\n\t<meta property=\"og:image:type\" content=\"image\/jpeg\" \/>\n<meta name=\"twitter:card\" content=\"summary_large_image\" \/>\n<meta name=\"twitter:label1\" content=\"Dur\u00e9e de lecture est.\" \/>\n\t<meta name=\"twitter:data1\" content=\"1 minute\" \/>\n<script type=\"application\/ld+json\" class=\"yoast-schema-graph\">{\"@context\":\"https:\\\/\\\/schema.org\",\"@graph\":[{\"@type\":\"WebPage\",\"@id\":\"https:\\\/\\\/www.belzona.be\\\/fr\\\/product\\\/revetements\\\/belzona-1331\\\/\",\"url\":\"https:\\\/\\\/www.belzona.be\\\/fr\\\/product\\\/revetements\\\/belzona-1331\\\/\",\"name\":\"Rev\u00eatement \u00e9poxy Belzona 1331 : protection avanc\u00e9e | Perspect BE\",\"isPartOf\":{\"@id\":\"https:\\\/\\\/www.belzona.be\\\/fr\\\/#website\"},\"primaryImageOfPage\":{\"@id\":\"https:\\\/\\\/www.belzona.be\\\/fr\\\/product\\\/revetements\\\/belzona-1331\\\/#primaryimage\"},\"image\":{\"@id\":\"https:\\\/\\\/www.belzona.be\\\/fr\\\/product\\\/revetements\\\/belzona-1331\\\/#primaryimage\"},\"thumbnailUrl\":\"https:\\\/\\\/www.belzona.be\\\/fr\\\/wp-content\\\/uploads\\\/sites\\\/4\\\/2022\\\/12\\\/belzona-1331.jpg\",\"datePublished\":\"2022-12-20T10:02:24+00:00\",\"dateModified\":\"2025-12-18T08:43:56+00:00\",\"description\":\"D\u00e9couvrez Belzona 1331, un rev\u00eatement \u00e9poxy hautes performances pour prot\u00e9ger vos \u00e9quipements contre l\u2019\u00e9rosion et les environnements chimiques exigeants.\",\"breadcrumb\":{\"@id\":\"https:\\\/\\\/www.belzona.be\\\/fr\\\/product\\\/revetements\\\/belzona-1331\\\/#breadcrumb\"},\"inLanguage\":\"fr-BE\",\"potentialAction\":[{\"@type\":\"ReadAction\",\"target\":[\"https:\\\/\\\/www.belzona.be\\\/fr\\\/product\\\/revetements\\\/belzona-1331\\\/\"]}]},{\"@type\":\"ImageObject\",\"inLanguage\":\"fr-BE\",\"@id\":\"https:\\\/\\\/www.belzona.be\\\/fr\\\/product\\\/revetements\\\/belzona-1331\\\/#primaryimage\",\"url\":\"https:\\\/\\\/www.belzona.be\\\/fr\\\/wp-content\\\/uploads\\\/sites\\\/4\\\/2022\\\/12\\\/belzona-1331.jpg\",\"contentUrl\":\"https:\\\/\\\/www.belzona.be\\\/fr\\\/wp-content\\\/uploads\\\/sites\\\/4\\\/2022\\\/12\\\/belzona-1331.jpg\",\"width\":667,\"height\":667},{\"@type\":\"BreadcrumbList\",\"@id\":\"https:\\\/\\\/www.belzona.be\\\/fr\\\/product\\\/revetements\\\/belzona-1331\\\/#breadcrumb\",\"itemListElement\":[{\"@type\":\"ListItem\",\"position\":1,\"name\":\"Accueil\",\"item\":\"https:\\\/\\\/www.belzona.be\\\/fr\\\/\"},{\"@type\":\"ListItem\",\"position\":2,\"name\":\"Produits\",\"item\":\"https:\\\/\\\/www.belzona.be\\\/fr\\\/produits\\\/\"},{\"@type\":\"ListItem\",\"position\":3,\"name\":\"Belzona 1331 \u2013 Rev\u00eatement m\u00e9tallique (pulv\u00e9risable)\"}]},{\"@type\":\"WebSite\",\"@id\":\"https:\\\/\\\/www.belzona.be\\\/fr\\\/#website\",\"url\":\"https:\\\/\\\/www.belzona.be\\\/fr\\\/\",\"name\":\"Belzona Perspect Belgique FR\",\"description\":\"Belzona : r\u00e9paration, protection et am\u00e9lioration des surfaces. Belzona pr\u00e9vient et r\u00e9pare l&#039;\u00e9rosion, la corrosion, l&#039;abrasion, ainsi que les d\u00e9gradations chimiques et m\u00e9caniques.\",\"potentialAction\":[{\"@type\":\"SearchAction\",\"target\":{\"@type\":\"EntryPoint\",\"urlTemplate\":\"https:\\\/\\\/www.belzona.be\\\/fr\\\/?s={search_term_string}\"},\"query-input\":{\"@type\":\"PropertyValueSpecification\",\"valueRequired\":true,\"valueName\":\"search_term_string\"}}],\"inLanguage\":\"fr-BE\"}]}<\/script>\n<!-- \/ Yoast SEO plugin. -->","yoast_head_json":{"title":"Rev\u00eatement \u00e9poxy Belzona 1331 : protection avanc\u00e9e | Perspect BE","description":"D\u00e9couvrez Belzona 1331, un rev\u00eatement \u00e9poxy hautes performances pour prot\u00e9ger vos \u00e9quipements contre l\u2019\u00e9rosion et les environnements chimiques exigeants.","robots":{"index":"index","follow":"follow","max-snippet":"max-snippet:-1","max-image-preview":"max-image-preview:large","max-video-preview":"max-video-preview:-1"},"canonical":"https:\/\/www.belzona.be\/fr\/product\/revetements\/belzona-1331\/","og_locale":"fr_FR","og_type":"article","og_title":"Rev\u00eatement \u00e9poxy Belzona 1331 : protection avanc\u00e9e | Perspect BE","og_description":"D\u00e9couvrez Belzona 1331, un rev\u00eatement \u00e9poxy hautes performances pour prot\u00e9ger vos \u00e9quipements contre l\u2019\u00e9rosion et les environnements chimiques exigeants.","og_url":"https:\/\/www.belzona.be\/fr\/product\/revetements\/belzona-1331\/","og_site_name":"Belzona Perspect Belgique FR","article_modified_time":"2025-12-18T08:43:56+00:00","og_image":[{"width":667,"height":667,"url":"https:\/\/www.belzona.be\/fr\/wp-content\/uploads\/sites\/4\/2022\/12\/belzona-1331.jpg","type":"image\/jpeg"}],"twitter_card":"summary_large_image","twitter_misc":{"Dur\u00e9e de lecture est.":"1 minute"},"schema":{"@context":"https:\/\/schema.org","@graph":[{"@type":"WebPage","@id":"https:\/\/www.belzona.be\/fr\/product\/revetements\/belzona-1331\/","url":"https:\/\/www.belzona.be\/fr\/product\/revetements\/belzona-1331\/","name":"Rev\u00eatement \u00e9poxy Belzona 1331 : protection avanc\u00e9e | Perspect BE","isPartOf":{"@id":"https:\/\/www.belzona.be\/fr\/#website"},"primaryImageOfPage":{"@id":"https:\/\/www.belzona.be\/fr\/product\/revetements\/belzona-1331\/#primaryimage"},"image":{"@id":"https:\/\/www.belzona.be\/fr\/product\/revetements\/belzona-1331\/#primaryimage"},"thumbnailUrl":"https:\/\/www.belzona.be\/fr\/wp-content\/uploads\/sites\/4\/2022\/12\/belzona-1331.jpg","datePublished":"2022-12-20T10:02:24+00:00","dateModified":"2025-12-18T08:43:56+00:00","description":"D\u00e9couvrez Belzona 1331, un rev\u00eatement \u00e9poxy hautes performances pour prot\u00e9ger vos \u00e9quipements contre l\u2019\u00e9rosion et les environnements chimiques exigeants.","breadcrumb":{"@id":"https:\/\/www.belzona.be\/fr\/product\/revetements\/belzona-1331\/#breadcrumb"},"inLanguage":"fr-BE","potentialAction":[{"@type":"ReadAction","target":["https:\/\/www.belzona.be\/fr\/product\/revetements\/belzona-1331\/"]}]},{"@type":"ImageObject","inLanguage":"fr-BE","@id":"https:\/\/www.belzona.be\/fr\/product\/revetements\/belzona-1331\/#primaryimage","url":"https:\/\/www.belzona.be\/fr\/wp-content\/uploads\/sites\/4\/2022\/12\/belzona-1331.jpg","contentUrl":"https:\/\/www.belzona.be\/fr\/wp-content\/uploads\/sites\/4\/2022\/12\/belzona-1331.jpg","width":667,"height":667},{"@type":"BreadcrumbList","@id":"https:\/\/www.belzona.be\/fr\/product\/revetements\/belzona-1331\/#breadcrumb","itemListElement":[{"@type":"ListItem","position":1,"name":"Accueil","item":"https:\/\/www.belzona.be\/fr\/"},{"@type":"ListItem","position":2,"name":"Produits","item":"https:\/\/www.belzona.be\/fr\/produits\/"},{"@type":"ListItem","position":3,"name":"Belzona 1331 \u2013 Rev\u00eatement m\u00e9tallique (pulv\u00e9risable)"}]},{"@type":"WebSite","@id":"https:\/\/www.belzona.be\/fr\/#website","url":"https:\/\/www.belzona.be\/fr\/","name":"Belzona Perspect Belgique FR","description":"Belzona : r\u00e9paration, protection et am\u00e9lioration des surfaces. Belzona pr\u00e9vient et r\u00e9pare l&#039;\u00e9rosion, la corrosion, l&#039;abrasion, ainsi que les d\u00e9gradations chimiques et m\u00e9caniques.","potentialAction":[{"@type":"SearchAction","target":{"@type":"EntryPoint","urlTemplate":"https:\/\/www.belzona.be\/fr\/?s={search_term_string}"},"query-input":{"@type":"PropertyValueSpecification","valueRequired":true,"valueName":"search_term_string"}}],"inLanguage":"fr-BE"}]}},"_links":{"self":[{"href":"https:\/\/www.belzona.be\/fr\/wp-json\/wp\/v2\/product\/362","targetHints":{"allow":["GET"]}}],"collection":[{"href":"https:\/\/www.belzona.be\/fr\/wp-json\/wp\/v2\/product"}],"about":[{"href":"https:\/\/www.belzona.be\/fr\/wp-json\/wp\/v2\/types\/product"}],"wp:featuredmedia":[{"embeddable":true,"href":"https:\/\/www.belzona.be\/fr\/wp-json\/wp\/v2\/media\/363"}],"wp:attachment":[{"href":"https:\/\/www.belzona.be\/fr\/wp-json\/wp\/v2\/media?parent=362"}],"wp:term":[{"taxonomy":"product_brand","embeddable":true,"href":"https:\/\/www.belzona.be\/fr\/wp-json\/wp\/v2\/product_brand?post=362"},{"taxonomy":"product_cat","embeddable":true,"href":"https:\/\/www.belzona.be\/fr\/wp-json\/wp\/v2\/product_cat?post=362"},{"taxonomy":"product_tag","embeddable":true,"href":"https:\/\/www.belzona.be\/fr\/wp-json\/wp\/v2\/product_tag?post=362"}],"curies":[{"name":"wp","href":"https:\/\/api.w.org\/{rel}","templated":true}]}}