{"id":1774,"date":"2025-10-09T09:40:19","date_gmt":"2025-10-09T08:40:19","guid":{"rendered":"https:\/\/www.belzona.nl\/be-fr\/?post_type=product&#038;p=1774"},"modified":"2026-03-06T14:55:51","modified_gmt":"2026-03-06T13:55:51","slug":"sf6-fix-on-the-go","status":"publish","type":"product","link":"https:\/\/www.belzona.be\/fr\/product\/enveloppement-composite-superwrap-ii\/sf6-fix-on-the-go\/","title":{"rendered":"SF6 FIX &#8211; On the Go"},"content":{"rendered":"","protected":false},"excerpt":{"rendered":"<p>Les fuites impr\u00e9vues de gaz SF\u2086 entra\u00eenent des co\u00fbts \u00e9lev\u00e9s, des risques pour la s\u00e9curit\u00e9 et des pertes de gaz inutiles. Ces fuites apparaissent souvent sur des points critiques tels que les brides, les vannes, les travers\u00e9es et les raccords de service.<\/p>\n<p><strong data-start=\"572\" data-end=\"595\">SF6-FIX \u2013 On-the-Go<\/strong> est une mallette compl\u00e8te et mobile qui vous permet de colmater imm\u00e9diatement et en toute s\u00e9curit\u00e9 ces fuites \u2013 o\u00f9 que vous soyez, sans travaux \u00e0 chaud.<\/p>\n<p>Compl\u00e9tez votre kit SF6-FIX ? <a class=\"decorated-link\" href=\"https:\/\/www.belzona.be\/fr\/sf6-fix-reapprovisionnement\/\" rel=\"noopener\" data-start=\"530\" data-end=\"547\">Cliquez ici.<\/a><\/p>\n<h4 data-start=\"750\" data-end=\"770\"><strong data-start=\"755\" data-end=\"770\">Avantages :<\/strong><\/h4>\n<ul data-start=\"771\" data-end=\"1082\">\n<li data-start=\"771\" data-end=\"841\">\n<p data-start=\"773\" data-end=\"841\"><strong data-start=\"773\" data-end=\"792\">Pr\u00eat \u00e0 l\u2019emploi<\/strong> \u2192 mallette compacte, toujours \u00e0 port\u00e9e de main<\/p>\n<\/li>\n<li data-start=\"842\" data-end=\"911\">\n<p data-start=\"844\" data-end=\"911\"><strong data-start=\"844\" data-end=\"851\">S\u00fbr<\/strong> : application \u00e0 froid, sans \u00e9tincelles ni travaux \u00e0 chaud<\/p>\n<\/li>\n<li data-start=\"912\" data-end=\"1002\">\n<p data-start=\"914\" data-end=\"1002\"><strong data-start=\"914\" data-end=\"938\">Technologie \u00e9prouv\u00e9e<\/strong> : sp\u00e9cialement d\u00e9velopp\u00e9e pour l\u2019\u00e9tanch\u00e9it\u00e9 des fuites de SF\u2086<\/p>\n<\/li>\n<li data-start=\"1003\" data-end=\"1082\">\n<p data-start=\"1005\" data-end=\"1082\"><strong data-start=\"1005\" data-end=\"1019\">\u00c9conomique<\/strong> : limite les pertes de gaz et \u00e9vite les arr\u00eats de production<\/p>\n<\/li>\n<\/ul>\n","protected":false},"featured_media":1775,"template":"","meta":{"_acf_changed":false,"content-type":"","editor_notices":[]},"product_brand":[],"product_cat":[30],"product_tag":[],"class_list":{"0":"post-1774","1":"product","2":"type-product","3":"status-publish","4":"has-post-thumbnail","6":"product_cat-enveloppement-composite-superwrap-ii","8":"first","9":"instock","10":"taxable","11":"shipping-taxable","12":"product-type-simple"},"acf":[],"yoast_head":"<!-- This site is optimized with the Yoast SEO plugin v27.3 - https:\/\/yoast.com\/product\/yoast-seo-wordpress\/ -->\n<title>SF6-FIX On-the-Go \u2013 Kit mobile pour fuites SF\u2086<\/title>\n<meta name=\"description\" content=\"R\u00e9parez vos fuites de gaz SF\u2086 rapidement et en s\u00e9curit\u00e9 avec le kit mobile Belzona SF6-FIX, sans travaux \u00e0 chaud. Perspect Belgium\" \/>\n<meta name=\"robots\" content=\"index, follow, max-snippet:-1, max-image-preview:large, max-video-preview:-1\" \/>\n<link rel=\"canonical\" href=\"https:\/\/www.belzona.be\/fr\/product\/enveloppement-composite-superwrap-ii\/sf6-fix-on-the-go\/\" \/>\n<meta property=\"og:locale\" content=\"fr_FR\" \/>\n<meta property=\"og:type\" content=\"article\" \/>\n<meta property=\"og:title\" content=\"SF6-FIX On-the-Go \u2013 Kit mobile pour fuites SF\u2086\" \/>\n<meta property=\"og:description\" content=\"R\u00e9parez vos fuites de gaz SF\u2086 rapidement et en s\u00e9curit\u00e9 avec le kit mobile Belzona SF6-FIX, sans travaux \u00e0 chaud. Perspect Belgium\" \/>\n<meta property=\"og:url\" content=\"https:\/\/www.belzona.be\/fr\/product\/enveloppement-composite-superwrap-ii\/sf6-fix-on-the-go\/\" \/>\n<meta property=\"og:site_name\" content=\"Belzona Perspect Belgique FR\" \/>\n<meta property=\"article:modified_time\" content=\"2026-03-06T13:55:51+00:00\" \/>\n<meta property=\"og:image\" content=\"https:\/\/www.belzona.be\/fr\/wp-content\/uploads\/sites\/4\/2025\/10\/sf6kit-scaled.jpg\" \/>\n\t<meta property=\"og:image:width\" content=\"2560\" \/>\n\t<meta property=\"og:image:height\" content=\"1822\" \/>\n\t<meta property=\"og:image:type\" content=\"image\/jpeg\" \/>\n<meta name=\"twitter:card\" content=\"summary_large_image\" \/>\n<meta name=\"twitter:label1\" content=\"Dur\u00e9e de lecture est.\" \/>\n\t<meta name=\"twitter:data1\" content=\"1 minute\" \/>\n<script type=\"application\/ld+json\" class=\"yoast-schema-graph\">{\"@context\":\"https:\\\/\\\/schema.org\",\"@graph\":[{\"@type\":\"WebPage\",\"@id\":\"https:\\\/\\\/www.belzona.be\\\/fr\\\/product\\\/enveloppement-composite-superwrap-ii\\\/sf6-fix-on-the-go\\\/\",\"url\":\"https:\\\/\\\/www.belzona.be\\\/fr\\\/product\\\/enveloppement-composite-superwrap-ii\\\/sf6-fix-on-the-go\\\/\",\"name\":\"SF6-FIX On-the-Go \u2013 Kit mobile pour fuites SF\u2086\",\"isPartOf\":{\"@id\":\"https:\\\/\\\/www.belzona.be\\\/fr\\\/#website\"},\"primaryImageOfPage\":{\"@id\":\"https:\\\/\\\/www.belzona.be\\\/fr\\\/product\\\/enveloppement-composite-superwrap-ii\\\/sf6-fix-on-the-go\\\/#primaryimage\"},\"image\":{\"@id\":\"https:\\\/\\\/www.belzona.be\\\/fr\\\/product\\\/enveloppement-composite-superwrap-ii\\\/sf6-fix-on-the-go\\\/#primaryimage\"},\"thumbnailUrl\":\"https:\\\/\\\/www.belzona.be\\\/fr\\\/wp-content\\\/uploads\\\/sites\\\/4\\\/2025\\\/10\\\/sf6kit-scaled.jpg\",\"datePublished\":\"2025-10-09T08:40:19+00:00\",\"dateModified\":\"2026-03-06T13:55:51+00:00\",\"description\":\"R\u00e9parez vos fuites de gaz SF\u2086 rapidement et en s\u00e9curit\u00e9 avec le kit mobile Belzona SF6-FIX, sans travaux \u00e0 chaud. Perspect Belgium\",\"breadcrumb\":{\"@id\":\"https:\\\/\\\/www.belzona.be\\\/fr\\\/product\\\/enveloppement-composite-superwrap-ii\\\/sf6-fix-on-the-go\\\/#breadcrumb\"},\"inLanguage\":\"fr-BE\",\"potentialAction\":[{\"@type\":\"ReadAction\",\"target\":[\"https:\\\/\\\/www.belzona.be\\\/fr\\\/product\\\/enveloppement-composite-superwrap-ii\\\/sf6-fix-on-the-go\\\/\"]}]},{\"@type\":\"ImageObject\",\"inLanguage\":\"fr-BE\",\"@id\":\"https:\\\/\\\/www.belzona.be\\\/fr\\\/product\\\/enveloppement-composite-superwrap-ii\\\/sf6-fix-on-the-go\\\/#primaryimage\",\"url\":\"https:\\\/\\\/www.belzona.be\\\/fr\\\/wp-content\\\/uploads\\\/sites\\\/4\\\/2025\\\/10\\\/sf6kit-scaled.jpg\",\"contentUrl\":\"https:\\\/\\\/www.belzona.be\\\/fr\\\/wp-content\\\/uploads\\\/sites\\\/4\\\/2025\\\/10\\\/sf6kit-scaled.jpg\",\"width\":2560,\"height\":1822},{\"@type\":\"BreadcrumbList\",\"@id\":\"https:\\\/\\\/www.belzona.be\\\/fr\\\/product\\\/enveloppement-composite-superwrap-ii\\\/sf6-fix-on-the-go\\\/#breadcrumb\",\"itemListElement\":[{\"@type\":\"ListItem\",\"position\":1,\"name\":\"Accueil\",\"item\":\"https:\\\/\\\/www.belzona.be\\\/fr\\\/\"},{\"@type\":\"ListItem\",\"position\":2,\"name\":\"Produits\",\"item\":\"https:\\\/\\\/www.belzona.be\\\/fr\\\/produits\\\/\"},{\"@type\":\"ListItem\",\"position\":3,\"name\":\"SF6 FIX &#8211; On the Go\"}]},{\"@type\":\"WebSite\",\"@id\":\"https:\\\/\\\/www.belzona.be\\\/fr\\\/#website\",\"url\":\"https:\\\/\\\/www.belzona.be\\\/fr\\\/\",\"name\":\"Belzona Perspect Belgique FR\",\"description\":\"Belzona : r\u00e9paration, protection et am\u00e9lioration des surfaces. Belzona pr\u00e9vient et r\u00e9pare l&#039;\u00e9rosion, la corrosion, l&#039;abrasion, ainsi que les d\u00e9gradations chimiques et m\u00e9caniques.\",\"potentialAction\":[{\"@type\":\"SearchAction\",\"target\":{\"@type\":\"EntryPoint\",\"urlTemplate\":\"https:\\\/\\\/www.belzona.be\\\/fr\\\/?s={search_term_string}\"},\"query-input\":{\"@type\":\"PropertyValueSpecification\",\"valueRequired\":true,\"valueName\":\"search_term_string\"}}],\"inLanguage\":\"fr-BE\"}]}<\/script>\n<!-- \/ Yoast SEO plugin. -->","yoast_head_json":{"title":"SF6-FIX On-the-Go \u2013 Kit mobile pour fuites SF\u2086","description":"R\u00e9parez vos fuites de gaz SF\u2086 rapidement et en s\u00e9curit\u00e9 avec le kit mobile Belzona SF6-FIX, sans travaux \u00e0 chaud. Perspect Belgium","robots":{"index":"index","follow":"follow","max-snippet":"max-snippet:-1","max-image-preview":"max-image-preview:large","max-video-preview":"max-video-preview:-1"},"canonical":"https:\/\/www.belzona.be\/fr\/product\/enveloppement-composite-superwrap-ii\/sf6-fix-on-the-go\/","og_locale":"fr_FR","og_type":"article","og_title":"SF6-FIX On-the-Go \u2013 Kit mobile pour fuites SF\u2086","og_description":"R\u00e9parez vos fuites de gaz SF\u2086 rapidement et en s\u00e9curit\u00e9 avec le kit mobile Belzona SF6-FIX, sans travaux \u00e0 chaud. Perspect Belgium","og_url":"https:\/\/www.belzona.be\/fr\/product\/enveloppement-composite-superwrap-ii\/sf6-fix-on-the-go\/","og_site_name":"Belzona Perspect Belgique FR","article_modified_time":"2026-03-06T13:55:51+00:00","og_image":[{"width":2560,"height":1822,"url":"https:\/\/www.belzona.be\/fr\/wp-content\/uploads\/sites\/4\/2025\/10\/sf6kit-scaled.jpg","type":"image\/jpeg"}],"twitter_card":"summary_large_image","twitter_misc":{"Dur\u00e9e de lecture est.":"1 minute"},"schema":{"@context":"https:\/\/schema.org","@graph":[{"@type":"WebPage","@id":"https:\/\/www.belzona.be\/fr\/product\/enveloppement-composite-superwrap-ii\/sf6-fix-on-the-go\/","url":"https:\/\/www.belzona.be\/fr\/product\/enveloppement-composite-superwrap-ii\/sf6-fix-on-the-go\/","name":"SF6-FIX On-the-Go \u2013 Kit mobile pour fuites SF\u2086","isPartOf":{"@id":"https:\/\/www.belzona.be\/fr\/#website"},"primaryImageOfPage":{"@id":"https:\/\/www.belzona.be\/fr\/product\/enveloppement-composite-superwrap-ii\/sf6-fix-on-the-go\/#primaryimage"},"image":{"@id":"https:\/\/www.belzona.be\/fr\/product\/enveloppement-composite-superwrap-ii\/sf6-fix-on-the-go\/#primaryimage"},"thumbnailUrl":"https:\/\/www.belzona.be\/fr\/wp-content\/uploads\/sites\/4\/2025\/10\/sf6kit-scaled.jpg","datePublished":"2025-10-09T08:40:19+00:00","dateModified":"2026-03-06T13:55:51+00:00","description":"R\u00e9parez vos fuites de gaz SF\u2086 rapidement et en s\u00e9curit\u00e9 avec le kit mobile Belzona SF6-FIX, sans travaux \u00e0 chaud. Perspect Belgium","breadcrumb":{"@id":"https:\/\/www.belzona.be\/fr\/product\/enveloppement-composite-superwrap-ii\/sf6-fix-on-the-go\/#breadcrumb"},"inLanguage":"fr-BE","potentialAction":[{"@type":"ReadAction","target":["https:\/\/www.belzona.be\/fr\/product\/enveloppement-composite-superwrap-ii\/sf6-fix-on-the-go\/"]}]},{"@type":"ImageObject","inLanguage":"fr-BE","@id":"https:\/\/www.belzona.be\/fr\/product\/enveloppement-composite-superwrap-ii\/sf6-fix-on-the-go\/#primaryimage","url":"https:\/\/www.belzona.be\/fr\/wp-content\/uploads\/sites\/4\/2025\/10\/sf6kit-scaled.jpg","contentUrl":"https:\/\/www.belzona.be\/fr\/wp-content\/uploads\/sites\/4\/2025\/10\/sf6kit-scaled.jpg","width":2560,"height":1822},{"@type":"BreadcrumbList","@id":"https:\/\/www.belzona.be\/fr\/product\/enveloppement-composite-superwrap-ii\/sf6-fix-on-the-go\/#breadcrumb","itemListElement":[{"@type":"ListItem","position":1,"name":"Accueil","item":"https:\/\/www.belzona.be\/fr\/"},{"@type":"ListItem","position":2,"name":"Produits","item":"https:\/\/www.belzona.be\/fr\/produits\/"},{"@type":"ListItem","position":3,"name":"SF6 FIX &#8211; On the Go"}]},{"@type":"WebSite","@id":"https:\/\/www.belzona.be\/fr\/#website","url":"https:\/\/www.belzona.be\/fr\/","name":"Belzona Perspect Belgique FR","description":"Belzona : r\u00e9paration, protection et am\u00e9lioration des surfaces. Belzona pr\u00e9vient et r\u00e9pare l&#039;\u00e9rosion, la corrosion, l&#039;abrasion, ainsi que les d\u00e9gradations chimiques et m\u00e9caniques.","potentialAction":[{"@type":"SearchAction","target":{"@type":"EntryPoint","urlTemplate":"https:\/\/www.belzona.be\/fr\/?s={search_term_string}"},"query-input":{"@type":"PropertyValueSpecification","valueRequired":true,"valueName":"search_term_string"}}],"inLanguage":"fr-BE"}]}},"_links":{"self":[{"href":"https:\/\/www.belzona.be\/fr\/wp-json\/wp\/v2\/product\/1774","targetHints":{"allow":["GET"]}}],"collection":[{"href":"https:\/\/www.belzona.be\/fr\/wp-json\/wp\/v2\/product"}],"about":[{"href":"https:\/\/www.belzona.be\/fr\/wp-json\/wp\/v2\/types\/product"}],"wp:featuredmedia":[{"embeddable":true,"href":"https:\/\/www.belzona.be\/fr\/wp-json\/wp\/v2\/media\/1775"}],"wp:attachment":[{"href":"https:\/\/www.belzona.be\/fr\/wp-json\/wp\/v2\/media?parent=1774"}],"wp:term":[{"taxonomy":"product_brand","embeddable":true,"href":"https:\/\/www.belzona.be\/fr\/wp-json\/wp\/v2\/product_brand?post=1774"},{"taxonomy":"product_cat","embeddable":true,"href":"https:\/\/www.belzona.be\/fr\/wp-json\/wp\/v2\/product_cat?post=1774"},{"taxonomy":"product_tag","embeddable":true,"href":"https:\/\/www.belzona.be\/fr\/wp-json\/wp\/v2\/product_tag?post=1774"}],"curies":[{"name":"wp","href":"https:\/\/api.w.org\/{rel}","templated":true}]}}