{"id":132,"date":"2022-08-24T16:33:20","date_gmt":"2022-08-24T14:33:20","guid":{"rendered":"https:\/\/www.belzona.nl\/?post_type=product&#038;p=132"},"modified":"2025-12-09T08:46:29","modified_gmt":"2025-12-09T07:46:29","slug":"belzona-1321-ceramic-s-metal","status":"publish","type":"product","link":"https:\/\/www.belzona.be\/fr\/product\/revetements\/belzona-1321-ceramic-s-metal\/","title":{"rendered":"Belzona 1321 Ceramic S Metal"},"content":{"rendered":"<p><iframe title=\"Belzona coatings and repair composites for general maintenance\" width=\"980\" height=\"551\" data-src=\"https:\/\/www.youtube.com\/embed\/KRE_hrKV8yw?feature=oembed\" frameborder=\"0\" allow=\"accelerometer; autoplay; clipboard-write; encrypted-media; gyroscope; picture-in-picture; web-share\" referrerpolicy=\"strict-origin-when-cross-origin\" allowfullscreen src=\"data:image\/svg+xml;base64,PHN2ZyB3aWR0aD0iMSIgaGVpZ2h0PSIxIiB4bWxucz0iaHR0cDovL3d3dy53My5vcmcvMjAwMC9zdmciPjwvc3ZnPg==\" class=\"lazyload\" data-load-mode=\"1\"><\/iframe><\/p>\n","protected":false},"excerpt":{"rendered":"<div class=\"flex-shrink-0 flex flex-col relative items-end\">\n<div>\n<div class=\"pt-0\">\n<div class=\"gizmo-bot-avatar flex h-8 w-8 items-center justify-center overflow-hidden rounded-full\">\n<div class=\"relative p-1 rounded-sm flex items-center justify-center bg-token-main-surface-primary text-token-text-primary h-8 w-8\"><\/div>\n<\/div>\n<\/div>\n<\/div>\n<\/div>\n<div class=\"group\/conversation-turn relative flex w-full min-w-0 flex-col agent-turn\">\n<div class=\"flex-col gap-1 md:gap-3\">\n<div class=\"flex max-w-full flex-col flex-grow\">\n<div class=\"min-h-[20px] text-message flex w-full flex-col items-end gap-2 whitespace-normal break-words [.text-message+&amp;]:mt-5\" dir=\"auto\" data-message-author-role=\"assistant\" data-message-id=\"49fda7de-2786-476f-8dcd-ab92a225e549\">\n<div class=\"flex w-full flex-col gap-1 empty:hidden first:pt-[3px]\">\n<div class=\"markdown prose w-full break-words dark:prose-invert light\">\n<p>Belzona 1321 Ceramic S Metal offre une protection durable des surfaces m\u00e9talliques contre l\u2019\u00e9rosion et la corrosion. Le syst\u00e8me adh\u00e8re parfaitement \u00e0 presque toutes les surfaces solides, y compris l&rsquo;acier, l&rsquo;aluminium, le cuivre, le laiton et les plastiques renforc\u00e9s de fibres de verre. Belzona 1321 Ceramic S Metal est un rev\u00eatement \u00e9poxy sans solvant qui, en plus de prot\u00e9ger contre l&rsquo;\u00e9rosion et la corrosion, r\u00e9siste \u00e9galement \u00e0 de nombreux produits chimiques.<\/p>\n<p>Belzona 1321 Ceramic S Metal pr\u00e9sente une haute r\u00e9sistance \u00e0 la pression, ce qui permet \u00e9galement de cr\u00e9er des cales parfaites. Le mat\u00e9riau est facile \u00e0 m\u00e9langer et \u00e0 appliquer. Belzona 1321 durcit rapidement sans se r\u00e9tracter ni se d\u00e9former.<\/p>\n<p>Belzona 1321 Ceramic S Metal s\u2019applique notamment sur :<\/p>\n<ul>\n<li>Pompes<\/li>\n<li>\u00c9changeurs de chaleur<\/li>\n<li>Tuyaux<\/li>\n<li>Buses<\/li>\n<li>H\u00e9lices<\/li>\n<li>Coudes<\/li>\n<li>T\u00e9s<\/li>\n<li>Vannes papillon<\/li>\n<\/ul>\n<\/div>\n<\/div>\n<\/div>\n<\/div>\n<\/div>\n<\/div>\n<p>&nbsp;<\/p>\n","protected":false},"featured_media":177,"template":"","meta":{"_acf_changed":false,"content-type":"","editor_notices":[]},"product_brand":[],"product_cat":[22],"product_tag":[],"class_list":{"0":"post-132","1":"product","2":"type-product","3":"status-publish","4":"has-post-thumbnail","6":"product_cat-revetements","8":"first","9":"instock","10":"taxable","11":"shipping-taxable","12":"product-type-simple"},"acf":[],"yoast_head":"<!-- This site is optimized with the Yoast SEO plugin v27.3 - https:\/\/yoast.com\/product\/yoast-seo-wordpress\/ -->\n<title>P\u00e2te c\u00e9ramique m\u00e9tal | Perspect BE<\/title>\n<meta name=\"description\" content=\"D\u00e9couvrez Belzona 1321, une solution \u00e9poxy r\u00e9sistante \u00e0 l\u2019\u00e9rosion et \u00e0 la corrosion, id\u00e9ale en compl\u00e9ment d\u2019une p\u00e2te c\u00e9ramique m\u00e9tal pour vos \u00e9quipements.\" \/>\n<meta name=\"robots\" content=\"index, follow, max-snippet:-1, max-image-preview:large, max-video-preview:-1\" \/>\n<link rel=\"canonical\" href=\"https:\/\/www.belzona.be\/fr\/product\/revetements\/belzona-1321-ceramic-s-metal\/\" \/>\n<meta property=\"og:locale\" content=\"fr_FR\" \/>\n<meta property=\"og:type\" content=\"article\" \/>\n<meta property=\"og:title\" content=\"P\u00e2te c\u00e9ramique m\u00e9tal | Perspect BE\" \/>\n<meta property=\"og:description\" content=\"D\u00e9couvrez Belzona 1321, une solution \u00e9poxy r\u00e9sistante \u00e0 l\u2019\u00e9rosion et \u00e0 la corrosion, id\u00e9ale en compl\u00e9ment d\u2019une p\u00e2te c\u00e9ramique m\u00e9tal pour vos \u00e9quipements.\" \/>\n<meta property=\"og:url\" content=\"https:\/\/www.belzona.be\/fr\/product\/revetements\/belzona-1321-ceramic-s-metal\/\" \/>\n<meta property=\"og:site_name\" content=\"Belzona Perspect Belgique FR\" \/>\n<meta property=\"article:modified_time\" content=\"2025-12-09T07:46:29+00:00\" \/>\n<meta property=\"og:image\" content=\"https:\/\/www.belzona.be\/fr\/wp-content\/uploads\/sites\/4\/2022\/08\/belzona-1321-ceramic-s-metal.jpg\" \/>\n\t<meta property=\"og:image:width\" content=\"694\" \/>\n\t<meta property=\"og:image:height\" content=\"694\" \/>\n\t<meta property=\"og:image:type\" content=\"image\/jpeg\" \/>\n<meta name=\"twitter:card\" content=\"summary_large_image\" \/>\n<meta name=\"twitter:label1\" content=\"Dur\u00e9e de lecture est.\" \/>\n\t<meta name=\"twitter:data1\" content=\"1 minute\" \/>\n<script type=\"application\/ld+json\" class=\"yoast-schema-graph\">{\"@context\":\"https:\\\/\\\/schema.org\",\"@graph\":[{\"@type\":\"WebPage\",\"@id\":\"https:\\\/\\\/www.belzona.be\\\/fr\\\/product\\\/revetements\\\/belzona-1321-ceramic-s-metal\\\/\",\"url\":\"https:\\\/\\\/www.belzona.be\\\/fr\\\/product\\\/revetements\\\/belzona-1321-ceramic-s-metal\\\/\",\"name\":\"P\u00e2te c\u00e9ramique m\u00e9tal | Perspect BE\",\"isPartOf\":{\"@id\":\"https:\\\/\\\/www.belzona.be\\\/fr\\\/#website\"},\"primaryImageOfPage\":{\"@id\":\"https:\\\/\\\/www.belzona.be\\\/fr\\\/product\\\/revetements\\\/belzona-1321-ceramic-s-metal\\\/#primaryimage\"},\"image\":{\"@id\":\"https:\\\/\\\/www.belzona.be\\\/fr\\\/product\\\/revetements\\\/belzona-1321-ceramic-s-metal\\\/#primaryimage\"},\"thumbnailUrl\":\"https:\\\/\\\/www.belzona.be\\\/fr\\\/wp-content\\\/uploads\\\/sites\\\/4\\\/2022\\\/08\\\/belzona-1321-ceramic-s-metal.jpg\",\"datePublished\":\"2022-08-24T14:33:20+00:00\",\"dateModified\":\"2025-12-09T07:46:29+00:00\",\"description\":\"D\u00e9couvrez Belzona 1321, une solution \u00e9poxy r\u00e9sistante \u00e0 l\u2019\u00e9rosion et \u00e0 la corrosion, id\u00e9ale en compl\u00e9ment d\u2019une p\u00e2te c\u00e9ramique m\u00e9tal pour vos \u00e9quipements.\",\"breadcrumb\":{\"@id\":\"https:\\\/\\\/www.belzona.be\\\/fr\\\/product\\\/revetements\\\/belzona-1321-ceramic-s-metal\\\/#breadcrumb\"},\"inLanguage\":\"fr-BE\",\"potentialAction\":[{\"@type\":\"ReadAction\",\"target\":[\"https:\\\/\\\/www.belzona.be\\\/fr\\\/product\\\/revetements\\\/belzona-1321-ceramic-s-metal\\\/\"]}]},{\"@type\":\"ImageObject\",\"inLanguage\":\"fr-BE\",\"@id\":\"https:\\\/\\\/www.belzona.be\\\/fr\\\/product\\\/revetements\\\/belzona-1321-ceramic-s-metal\\\/#primaryimage\",\"url\":\"https:\\\/\\\/www.belzona.be\\\/fr\\\/wp-content\\\/uploads\\\/sites\\\/4\\\/2022\\\/08\\\/belzona-1321-ceramic-s-metal.jpg\",\"contentUrl\":\"https:\\\/\\\/www.belzona.be\\\/fr\\\/wp-content\\\/uploads\\\/sites\\\/4\\\/2022\\\/08\\\/belzona-1321-ceramic-s-metal.jpg\",\"width\":694,\"height\":694},{\"@type\":\"BreadcrumbList\",\"@id\":\"https:\\\/\\\/www.belzona.be\\\/fr\\\/product\\\/revetements\\\/belzona-1321-ceramic-s-metal\\\/#breadcrumb\",\"itemListElement\":[{\"@type\":\"ListItem\",\"position\":1,\"name\":\"Accueil\",\"item\":\"https:\\\/\\\/www.belzona.be\\\/fr\\\/\"},{\"@type\":\"ListItem\",\"position\":2,\"name\":\"Produits\",\"item\":\"https:\\\/\\\/www.belzona.be\\\/fr\\\/produits\\\/\"},{\"@type\":\"ListItem\",\"position\":3,\"name\":\"Belzona 1321 Ceramic S Metal\"}]},{\"@type\":\"WebSite\",\"@id\":\"https:\\\/\\\/www.belzona.be\\\/fr\\\/#website\",\"url\":\"https:\\\/\\\/www.belzona.be\\\/fr\\\/\",\"name\":\"Belzona Perspect Belgique FR\",\"description\":\"Belzona : r\u00e9paration, protection et am\u00e9lioration des surfaces. Belzona pr\u00e9vient et r\u00e9pare l&#039;\u00e9rosion, la corrosion, l&#039;abrasion, ainsi que les d\u00e9gradations chimiques et m\u00e9caniques.\",\"potentialAction\":[{\"@type\":\"SearchAction\",\"target\":{\"@type\":\"EntryPoint\",\"urlTemplate\":\"https:\\\/\\\/www.belzona.be\\\/fr\\\/?s={search_term_string}\"},\"query-input\":{\"@type\":\"PropertyValueSpecification\",\"valueRequired\":true,\"valueName\":\"search_term_string\"}}],\"inLanguage\":\"fr-BE\"}]}<\/script>\n<!-- \/ Yoast SEO plugin. -->","yoast_head_json":{"title":"P\u00e2te c\u00e9ramique m\u00e9tal | Perspect BE","description":"D\u00e9couvrez Belzona 1321, une solution \u00e9poxy r\u00e9sistante \u00e0 l\u2019\u00e9rosion et \u00e0 la corrosion, id\u00e9ale en compl\u00e9ment d\u2019une p\u00e2te c\u00e9ramique m\u00e9tal pour vos \u00e9quipements.","robots":{"index":"index","follow":"follow","max-snippet":"max-snippet:-1","max-image-preview":"max-image-preview:large","max-video-preview":"max-video-preview:-1"},"canonical":"https:\/\/www.belzona.be\/fr\/product\/revetements\/belzona-1321-ceramic-s-metal\/","og_locale":"fr_FR","og_type":"article","og_title":"P\u00e2te c\u00e9ramique m\u00e9tal | Perspect BE","og_description":"D\u00e9couvrez Belzona 1321, une solution \u00e9poxy r\u00e9sistante \u00e0 l\u2019\u00e9rosion et \u00e0 la corrosion, id\u00e9ale en compl\u00e9ment d\u2019une p\u00e2te c\u00e9ramique m\u00e9tal pour vos \u00e9quipements.","og_url":"https:\/\/www.belzona.be\/fr\/product\/revetements\/belzona-1321-ceramic-s-metal\/","og_site_name":"Belzona Perspect Belgique FR","article_modified_time":"2025-12-09T07:46:29+00:00","og_image":[{"width":694,"height":694,"url":"https:\/\/www.belzona.be\/fr\/wp-content\/uploads\/sites\/4\/2022\/08\/belzona-1321-ceramic-s-metal.jpg","type":"image\/jpeg"}],"twitter_card":"summary_large_image","twitter_misc":{"Dur\u00e9e de lecture est.":"1 minute"},"schema":{"@context":"https:\/\/schema.org","@graph":[{"@type":"WebPage","@id":"https:\/\/www.belzona.be\/fr\/product\/revetements\/belzona-1321-ceramic-s-metal\/","url":"https:\/\/www.belzona.be\/fr\/product\/revetements\/belzona-1321-ceramic-s-metal\/","name":"P\u00e2te c\u00e9ramique m\u00e9tal | Perspect BE","isPartOf":{"@id":"https:\/\/www.belzona.be\/fr\/#website"},"primaryImageOfPage":{"@id":"https:\/\/www.belzona.be\/fr\/product\/revetements\/belzona-1321-ceramic-s-metal\/#primaryimage"},"image":{"@id":"https:\/\/www.belzona.be\/fr\/product\/revetements\/belzona-1321-ceramic-s-metal\/#primaryimage"},"thumbnailUrl":"https:\/\/www.belzona.be\/fr\/wp-content\/uploads\/sites\/4\/2022\/08\/belzona-1321-ceramic-s-metal.jpg","datePublished":"2022-08-24T14:33:20+00:00","dateModified":"2025-12-09T07:46:29+00:00","description":"D\u00e9couvrez Belzona 1321, une solution \u00e9poxy r\u00e9sistante \u00e0 l\u2019\u00e9rosion et \u00e0 la corrosion, id\u00e9ale en compl\u00e9ment d\u2019une p\u00e2te c\u00e9ramique m\u00e9tal pour vos \u00e9quipements.","breadcrumb":{"@id":"https:\/\/www.belzona.be\/fr\/product\/revetements\/belzona-1321-ceramic-s-metal\/#breadcrumb"},"inLanguage":"fr-BE","potentialAction":[{"@type":"ReadAction","target":["https:\/\/www.belzona.be\/fr\/product\/revetements\/belzona-1321-ceramic-s-metal\/"]}]},{"@type":"ImageObject","inLanguage":"fr-BE","@id":"https:\/\/www.belzona.be\/fr\/product\/revetements\/belzona-1321-ceramic-s-metal\/#primaryimage","url":"https:\/\/www.belzona.be\/fr\/wp-content\/uploads\/sites\/4\/2022\/08\/belzona-1321-ceramic-s-metal.jpg","contentUrl":"https:\/\/www.belzona.be\/fr\/wp-content\/uploads\/sites\/4\/2022\/08\/belzona-1321-ceramic-s-metal.jpg","width":694,"height":694},{"@type":"BreadcrumbList","@id":"https:\/\/www.belzona.be\/fr\/product\/revetements\/belzona-1321-ceramic-s-metal\/#breadcrumb","itemListElement":[{"@type":"ListItem","position":1,"name":"Accueil","item":"https:\/\/www.belzona.be\/fr\/"},{"@type":"ListItem","position":2,"name":"Produits","item":"https:\/\/www.belzona.be\/fr\/produits\/"},{"@type":"ListItem","position":3,"name":"Belzona 1321 Ceramic S Metal"}]},{"@type":"WebSite","@id":"https:\/\/www.belzona.be\/fr\/#website","url":"https:\/\/www.belzona.be\/fr\/","name":"Belzona Perspect Belgique FR","description":"Belzona : r\u00e9paration, protection et am\u00e9lioration des surfaces. Belzona pr\u00e9vient et r\u00e9pare l&#039;\u00e9rosion, la corrosion, l&#039;abrasion, ainsi que les d\u00e9gradations chimiques et m\u00e9caniques.","potentialAction":[{"@type":"SearchAction","target":{"@type":"EntryPoint","urlTemplate":"https:\/\/www.belzona.be\/fr\/?s={search_term_string}"},"query-input":{"@type":"PropertyValueSpecification","valueRequired":true,"valueName":"search_term_string"}}],"inLanguage":"fr-BE"}]}},"_links":{"self":[{"href":"https:\/\/www.belzona.be\/fr\/wp-json\/wp\/v2\/product\/132","targetHints":{"allow":["GET"]}}],"collection":[{"href":"https:\/\/www.belzona.be\/fr\/wp-json\/wp\/v2\/product"}],"about":[{"href":"https:\/\/www.belzona.be\/fr\/wp-json\/wp\/v2\/types\/product"}],"wp:featuredmedia":[{"embeddable":true,"href":"https:\/\/www.belzona.be\/fr\/wp-json\/wp\/v2\/media\/177"}],"wp:attachment":[{"href":"https:\/\/www.belzona.be\/fr\/wp-json\/wp\/v2\/media?parent=132"}],"wp:term":[{"taxonomy":"product_brand","embeddable":true,"href":"https:\/\/www.belzona.be\/fr\/wp-json\/wp\/v2\/product_brand?post=132"},{"taxonomy":"product_cat","embeddable":true,"href":"https:\/\/www.belzona.be\/fr\/wp-json\/wp\/v2\/product_cat?post=132"},{"taxonomy":"product_tag","embeddable":true,"href":"https:\/\/www.belzona.be\/fr\/wp-json\/wp\/v2\/product_tag?post=132"}],"curies":[{"name":"wp","href":"https:\/\/api.w.org\/{rel}","templated":true}]}}