{"id":684,"date":"2023-03-27T08:40:39","date_gmt":"2023-03-27T07:40:39","guid":{"rendered":"https:\/\/www.belzona.nl\/?page_id=684"},"modified":"2025-12-05T08:27:36","modified_gmt":"2025-12-05T07:27:36","slug":"metal-liquide-malleable","status":"publish","type":"page","link":"https:\/\/www.belzona.be\/fr\/metal-liquide-malleable\/","title":{"rendered":"M\u00e9tal liquide &amp; M\u00e9tal mall\u00e9able"},"content":{"rendered":"\n<p><br>Lorsque des pi\u00e8ces m\u00e9talliques sont endommag\u00e9es, il est essentiel de les r\u00e9parer rapidement afin d\u2019\u00e9viter une d\u00e9t\u00e9rioration progressive et le remplacement co\u00fbteux des \u00e9l\u00e9ments. Pour cela, Belzona propose des solutions de <strong>m\u00e9tal liquide<\/strong> et de <strong>m\u00e9tal mall\u00e9able<\/strong> adapt\u00e9es aux r\u00e9parations industrielles.<\/p>\n\n\n\n<p>Le m\u00e9tal liquide peut \u00eatre utilis\u00e9 pour r\u00e9parer les pi\u00e8ces us\u00e9es, les glissi\u00e8res, rails de guidage et autres composants m\u00e9caniques dans diverses industries telles que les machines, les installations, les tuyauteries et les r\u00e9servoirs.<\/p>\n\n\n\n<div class=\"wp-block-buttons is-layout-flex wp-block-buttons-is-layout-flex\">\n<div class=\"wp-block-button\"><a class=\"wp-block-button__link wp-element-button\" href=\"https:\/\/www.belzona.nl\/product-category\/1000-serie-vloeibaar-en-kneedbaar-metaal\/\" target=\"_blank\" rel=\"noreferrer noopener\">D\u00e9couvrez notre gamme compl\u00e8te de p\u00e2tes m\u00e9talliques Belzona<\/a><\/div>\n<\/div>\n\n\n\n<h2 class=\"wp-block-heading\">Applications du m\u00e9tal mall\u00e9able Belzona<\/h2>\n\n\n\n<p><br>Le m\u00e9tal mall\u00e9able de Belzona est particuli\u00e8rement adapt\u00e9 \u00e0 une vari\u00e9t\u00e9 de r\u00e9parations sur des surfaces m\u00e9talliques, des machines et des installations. De plus, vous pouvez \u00e9galement utiliser la p\u00e2te pour le reprofilage, le collage, le remplissage ou l\u2019\u00e9tanch\u00e9ification des cavit\u00e9s Les r\u00e9parations des fissures dans un bloc moteur sont \u00e9galement r\u00e9guli\u00e8rement effectu\u00e9es avec les produits Belzona.<\/p>\n\n\n\n<p>Ce produit est bas\u00e9 sur une r\u00e9sine \u00e9poxy bicomposante \u00e0 durcissement \u00e0 froid. La p\u00e2te adh\u00e8re \u00e0 plusieurs types de m\u00e9taux, tels que l&rsquo;acier inoxydable, l&rsquo;acier au carbone, le laiton, le cuivre et l&rsquo;aluminium. Les p\u00e2tes de m\u00e9tal liquide de la s\u00e9rie Belzona 1000 sont polyvalents, faciles \u00e0 appliquer et durcissent \u00e0 temp\u00e9rature ambiante.<\/p>\n\n\n\n<div class=\"wp-block-columns is-layout-flex wp-container-core-columns-is-layout-28f84493 wp-block-columns-is-layout-flex\">\n<div class=\"wp-block-column is-layout-flow wp-block-column-is-layout-flow\" style=\"flex-basis:100%\">\n<div class=\"wp-block-media-text alignwide is-stacked-on-mobile\"><figure class=\"wp-block-media-text__media\"><img decoding=\"async\" width=\"1000\" height=\"760\" data-src=\"https:\/\/www.belzona.nl\/wp-content\/uploads\/sites\/4\/2023\/03\/1111_7.jpg\" alt=\"\" class=\"wp-image-685 size-full lazyload\" data-srcset=\"https:\/\/www.belzona.be\/fr\/wp-content\/uploads\/sites\/4\/2023\/03\/1111_7.jpg 1000w, https:\/\/www.belzona.be\/fr\/wp-content\/uploads\/sites\/4\/2023\/03\/1111_7-300x228.jpg 300w, https:\/\/www.belzona.be\/fr\/wp-content\/uploads\/sites\/4\/2023\/03\/1111_7-768x584.jpg 768w, https:\/\/www.belzona.be\/fr\/wp-content\/uploads\/sites\/4\/2023\/03\/1111_7-416x316.jpg 416w\" data-sizes=\"(max-width: 1000px) 100vw, 1000px\" src=\"data:image\/svg+xml;base64,PHN2ZyB3aWR0aD0iMSIgaGVpZ2h0PSIxIiB4bWxucz0iaHR0cDovL3d3dy53My5vcmcvMjAwMC9zdmciPjwvc3ZnPg==\" style=\"--smush-placeholder-width: 1000px; --smush-placeholder-aspect-ratio: 1000\/760;\" \/><\/figure><div class=\"wp-block-media-text__content\">\n<h3 class=\"wp-block-heading\">Corrosion et usure du support de tuyau<\/h3>\n\n\n\n<p><br>La corrosion et l&rsquo;usure sont des probl\u00e8mes courants avec les supports de tuyaux. Cela peut se produire lorsque le support est fabriqu\u00e9 dans un mat\u00e9riau diff\u00e9rent de celui du tuyau lui-m\u00eame. Des demi-coques de protection sur mesure sont fix\u00e9es \u00e0 l\u2019aide de p\u00e2te m\u00e9tallique Belzona.<\/p>\n<\/div><\/div>\n\n\n\n<div class=\"wp-block-media-text alignwide is-stacked-on-mobile\"><figure class=\"wp-block-media-text__media\"><img decoding=\"async\" width=\"800\" height=\"601\" data-src=\"https:\/\/www.belzona.nl\/wp-content\/uploads\/sites\/4\/2023\/03\/Flange-face-1.jpg\" alt=\"\" class=\"wp-image-690 size-full lazyload\" data-srcset=\"https:\/\/www.belzona.be\/fr\/wp-content\/uploads\/sites\/4\/2023\/03\/Flange-face-1.jpg 800w, https:\/\/www.belzona.be\/fr\/wp-content\/uploads\/sites\/4\/2023\/03\/Flange-face-1-300x225.jpg 300w, https:\/\/www.belzona.be\/fr\/wp-content\/uploads\/sites\/4\/2023\/03\/Flange-face-1-768x577.jpg 768w, https:\/\/www.belzona.be\/fr\/wp-content\/uploads\/sites\/4\/2023\/03\/Flange-face-1-416x313.jpg 416w\" data-sizes=\"(max-width: 800px) 100vw, 800px\" src=\"data:image\/svg+xml;base64,PHN2ZyB3aWR0aD0iMSIgaGVpZ2h0PSIxIiB4bWxucz0iaHR0cDovL3d3dy53My5vcmcvMjAwMC9zdmciPjwvc3ZnPg==\" style=\"--smush-placeholder-width: 800px; --smush-placeholder-aspect-ratio: 800\/601;\" \/><\/figure><div class=\"wp-block-media-text__content\">\n<h3 class=\"wp-block-heading\">R\u00e9parer une surface de bride<\/h3>\n\n\n\n<p>La r\u00e9paration des surfaces de brides endommag\u00e9es est r\u00e9alis\u00e9e avec la p\u00e2te m\u00e9tallique Belzona. Cela se fait en combinaison avec le kit de reconstruction de surface de bride.<\/p>\n<\/div><\/div>\n\n\n\n<div class=\"wp-block-media-text alignwide is-stacked-on-mobile\"><figure class=\"wp-block-media-text__media\"><img decoding=\"async\" width=\"1024\" height=\"768\" data-src=\"https:\/\/www.belzona.nl\/wp-content\/uploads\/sites\/4\/2023\/03\/Plate-bonding-storage-tank-1-1024x768.jpg\" alt=\"\" class=\"wp-image-691 size-full lazyload\" data-srcset=\"https:\/\/www.belzona.be\/fr\/wp-content\/uploads\/sites\/4\/2023\/03\/Plate-bonding-storage-tank-1-1024x768.jpg 1024w, https:\/\/www.belzona.be\/fr\/wp-content\/uploads\/sites\/4\/2023\/03\/Plate-bonding-storage-tank-1-300x225.jpg 300w, https:\/\/www.belzona.be\/fr\/wp-content\/uploads\/sites\/4\/2023\/03\/Plate-bonding-storage-tank-1-768x576.jpg 768w, https:\/\/www.belzona.be\/fr\/wp-content\/uploads\/sites\/4\/2023\/03\/Plate-bonding-storage-tank-1-1536x1152.jpg 1536w, https:\/\/www.belzona.be\/fr\/wp-content\/uploads\/sites\/4\/2023\/03\/Plate-bonding-storage-tank-1-416x312.jpg 416w, https:\/\/www.belzona.be\/fr\/wp-content\/uploads\/sites\/4\/2023\/03\/Plate-bonding-storage-tank-1.jpg 1800w\" data-sizes=\"(max-width: 1024px) 100vw, 1024px\" src=\"data:image\/svg+xml;base64,PHN2ZyB3aWR0aD0iMSIgaGVpZ2h0PSIxIiB4bWxucz0iaHR0cDovL3d3dy53My5vcmcvMjAwMC9zdmciPjwvc3ZnPg==\" style=\"--smush-placeholder-width: 1024px; --smush-placeholder-aspect-ratio: 1024\/768;\" \/><\/figure><div class=\"wp-block-media-text__content\">\n<h3 class=\"wp-block-heading\">Plaques de renfort coll\u00e9es<\/h3>\n\n\n\n<p><br>Les r\u00e9servoirs de stockage rencontrent des probl\u00e8mes dus \u00e0 l&rsquo;usure, souvent ces probl\u00e8mes se manifestent au niveau de la base du r\u00e9servoir. Lorsqu&rsquo;une \u00e9tude r\u00e9v\u00e8le que l&rsquo;\u00e9paisseur de paroi est devenue dangereusement mince, des plaques sont coll\u00e9es avec de la p\u00e2te m\u00e9tallique Belzona sur les parties critiques.<\/p>\n<\/div><\/div>\n\n\n\n<div class=\"wp-block-media-text alignwide is-stacked-on-mobile\" style=\"grid-template-columns:43% auto\"><figure class=\"wp-block-media-text__media\"><img decoding=\"async\" width=\"816\" height=\"1024\" data-src=\"https:\/\/www.belzona.nl\/wp-content\/uploads\/sites\/4\/2023\/03\/1212_2-816x1024.jpg\" alt=\"\" class=\"wp-image-692 size-full lazyload\" data-srcset=\"https:\/\/www.belzona.be\/fr\/wp-content\/uploads\/sites\/4\/2023\/03\/1212_2-816x1024.jpg 816w, https:\/\/www.belzona.be\/fr\/wp-content\/uploads\/sites\/4\/2023\/03\/1212_2-239x300.jpg 239w, https:\/\/www.belzona.be\/fr\/wp-content\/uploads\/sites\/4\/2023\/03\/1212_2-768x963.jpg 768w, https:\/\/www.belzona.be\/fr\/wp-content\/uploads\/sites\/4\/2023\/03\/1212_2-416x522.jpg 416w, https:\/\/www.belzona.be\/fr\/wp-content\/uploads\/sites\/4\/2023\/03\/1212_2.jpg 900w\" data-sizes=\"(max-width: 816px) 100vw, 816px\" src=\"data:image\/svg+xml;base64,PHN2ZyB3aWR0aD0iMSIgaGVpZ2h0PSIxIiB4bWxucz0iaHR0cDovL3d3dy53My5vcmcvMjAwMC9zdmciPjwvc3ZnPg==\" style=\"--smush-placeholder-width: 816px; --smush-placeholder-aspect-ratio: 816\/1024;\" \/><\/figure><div class=\"wp-block-media-text__content\">\n<h2 class=\"wp-block-heading\"><br>Fuite au niveau de la soudure<\/h2>\n\n\n\n<p>Les fuites sont courantes dans l&rsquo;industrie et se produisent souvent aux points faibles, tels que les soudures. Avec les p\u00e2tes m\u00e9talliques tol\u00e9rantes \u00e0 la surface de Belzona, ces fuites sont r\u00e9par\u00e9es.<\/p>\n\n\n\n<figure class=\"wp-block-image size-large is-resized\"><img decoding=\"async\" width=\"811\" height=\"1024\" data-src=\"https:\/\/www.belzona.nl\/wp-content\/uploads\/sites\/4\/2023\/03\/1212_3-811x1024.jpg\" alt=\"\" class=\"wp-image-693 lazyload\" style=\"--smush-placeholder-width: 811px; --smush-placeholder-aspect-ratio: 811\/1024;width:231px;height:291px\" data-srcset=\"https:\/\/www.belzona.be\/fr\/wp-content\/uploads\/sites\/4\/2023\/03\/1212_3-811x1024.jpg 811w, https:\/\/www.belzona.be\/fr\/wp-content\/uploads\/sites\/4\/2023\/03\/1212_3-237x300.jpg 237w, https:\/\/www.belzona.be\/fr\/wp-content\/uploads\/sites\/4\/2023\/03\/1212_3-768x970.jpg 768w, https:\/\/www.belzona.be\/fr\/wp-content\/uploads\/sites\/4\/2023\/03\/1212_3-416x526.jpg 416w, https:\/\/www.belzona.be\/fr\/wp-content\/uploads\/sites\/4\/2023\/03\/1212_3.jpg 900w\" data-sizes=\"(max-width: 811px) 100vw, 811px\" src=\"data:image\/svg+xml;base64,PHN2ZyB3aWR0aD0iMSIgaGVpZ2h0PSIxIiB4bWxucz0iaHR0cDovL3d3dy53My5vcmcvMjAwMC9zdmciPjwvc3ZnPg==\" \/><\/figure>\n<\/div><\/div>\n<\/div>\n<\/div>\n\n\n\n<h2 class=\"wp-block-heading\"><br>P\u00e2te m\u00e9tallique durable de Belzona<\/h2>\n\n\n\n<p>Apr\u00e8s durcissement, le mat\u00e9riau est aussi dur que le m\u00e9tal. Il ne se d\u00e9forme plus, ce qui en fait une solution durable pour les r\u00e9parations m\u00e9talliques. Une fois durci, le mat\u00e9riau peut \u00e0 nouveau reprendre des charges m\u00e9caniques.<\/p>\n\n\n\n<p>Cela rend la r\u00e9paration durable et prolonge la dur\u00e9e de vie de la surface m\u00e9tallique. Le mat\u00e9riau durci pr\u00e9sente une excellente r\u00e9sistance chimique et \u00e9lectrique. Il prot\u00e8ge le m\u00e9tal contre la corrosion, l&rsquo;\u00e9rosion et l&rsquo;usure.<\/p>\n\n\n\n<p>La p\u00e2te pr\u00e9sente une haute r\u00e9sistance aux chocs, \u00e0 la pression et \u00e0 la flexion. \u00c9tant donn\u00e9 que le m\u00e9tal mall\u00e9able est exempt de solvants, il pr\u00e9sente peu de risques pour la sant\u00e9 et la s\u00e9curit\u00e9.<\/p>\n\n\n\n<h2 class=\"wp-block-heading\">Les produits de m\u00e9tal mall\u00e9able Belzona offrent une bonne r\u00e9sistance \u00e0 la chaleur et \u00e0 l\u2019humidit\u00e9 selon les applications.<\/h2>\n\n\n\n<p>Tous les produits de la s\u00e9rie Belzona 1000 ont des caract\u00e9ristiques diff\u00e9rentes et sont donc adapt\u00e9s \u00e0 diff\u00e9rentes applications. Certains produits sont m\u00eame capables d&rsquo;adh\u00e9rer \u00e0 une surface contamin\u00e9e par de l&rsquo;huile, \u00e0 des surfaces mouill\u00e9es et \u00e0 des mat\u00e9riaux naturels et synth\u00e9tiques tels que le plastique, le bois et le verre.<\/p>\n\n\n\n<p>Le m\u00e9tal liquide r\u00e9siste \u00e0 l&rsquo;humidit\u00e9 et \u00e0 la chaleur et peut \u00eatre appliqu\u00e9 sur des surfaces sous l&rsquo;eau. Par cons\u00e9quent, les produits sont \u00e9galement adapt\u00e9s pour r\u00e9parer les fuites et pour les r\u00e9parations de tuyaux et de r\u00e9servoirs. De plus, certains produits de la s\u00e9rie Belzona 1000 sont adapt\u00e9s pour cr\u00e9er une adh\u00e9rence sur les surfaces m\u00e9talliques des machines, de l&rsquo;\u00e9quipement et des chemins de passage.<\/p>\n\n\n\n<h2 class=\"wp-block-heading\">R\u00e9paration d&rsquo;urgence avec la p\u00e2te m\u00e9tallique Belzona<\/h2>\n\n\n\n<p>Belzona propose \u00e9galement des solutions pour les r\u00e9parations d&rsquo;urgence. Ces produits durcissent rapidement, ce qui r\u00e9duit au minimum les temps d&rsquo;arr\u00eat de votre entreprise. Pour une protection \u00e0 long terme, un rev\u00eatement protecteur peut \u00eatre appliqu\u00e9 apr\u00e8s un traitement avec le m\u00e9tal liquide de Belzona.<\/p>\n\n\n\n<h2 class=\"wp-block-heading\">S\u00e9rie Belzona 1000 : m\u00e9tal liquide et m\u00e9tal mall\u00e9able<\/h2>\n\n\n\n<p>La s\u00e9rie Belzona 1000, avec son m\u00e9tal liquide et mall\u00e9able, comprend une gamme de solutions haute performance pour la r\u00e9paration et la reconstruction de pi\u00e8ces m\u00e9talliques.<\/p>\n\n\n\n<p>Ces syst\u00e8mes r\u00e9actifs \u00e0 deux composants peuvent r\u00e9parer \u00e0 la fois des machines et de l&rsquo;\u00e9quipement endommag\u00e9s et offrir une protection durable contre l&rsquo;\u00e9rosion, la corrosion, l&rsquo;usure et d&rsquo;autres formes de dommages m\u00e9caniques.<\/p>\n\n\n\n<p>Contactez-nous pour un conseil personnalis\u00e9 concernant la s\u00e9rie Belzona 1000 et ses solutions de m\u00e9tal liquide ou mall\u00e9able.<\/p>\n\n\n\n<p><\/p>\n","protected":false},"excerpt":{"rendered":"<p>Lorsque des pi\u00e8ces m\u00e9talliques sont endommag\u00e9es, il est essentiel de les r\u00e9parer rapidement afin d\u2019\u00e9viter une d\u00e9t\u00e9rioration progressive et le [&hellip;]<\/p>\n","protected":false},"author":5,"featured_media":686,"parent":0,"menu_order":0,"comment_status":"closed","ping_status":"closed","template":"","meta":{"_acf_changed":false,"content-type":"","editor_notices":[],"footnotes":""},"class_list":["post-684","page","type-page","status-publish","has-post-thumbnail","hentry"],"acf":[],"yoast_head":"<!-- This site is optimized with the Yoast SEO plugin v27.3 - https:\/\/yoast.com\/product\/yoast-seo-wordpress\/ -->\n<title>M\u00e9tal liquide Belzona : r\u00e9parations m\u00e9talliques | Perspect BE<\/title>\n<meta name=\"description\" content=\"R\u00e9parez fissures, usure et pi\u00e8ces m\u00e9talliques avec les solutions Belzona de m\u00e9tal liquide et m\u00e9tal mall\u00e9able. Conseils experts et produits haute performance.\" \/>\n<meta name=\"robots\" content=\"index, follow, max-snippet:-1, max-image-preview:large, max-video-preview:-1\" \/>\n<link rel=\"canonical\" href=\"https:\/\/www.belzona.be\/fr\/metal-liquide-malleable\/\" \/>\n<meta property=\"og:locale\" content=\"fr_FR\" \/>\n<meta property=\"og:type\" content=\"article\" \/>\n<meta property=\"og:title\" content=\"M\u00e9tal liquide Belzona : r\u00e9parations m\u00e9talliques | Perspect BE\" \/>\n<meta property=\"og:description\" content=\"R\u00e9parez fissures, usure et pi\u00e8ces m\u00e9talliques avec les solutions Belzona de m\u00e9tal liquide et m\u00e9tal mall\u00e9able. Conseils experts et produits haute performance.\" \/>\n<meta property=\"og:url\" content=\"https:\/\/www.belzona.be\/fr\/metal-liquide-malleable\/\" \/>\n<meta property=\"og:site_name\" content=\"Belzona Perspect Belgique FR\" \/>\n<meta property=\"article:modified_time\" content=\"2025-12-05T07:27:36+00:00\" \/>\n<meta property=\"og:image\" content=\"https:\/\/www.belzona.be\/fr\/wp-content\/uploads\/sites\/4\/2023\/03\/1212_10.jpg\" \/>\n\t<meta property=\"og:image:width\" content=\"1100\" \/>\n\t<meta property=\"og:image:height\" content=\"802\" \/>\n\t<meta property=\"og:image:type\" content=\"image\/jpeg\" \/>\n<meta name=\"twitter:card\" content=\"summary_large_image\" \/>\n<meta name=\"twitter:label1\" content=\"Dur\u00e9e de lecture est.\" \/>\n\t<meta name=\"twitter:data1\" content=\"6 minutes\" \/>\n<script type=\"application\/ld+json\" class=\"yoast-schema-graph\">{\"@context\":\"https:\\\/\\\/schema.org\",\"@graph\":[{\"@type\":\"WebPage\",\"@id\":\"https:\\\/\\\/www.belzona.be\\\/fr\\\/metal-liquide-malleable\\\/\",\"url\":\"https:\\\/\\\/www.belzona.be\\\/fr\\\/metal-liquide-malleable\\\/\",\"name\":\"M\u00e9tal liquide Belzona : r\u00e9parations m\u00e9talliques | Perspect BE\",\"isPartOf\":{\"@id\":\"https:\\\/\\\/www.belzona.be\\\/fr\\\/#website\"},\"primaryImageOfPage\":{\"@id\":\"https:\\\/\\\/www.belzona.be\\\/fr\\\/metal-liquide-malleable\\\/#primaryimage\"},\"image\":{\"@id\":\"https:\\\/\\\/www.belzona.be\\\/fr\\\/metal-liquide-malleable\\\/#primaryimage\"},\"thumbnailUrl\":\"https:\\\/\\\/www.belzona.be\\\/fr\\\/wp-content\\\/uploads\\\/sites\\\/4\\\/2023\\\/03\\\/1212_10.jpg\",\"datePublished\":\"2023-03-27T07:40:39+00:00\",\"dateModified\":\"2025-12-05T07:27:36+00:00\",\"description\":\"R\u00e9parez fissures, usure et pi\u00e8ces m\u00e9talliques avec les solutions Belzona de m\u00e9tal liquide et m\u00e9tal mall\u00e9able. Conseils experts et produits haute performance.\",\"breadcrumb\":{\"@id\":\"https:\\\/\\\/www.belzona.be\\\/fr\\\/metal-liquide-malleable\\\/#breadcrumb\"},\"inLanguage\":\"fr-BE\",\"potentialAction\":[{\"@type\":\"ReadAction\",\"target\":[\"https:\\\/\\\/www.belzona.be\\\/fr\\\/metal-liquide-malleable\\\/\"]}]},{\"@type\":\"ImageObject\",\"inLanguage\":\"fr-BE\",\"@id\":\"https:\\\/\\\/www.belzona.be\\\/fr\\\/metal-liquide-malleable\\\/#primaryimage\",\"url\":\"https:\\\/\\\/www.belzona.be\\\/fr\\\/wp-content\\\/uploads\\\/sites\\\/4\\\/2023\\\/03\\\/1212_10.jpg\",\"contentUrl\":\"https:\\\/\\\/www.belzona.be\\\/fr\\\/wp-content\\\/uploads\\\/sites\\\/4\\\/2023\\\/03\\\/1212_10.jpg\",\"width\":1100,\"height\":802},{\"@type\":\"BreadcrumbList\",\"@id\":\"https:\\\/\\\/www.belzona.be\\\/fr\\\/metal-liquide-malleable\\\/#breadcrumb\",\"itemListElement\":[{\"@type\":\"ListItem\",\"position\":1,\"name\":\"Accueil\",\"item\":\"https:\\\/\\\/www.belzona.be\\\/fr\\\/\"},{\"@type\":\"ListItem\",\"position\":2,\"name\":\"M\u00e9tal liquide &amp; M\u00e9tal mall\u00e9able\"}]},{\"@type\":\"WebSite\",\"@id\":\"https:\\\/\\\/www.belzona.be\\\/fr\\\/#website\",\"url\":\"https:\\\/\\\/www.belzona.be\\\/fr\\\/\",\"name\":\"Belzona Perspect Belgique FR\",\"description\":\"Belzona : r\u00e9paration, protection et am\u00e9lioration des surfaces. Belzona pr\u00e9vient et r\u00e9pare l&#039;\u00e9rosion, la corrosion, l&#039;abrasion, ainsi que les d\u00e9gradations chimiques et m\u00e9caniques.\",\"potentialAction\":[{\"@type\":\"SearchAction\",\"target\":{\"@type\":\"EntryPoint\",\"urlTemplate\":\"https:\\\/\\\/www.belzona.be\\\/fr\\\/?s={search_term_string}\"},\"query-input\":{\"@type\":\"PropertyValueSpecification\",\"valueRequired\":true,\"valueName\":\"search_term_string\"}}],\"inLanguage\":\"fr-BE\"}]}<\/script>\n<!-- \/ Yoast SEO plugin. -->","yoast_head_json":{"title":"M\u00e9tal liquide Belzona : r\u00e9parations m\u00e9talliques | Perspect BE","description":"R\u00e9parez fissures, usure et pi\u00e8ces m\u00e9talliques avec les solutions Belzona de m\u00e9tal liquide et m\u00e9tal mall\u00e9able. Conseils experts et produits haute performance.","robots":{"index":"index","follow":"follow","max-snippet":"max-snippet:-1","max-image-preview":"max-image-preview:large","max-video-preview":"max-video-preview:-1"},"canonical":"https:\/\/www.belzona.be\/fr\/metal-liquide-malleable\/","og_locale":"fr_FR","og_type":"article","og_title":"M\u00e9tal liquide Belzona : r\u00e9parations m\u00e9talliques | Perspect BE","og_description":"R\u00e9parez fissures, usure et pi\u00e8ces m\u00e9talliques avec les solutions Belzona de m\u00e9tal liquide et m\u00e9tal mall\u00e9able. Conseils experts et produits haute performance.","og_url":"https:\/\/www.belzona.be\/fr\/metal-liquide-malleable\/","og_site_name":"Belzona Perspect Belgique FR","article_modified_time":"2025-12-05T07:27:36+00:00","og_image":[{"width":1100,"height":802,"url":"https:\/\/www.belzona.be\/fr\/wp-content\/uploads\/sites\/4\/2023\/03\/1212_10.jpg","type":"image\/jpeg"}],"twitter_card":"summary_large_image","twitter_misc":{"Dur\u00e9e de lecture est.":"6 minutes"},"schema":{"@context":"https:\/\/schema.org","@graph":[{"@type":"WebPage","@id":"https:\/\/www.belzona.be\/fr\/metal-liquide-malleable\/","url":"https:\/\/www.belzona.be\/fr\/metal-liquide-malleable\/","name":"M\u00e9tal liquide Belzona : r\u00e9parations m\u00e9talliques | Perspect BE","isPartOf":{"@id":"https:\/\/www.belzona.be\/fr\/#website"},"primaryImageOfPage":{"@id":"https:\/\/www.belzona.be\/fr\/metal-liquide-malleable\/#primaryimage"},"image":{"@id":"https:\/\/www.belzona.be\/fr\/metal-liquide-malleable\/#primaryimage"},"thumbnailUrl":"https:\/\/www.belzona.be\/fr\/wp-content\/uploads\/sites\/4\/2023\/03\/1212_10.jpg","datePublished":"2023-03-27T07:40:39+00:00","dateModified":"2025-12-05T07:27:36+00:00","description":"R\u00e9parez fissures, usure et pi\u00e8ces m\u00e9talliques avec les solutions Belzona de m\u00e9tal liquide et m\u00e9tal mall\u00e9able. Conseils experts et produits haute performance.","breadcrumb":{"@id":"https:\/\/www.belzona.be\/fr\/metal-liquide-malleable\/#breadcrumb"},"inLanguage":"fr-BE","potentialAction":[{"@type":"ReadAction","target":["https:\/\/www.belzona.be\/fr\/metal-liquide-malleable\/"]}]},{"@type":"ImageObject","inLanguage":"fr-BE","@id":"https:\/\/www.belzona.be\/fr\/metal-liquide-malleable\/#primaryimage","url":"https:\/\/www.belzona.be\/fr\/wp-content\/uploads\/sites\/4\/2023\/03\/1212_10.jpg","contentUrl":"https:\/\/www.belzona.be\/fr\/wp-content\/uploads\/sites\/4\/2023\/03\/1212_10.jpg","width":1100,"height":802},{"@type":"BreadcrumbList","@id":"https:\/\/www.belzona.be\/fr\/metal-liquide-malleable\/#breadcrumb","itemListElement":[{"@type":"ListItem","position":1,"name":"Accueil","item":"https:\/\/www.belzona.be\/fr\/"},{"@type":"ListItem","position":2,"name":"M\u00e9tal liquide &amp; M\u00e9tal mall\u00e9able"}]},{"@type":"WebSite","@id":"https:\/\/www.belzona.be\/fr\/#website","url":"https:\/\/www.belzona.be\/fr\/","name":"Belzona Perspect Belgique FR","description":"Belzona : r\u00e9paration, protection et am\u00e9lioration des surfaces. Belzona pr\u00e9vient et r\u00e9pare l&#039;\u00e9rosion, la corrosion, l&#039;abrasion, ainsi que les d\u00e9gradations chimiques et m\u00e9caniques.","potentialAction":[{"@type":"SearchAction","target":{"@type":"EntryPoint","urlTemplate":"https:\/\/www.belzona.be\/fr\/?s={search_term_string}"},"query-input":{"@type":"PropertyValueSpecification","valueRequired":true,"valueName":"search_term_string"}}],"inLanguage":"fr-BE"}]}},"_links":{"self":[{"href":"https:\/\/www.belzona.be\/fr\/wp-json\/wp\/v2\/pages\/684","targetHints":{"allow":["GET"]}}],"collection":[{"href":"https:\/\/www.belzona.be\/fr\/wp-json\/wp\/v2\/pages"}],"about":[{"href":"https:\/\/www.belzona.be\/fr\/wp-json\/wp\/v2\/types\/page"}],"author":[{"embeddable":true,"href":"https:\/\/www.belzona.be\/fr\/wp-json\/wp\/v2\/users\/5"}],"replies":[{"embeddable":true,"href":"https:\/\/www.belzona.be\/fr\/wp-json\/wp\/v2\/comments?post=684"}],"version-history":[{"count":11,"href":"https:\/\/www.belzona.be\/fr\/wp-json\/wp\/v2\/pages\/684\/revisions"}],"predecessor-version":[{"id":1927,"href":"https:\/\/www.belzona.be\/fr\/wp-json\/wp\/v2\/pages\/684\/revisions\/1927"}],"wp:featuredmedia":[{"embeddable":true,"href":"https:\/\/www.belzona.be\/fr\/wp-json\/wp\/v2\/media\/686"}],"wp:attachment":[{"href":"https:\/\/www.belzona.be\/fr\/wp-json\/wp\/v2\/media?parent=684"}],"curies":[{"name":"wp","href":"https:\/\/api.w.org\/{rel}","templated":true}]}}