{"id":3,"date":"2022-08-24T12:58:22","date_gmt":"2022-08-24T11:58:22","guid":{"rendered":"https:\/\/www.belzona.nl\/?page_id=3"},"modified":"2025-12-21T13:35:44","modified_gmt":"2025-12-21T12:35:44","slug":"protection-de-la-vie-privee","status":"publish","type":"page","link":"https:\/\/www.belzona.be\/fr\/protection-de-la-vie-privee\/","title":{"rendered":"Protection de la vie priv\u00e9e &amp; Exclusion de responsabilit\u00e9"},"content":{"rendered":"\n<h2 class=\"wp-block-heading\">CONDITIONS D&rsquo;UTILISATION<\/h2>\n\n\n\n<p>Ce site Internet est cr\u00e9\u00e9 et g\u00e9r\u00e9 par Perspect Benelux BV. Les pr\u00e9sentes conditions sont applicables \u00e0 l&rsquo;utilisation de ce site Internet. En utilisant ce site Internet, vous indiquez que vous acceptez et \u00eates li\u00e9 par les conditions d&rsquo;utilisation suivantes. Perspect Benelux BV peut modifier les pr\u00e9sentes conditions d&rsquo;utilisation. Vous serez alors li\u00e9 par ces modifications.<\/p>\n\n\n\n<p>EXCLUSION DE RESPONSABILIT\u00c9<\/p>\n\n\n\n<p>Perspect Benelux BV d\u00e9cline toute responsabilit\u00e9 pour des dommages directs et indirects de quelque nature que ce soit, r\u00e9sultant de ou li\u00e9s \u00e0 l&rsquo;utilisation de ce site Internet ou toute impossibilit\u00e9 temporaire de consulter ce site Internet. Les informations contenues sur ce site Internet sont uniquement fournies \u00e0 titre g\u00e9n\u00e9ral et informatif. Les informations contenues sur ce site Internet n&rsquo;engagent pas Perspect Benelux BV. Les informations figurant sur ce site Internet proviennent de Perspect Benelux BV ou de tiers. Malgr\u00e9 le plus grand soin apport\u00e9 \u00e0 la composition et \u00e0 la maintenance de ce site Internet, Perspect Benelux BV ne peut garantir l&rsquo;absence d&rsquo;erreurs, d&rsquo;omissions ou d&rsquo;informations non actualis\u00e9es. Par cons\u00e9quent, Perspect Benelux BV d\u00e9cline toute responsabilit\u00e9 en cas d&rsquo;erreurs, d&rsquo;omissions ou d&rsquo;informations non actualis\u00e9es. Perspect Benelux BV ne peut pas non plus garantir que ce site Internet fonctionne sans erreurs ou que ce site Internet et les serveurs associ\u00e9s sont exempts d&rsquo;imperfections. De m\u00eame, Perspect Benelux BV ne peut garantir que les informations que vous avez consult\u00e9es correspondent \u00e0 l\u2019usage que vous souhaitez en faire.<\/p>\n\n\n\n<p>VIE PRIV\u00c9E<\/p>\n\n\n\n<p>Perspect Benelux BV traitera vos donn\u00e9es personnelles de mani\u00e8re responsable et appropri\u00e9e, conform\u00e9ment \u00e0 la loi sur la protection des donn\u00e9es personnelles. Toutes les donn\u00e9es personnelles fournies \u00e0 Perspect Benelux BV seront trait\u00e9es de mani\u00e8re confidentielle et seront utilis\u00e9es et trait\u00e9es exclusivement aux fins pour lesquelles vous les avez fournies (par exemple, pour un formulaire de demande). Perspect Benelux BV ne permet \u00e0 des tiers d&rsquo;acc\u00e9der \u00e0 vos donn\u00e9es personnelles que si la loi l&rsquo;exige ou que vous avez vous-m\u00eame donn\u00e9 explicitement l&rsquo;autorisation de rendre vos donn\u00e9es publiques. Vous avez acc\u00e8s \u00e0 tout moment \u00e0 vos donn\u00e9es personnelles et pouvez les faire modifier ou supprimer sur simple demande \u00e9crite. Perspect Benelux BV recueille des donn\u00e9es statistiques sur la fr\u00e9quentation du site Internet. Ces donn\u00e9es sont utilis\u00e9es pour analyser la fr\u00e9quentation du site Internet, le temps pass\u00e9 par les visiteurs sur le site Internet, les pages les plus consult\u00e9es, etc., afin d&rsquo;am\u00e9liorer les services propos\u00e9s par Perspect Benelux BV. Le programme de statistiques ne recueille aucune donn\u00e9e personnelle des visiteurs.<\/p>\n\n\n\n<p><a href=\"https:\/\/www.belzona.nl\/index.php?googleoptout=true\">D\u00e9sactiver Google Analytics<\/a><\/p>\n\n\n\n<p>COOKIES<\/p>\n\n\n\n<p>Perspect Benelux BV utilise des cookies sur ce site Internet. Un cookie est un petit fichier stock\u00e9 par votre navigateur sur votre ordinateur, smartphone ou autre appareil. Les cookies ne pr\u00e9sentent aucun risque pour votre ordinateur et peuvent \u00eatre supprim\u00e9s \u00e0 tout moment depuis votre navigateur. Cependant, seule votre intervention permet de les supprimer, car ils sont stock\u00e9s sur votre ordinateur. La suppression des cookies peut n\u00e9anmoins alt\u00e9rer le bon fonctionnement du site Internet. Perspect Benelux BV utilise des cookies afin d\u2019adapter au mieux ses services aux besoins des visiteurs du site Internet. Perspect Benelux BV utilise \u00e9galement des cookies sur votre ordinateur, smartphone ou autre appareil afin de limiter la r\u00e9p\u00e9tition de certaines publicit\u00e9s. Ces cookies ne sont pas associ\u00e9s \u00e0 un profil personnel.<\/p>\n\n\n\n<p>DROITS D&rsquo;AUTEUR<\/p>\n\n\n\n<p>L&rsquo;ensemble des contenus de ce site Internet, y compris, sans s&rsquo;y limiter, les textes, \u00e9l\u00e9ments graphiques et logos, est prot\u00e9g\u00e9 par le droit d&rsquo;auteur. Toute distribution, vente, reproduction ou modification, de quelque mani\u00e8re que ce soit, de ces informations est interdite sans l\u2019autorisation \u00e9crite du titulaire des droits d\u2019auteur sur ces informations, sauf pour un usage personnel et non commercial. Perspect Benelux BV a le droit de refuser l&rsquo;acc\u00e8s \u00e0 des informations ou bien de supprimer des informations de son site Internet en cas de violation des droits de tiers.<\/p>\n\n\n\n<p>CONTENUS SOUMIS<\/p>\n\n\n\n<p>Les auteurs des donn\u00e9es soumises conservent leurs droits d\u2019auteur. Toutefois, en soumettant leurs donn\u00e9es, ils accordent une autorisation illimit\u00e9e de publication sur le site Internet, ainsi que de stockage dans des bases de donn\u00e9es (\u00e9lectroniques) et autres fichiers, sans qu\u2019aucune compensation ne soit due. Perspect Benelux BV se r\u00e9serve le droit de supprimer, raccourcir, modifier ou refuser la publication de certains contenus. Cela s&rsquo;applique aussi bien \u00e0 du texte qu&rsquo;\u00e0 du mat\u00e9riel iconographique. Perspect Benelux BV indiquera la source en cas de publication.<\/p>\n\n\n\n<p>LIENS<\/p>\n\n\n\n<p>Ce site Internet contient des liens vers d&rsquo;autres sites et sources g\u00e9r\u00e9s par un ou des tiers. Perspect Benelux BV offre ces liens \u00e0 titre de service. Perspect Benelux BV d\u00e9cline toute responsabilit\u00e9 quant aux informations disponibles sur ces sites Internet, aux biens et services propos\u00e9s, \u00e0 la politique de confidentialit\u00e9 appliqu\u00e9e ou \u00e0 la disponibilit\u00e9 de ces sites et sources. Perspect Benelux BV n\u2019est pas non plus responsable de la pr\u00e9sence de virus ou d\u2019autres \u00e9l\u00e9ments nuisibles sur les sites et sources accessibles via ces liens.<\/p>\n\n\n\n<p>DROIT APPLICABLE<\/p>\n\n\n\n<p>Le droit n\u00e9erlandais est exclusivement applicable \u00e0 l&rsquo;utilisation de ce site Internet. Tout litige avec Perspect Benelux BV r\u00e9sultant de l\u2019utilisation de ce site Internet sera port\u00e9 devant le tribunal comp\u00e9tent de Rotterdam, sauf si Perspect Benelux BV choisit de soumettre le litige \u00e0 un autre tribunal n\u00e9erlandais comp\u00e9tent conform\u00e9ment aux r\u00e8gles en vigueur.<\/p>\n","protected":false},"excerpt":{"rendered":"<p>CONDITIONS D&rsquo;UTILISATION Ce site Internet est cr\u00e9\u00e9 et g\u00e9r\u00e9 par Perspect Benelux BV. Les pr\u00e9sentes conditions sont applicables \u00e0 l&rsquo;utilisation [&hellip;]<\/p>\n","protected":false},"author":2,"featured_media":0,"parent":0,"menu_order":0,"comment_status":"closed","ping_status":"open","template":"","meta":{"_acf_changed":false,"content-type":"","editor_notices":[],"footnotes":""},"class_list":["post-3","page","type-page","status-publish","hentry"],"acf":[],"yoast_head":"<!-- This site is optimized with the Yoast SEO plugin v27.3 - https:\/\/yoast.com\/product\/yoast-seo-wordpress\/ -->\n<title>Protection de la vie priv\u00e9e | Perspect BE<\/title>\n<meta name=\"description\" content=\"D\u00e9couvrez la politique de confidentialit\u00e9 de Perspect Belgique : collecte, utilisation et protection de vos donn\u00e9es personnelles.\" \/>\n<meta name=\"robots\" content=\"index, follow, max-snippet:-1, max-image-preview:large, max-video-preview:-1\" \/>\n<link rel=\"canonical\" href=\"https:\/\/www.belzona.be\/fr\/protection-de-la-vie-privee\/\" \/>\n<meta property=\"og:locale\" content=\"fr_FR\" \/>\n<meta property=\"og:type\" content=\"article\" \/>\n<meta property=\"og:title\" content=\"Protection de la vie priv\u00e9e | Perspect BE\" \/>\n<meta property=\"og:description\" content=\"D\u00e9couvrez la politique de confidentialit\u00e9 de Perspect Belgique : collecte, utilisation et protection de vos donn\u00e9es personnelles.\" \/>\n<meta property=\"og:url\" content=\"https:\/\/www.belzona.be\/fr\/protection-de-la-vie-privee\/\" \/>\n<meta property=\"og:site_name\" content=\"Belzona Perspect Belgique FR\" \/>\n<meta property=\"article:modified_time\" content=\"2025-12-21T12:35:44+00:00\" \/>\n<meta name=\"twitter:card\" content=\"summary_large_image\" \/>\n<meta name=\"twitter:label1\" content=\"Dur\u00e9e de lecture est.\" \/>\n\t<meta name=\"twitter:data1\" content=\"5 minutes\" \/>\n<script type=\"application\/ld+json\" class=\"yoast-schema-graph\">{\"@context\":\"https:\\\/\\\/schema.org\",\"@graph\":[{\"@type\":\"WebPage\",\"@id\":\"https:\\\/\\\/www.belzona.be\\\/fr\\\/protection-de-la-vie-privee\\\/\",\"url\":\"https:\\\/\\\/www.belzona.be\\\/fr\\\/protection-de-la-vie-privee\\\/\",\"name\":\"Protection de la vie priv\u00e9e | Perspect BE\",\"isPartOf\":{\"@id\":\"https:\\\/\\\/www.belzona.be\\\/fr\\\/#website\"},\"datePublished\":\"2022-08-24T11:58:22+00:00\",\"dateModified\":\"2025-12-21T12:35:44+00:00\",\"description\":\"D\u00e9couvrez la politique de confidentialit\u00e9 de Perspect Belgique : collecte, utilisation et protection de vos donn\u00e9es personnelles.\",\"breadcrumb\":{\"@id\":\"https:\\\/\\\/www.belzona.be\\\/fr\\\/protection-de-la-vie-privee\\\/#breadcrumb\"},\"inLanguage\":\"fr-BE\",\"potentialAction\":[{\"@type\":\"ReadAction\",\"target\":[\"https:\\\/\\\/www.belzona.be\\\/fr\\\/protection-de-la-vie-privee\\\/\"]}]},{\"@type\":\"BreadcrumbList\",\"@id\":\"https:\\\/\\\/www.belzona.be\\\/fr\\\/protection-de-la-vie-privee\\\/#breadcrumb\",\"itemListElement\":[{\"@type\":\"ListItem\",\"position\":1,\"name\":\"Accueil\",\"item\":\"https:\\\/\\\/www.belzona.be\\\/fr\\\/\"},{\"@type\":\"ListItem\",\"position\":2,\"name\":\"Protection de la vie priv\u00e9e &amp; Exclusion de responsabilit\u00e9\"}]},{\"@type\":\"WebSite\",\"@id\":\"https:\\\/\\\/www.belzona.be\\\/fr\\\/#website\",\"url\":\"https:\\\/\\\/www.belzona.be\\\/fr\\\/\",\"name\":\"Belzona Perspect Belgique FR\",\"description\":\"Belzona : r\u00e9paration, protection et am\u00e9lioration des surfaces. Belzona pr\u00e9vient et r\u00e9pare l&#039;\u00e9rosion, la corrosion, l&#039;abrasion, ainsi que les d\u00e9gradations chimiques et m\u00e9caniques.\",\"potentialAction\":[{\"@type\":\"SearchAction\",\"target\":{\"@type\":\"EntryPoint\",\"urlTemplate\":\"https:\\\/\\\/www.belzona.be\\\/fr\\\/?s={search_term_string}\"},\"query-input\":{\"@type\":\"PropertyValueSpecification\",\"valueRequired\":true,\"valueName\":\"search_term_string\"}}],\"inLanguage\":\"fr-BE\"}]}<\/script>\n<!-- \/ Yoast SEO plugin. -->","yoast_head_json":{"title":"Protection de la vie priv\u00e9e | Perspect BE","description":"D\u00e9couvrez la politique de confidentialit\u00e9 de Perspect Belgique : collecte, utilisation et protection de vos donn\u00e9es personnelles.","robots":{"index":"index","follow":"follow","max-snippet":"max-snippet:-1","max-image-preview":"max-image-preview:large","max-video-preview":"max-video-preview:-1"},"canonical":"https:\/\/www.belzona.be\/fr\/protection-de-la-vie-privee\/","og_locale":"fr_FR","og_type":"article","og_title":"Protection de la vie priv\u00e9e | Perspect BE","og_description":"D\u00e9couvrez la politique de confidentialit\u00e9 de Perspect Belgique : collecte, utilisation et protection de vos donn\u00e9es personnelles.","og_url":"https:\/\/www.belzona.be\/fr\/protection-de-la-vie-privee\/","og_site_name":"Belzona Perspect Belgique FR","article_modified_time":"2025-12-21T12:35:44+00:00","twitter_card":"summary_large_image","twitter_misc":{"Dur\u00e9e de lecture est.":"5 minutes"},"schema":{"@context":"https:\/\/schema.org","@graph":[{"@type":"WebPage","@id":"https:\/\/www.belzona.be\/fr\/protection-de-la-vie-privee\/","url":"https:\/\/www.belzona.be\/fr\/protection-de-la-vie-privee\/","name":"Protection de la vie priv\u00e9e | Perspect BE","isPartOf":{"@id":"https:\/\/www.belzona.be\/fr\/#website"},"datePublished":"2022-08-24T11:58:22+00:00","dateModified":"2025-12-21T12:35:44+00:00","description":"D\u00e9couvrez la politique de confidentialit\u00e9 de Perspect Belgique : collecte, utilisation et protection de vos donn\u00e9es personnelles.","breadcrumb":{"@id":"https:\/\/www.belzona.be\/fr\/protection-de-la-vie-privee\/#breadcrumb"},"inLanguage":"fr-BE","potentialAction":[{"@type":"ReadAction","target":["https:\/\/www.belzona.be\/fr\/protection-de-la-vie-privee\/"]}]},{"@type":"BreadcrumbList","@id":"https:\/\/www.belzona.be\/fr\/protection-de-la-vie-privee\/#breadcrumb","itemListElement":[{"@type":"ListItem","position":1,"name":"Accueil","item":"https:\/\/www.belzona.be\/fr\/"},{"@type":"ListItem","position":2,"name":"Protection de la vie priv\u00e9e &amp; Exclusion de responsabilit\u00e9"}]},{"@type":"WebSite","@id":"https:\/\/www.belzona.be\/fr\/#website","url":"https:\/\/www.belzona.be\/fr\/","name":"Belzona Perspect Belgique FR","description":"Belzona : r\u00e9paration, protection et am\u00e9lioration des surfaces. Belzona pr\u00e9vient et r\u00e9pare l&#039;\u00e9rosion, la corrosion, l&#039;abrasion, ainsi que les d\u00e9gradations chimiques et m\u00e9caniques.","potentialAction":[{"@type":"SearchAction","target":{"@type":"EntryPoint","urlTemplate":"https:\/\/www.belzona.be\/fr\/?s={search_term_string}"},"query-input":{"@type":"PropertyValueSpecification","valueRequired":true,"valueName":"search_term_string"}}],"inLanguage":"fr-BE"}]}},"_links":{"self":[{"href":"https:\/\/www.belzona.be\/fr\/wp-json\/wp\/v2\/pages\/3","targetHints":{"allow":["GET"]}}],"collection":[{"href":"https:\/\/www.belzona.be\/fr\/wp-json\/wp\/v2\/pages"}],"about":[{"href":"https:\/\/www.belzona.be\/fr\/wp-json\/wp\/v2\/types\/page"}],"author":[{"embeddable":true,"href":"https:\/\/www.belzona.be\/fr\/wp-json\/wp\/v2\/users\/2"}],"replies":[{"embeddable":true,"href":"https:\/\/www.belzona.be\/fr\/wp-json\/wp\/v2\/comments?post=3"}],"version-history":[{"count":6,"href":"https:\/\/www.belzona.be\/fr\/wp-json\/wp\/v2\/pages\/3\/revisions"}],"predecessor-version":[{"id":1987,"href":"https:\/\/www.belzona.be\/fr\/wp-json\/wp\/v2\/pages\/3\/revisions\/1987"}],"wp:attachment":[{"href":"https:\/\/www.belzona.be\/fr\/wp-json\/wp\/v2\/media?parent=3"}],"curies":[{"name":"wp","href":"https:\/\/api.w.org\/{rel}","templated":true}]}}