{"id":2,"date":"2022-08-24T12:58:22","date_gmt":"2022-08-24T12:58:22","guid":{"rendered":"https:\/\/www.belzona.nl\/?page_id=2"},"modified":"2025-12-21T14:00:12","modified_gmt":"2025-12-21T13:00:12","slug":"voorbeeld-pagina","status":"publish","type":"page","link":"https:\/\/www.belzona.be\/fr\/","title":{"rendered":"BELZONA : R\u00c9PARER, PROT\u00c9GER ET AM\u00c9LIORER"},"content":{"rendered":"\n<p><br>Belzona est le leader mondial sur le march\u00e9 des composites de r\u00e9paration polym\u00e8res et les rev\u00eatements de protection industriels pour des machines, \u00e9quipements et objets. Avec une gamme \u00e9tendue, comprenant plus de 100 produits haute performance, Belzona offre une solution adapt\u00e9e \u00e0 de nombreux probl\u00e8mes de maintenance, allant de syst\u00e8mes cl\u00e9s en main complets jusqu\u2019\u00e0 des r\u00e9parations pratiques sur site.<\/p>\n","protected":false},"excerpt":{"rendered":"<p>Belzona est le leader mondial sur le march\u00e9 des composites de r\u00e9paration polym\u00e8res et les rev\u00eatements de protection industriels pour [&hellip;]<\/p>\n","protected":false},"author":2,"featured_media":0,"parent":0,"menu_order":0,"comment_status":"closed","ping_status":"open","template":"template-homepage.php","meta":{"_acf_changed":false,"content-type":"","editor_notices":[],"footnotes":""},"class_list":["post-2","page","type-page","status-publish","hentry"],"acf":[],"yoast_head":"<!-- This site is optimized with the Yoast SEO plugin v27.3 - https:\/\/yoast.com\/product\/yoast-seo-wordpress\/ -->\n<title>Belzona : Composites &amp; Rev\u00eatements protecteurs | Perspect BE<\/title>\n<meta name=\"description\" content=\"Belzona est le leader mondial dans les composites de r\u00e9paration et les rev\u00eatements protecteurs industriels pour machines et \u00e9quipements.\" \/>\n<meta name=\"robots\" content=\"index, follow, max-snippet:-1, max-image-preview:large, max-video-preview:-1\" \/>\n<link rel=\"canonical\" href=\"https:\/\/www.belzona.be\/fr\/\" \/>\n<meta property=\"og:locale\" content=\"fr_FR\" \/>\n<meta property=\"og:type\" content=\"article\" \/>\n<meta property=\"og:title\" content=\"Belzona : Composites &amp; Rev\u00eatements protecteurs | Perspect BE\" \/>\n<meta property=\"og:description\" content=\"Belzona est le leader mondial dans les composites de r\u00e9paration et les rev\u00eatements protecteurs industriels pour machines et \u00e9quipements.\" \/>\n<meta property=\"og:url\" content=\"https:\/\/www.belzona.be\/fr\/\" \/>\n<meta property=\"og:site_name\" content=\"Belzona Perspect Belgique FR\" \/>\n<meta property=\"article:modified_time\" content=\"2025-12-21T13:00:12+00:00\" \/>\n<meta name=\"twitter:card\" content=\"summary_large_image\" \/>\n<meta name=\"twitter:label1\" content=\"Dur\u00e9e de lecture est.\" \/>\n\t<meta name=\"twitter:data1\" content=\"1 minute\" \/>\n<script type=\"application\/ld+json\" class=\"yoast-schema-graph\">{\"@context\":\"https:\\\/\\\/schema.org\",\"@graph\":[{\"@type\":\"WebPage\",\"@id\":\"https:\\\/\\\/www.belzona.be\\\/fr\\\/\",\"url\":\"https:\\\/\\\/www.belzona.be\\\/fr\\\/\",\"name\":\"Belzona : Composites & Rev\u00eatements protecteurs | Perspect BE\",\"isPartOf\":{\"@id\":\"https:\\\/\\\/www.belzona.be\\\/fr\\\/#website\"},\"datePublished\":\"2022-08-24T12:58:22+00:00\",\"dateModified\":\"2025-12-21T13:00:12+00:00\",\"description\":\"Belzona est le leader mondial dans les composites de r\u00e9paration et les rev\u00eatements protecteurs industriels pour machines et \u00e9quipements.\",\"breadcrumb\":{\"@id\":\"https:\\\/\\\/www.belzona.be\\\/fr\\\/#breadcrumb\"},\"inLanguage\":\"fr-BE\",\"potentialAction\":[{\"@type\":\"ReadAction\",\"target\":[\"https:\\\/\\\/www.belzona.be\\\/fr\\\/\"]}]},{\"@type\":\"BreadcrumbList\",\"@id\":\"https:\\\/\\\/www.belzona.be\\\/fr\\\/#breadcrumb\",\"itemListElement\":[{\"@type\":\"ListItem\",\"position\":1,\"name\":\"Accueil\",\"item\":\"https:\\\/\\\/www.belzona.be\\\/fr\\\/\"},{\"@type\":\"ListItem\",\"position\":2,\"name\":\"BELZONA : R\u00c9PARER, PROT\u00c9GER ET AM\u00c9LIORER\"}]},{\"@type\":\"WebSite\",\"@id\":\"https:\\\/\\\/www.belzona.be\\\/fr\\\/#website\",\"url\":\"https:\\\/\\\/www.belzona.be\\\/fr\\\/\",\"name\":\"Belzona Perspect Belgique FR\",\"description\":\"Belzona : r\u00e9paration, protection et am\u00e9lioration des surfaces. Belzona pr\u00e9vient et r\u00e9pare l&#039;\u00e9rosion, la corrosion, l&#039;abrasion, ainsi que les d\u00e9gradations chimiques et m\u00e9caniques.\",\"potentialAction\":[{\"@type\":\"SearchAction\",\"target\":{\"@type\":\"EntryPoint\",\"urlTemplate\":\"https:\\\/\\\/www.belzona.be\\\/fr\\\/?s={search_term_string}\"},\"query-input\":{\"@type\":\"PropertyValueSpecification\",\"valueRequired\":true,\"valueName\":\"search_term_string\"}}],\"inLanguage\":\"fr-BE\"}]}<\/script>\n<!-- \/ Yoast SEO plugin. -->","yoast_head_json":{"title":"Belzona : Composites & Rev\u00eatements protecteurs | Perspect BE","description":"Belzona est le leader mondial dans les composites de r\u00e9paration et les rev\u00eatements protecteurs industriels pour machines et \u00e9quipements.","robots":{"index":"index","follow":"follow","max-snippet":"max-snippet:-1","max-image-preview":"max-image-preview:large","max-video-preview":"max-video-preview:-1"},"canonical":"https:\/\/www.belzona.be\/fr\/","og_locale":"fr_FR","og_type":"article","og_title":"Belzona : Composites & Rev\u00eatements protecteurs | Perspect BE","og_description":"Belzona est le leader mondial dans les composites de r\u00e9paration et les rev\u00eatements protecteurs industriels pour machines et \u00e9quipements.","og_url":"https:\/\/www.belzona.be\/fr\/","og_site_name":"Belzona Perspect Belgique FR","article_modified_time":"2025-12-21T13:00:12+00:00","twitter_card":"summary_large_image","twitter_misc":{"Dur\u00e9e de lecture est.":"1 minute"},"schema":{"@context":"https:\/\/schema.org","@graph":[{"@type":"WebPage","@id":"https:\/\/www.belzona.be\/fr\/","url":"https:\/\/www.belzona.be\/fr\/","name":"Belzona : Composites & Rev\u00eatements protecteurs | Perspect BE","isPartOf":{"@id":"https:\/\/www.belzona.be\/fr\/#website"},"datePublished":"2022-08-24T12:58:22+00:00","dateModified":"2025-12-21T13:00:12+00:00","description":"Belzona est le leader mondial dans les composites de r\u00e9paration et les rev\u00eatements protecteurs industriels pour machines et \u00e9quipements.","breadcrumb":{"@id":"https:\/\/www.belzona.be\/fr\/#breadcrumb"},"inLanguage":"fr-BE","potentialAction":[{"@type":"ReadAction","target":["https:\/\/www.belzona.be\/fr\/"]}]},{"@type":"BreadcrumbList","@id":"https:\/\/www.belzona.be\/fr\/#breadcrumb","itemListElement":[{"@type":"ListItem","position":1,"name":"Accueil","item":"https:\/\/www.belzona.be\/fr\/"},{"@type":"ListItem","position":2,"name":"BELZONA : R\u00c9PARER, PROT\u00c9GER ET AM\u00c9LIORER"}]},{"@type":"WebSite","@id":"https:\/\/www.belzona.be\/fr\/#website","url":"https:\/\/www.belzona.be\/fr\/","name":"Belzona Perspect Belgique FR","description":"Belzona : r\u00e9paration, protection et am\u00e9lioration des surfaces. Belzona pr\u00e9vient et r\u00e9pare l&#039;\u00e9rosion, la corrosion, l&#039;abrasion, ainsi que les d\u00e9gradations chimiques et m\u00e9caniques.","potentialAction":[{"@type":"SearchAction","target":{"@type":"EntryPoint","urlTemplate":"https:\/\/www.belzona.be\/fr\/?s={search_term_string}"},"query-input":{"@type":"PropertyValueSpecification","valueRequired":true,"valueName":"search_term_string"}}],"inLanguage":"fr-BE"}]}},"_links":{"self":[{"href":"https:\/\/www.belzona.be\/fr\/wp-json\/wp\/v2\/pages\/2","targetHints":{"allow":["GET"]}}],"collection":[{"href":"https:\/\/www.belzona.be\/fr\/wp-json\/wp\/v2\/pages"}],"about":[{"href":"https:\/\/www.belzona.be\/fr\/wp-json\/wp\/v2\/types\/page"}],"author":[{"embeddable":true,"href":"https:\/\/www.belzona.be\/fr\/wp-json\/wp\/v2\/users\/2"}],"replies":[{"embeddable":true,"href":"https:\/\/www.belzona.be\/fr\/wp-json\/wp\/v2\/comments?post=2"}],"version-history":[{"count":43,"href":"https:\/\/www.belzona.be\/fr\/wp-json\/wp\/v2\/pages\/2\/revisions"}],"predecessor-version":[{"id":1990,"href":"https:\/\/www.belzona.be\/fr\/wp-json\/wp\/v2\/pages\/2\/revisions\/1990"}],"wp:attachment":[{"href":"https:\/\/www.belzona.be\/fr\/wp-json\/wp\/v2\/media?parent=2"}],"curies":[{"name":"wp","href":"https:\/\/api.w.org\/{rel}","templated":true}]}}