{"id":1671,"date":"2024-11-04T12:15:12","date_gmt":"2024-11-04T11:15:12","guid":{"rendered":"https:\/\/www.belzona.nl\/be-fr\/?page_id=1671"},"modified":"2025-12-19T14:13:08","modified_gmt":"2025-12-19T13:13:08","slug":"formation-belzona-2","status":"publish","type":"page","link":"https:\/\/www.belzona.be\/fr\/centre-de-formation\/formation-belzona-2\/","title":{"rendered":"Formation Belzona : apprendre l\u2019application des solutions industrielles"},"content":{"rendered":"\n<p>Perspect Benelux est un partenaire reconnu dans les solutions industrielles. Nous sommes sp\u00e9cialis\u00e9s dans les solutions de protection et de r\u00e9paration de surfaces. Nous offrons un assortiment Belzona \u00e9tendu. Nos produits Belzona sont utilis\u00e9s pour&nbsp;:<\/p>\n\n\n\n<ul class=\"wp-block-list\">\n<li>R\u00e9parer<\/li>\n\n\n\n<li>Prot\u00e9ger<\/li>\n\n\n\n<li>Optimiser la performance des surfaces dans divers secteurs industriels<\/li>\n<\/ul>\n\n\n\n<p>Les produits offrent une excellente protection contre la corrosion,&nbsp;l&rsquo;\u00e9rosion, l&rsquo;abrasion, les attaques chimiques, m\u00e9caniques et autres agressions environnementales. Les composites polym\u00e8res avanc\u00e9s int\u00e9gr\u00e9s dans les solutions Belzona prolongent la dur\u00e9e de vie des \u00e9quipements tout en r\u00e9duisant les temps d\u2019arr\u00eat et les co\u00fbts op\u00e9rationnels.<\/p>\n\n\n\n<p>Les produits Belzona fournissent ainsi des solutions polyvalentes pour la r\u00e9paration et la restauration de pi\u00e8ces endommag\u00e9es ou us\u00e9es. Ces solutions incluent diverses applications telles que la r\u00e9paration de fuites dans des canalisations, la reconstruction d&rsquo;engrenages us\u00e9s et la r\u00e9paration de structures en b\u00e9ton endommag\u00e9es. En faisant effectuer ces r\u00e9parations sur site avec des mat\u00e9riaux Belzona, les entreprises \u00e9vitent des remplacements co\u00fbteux et minimisent les temps d&rsquo;arr\u00eat.<\/p>\n\n\n\n<p>Une application correcte est essentielle pour exploiter pleinement le potentiel des produits Belzona. Les proc\u00e9dures correctes doivent \u00eatre suivies, la pr\u00e9paration de la surface doit \u00eatre ad\u00e9quate et les produits doivent \u00eatre m\u00e9lang\u00e9s et appliqu\u00e9s selon les sp\u00e9cifications requises. L&rsquo;acquisition de connaissances th\u00e9oriques et pratiques permet d&rsquo;optimiser les performances et la durabilit\u00e9 de nos p\u00e2tes et rev\u00eatements m\u00e9talliques prot\u00e9g\u00e9s.<\/p>\n\n\n\n<p>C&rsquo;est la raison pour laquelle Perspect Benelux vous offre la possibilit\u00e9 d&rsquo;apprendre \u00e0 exploiter pleinement le potentiel de nos solutions. Suivez dans notre <a href=\"https:\/\/www.belzona.be\/fr\/centre-de-formation\/\">centre de formation<\/a> une formation qui r\u00e9pond parfaitement \u00e0 vos besoins sp\u00e9cifiques.<\/p>\n\n\n\n<h2 class=\"wp-block-heading\"><strong>Pourquoi choisir une formation Belzona chez Perspect Benelux&nbsp;?<\/strong><\/h2>\n\n\n\n<ul class=\"wp-block-list\">\n<li><strong>Nos formations sont toujours \u00e9labor\u00e9es sur mesure&nbsp;:<\/strong>&nbsp;toutes les attentes sp\u00e9cifiques de votre entreprise et de votre secteur d&rsquo;activit\u00e9 sont prises en compte. Qu&rsquo;il s&rsquo;agisse d&rsquo;\u00e9changeurs de chaleur, de collage, de rev\u00eatements, d&rsquo;application de rev\u00eatements ou de bandage de fibres de carbone. Nos formations sont adapt\u00e9es \u00e0 vos besoins.<\/li>\n\n\n\n<li><strong>Combinaison de th\u00e9orie et de pratique&nbsp;:&nbsp;<\/strong>Nos formations allient harmonieusement th\u00e9orie et pratique. Vous commencez par la th\u00e9orie, apr\u00e8s quoi vous faites personnellement connaissance avec les produits dans l&rsquo;atelier.<\/li>\n\n\n\n<li><strong>Des instructeurs sp\u00e9cialis\u00e9s&nbsp;:&nbsp;<\/strong>nos sp\u00e9cialistes ont eux-m\u00eames suivi la formation au Royaume-Uni et sont donc qualifi\u00e9s pour donner ces cours.<\/li>\n\n\n\n<li><strong>Des r\u00e9sultats prouv\u00e9s\u00a0:\u00a0<\/strong>De nombreuses entreprises font confiance \u00e0 l&rsquo;expertise de Perspect Benelux pour des produits de haute qualit\u00e9 et des formations parfaitement cibl\u00e9es.<\/li>\n<\/ul>\n\n\n\n<p><\/p>\n\n\n\n<p><strong>Comment se d\u00e9roule une journ\u00e9e de formation&nbsp;?<\/strong><\/p>\n\n\n\n<p>Nous d\u00e9butons par un caf\u00e9 (ou un th\u00e9) dans notre espace de d\u00e9monstration. Apr\u00e8s une br\u00e8ve pr\u00e9sentation des participants, nous d\u00e9finissons ensemble les objectifs sp\u00e9cifiques de la formation. La matin\u00e9e est consacr\u00e9e \u00e0 la th\u00e9orie : nous expliquons le fonctionnement des solutions Belzona ainsi que les m\u00e9thodes d&rsquo;application correctes et s\u00e9curis\u00e9es des produits.<\/p>\n\n\n\n<p>Tout est mis en \u0153uvre pour garantir une journ\u00e9e fluide et productive. Un d\u00e9jeuner complet est pr\u00e9vu pour l&rsquo;ensemble des participants. Nous prenons en compte les demandes particuli\u00e8res, notamment en cas d&rsquo;allergies alimentaires.<\/p>\n\n\n\n<p>L&rsquo;apr\u00e8s-midi, place \u00e0 la pratique ! Apr\u00e8s avoir int\u00e9gr\u00e9 la th\u00e9orie et recharg\u00e9 vos batteries, nous enfilons nos v\u00eatements de travail et rejoignons l&rsquo;atelier. Vous apprenez \u00e0 manipuler les produits Belzona dans les r\u00e8gles de l&rsquo;art et en toute s\u00e9curit\u00e9.<\/p>\n\n\n\n<p>\u00c0 l&rsquo;issue de la formation, chaque participant re\u00e7oit un certificat de participation.<\/p>\n\n\n<script>\nvar gform;gform||(document.addEventListener(\"gform_main_scripts_loaded\",function(){gform.scriptsLoaded=!0}),document.addEventListener(\"gform\/theme\/scripts_loaded\",function(){gform.themeScriptsLoaded=!0}),window.addEventListener(\"DOMContentLoaded\",function(){gform.domLoaded=!0}),gform={domLoaded:!1,scriptsLoaded:!1,themeScriptsLoaded:!1,isFormEditor:()=>\"function\"==typeof InitializeEditor,callIfLoaded:function(o){return!(!gform.domLoaded||!gform.scriptsLoaded||!gform.themeScriptsLoaded&&!gform.isFormEditor()||(gform.isFormEditor()&&console.warn(\"The use of gform.initializeOnLoaded() is deprecated in the form editor context and will be removed in Gravity Forms 3.1.\"),o(),0))},initializeOnLoaded:function(o){gform.callIfLoaded(o)||(document.addEventListener(\"gform_main_scripts_loaded\",()=>{gform.scriptsLoaded=!0,gform.callIfLoaded(o)}),document.addEventListener(\"gform\/theme\/scripts_loaded\",()=>{gform.themeScriptsLoaded=!0,gform.callIfLoaded(o)}),window.addEventListener(\"DOMContentLoaded\",()=>{gform.domLoaded=!0,gform.callIfLoaded(o)}))},hooks:{action:{},filter:{}},addAction:function(o,r,e,t){gform.addHook(\"action\",o,r,e,t)},addFilter:function(o,r,e,t){gform.addHook(\"filter\",o,r,e,t)},doAction:function(o){gform.doHook(\"action\",o,arguments)},applyFilters:function(o){return gform.doHook(\"filter\",o,arguments)},removeAction:function(o,r){gform.removeHook(\"action\",o,r)},removeFilter:function(o,r,e){gform.removeHook(\"filter\",o,r,e)},addHook:function(o,r,e,t,n){null==gform.hooks[o][r]&&(gform.hooks[o][r]=[]);var d=gform.hooks[o][r];null==n&&(n=r+\"_\"+d.length),gform.hooks[o][r].push({tag:n,callable:e,priority:t=null==t?10:t})},doHook:function(r,o,e){var t;if(e=Array.prototype.slice.call(e,1),null!=gform.hooks[r][o]&&((o=gform.hooks[r][o]).sort(function(o,r){return o.priority-r.priority}),o.forEach(function(o){\"function\"!=typeof(t=o.callable)&&(t=window[t]),\"action\"==r?t.apply(null,e):e[0]=t.apply(null,e)})),\"filter\"==r)return e[0]},removeHook:function(o,r,t,n){var e;null!=gform.hooks[o][r]&&(e=(e=gform.hooks[o][r]).filter(function(o,r,e){return!!(null!=n&&n!=o.tag||null!=t&&t!=o.priority)}),gform.hooks[o][r]=e)}});\n<\/script>\n\n                <div class='gf_browser_gecko gform_wrapper gravity-theme gform-theme--no-framework' data-form-theme='gravity-theme' data-form-index='0' id='gform_wrapper_5' >\n                        <div class='gform_heading'>\n                            <h2 class=\"gform_title\">Formulaire d&rsquo;inscription \u00e0 la formation<\/h2>\n                            <p class='gform_description'><\/p>\n                        <\/div><form method='post' enctype='multipart\/form-data'  id='gform_5'  action='\/fr\/wp-json\/wp\/v2\/pages\/1671' data-formid='5' novalidate><div class='gf_invisible ginput_recaptchav3' data-sitekey='6LcLX1ohAAAAAMsLLtQROFmt4rprzW1BA1jSkbg-' data-tabindex='0'><input id=\"input_baf6c8a8d9651f63d56494042fa96ab9\" class=\"gfield_recaptcha_response\" type=\"hidden\" name=\"input_baf6c8a8d9651f63d56494042fa96ab9\" value=\"\"\/><\/div>\n                        <div class='gform-body gform_body'><div id='gform_fields_5' class='gform_fields top_label form_sublabel_below description_below validation_below'><div id=\"field_5_1\" class=\"gfield gfield--type-text gfield--input-type-text gfield_contains_required field_sublabel_below gfield--no-description field_description_below hidden_label field_validation_below gfield_visibility_visible\"  ><label class='gfield_label gform-field-label' for='input_5_1'>Pr\u00e9nom et nom de famille<span class=\"gfield_required\"><span class=\"gfield_required gfield_required_text\">(Required)<\/span><\/span><\/label><div class='ginput_container ginput_container_text'><input name='input_1' id='input_5_1' type='text' value='' class='large'    placeholder='Pr\u00e9nom et nom de famille' aria-required=\"true\" aria-invalid=\"false\"   \/><\/div><\/div><div id=\"field_5_8\" class=\"gfield gfield--type-select gfield--input-type-select gfield--width-full field_sublabel_below gfield--no-description field_description_below field_validation_below gfield_visibility_visible\"  ><label class='gfield_label gform-field-label' for='input_5_8'>Formation choisie :<\/label><div class='ginput_container ginput_container_select'><select name='input_8' id='input_5_8' class='large gfield_select'     aria-invalid=\"false\" ><option value='Formation SuperWrap II' >Formation SuperWrap II<\/option><option value='Formation Belzona' >Formation Belzona<\/option><option value='Formation surface prep' >Formation surface prep<\/option><option value='Formation Installateur SF\u2086-FIX' >Formation Installateur SF\u2086-FIX<\/option><\/select><\/div><\/div><div id=\"field_5_5\" class=\"gfield gfield--type-email gfield--input-type-email gfield--width-full gfield_contains_required field_sublabel_below gfield--no-description field_description_below hidden_label field_validation_below gfield_visibility_visible\"  ><label class='gfield_label gform-field-label' for='input_5_5'>Adresse e-mail.<span class=\"gfield_required\"><span class=\"gfield_required gfield_required_text\">(Required)<\/span><\/span><\/label><div class='ginput_container ginput_container_email'>\n                            <input name='input_5' id='input_5_5' type='email' value='' class='large'   placeholder='Adresse e-mail' aria-required=\"true\" aria-invalid=\"false\"  \/>\n                        <\/div><\/div><div id=\"field_5_6\" class=\"gfield gfield--type-phone gfield--input-type-phone gfield--width-full field_sublabel_below gfield--no-description field_description_below hidden_label field_validation_below gfield_visibility_visible\"  ><label class='gfield_label gform-field-label' for='input_5_6'>Num\u00e9ro de t\u00e9l\u00e9phone (optionnel).<\/label><div class='ginput_container ginput_container_phone'><input name='input_6' id='input_5_6' type='tel' value='' class='large'  placeholder='Num\u00e9ro de t\u00e9l\u00e9phone (optionnel)'  aria-invalid=\"false\"   \/><\/div><\/div><div id=\"field_5_7\" class=\"gfield gfield--type-textarea gfield--input-type-textarea gfield--width-full gfield_contains_required field_sublabel_below gfield--no-description field_description_below hidden_label field_validation_below gfield_visibility_visible\"  ><label class='gfield_label gform-field-label' for='input_5_7'>Comment pouvons-nous vous aider ?<span class=\"gfield_required\"><span class=\"gfield_required gfield_required_text\">(Required)<\/span><\/span><\/label><div class='ginput_container ginput_container_textarea'><textarea name='input_7' id='input_5_7' class='textarea large'    placeholder='Comment pouvons-nous vous aider ?' aria-required=\"true\" aria-invalid=\"false\"   rows='10' cols='50'><\/textarea><\/div><\/div><\/div><\/div>\n        <div class='gform-footer gform_footer top_label'> <div class=\"btn-container\"><input type=\"submit\" id=\"gform_submit_button_5\" class=\"wp-block-button__link gform_button button\" onclick=\"gform.submission.handleButtonClick(this);\" data-submission-type=\"submit\" value=\"Envoyer\"><\/div><p>Ce site web est s\u00e9curis\u00e9 par reCAPTCHA et les <a href=\"https:\/\/policies.google.com\/privacy\" target=\"_blank\">Politique de confidentialit\u00e9<\/a> et <a href=\"https:\/\/policies.google.com\/terms\" target=\"_blank\">Conditions d&rsquo;utilisation<\/a> de Google s&rsquo;appliquent.<\/p> \n            <input type='hidden' class='gform_hidden' name='gform_submission_method' data-js='gform_submission_method_5' value='postback' \/>\n            <input type='hidden' class='gform_hidden' name='gform_theme' data-js='gform_theme_5' id='gform_theme_5' value='gravity-theme' \/>\n            <input type='hidden' class='gform_hidden' name='gform_style_settings' data-js='gform_style_settings_5' id='gform_style_settings_5' value='{&quot;inputPrimaryColor&quot;:&quot;#204ce5&quot;}' \/>\n            <input type='hidden' class='gform_hidden' name='is_submit_5' value='1' \/>\n            <input type='hidden' class='gform_hidden' name='gform_submit' value='5' \/>\n            \n            <input type='hidden' class='gform_hidden' name='gform_currency' data-currency='EUR' value='hh5Xismj7Og5eWAozIRoxShUhhGT0mfLP792vuHDyv6WLWGMaTmS+a8B\/u571Zsi9UFOP6825KwvtL9h1WC5xAoOlnq0kCvVmBBFnX7OX9zA8XY=' \/>\n            <input type='hidden' class='gform_hidden' name='gform_unique_id' value='' \/>\n            <input type='hidden' class='gform_hidden' name='state_5' value='WyJ7XCI4XCI6W1wiZTY5Yzc3ODk4ZTg4YzgzYmJjM2ZhYThjNzAyMjRkZTVcIixcImI5OGY0YTIyMDI2ZDY4ZDQ5OTY3YWEwODIzZmRkYzBmXCIsXCI0OWVjYzJlYzc1ZTE2Yzc1MzdjOTZjNjRhMmJjNDE2YVwiLFwiNWFmOTgyYzVmMGM1MTEwNGI4ZGJhZDdkNTFjYjc2NWNcIl19IiwiOWU2OTM4MmZjYWMzYjE5ZWZkNTJkNzlhYzg5NmVkY2YiXQ==' \/>\n            <input type='hidden' autocomplete='off' class='gform_hidden' name='gform_target_page_number_5' id='gform_target_page_number_5' value='0' \/>\n            <input type='hidden' autocomplete='off' class='gform_hidden' name='gform_source_page_number_5' id='gform_source_page_number_5' value='1' \/>\n            <input type='hidden' name='gform_field_values' value='' \/>\n            \n        <\/div>\n                        <\/form>\n                        <\/div><script>\ngform.initializeOnLoaded( function() {gformInitSpinner( 5, 'https:\/\/www.belzona.be\/fr\/wp-content\/plugins\/gravityforms\/images\/spinner.svg', true );jQuery('#gform_ajax_frame_5').on('load',function(){var contents = jQuery(this).contents().find('*').html();var is_postback = contents.indexOf('GF_AJAX_POSTBACK') >= 0;if(!is_postback){return;}var form_content = jQuery(this).contents().find('#gform_wrapper_5');var is_confirmation = jQuery(this).contents().find('#gform_confirmation_wrapper_5').length > 0;var is_redirect = contents.indexOf('gformRedirect(){') >= 0;var is_form = form_content.length > 0 && ! is_redirect && ! is_confirmation;var mt = parseInt(jQuery('html').css('margin-top'), 10) + parseInt(jQuery('body').css('margin-top'), 10) + 100;if(is_form){jQuery('#gform_wrapper_5').html(form_content.html());if(form_content.hasClass('gform_validation_error')){jQuery('#gform_wrapper_5').addClass('gform_validation_error');} else {jQuery('#gform_wrapper_5').removeClass('gform_validation_error');}setTimeout( function() { \/* delay the scroll by 50 milliseconds to fix a bug in chrome *\/  }, 50 );if(window['gformInitDatepicker']) {gformInitDatepicker();}if(window['gformInitPriceFields']) {gformInitPriceFields();}var current_page = jQuery('#gform_source_page_number_5').val();gformInitSpinner( 5, 'https:\/\/www.belzona.be\/fr\/wp-content\/plugins\/gravityforms\/images\/spinner.svg', true );jQuery(document).trigger('gform_page_loaded', [5, current_page]);window['gf_submitting_5'] = false;}else if(!is_redirect){var confirmation_content = jQuery(this).contents().find('.GF_AJAX_POSTBACK').html();if(!confirmation_content){confirmation_content = contents;}jQuery('#gform_wrapper_5').replaceWith(confirmation_content);jQuery(document).trigger('gform_confirmation_loaded', [5]);window['gf_submitting_5'] = false;wp.a11y.speak(jQuery('#gform_confirmation_message_5').text());}else{jQuery('#gform_5').append(contents);if(window['gformRedirect']) {gformRedirect();}}jQuery(document).trigger(\"gform_pre_post_render\", [{ formId: \"5\", currentPage: \"current_page\", abort: function() { this.preventDefault(); } }]);        if (event && event.defaultPrevented) {                return;        }        const gformWrapperDiv = document.getElementById( \"gform_wrapper_5\" );        if ( gformWrapperDiv ) {            const visibilitySpan = document.createElement( \"span\" );            visibilitySpan.id = \"gform_visibility_test_5\";            gformWrapperDiv.insertAdjacentElement( \"afterend\", visibilitySpan );        }        const visibilityTestDiv = document.getElementById( \"gform_visibility_test_5\" );        let postRenderFired = false;        function triggerPostRender() {            if ( postRenderFired ) {                return;            }            postRenderFired = true;            gform.core.triggerPostRenderEvents( 5, current_page );            if ( visibilityTestDiv ) {                visibilityTestDiv.parentNode.removeChild( visibilityTestDiv );            }        }        function debounce( func, wait, immediate ) {            var timeout;            return function() {                var context = this, args = arguments;                var later = function() {                    timeout = null;                    if ( !immediate ) func.apply( context, args );                };                var callNow = immediate && !timeout;                clearTimeout( timeout );                timeout = setTimeout( later, wait );                if ( callNow ) func.apply( context, args );            };        }        const debouncedTriggerPostRender = debounce( function() {            triggerPostRender();        }, 200 );        if ( visibilityTestDiv && visibilityTestDiv.offsetParent === null ) {            const observer = new MutationObserver( ( mutations ) => {                mutations.forEach( ( mutation ) => {                    if ( mutation.type === 'attributes' && visibilityTestDiv.offsetParent !== null ) {                        debouncedTriggerPostRender();                        observer.disconnect();                    }                });            });            observer.observe( document.body, {                attributes: true,                childList: false,                subtree: true,                attributeFilter: [ 'style', 'class' ],            });        } else {            triggerPostRender();        }    } );} );\n<\/script>\n","protected":false},"excerpt":{"rendered":"<p>Perspect Benelux est un partenaire reconnu dans les solutions industrielles. Nous sommes sp\u00e9cialis\u00e9s dans les solutions de protection et de [&hellip;]<\/p>\n","protected":false},"author":11,"featured_media":0,"parent":1641,"menu_order":0,"comment_status":"closed","ping_status":"closed","template":"","meta":{"_acf_changed":false,"content-type":"","editor_notices":[],"footnotes":""},"class_list":["post-1671","page","type-page","status-publish","hentry"],"acf":[],"yoast_head":"<!-- This site is optimized with the Yoast SEO plugin v27.3 - https:\/\/yoast.com\/product\/yoast-seo-wordpress\/ -->\n<title>Formation Belzona : expertise protection &amp; r\u00e9paration | Perspect BE<\/title>\n<meta name=\"description\" content=\"Suivez une formation Belzona pour ma\u00eetriser l\u2019application des composites et rev\u00eatements industriels. Th\u00e9orie, pratique, pour votre entreprise.\" \/>\n<meta name=\"robots\" content=\"index, follow, max-snippet:-1, max-image-preview:large, max-video-preview:-1\" \/>\n<link rel=\"canonical\" href=\"https:\/\/www.belzona.be\/fr\/centre-de-formation\/formation-belzona-2\/\" \/>\n<meta property=\"og:locale\" content=\"fr_FR\" \/>\n<meta property=\"og:type\" content=\"article\" \/>\n<meta property=\"og:title\" content=\"Formation Belzona : expertise protection &amp; r\u00e9paration | Perspect BE\" \/>\n<meta property=\"og:description\" content=\"Suivez une formation Belzona pour ma\u00eetriser l\u2019application des composites et rev\u00eatements industriels. Th\u00e9orie, pratique, pour votre entreprise.\" \/>\n<meta property=\"og:url\" content=\"https:\/\/www.belzona.be\/fr\/centre-de-formation\/formation-belzona-2\/\" \/>\n<meta property=\"og:site_name\" content=\"Belzona Perspect Belgique FR\" \/>\n<meta property=\"article:modified_time\" content=\"2025-12-19T13:13:08+00:00\" \/>\n<meta name=\"twitter:card\" content=\"summary_large_image\" \/>\n<meta name=\"twitter:label1\" content=\"Dur\u00e9e de lecture est.\" \/>\n\t<meta name=\"twitter:data1\" content=\"3 minutes\" \/>\n<script type=\"application\/ld+json\" class=\"yoast-schema-graph\">{\"@context\":\"https:\\\/\\\/schema.org\",\"@graph\":[{\"@type\":\"WebPage\",\"@id\":\"https:\\\/\\\/www.belzona.be\\\/fr\\\/centre-de-formation\\\/formation-belzona-2\\\/\",\"url\":\"https:\\\/\\\/www.belzona.be\\\/fr\\\/centre-de-formation\\\/formation-belzona-2\\\/\",\"name\":\"Formation Belzona : expertise protection & r\u00e9paration | Perspect BE\",\"isPartOf\":{\"@id\":\"https:\\\/\\\/www.belzona.be\\\/fr\\\/#website\"},\"datePublished\":\"2024-11-04T11:15:12+00:00\",\"dateModified\":\"2025-12-19T13:13:08+00:00\",\"description\":\"Suivez une formation Belzona pour ma\u00eetriser l\u2019application des composites et rev\u00eatements industriels. Th\u00e9orie, pratique, pour votre entreprise.\",\"breadcrumb\":{\"@id\":\"https:\\\/\\\/www.belzona.be\\\/fr\\\/centre-de-formation\\\/formation-belzona-2\\\/#breadcrumb\"},\"inLanguage\":\"fr-BE\",\"potentialAction\":[{\"@type\":\"ReadAction\",\"target\":[\"https:\\\/\\\/www.belzona.be\\\/fr\\\/centre-de-formation\\\/formation-belzona-2\\\/\"]}]},{\"@type\":\"BreadcrumbList\",\"@id\":\"https:\\\/\\\/www.belzona.be\\\/fr\\\/centre-de-formation\\\/formation-belzona-2\\\/#breadcrumb\",\"itemListElement\":[{\"@type\":\"ListItem\",\"position\":1,\"name\":\"Accueil\",\"item\":\"https:\\\/\\\/www.belzona.be\\\/fr\\\/\"},{\"@type\":\"ListItem\",\"position\":2,\"name\":\"Centre de formation\",\"item\":\"https:\\\/\\\/www.belzona.be\\\/fr\\\/centre-de-formation\\\/\"},{\"@type\":\"ListItem\",\"position\":3,\"name\":\"Formation Belzona : apprendre l\u2019application des solutions industrielles\"}]},{\"@type\":\"WebSite\",\"@id\":\"https:\\\/\\\/www.belzona.be\\\/fr\\\/#website\",\"url\":\"https:\\\/\\\/www.belzona.be\\\/fr\\\/\",\"name\":\"Belzona Perspect Belgique FR\",\"description\":\"Belzona : r\u00e9paration, protection et am\u00e9lioration des surfaces. Belzona pr\u00e9vient et r\u00e9pare l&#039;\u00e9rosion, la corrosion, l&#039;abrasion, ainsi que les d\u00e9gradations chimiques et m\u00e9caniques.\",\"potentialAction\":[{\"@type\":\"SearchAction\",\"target\":{\"@type\":\"EntryPoint\",\"urlTemplate\":\"https:\\\/\\\/www.belzona.be\\\/fr\\\/?s={search_term_string}\"},\"query-input\":{\"@type\":\"PropertyValueSpecification\",\"valueRequired\":true,\"valueName\":\"search_term_string\"}}],\"inLanguage\":\"fr-BE\"}]}<\/script>\n<!-- \/ Yoast SEO plugin. -->","yoast_head_json":{"title":"Formation Belzona : expertise protection & r\u00e9paration | Perspect BE","description":"Suivez une formation Belzona pour ma\u00eetriser l\u2019application des composites et rev\u00eatements industriels. Th\u00e9orie, pratique, pour votre entreprise.","robots":{"index":"index","follow":"follow","max-snippet":"max-snippet:-1","max-image-preview":"max-image-preview:large","max-video-preview":"max-video-preview:-1"},"canonical":"https:\/\/www.belzona.be\/fr\/centre-de-formation\/formation-belzona-2\/","og_locale":"fr_FR","og_type":"article","og_title":"Formation Belzona : expertise protection & r\u00e9paration | Perspect BE","og_description":"Suivez une formation Belzona pour ma\u00eetriser l\u2019application des composites et rev\u00eatements industriels. Th\u00e9orie, pratique, pour votre entreprise.","og_url":"https:\/\/www.belzona.be\/fr\/centre-de-formation\/formation-belzona-2\/","og_site_name":"Belzona Perspect Belgique FR","article_modified_time":"2025-12-19T13:13:08+00:00","twitter_card":"summary_large_image","twitter_misc":{"Dur\u00e9e de lecture est.":"3 minutes"},"schema":{"@context":"https:\/\/schema.org","@graph":[{"@type":"WebPage","@id":"https:\/\/www.belzona.be\/fr\/centre-de-formation\/formation-belzona-2\/","url":"https:\/\/www.belzona.be\/fr\/centre-de-formation\/formation-belzona-2\/","name":"Formation Belzona : expertise protection & r\u00e9paration | Perspect BE","isPartOf":{"@id":"https:\/\/www.belzona.be\/fr\/#website"},"datePublished":"2024-11-04T11:15:12+00:00","dateModified":"2025-12-19T13:13:08+00:00","description":"Suivez une formation Belzona pour ma\u00eetriser l\u2019application des composites et rev\u00eatements industriels. Th\u00e9orie, pratique, pour votre entreprise.","breadcrumb":{"@id":"https:\/\/www.belzona.be\/fr\/centre-de-formation\/formation-belzona-2\/#breadcrumb"},"inLanguage":"fr-BE","potentialAction":[{"@type":"ReadAction","target":["https:\/\/www.belzona.be\/fr\/centre-de-formation\/formation-belzona-2\/"]}]},{"@type":"BreadcrumbList","@id":"https:\/\/www.belzona.be\/fr\/centre-de-formation\/formation-belzona-2\/#breadcrumb","itemListElement":[{"@type":"ListItem","position":1,"name":"Accueil","item":"https:\/\/www.belzona.be\/fr\/"},{"@type":"ListItem","position":2,"name":"Centre de formation","item":"https:\/\/www.belzona.be\/fr\/centre-de-formation\/"},{"@type":"ListItem","position":3,"name":"Formation Belzona : apprendre l\u2019application des solutions industrielles"}]},{"@type":"WebSite","@id":"https:\/\/www.belzona.be\/fr\/#website","url":"https:\/\/www.belzona.be\/fr\/","name":"Belzona Perspect Belgique FR","description":"Belzona : r\u00e9paration, protection et am\u00e9lioration des surfaces. Belzona pr\u00e9vient et r\u00e9pare l&#039;\u00e9rosion, la corrosion, l&#039;abrasion, ainsi que les d\u00e9gradations chimiques et m\u00e9caniques.","potentialAction":[{"@type":"SearchAction","target":{"@type":"EntryPoint","urlTemplate":"https:\/\/www.belzona.be\/fr\/?s={search_term_string}"},"query-input":{"@type":"PropertyValueSpecification","valueRequired":true,"valueName":"search_term_string"}}],"inLanguage":"fr-BE"}]}},"_links":{"self":[{"href":"https:\/\/www.belzona.be\/fr\/wp-json\/wp\/v2\/pages\/1671","targetHints":{"allow":["GET"]}}],"collection":[{"href":"https:\/\/www.belzona.be\/fr\/wp-json\/wp\/v2\/pages"}],"about":[{"href":"https:\/\/www.belzona.be\/fr\/wp-json\/wp\/v2\/types\/page"}],"author":[{"embeddable":true,"href":"https:\/\/www.belzona.be\/fr\/wp-json\/wp\/v2\/users\/11"}],"replies":[{"embeddable":true,"href":"https:\/\/www.belzona.be\/fr\/wp-json\/wp\/v2\/comments?post=1671"}],"version-history":[{"count":4,"href":"https:\/\/www.belzona.be\/fr\/wp-json\/wp\/v2\/pages\/1671\/revisions"}],"predecessor-version":[{"id":1980,"href":"https:\/\/www.belzona.be\/fr\/wp-json\/wp\/v2\/pages\/1671\/revisions\/1980"}],"up":[{"embeddable":true,"href":"https:\/\/www.belzona.be\/fr\/wp-json\/wp\/v2\/pages\/1641"}],"wp:attachment":[{"href":"https:\/\/www.belzona.be\/fr\/wp-json\/wp\/v2\/media?parent=1671"}],"curies":[{"name":"wp","href":"https:\/\/api.w.org\/{rel}","templated":true}]}}