{"id":1594,"date":"2024-09-24T09:36:26","date_gmt":"2024-09-24T08:36:26","guid":{"rendered":"https:\/\/www.belzona.nl\/be-fr\/?page_id=1594"},"modified":"2025-12-02T18:24:35","modified_gmt":"2025-12-02T17:24:35","slug":"inscription-a-la-newsletter","status":"publish","type":"page","link":"https:\/\/www.belzona.be\/fr\/inscription-a-la-newsletter\/","title":{"rendered":"Inscription \u00e0 la newsletter"},"content":{"rendered":"\n<div class=\"form-inschrijven-nieuwsbrief\">\n    <div class=\"content\">\n        <img decoding=\"async\" class=\"logo-belzona-nieuws lazyload\" data-src=\"https:\/\/www.belzona.be\/fr\/wp-content\/themes\/buro26-child\/assets\/images\/logo-belzona-nieuws.svg\" alt=\"logo-belzona-nieuws.svg\" src=\"data:image\/svg+xml;base64,PHN2ZyB3aWR0aD0iMSIgaGVpZ2h0PSIxIiB4bWxucz0iaHR0cDovL3d3dy53My5vcmcvMjAwMC9zdmciPjwvc3ZnPg==\" \/>\n        <div class=\"text\">\n                            <h4 class=\"subtitel\">S&rsquo;inscrire \u00e0 la newsletter<\/h4>\n                                        <h2 class=\"titel\">S&rsquo;inscrire \u00e0 notre newsletter ?<\/h2>\n                                        <p class=\"beschrijving\">Non, pas une newsletter hebdomadaire avec trop d&rsquo;informations. Mais bien un bulletin mensuel avec des informations pr\u00e9cieuses sur nos produits et services.<\/p>\n                    <\/div>\n    <\/div>\n    \n\t\t\t\t\t\t<script>\n\t\t\t\t\t\t\twindow.hsFormsOnReady = window.hsFormsOnReady || [];\n\t\t\t\t\t\t\twindow.hsFormsOnReady.push(()=>{\n\t\t\t\t\t\t\t\thbspt.forms.create({\n\t\t\t\t\t\t\t\t\tportalId: 6729052,\n\t\t\t\t\t\t\t\t\tformId: \"63ccec53-05cf-47fc-a896-49dc44526cef\",\n\t\t\t\t\t\t\t\t\ttarget: \"#hbspt-form-1778621763000-7592885672\",\n\t\t\t\t\t\t\t\t\tregion: \"na1\",\n\t\t\t\t\t\t\t\t\t\n\t\t\t\t\t\t\t})});\n\t\t\t\t\t\t<\/script>\n\t\t\t\t\t\t<div class=\"hbspt-form\" id=\"hbspt-form-1778621763000-7592885672\"><\/div><\/div>\n","protected":false},"excerpt":{"rendered":"","protected":false},"author":2,"featured_media":0,"parent":0,"menu_order":0,"comment_status":"closed","ping_status":"closed","template":"","meta":{"_acf_changed":false,"content-type":"","editor_notices":[],"footnotes":""},"class_list":["post-1594","page","type-page","status-publish","hentry"],"acf":[],"yoast_head":"<!-- This site is optimized with the Yoast SEO plugin v27.3 - https:\/\/yoast.com\/product\/yoast-seo-wordpress\/ -->\n<title>Newsletter Belzona : inscription au bulletin mensuel | Perspect BE<\/title>\n<meta name=\"description\" content=\"Inscrivez-vous \u00e0 la newsletter Belzona et recevez chaque mois des informations essentielles sur nos produits, solutions et nouveaut\u00e9s.\" \/>\n<meta name=\"robots\" content=\"index, follow, max-snippet:-1, max-image-preview:large, max-video-preview:-1\" \/>\n<link rel=\"canonical\" href=\"https:\/\/www.belzona.be\/fr\/inscription-a-la-newsletter\/\" \/>\n<meta property=\"og:locale\" content=\"fr_FR\" \/>\n<meta property=\"og:type\" content=\"article\" \/>\n<meta property=\"og:title\" content=\"Newsletter Belzona : inscription au bulletin mensuel | Perspect BE\" \/>\n<meta property=\"og:description\" content=\"Inscrivez-vous \u00e0 la newsletter Belzona et recevez chaque mois des informations essentielles sur nos produits, solutions et nouveaut\u00e9s.\" \/>\n<meta property=\"og:url\" content=\"https:\/\/www.belzona.be\/fr\/inscription-a-la-newsletter\/\" \/>\n<meta property=\"og:site_name\" content=\"Belzona Perspect Belgique FR\" \/>\n<meta property=\"article:modified_time\" content=\"2025-12-02T17:24:35+00:00\" \/>\n<meta name=\"twitter:card\" content=\"summary_large_image\" \/>\n<script type=\"application\/ld+json\" class=\"yoast-schema-graph\">{\"@context\":\"https:\\\/\\\/schema.org\",\"@graph\":[{\"@type\":\"WebPage\",\"@id\":\"https:\\\/\\\/www.belzona.be\\\/fr\\\/inscription-a-la-newsletter\\\/\",\"url\":\"https:\\\/\\\/www.belzona.be\\\/fr\\\/inscription-a-la-newsletter\\\/\",\"name\":\"Newsletter Belzona : inscription au bulletin mensuel | Perspect BE\",\"isPartOf\":{\"@id\":\"https:\\\/\\\/www.belzona.be\\\/fr\\\/#website\"},\"datePublished\":\"2024-09-24T08:36:26+00:00\",\"dateModified\":\"2025-12-02T17:24:35+00:00\",\"description\":\"Inscrivez-vous \u00e0 la newsletter Belzona et recevez chaque mois des informations essentielles sur nos produits, solutions et nouveaut\u00e9s.\",\"breadcrumb\":{\"@id\":\"https:\\\/\\\/www.belzona.be\\\/fr\\\/inscription-a-la-newsletter\\\/#breadcrumb\"},\"inLanguage\":\"fr-BE\",\"potentialAction\":[{\"@type\":\"ReadAction\",\"target\":[\"https:\\\/\\\/www.belzona.be\\\/fr\\\/inscription-a-la-newsletter\\\/\"]}]},{\"@type\":\"BreadcrumbList\",\"@id\":\"https:\\\/\\\/www.belzona.be\\\/fr\\\/inscription-a-la-newsletter\\\/#breadcrumb\",\"itemListElement\":[{\"@type\":\"ListItem\",\"position\":1,\"name\":\"Accueil\",\"item\":\"https:\\\/\\\/www.belzona.be\\\/fr\\\/\"},{\"@type\":\"ListItem\",\"position\":2,\"name\":\"Inscription \u00e0 la newsletter\"}]},{\"@type\":\"WebSite\",\"@id\":\"https:\\\/\\\/www.belzona.be\\\/fr\\\/#website\",\"url\":\"https:\\\/\\\/www.belzona.be\\\/fr\\\/\",\"name\":\"Belzona Perspect Belgique FR\",\"description\":\"Belzona : r\u00e9paration, protection et am\u00e9lioration des surfaces. Belzona pr\u00e9vient et r\u00e9pare l&#039;\u00e9rosion, la corrosion, l&#039;abrasion, ainsi que les d\u00e9gradations chimiques et m\u00e9caniques.\",\"potentialAction\":[{\"@type\":\"SearchAction\",\"target\":{\"@type\":\"EntryPoint\",\"urlTemplate\":\"https:\\\/\\\/www.belzona.be\\\/fr\\\/?s={search_term_string}\"},\"query-input\":{\"@type\":\"PropertyValueSpecification\",\"valueRequired\":true,\"valueName\":\"search_term_string\"}}],\"inLanguage\":\"fr-BE\"}]}<\/script>\n<!-- \/ Yoast SEO plugin. -->","yoast_head_json":{"title":"Newsletter Belzona : inscription au bulletin mensuel | Perspect BE","description":"Inscrivez-vous \u00e0 la newsletter Belzona et recevez chaque mois des informations essentielles sur nos produits, solutions et nouveaut\u00e9s.","robots":{"index":"index","follow":"follow","max-snippet":"max-snippet:-1","max-image-preview":"max-image-preview:large","max-video-preview":"max-video-preview:-1"},"canonical":"https:\/\/www.belzona.be\/fr\/inscription-a-la-newsletter\/","og_locale":"fr_FR","og_type":"article","og_title":"Newsletter Belzona : inscription au bulletin mensuel | Perspect BE","og_description":"Inscrivez-vous \u00e0 la newsletter Belzona et recevez chaque mois des informations essentielles sur nos produits, solutions et nouveaut\u00e9s.","og_url":"https:\/\/www.belzona.be\/fr\/inscription-a-la-newsletter\/","og_site_name":"Belzona Perspect Belgique FR","article_modified_time":"2025-12-02T17:24:35+00:00","twitter_card":"summary_large_image","schema":{"@context":"https:\/\/schema.org","@graph":[{"@type":"WebPage","@id":"https:\/\/www.belzona.be\/fr\/inscription-a-la-newsletter\/","url":"https:\/\/www.belzona.be\/fr\/inscription-a-la-newsletter\/","name":"Newsletter Belzona : inscription au bulletin mensuel | Perspect BE","isPartOf":{"@id":"https:\/\/www.belzona.be\/fr\/#website"},"datePublished":"2024-09-24T08:36:26+00:00","dateModified":"2025-12-02T17:24:35+00:00","description":"Inscrivez-vous \u00e0 la newsletter Belzona et recevez chaque mois des informations essentielles sur nos produits, solutions et nouveaut\u00e9s.","breadcrumb":{"@id":"https:\/\/www.belzona.be\/fr\/inscription-a-la-newsletter\/#breadcrumb"},"inLanguage":"fr-BE","potentialAction":[{"@type":"ReadAction","target":["https:\/\/www.belzona.be\/fr\/inscription-a-la-newsletter\/"]}]},{"@type":"BreadcrumbList","@id":"https:\/\/www.belzona.be\/fr\/inscription-a-la-newsletter\/#breadcrumb","itemListElement":[{"@type":"ListItem","position":1,"name":"Accueil","item":"https:\/\/www.belzona.be\/fr\/"},{"@type":"ListItem","position":2,"name":"Inscription \u00e0 la newsletter"}]},{"@type":"WebSite","@id":"https:\/\/www.belzona.be\/fr\/#website","url":"https:\/\/www.belzona.be\/fr\/","name":"Belzona Perspect Belgique FR","description":"Belzona : r\u00e9paration, protection et am\u00e9lioration des surfaces. Belzona pr\u00e9vient et r\u00e9pare l&#039;\u00e9rosion, la corrosion, l&#039;abrasion, ainsi que les d\u00e9gradations chimiques et m\u00e9caniques.","potentialAction":[{"@type":"SearchAction","target":{"@type":"EntryPoint","urlTemplate":"https:\/\/www.belzona.be\/fr\/?s={search_term_string}"},"query-input":{"@type":"PropertyValueSpecification","valueRequired":true,"valueName":"search_term_string"}}],"inLanguage":"fr-BE"}]}},"_links":{"self":[{"href":"https:\/\/www.belzona.be\/fr\/wp-json\/wp\/v2\/pages\/1594","targetHints":{"allow":["GET"]}}],"collection":[{"href":"https:\/\/www.belzona.be\/fr\/wp-json\/wp\/v2\/pages"}],"about":[{"href":"https:\/\/www.belzona.be\/fr\/wp-json\/wp\/v2\/types\/page"}],"author":[{"embeddable":true,"href":"https:\/\/www.belzona.be\/fr\/wp-json\/wp\/v2\/users\/2"}],"replies":[{"embeddable":true,"href":"https:\/\/www.belzona.be\/fr\/wp-json\/wp\/v2\/comments?post=1594"}],"version-history":[{"count":3,"href":"https:\/\/www.belzona.be\/fr\/wp-json\/wp\/v2\/pages\/1594\/revisions"}],"predecessor-version":[{"id":1629,"href":"https:\/\/www.belzona.be\/fr\/wp-json\/wp\/v2\/pages\/1594\/revisions\/1629"}],"wp:attachment":[{"href":"https:\/\/www.belzona.be\/fr\/wp-json\/wp\/v2\/media?parent=1594"}],"curies":[{"name":"wp","href":"https:\/\/api.w.org\/{rel}","templated":true}]}}