{"id":1250,"date":"2023-09-26T11:33:27","date_gmt":"2023-09-26T10:33:27","guid":{"rendered":"https:\/\/www.belzona.nl\/?page_id=1250"},"modified":"2025-12-05T08:21:42","modified_gmt":"2025-12-05T07:21:42","slug":"fissure-dans-le-bloc-moteur","status":"publish","type":"page","link":"https:\/\/www.belzona.be\/fr\/fissure-dans-le-bloc-moteur\/","title":{"rendered":"Fissure de bloc moteur : r\u00e9paration \u00e0 froid durable"},"content":{"rendered":"\n<h2 class=\"wp-block-heading\">Belzona \u2013 solutions de r\u00e9paration \u00e0 froid pour blocs moteurs<\/h2>\n\n\n\n<p>Une fissure dans un bloc moteur est relativement courante et n\u2019implique pas n\u00e9cessairement la fin de vie du moteur. Il existe plusieurs m\u00e9thodes pour r\u00e9parer les blocs moteurs fissur\u00e9s, qu\u2019il s\u2019agisse de soudage, de brasage ou de r\u00e9paration \u00e0 froid.<\/p>\n\n\n\n<h2 class=\"wp-block-heading\">R\u00e9paration de bloc moteur fissur\u00e9<\/h2>\n\n\n\n<p>Cette proc\u00e9dure explique comment r\u00e9parer un bloc moteur fissur\u00e9 en moins d\u2019une heure avec Belzona. Les fissures dans les blocs moteurs peuvent causer des probl\u00e8mes tels que des fuites de liquide de refroidissement, ce qui impose une r\u00e9paration rapide pour \u00e9viter des dommages suppl\u00e9mentaires. Belzona propose une solution de r\u00e9paration \u00e0 froid, sans intervention \u00e0 chaud ni outillage sp\u00e9cialis\u00e9.<\/p>\n\n\n\n<figure class=\"wp-block-embed is-type-video is-provider-youtube wp-block-embed-youtube wp-embed-aspect-16-9 wp-has-aspect-ratio\"><div class=\"wp-block-embed__wrapper\">\n<iframe title=\"How to Repair a Cracked Engine Block\" width=\"980\" height=\"551\" data-src=\"https:\/\/www.youtube.com\/embed\/y-AT8f9J4_E?feature=oembed\" frameborder=\"0\" allow=\"accelerometer; autoplay; clipboard-write; encrypted-media; gyroscope; picture-in-picture; web-share\" referrerpolicy=\"strict-origin-when-cross-origin\" allowfullscreen src=\"data:image\/svg+xml;base64,PHN2ZyB3aWR0aD0iMSIgaGVpZ2h0PSIxIiB4bWxucz0iaHR0cDovL3d3dy53My5vcmcvMjAwMC9zdmciPjwvc3ZnPg==\" class=\"lazyload\" data-load-mode=\"1\"><\/iframe>\n<\/div><\/figure>\n\n\n\n<h2 class=\"wp-block-heading\">Mat\u00e9riaux utilis\u00e9s<\/h2>\n\n\n\n<p>Pour r\u00e9parer ce bloc moteur fissur\u00e9, nous avons utilis\u00e9 Belzona 1111 (Super M\u00e9tal), Belzona 9111 (Nettoyant\/d\u00e9graissant), Belzona 9341 (Ruban de renforcement) ainsi que des outils d\u2019atelier classiques.<\/p>\n\n\n\n<h2 class=\"wp-block-heading\"><br>R\u00e9parer la fissure dans le bloc moteur<\/h2>\n\n\n\n<ul class=\"wp-block-list\">\n<li><strong>\u00c9tape 1<\/strong>: Assurez-vous que la zone autour des fissures est soigneusement nettoy\u00e9e et exempte de graisse, d&rsquo;huile et de salet\u00e9. Nous recommandons d&rsquo;utiliser Belzona 9111 et une brosse dure pour \u00e9liminer toutes les contaminations de surface.<\/li>\n\n\n\n<li><strong>\u00c9tape 2:<\/strong> Stoppez la progression des fissures en per\u00e7ant des trous aux extr\u00e9mit\u00e9s et le long de leur trajectoire. Cela aide \u00e0 pr\u00e9venir la formation de nouvelles fissures.<\/li>\n\n\n\n<li><strong>\u00c9tape 3<\/strong>: Ins\u00e9rez des goupilles dans les trous, puis meulez-les affleurantes au carter.<\/li>\n\n\n\n<li><strong>\u00c9tape <\/strong>4: Rendez la surface rugueuse sur toute la zone de r\u00e9paration pour permettre \u00e0 la p\u00e2te m\u00e9tallique d&rsquo;adh\u00e9rer parfaitement.<\/li>\n\n\n\n<li><strong>\u00c9tape 5<\/strong>: Nettoyez et d\u00e9graissez \u00e0 nouveau la zone de r\u00e9paration et appliquez un ruban de masquage sur la zone \u00e0 d\u00e9limiter.<\/li>\n\n\n\n<li><strong>\u00c9tape 6:<\/strong> Mesurez et d\u00e9coupez un morceau de Belzona 9341 aux dimensions de la zone de r\u00e9paration recouverte de ruban adh\u00e9sif. <\/li>\n\n\n\n<li><strong>\u00c9tape 7:<\/strong> M\u00e9langez la bonne quantit\u00e9 de Belzona 1111 et assurez-vous que le mat\u00e9riau est uniform\u00e9ment m\u00e9lang\u00e9. <\/li>\n\n\n\n<li><strong>\u00c9tape 8:<\/strong> Appliquez une fine couche de Belzona 1111 sur les surfaces pr\u00e9par\u00e9es et appuyez fermement \u00e0 l\u2019aide de l\u2019outil d\u2019application pour assurer un contact complet.<\/li>\n\n\n\n<li><strong>\u00c9tape 9:<\/strong> Appliquez la Belzona 9341 avec le mat\u00e9riau Belzona m\u00e9lang\u00e9 et pressez-la sur la fissure dans la premi\u00e8re couche de Belzona. Utilisez l&rsquo;applicateur pour cela.<\/li>\n\n\n\n<li><strong>\u00c9tape 10<\/strong>: Appliquez une autre couche de mat\u00e9riau Belzona pour cr\u00e9er une sur\u00e9paisseur d\u2019environ 3 mm sur toute la zone.<\/li>\n\n\n\n<li><strong>\u00c9tape 11: <\/strong>Retirez le ruban adh\u00e9sif et laissez la r\u00e9paration durcir.<\/li>\n<\/ul>\n\n\n\n<p><\/p>\n\n\n\n<p><br><br><\/p>\n","protected":false},"excerpt":{"rendered":"<p>Belzona \u2013 solutions de r\u00e9paration \u00e0 froid pour blocs moteurs Une fissure dans un bloc moteur est relativement courante et [&hellip;]<\/p>\n","protected":false},"author":4,"featured_media":0,"parent":0,"menu_order":0,"comment_status":"closed","ping_status":"closed","template":"","meta":{"_acf_changed":false,"content-type":"","editor_notices":[],"footnotes":""},"class_list":["post-1250","page","type-page","status-publish","hentry"],"acf":[],"yoast_head":"<!-- This site is optimized with the Yoast SEO plugin v27.3 - https:\/\/yoast.com\/product\/yoast-seo-wordpress\/ -->\n<title>R\u00e9paration de fissure de bloc moteur avec Belzona | Perspect BE<\/title>\n<meta name=\"description\" content=\"R\u00e9parez une fissure de bloc moteur rapidement gr\u00e2ce \u00e0 une solution Belzona sans soudage. Proc\u00e9d\u00e9 durable, simple et performant.\" \/>\n<meta name=\"robots\" content=\"index, follow, max-snippet:-1, max-image-preview:large, max-video-preview:-1\" \/>\n<link rel=\"canonical\" href=\"https:\/\/www.belzona.be\/fr\/fissure-dans-le-bloc-moteur\/\" \/>\n<meta property=\"og:locale\" content=\"fr_FR\" \/>\n<meta property=\"og:type\" content=\"article\" \/>\n<meta property=\"og:title\" content=\"R\u00e9paration de fissure de bloc moteur avec Belzona | Perspect BE\" \/>\n<meta property=\"og:description\" content=\"R\u00e9parez une fissure de bloc moteur rapidement gr\u00e2ce \u00e0 une solution Belzona sans soudage. Proc\u00e9d\u00e9 durable, simple et performant.\" \/>\n<meta property=\"og:url\" content=\"https:\/\/www.belzona.be\/fr\/fissure-dans-le-bloc-moteur\/\" \/>\n<meta property=\"og:site_name\" content=\"Belzona Perspect Belgique FR\" \/>\n<meta property=\"article:modified_time\" content=\"2025-12-05T07:21:42+00:00\" \/>\n<meta name=\"twitter:card\" content=\"summary_large_image\" \/>\n<meta name=\"twitter:label1\" content=\"Dur\u00e9e de lecture est.\" \/>\n\t<meta name=\"twitter:data1\" content=\"2 minutes\" \/>\n<script type=\"application\/ld+json\" class=\"yoast-schema-graph\">{\"@context\":\"https:\\\/\\\/schema.org\",\"@graph\":[{\"@type\":\"WebPage\",\"@id\":\"https:\\\/\\\/www.belzona.be\\\/fr\\\/fissure-dans-le-bloc-moteur\\\/\",\"url\":\"https:\\\/\\\/www.belzona.be\\\/fr\\\/fissure-dans-le-bloc-moteur\\\/\",\"name\":\"R\u00e9paration de fissure de bloc moteur avec Belzona | Perspect BE\",\"isPartOf\":{\"@id\":\"https:\\\/\\\/www.belzona.be\\\/fr\\\/#website\"},\"datePublished\":\"2023-09-26T10:33:27+00:00\",\"dateModified\":\"2025-12-05T07:21:42+00:00\",\"description\":\"R\u00e9parez une fissure de bloc moteur rapidement gr\u00e2ce \u00e0 une solution Belzona sans soudage. Proc\u00e9d\u00e9 durable, simple et performant.\",\"breadcrumb\":{\"@id\":\"https:\\\/\\\/www.belzona.be\\\/fr\\\/fissure-dans-le-bloc-moteur\\\/#breadcrumb\"},\"inLanguage\":\"fr-BE\",\"potentialAction\":[{\"@type\":\"ReadAction\",\"target\":[\"https:\\\/\\\/www.belzona.be\\\/fr\\\/fissure-dans-le-bloc-moteur\\\/\"]}]},{\"@type\":\"BreadcrumbList\",\"@id\":\"https:\\\/\\\/www.belzona.be\\\/fr\\\/fissure-dans-le-bloc-moteur\\\/#breadcrumb\",\"itemListElement\":[{\"@type\":\"ListItem\",\"position\":1,\"name\":\"Accueil\",\"item\":\"https:\\\/\\\/www.belzona.be\\\/fr\\\/\"},{\"@type\":\"ListItem\",\"position\":2,\"name\":\"Fissure de bloc moteur : r\u00e9paration \u00e0 froid durable\"}]},{\"@type\":\"WebSite\",\"@id\":\"https:\\\/\\\/www.belzona.be\\\/fr\\\/#website\",\"url\":\"https:\\\/\\\/www.belzona.be\\\/fr\\\/\",\"name\":\"Belzona Perspect Belgique FR\",\"description\":\"Belzona : r\u00e9paration, protection et am\u00e9lioration des surfaces. Belzona pr\u00e9vient et r\u00e9pare l&#039;\u00e9rosion, la corrosion, l&#039;abrasion, ainsi que les d\u00e9gradations chimiques et m\u00e9caniques.\",\"potentialAction\":[{\"@type\":\"SearchAction\",\"target\":{\"@type\":\"EntryPoint\",\"urlTemplate\":\"https:\\\/\\\/www.belzona.be\\\/fr\\\/?s={search_term_string}\"},\"query-input\":{\"@type\":\"PropertyValueSpecification\",\"valueRequired\":true,\"valueName\":\"search_term_string\"}}],\"inLanguage\":\"fr-BE\"}]}<\/script>\n<!-- \/ Yoast SEO plugin. -->","yoast_head_json":{"title":"R\u00e9paration de fissure de bloc moteur avec Belzona | Perspect BE","description":"R\u00e9parez une fissure de bloc moteur rapidement gr\u00e2ce \u00e0 une solution Belzona sans soudage. Proc\u00e9d\u00e9 durable, simple et performant.","robots":{"index":"index","follow":"follow","max-snippet":"max-snippet:-1","max-image-preview":"max-image-preview:large","max-video-preview":"max-video-preview:-1"},"canonical":"https:\/\/www.belzona.be\/fr\/fissure-dans-le-bloc-moteur\/","og_locale":"fr_FR","og_type":"article","og_title":"R\u00e9paration de fissure de bloc moteur avec Belzona | Perspect BE","og_description":"R\u00e9parez une fissure de bloc moteur rapidement gr\u00e2ce \u00e0 une solution Belzona sans soudage. Proc\u00e9d\u00e9 durable, simple et performant.","og_url":"https:\/\/www.belzona.be\/fr\/fissure-dans-le-bloc-moteur\/","og_site_name":"Belzona Perspect Belgique FR","article_modified_time":"2025-12-05T07:21:42+00:00","twitter_card":"summary_large_image","twitter_misc":{"Dur\u00e9e de lecture est.":"2 minutes"},"schema":{"@context":"https:\/\/schema.org","@graph":[{"@type":"WebPage","@id":"https:\/\/www.belzona.be\/fr\/fissure-dans-le-bloc-moteur\/","url":"https:\/\/www.belzona.be\/fr\/fissure-dans-le-bloc-moteur\/","name":"R\u00e9paration de fissure de bloc moteur avec Belzona | Perspect BE","isPartOf":{"@id":"https:\/\/www.belzona.be\/fr\/#website"},"datePublished":"2023-09-26T10:33:27+00:00","dateModified":"2025-12-05T07:21:42+00:00","description":"R\u00e9parez une fissure de bloc moteur rapidement gr\u00e2ce \u00e0 une solution Belzona sans soudage. Proc\u00e9d\u00e9 durable, simple et performant.","breadcrumb":{"@id":"https:\/\/www.belzona.be\/fr\/fissure-dans-le-bloc-moteur\/#breadcrumb"},"inLanguage":"fr-BE","potentialAction":[{"@type":"ReadAction","target":["https:\/\/www.belzona.be\/fr\/fissure-dans-le-bloc-moteur\/"]}]},{"@type":"BreadcrumbList","@id":"https:\/\/www.belzona.be\/fr\/fissure-dans-le-bloc-moteur\/#breadcrumb","itemListElement":[{"@type":"ListItem","position":1,"name":"Accueil","item":"https:\/\/www.belzona.be\/fr\/"},{"@type":"ListItem","position":2,"name":"Fissure de bloc moteur : r\u00e9paration \u00e0 froid durable"}]},{"@type":"WebSite","@id":"https:\/\/www.belzona.be\/fr\/#website","url":"https:\/\/www.belzona.be\/fr\/","name":"Belzona Perspect Belgique FR","description":"Belzona : r\u00e9paration, protection et am\u00e9lioration des surfaces. Belzona pr\u00e9vient et r\u00e9pare l&#039;\u00e9rosion, la corrosion, l&#039;abrasion, ainsi que les d\u00e9gradations chimiques et m\u00e9caniques.","potentialAction":[{"@type":"SearchAction","target":{"@type":"EntryPoint","urlTemplate":"https:\/\/www.belzona.be\/fr\/?s={search_term_string}"},"query-input":{"@type":"PropertyValueSpecification","valueRequired":true,"valueName":"search_term_string"}}],"inLanguage":"fr-BE"}]}},"_links":{"self":[{"href":"https:\/\/www.belzona.be\/fr\/wp-json\/wp\/v2\/pages\/1250","targetHints":{"allow":["GET"]}}],"collection":[{"href":"https:\/\/www.belzona.be\/fr\/wp-json\/wp\/v2\/pages"}],"about":[{"href":"https:\/\/www.belzona.be\/fr\/wp-json\/wp\/v2\/types\/page"}],"author":[{"embeddable":true,"href":"https:\/\/www.belzona.be\/fr\/wp-json\/wp\/v2\/users\/4"}],"replies":[{"embeddable":true,"href":"https:\/\/www.belzona.be\/fr\/wp-json\/wp\/v2\/comments?post=1250"}],"version-history":[{"count":6,"href":"https:\/\/www.belzona.be\/fr\/wp-json\/wp\/v2\/pages\/1250\/revisions"}],"predecessor-version":[{"id":1925,"href":"https:\/\/www.belzona.be\/fr\/wp-json\/wp\/v2\/pages\/1250\/revisions\/1925"}],"wp:attachment":[{"href":"https:\/\/www.belzona.be\/fr\/wp-json\/wp\/v2\/media?parent=1250"}],"curies":[{"name":"wp","href":"https:\/\/api.w.org\/{rel}","templated":true}]}}