{"id":119,"date":"2022-08-24T16:23:45","date_gmt":"2022-08-24T14:23:45","guid":{"rendered":"https:\/\/www.belzona.nl\/?page_id=119"},"modified":"2025-12-21T13:52:02","modified_gmt":"2025-12-21T12:52:02","slug":"contact","status":"publish","type":"page","link":"https:\/\/www.belzona.be\/fr\/contact\/","title":{"rendered":"Contactez Perspect Benelux (Belgique)"},"content":{"rendered":"\n<p><br>Pour contacter directement Perspect Benelux, distributeur agr\u00e9\u00e9 de Belzona, veuillez utiliser les coordonn\u00e9es disponibles ci-dessous. Vous pouvez \u00e9galement nous rendre visite dans nos bureaux.<\/p>\n\n\n\n<p>Nos bureaux sont situ\u00e9s \u00e0 Dordrecht, Planckstraat 53 (Pays-Bas).<\/p>\n\n\n\n<p>Les donn\u00e9es que vous nous communiquez sont trait\u00e9es avec la plus grande attention. Perspect Benelux traite vos donn\u00e9es personnelles conform\u00e9ment \u00e0 sa d\u00e9claration de confidentialit\u00e9.<\/p>\n\n\n\n<p>.<br><\/p>\n\n\n\n<div class=\"wp-block-columns is-layout-flex wp-container-core-columns-is-layout-28f84493 wp-block-columns-is-layout-flex\">\n<div class=\"wp-block-column is-layout-flow wp-block-column-is-layout-flow\">\n<div class=\"wp-block-columns alignfull is-layout-flex wp-container-core-columns-is-layout-28f84493 wp-block-columns-is-layout-flex\">\n<div class=\"wp-block-column is-layout-flow wp-block-column-is-layout-flow\" style=\"flex-basis:100%\"><div class=\"wp-block-image\">\n<figure class=\"aligncenter size-full is-resized\"><img decoding=\"async\" width=\"184\" height=\"184\" data-src=\"https:\/\/www.belzona.nl\/wp-content\/uploads\/sites\/4\/2022\/12\/Group-2723@2x-1.png\" alt=\"\" class=\"wp-image-289 lazyload\" style=\"--smush-placeholder-width: 184px; --smush-placeholder-aspect-ratio: 184\/184;width:92px;height:92px\" data-srcset=\"https:\/\/www.belzona.be\/fr\/wp-content\/uploads\/sites\/4\/2022\/12\/Group-2723@2x-1.png 184w, https:\/\/www.belzona.be\/fr\/wp-content\/uploads\/sites\/4\/2022\/12\/Group-2723@2x-1-150x150.png 150w, https:\/\/www.belzona.be\/fr\/wp-content\/uploads\/sites\/4\/2022\/12\/Group-2723@2x-1-100x100.png 100w\" data-sizes=\"(max-width: 184px) 100vw, 184px\" src=\"data:image\/svg+xml;base64,PHN2ZyB3aWR0aD0iMSIgaGVpZ2h0PSIxIiB4bWxucz0iaHR0cDovL3d3dy53My5vcmcvMjAwMC9zdmciPjwvc3ZnPg==\" \/><\/figure>\n<\/div><\/div>\n<\/div>\n\n\n\n<p class=\"has-text-align-center\"><strong>Adresse<\/strong><\/p>\n\n\n\n<p class=\"has-text-align-center\">Moerbroek 21<\/p>\n\n\n\n<p class=\"has-text-align-center\">2270, Herenthout<\/p>\n\n\n\n<p class=\"has-text-align-center\">Belgique<\/p>\n<\/div>\n\n\n\n<div class=\"wp-block-column is-layout-flow wp-block-column-is-layout-flow\">\n<div class=\"wp-block-columns alignfull is-layout-flex wp-container-core-columns-is-layout-28f84493 wp-block-columns-is-layout-flex\">\n<div class=\"wp-block-column is-layout-flow wp-block-column-is-layout-flow\" style=\"flex-basis:100%\"><div class=\"wp-block-image\">\n<figure class=\"aligncenter size-full is-resized\"><img decoding=\"async\" width=\"184\" height=\"184\" data-src=\"https:\/\/www.belzona.nl\/wp-content\/uploads\/sites\/4\/2022\/12\/Group-2724@2x.png\" alt=\"\" class=\"wp-image-287 lazyload\" style=\"--smush-placeholder-width: 184px; --smush-placeholder-aspect-ratio: 184\/184;width:92px;height:92px\" data-srcset=\"https:\/\/www.belzona.be\/fr\/wp-content\/uploads\/sites\/4\/2022\/12\/Group-2724@2x.png 184w, https:\/\/www.belzona.be\/fr\/wp-content\/uploads\/sites\/4\/2022\/12\/Group-2724@2x-150x150.png 150w, https:\/\/www.belzona.be\/fr\/wp-content\/uploads\/sites\/4\/2022\/12\/Group-2724@2x-100x100.png 100w\" data-sizes=\"(max-width: 184px) 100vw, 184px\" src=\"data:image\/svg+xml;base64,PHN2ZyB3aWR0aD0iMSIgaGVpZ2h0PSIxIiB4bWxucz0iaHR0cDovL3d3dy53My5vcmcvMjAwMC9zdmciPjwvc3ZnPg==\" \/><\/figure>\n<\/div><\/div>\n<\/div>\n\n\n\n<p class=\"has-text-align-center\"><strong>Contact<\/strong><\/p>\n\n\n\n<p class=\"has-text-align-center\"><a href=\"mailto:info@belzona.be\">info@belzona.be<\/a><\/p>\n\n\n\n<p class=\"has-text-align-center\">+32(0)14\/&nbsp;71&nbsp;41&nbsp;74<\/p>\n<\/div>\n\n\n\n<div class=\"wp-block-column is-layout-flow wp-block-column-is-layout-flow\">\n<div class=\"wp-block-columns alignfull is-layout-flex wp-container-core-columns-is-layout-28f84493 wp-block-columns-is-layout-flex\">\n<div class=\"wp-block-column is-layout-flow wp-block-column-is-layout-flow\" style=\"flex-basis:100%\"><div class=\"wp-block-image\">\n<figure class=\"aligncenter size-full is-resized\"><img decoding=\"async\" width=\"184\" height=\"184\" data-src=\"https:\/\/www.belzona.nl\/wp-content\/uploads\/sites\/4\/2022\/12\/Group-2725@2x.png\" alt=\"\" class=\"wp-image-288 lazyload\" style=\"--smush-placeholder-width: 184px; --smush-placeholder-aspect-ratio: 184\/184;width:92px;height:92px\" data-srcset=\"https:\/\/www.belzona.be\/fr\/wp-content\/uploads\/sites\/4\/2022\/12\/Group-2725@2x.png 184w, https:\/\/www.belzona.be\/fr\/wp-content\/uploads\/sites\/4\/2022\/12\/Group-2725@2x-150x150.png 150w, https:\/\/www.belzona.be\/fr\/wp-content\/uploads\/sites\/4\/2022\/12\/Group-2725@2x-100x100.png 100w\" data-sizes=\"(max-width: 184px) 100vw, 184px\" src=\"data:image\/svg+xml;base64,PHN2ZyB3aWR0aD0iMSIgaGVpZ2h0PSIxIiB4bWxucz0iaHR0cDovL3d3dy53My5vcmcvMjAwMC9zdmciPjwvc3ZnPg==\" \/><\/figure>\n<\/div><\/div>\n<\/div>\n\n\n\n<p class=\"has-text-align-center\"><strong>Informations Bancaires<\/strong><\/p>\n\n\n\n<p class=\"has-text-align-center\"><strong>IBAN <\/strong>NL15INGB0653137125<br><strong>BIC<\/strong> INGBNL2A<br><strong>BTW<\/strong> NL00.71.84.980.B01<br><strong>KvK<\/strong> 27159814<\/p>\n<\/div>\n<\/div>\n\n\n\n<p><\/p>\n","protected":false},"excerpt":{"rendered":"<p>Pour contacter directement Perspect Benelux, distributeur agr\u00e9\u00e9 de Belzona, veuillez utiliser les coordonn\u00e9es disponibles ci-dessous. Vous pouvez \u00e9galement nous rendre [&hellip;]<\/p>\n","protected":false},"author":2,"featured_media":0,"parent":0,"menu_order":0,"comment_status":"closed","ping_status":"closed","template":"","meta":{"_acf_changed":false,"content-type":"","editor_notices":[],"footnotes":""},"class_list":["post-119","page","type-page","status-publish","hentry"],"acf":[],"yoast_head":"<!-- This site is optimized with the Yoast SEO plugin v27.3 - https:\/\/yoast.com\/product\/yoast-seo-wordpress\/ -->\n<title>Contactez Perspect Benelux | Perspect BE<\/title>\n<meta name=\"description\" content=\"Contactez Perspect Benelux, distributeur agr\u00e9\u00e9 Belzona, pour vos solutions de r\u00e9paration et de protection industrielle en Belgique.\" \/>\n<meta name=\"robots\" content=\"index, follow, max-snippet:-1, max-image-preview:large, max-video-preview:-1\" \/>\n<link rel=\"canonical\" href=\"https:\/\/www.belzona.be\/fr\/contact\/\" \/>\n<meta property=\"og:locale\" content=\"fr_FR\" \/>\n<meta property=\"og:type\" content=\"article\" \/>\n<meta property=\"og:title\" content=\"Contactez Perspect Benelux | Perspect BE\" \/>\n<meta property=\"og:description\" content=\"Contactez Perspect Benelux, distributeur agr\u00e9\u00e9 Belzona, pour vos solutions de r\u00e9paration et de protection industrielle en Belgique.\" \/>\n<meta property=\"og:url\" content=\"https:\/\/www.belzona.be\/fr\/contact\/\" \/>\n<meta property=\"og:site_name\" content=\"Belzona Perspect Belgique FR\" \/>\n<meta property=\"article:modified_time\" content=\"2025-12-21T12:52:02+00:00\" \/>\n<meta property=\"og:image\" content=\"https:\/\/www.belzona.nl\/wp-content\/uploads\/sites\/4\/2022\/12\/Group-2723@2x-1.png\" \/>\n<meta name=\"twitter:card\" content=\"summary_large_image\" \/>\n<meta name=\"twitter:label1\" content=\"Dur\u00e9e de lecture est.\" \/>\n\t<meta name=\"twitter:data1\" content=\"2 minutes\" \/>\n<script type=\"application\/ld+json\" class=\"yoast-schema-graph\">{\"@context\":\"https:\\\/\\\/schema.org\",\"@graph\":[{\"@type\":\"WebPage\",\"@id\":\"https:\\\/\\\/www.belzona.be\\\/fr\\\/contact\\\/\",\"url\":\"https:\\\/\\\/www.belzona.be\\\/fr\\\/contact\\\/\",\"name\":\"Contactez Perspect Benelux | Perspect BE\",\"isPartOf\":{\"@id\":\"https:\\\/\\\/www.belzona.be\\\/fr\\\/#website\"},\"primaryImageOfPage\":{\"@id\":\"https:\\\/\\\/www.belzona.be\\\/fr\\\/contact\\\/#primaryimage\"},\"image\":{\"@id\":\"https:\\\/\\\/www.belzona.be\\\/fr\\\/contact\\\/#primaryimage\"},\"thumbnailUrl\":\"https:\\\/\\\/www.belzona.nl\\\/wp-content\\\/uploads\\\/sites\\\/4\\\/2022\\\/12\\\/Group-2723@2x-1.png\",\"datePublished\":\"2022-08-24T14:23:45+00:00\",\"dateModified\":\"2025-12-21T12:52:02+00:00\",\"description\":\"Contactez Perspect Benelux, distributeur agr\u00e9\u00e9 Belzona, pour vos solutions de r\u00e9paration et de protection industrielle en Belgique.\",\"breadcrumb\":{\"@id\":\"https:\\\/\\\/www.belzona.be\\\/fr\\\/contact\\\/#breadcrumb\"},\"inLanguage\":\"fr-BE\",\"potentialAction\":[{\"@type\":\"ReadAction\",\"target\":[\"https:\\\/\\\/www.belzona.be\\\/fr\\\/contact\\\/\"]}]},{\"@type\":\"ImageObject\",\"inLanguage\":\"fr-BE\",\"@id\":\"https:\\\/\\\/www.belzona.be\\\/fr\\\/contact\\\/#primaryimage\",\"url\":\"https:\\\/\\\/www.belzona.nl\\\/wp-content\\\/uploads\\\/sites\\\/4\\\/2022\\\/12\\\/Group-2723@2x-1.png\",\"contentUrl\":\"https:\\\/\\\/www.belzona.nl\\\/wp-content\\\/uploads\\\/sites\\\/4\\\/2022\\\/12\\\/Group-2723@2x-1.png\"},{\"@type\":\"BreadcrumbList\",\"@id\":\"https:\\\/\\\/www.belzona.be\\\/fr\\\/contact\\\/#breadcrumb\",\"itemListElement\":[{\"@type\":\"ListItem\",\"position\":1,\"name\":\"Accueil\",\"item\":\"https:\\\/\\\/www.belzona.be\\\/fr\\\/\"},{\"@type\":\"ListItem\",\"position\":2,\"name\":\"Contactez Perspect Benelux (Belgique)\"}]},{\"@type\":\"WebSite\",\"@id\":\"https:\\\/\\\/www.belzona.be\\\/fr\\\/#website\",\"url\":\"https:\\\/\\\/www.belzona.be\\\/fr\\\/\",\"name\":\"Belzona Perspect Belgique FR\",\"description\":\"Belzona : r\u00e9paration, protection et am\u00e9lioration des surfaces. Belzona pr\u00e9vient et r\u00e9pare l&#039;\u00e9rosion, la corrosion, l&#039;abrasion, ainsi que les d\u00e9gradations chimiques et m\u00e9caniques.\",\"potentialAction\":[{\"@type\":\"SearchAction\",\"target\":{\"@type\":\"EntryPoint\",\"urlTemplate\":\"https:\\\/\\\/www.belzona.be\\\/fr\\\/?s={search_term_string}\"},\"query-input\":{\"@type\":\"PropertyValueSpecification\",\"valueRequired\":true,\"valueName\":\"search_term_string\"}}],\"inLanguage\":\"fr-BE\"}]}<\/script>\n<!-- \/ Yoast SEO plugin. -->","yoast_head_json":{"title":"Contactez Perspect Benelux | Perspect BE","description":"Contactez Perspect Benelux, distributeur agr\u00e9\u00e9 Belzona, pour vos solutions de r\u00e9paration et de protection industrielle en Belgique.","robots":{"index":"index","follow":"follow","max-snippet":"max-snippet:-1","max-image-preview":"max-image-preview:large","max-video-preview":"max-video-preview:-1"},"canonical":"https:\/\/www.belzona.be\/fr\/contact\/","og_locale":"fr_FR","og_type":"article","og_title":"Contactez Perspect Benelux | Perspect BE","og_description":"Contactez Perspect Benelux, distributeur agr\u00e9\u00e9 Belzona, pour vos solutions de r\u00e9paration et de protection industrielle en Belgique.","og_url":"https:\/\/www.belzona.be\/fr\/contact\/","og_site_name":"Belzona Perspect Belgique FR","article_modified_time":"2025-12-21T12:52:02+00:00","og_image":[{"url":"https:\/\/www.belzona.nl\/wp-content\/uploads\/sites\/4\/2022\/12\/Group-2723@2x-1.png","type":"","width":"","height":""}],"twitter_card":"summary_large_image","twitter_misc":{"Dur\u00e9e de lecture est.":"2 minutes"},"schema":{"@context":"https:\/\/schema.org","@graph":[{"@type":"WebPage","@id":"https:\/\/www.belzona.be\/fr\/contact\/","url":"https:\/\/www.belzona.be\/fr\/contact\/","name":"Contactez Perspect Benelux | Perspect BE","isPartOf":{"@id":"https:\/\/www.belzona.be\/fr\/#website"},"primaryImageOfPage":{"@id":"https:\/\/www.belzona.be\/fr\/contact\/#primaryimage"},"image":{"@id":"https:\/\/www.belzona.be\/fr\/contact\/#primaryimage"},"thumbnailUrl":"https:\/\/www.belzona.nl\/wp-content\/uploads\/sites\/4\/2022\/12\/Group-2723@2x-1.png","datePublished":"2022-08-24T14:23:45+00:00","dateModified":"2025-12-21T12:52:02+00:00","description":"Contactez Perspect Benelux, distributeur agr\u00e9\u00e9 Belzona, pour vos solutions de r\u00e9paration et de protection industrielle en Belgique.","breadcrumb":{"@id":"https:\/\/www.belzona.be\/fr\/contact\/#breadcrumb"},"inLanguage":"fr-BE","potentialAction":[{"@type":"ReadAction","target":["https:\/\/www.belzona.be\/fr\/contact\/"]}]},{"@type":"ImageObject","inLanguage":"fr-BE","@id":"https:\/\/www.belzona.be\/fr\/contact\/#primaryimage","url":"https:\/\/www.belzona.nl\/wp-content\/uploads\/sites\/4\/2022\/12\/Group-2723@2x-1.png","contentUrl":"https:\/\/www.belzona.nl\/wp-content\/uploads\/sites\/4\/2022\/12\/Group-2723@2x-1.png"},{"@type":"BreadcrumbList","@id":"https:\/\/www.belzona.be\/fr\/contact\/#breadcrumb","itemListElement":[{"@type":"ListItem","position":1,"name":"Accueil","item":"https:\/\/www.belzona.be\/fr\/"},{"@type":"ListItem","position":2,"name":"Contactez Perspect Benelux (Belgique)"}]},{"@type":"WebSite","@id":"https:\/\/www.belzona.be\/fr\/#website","url":"https:\/\/www.belzona.be\/fr\/","name":"Belzona Perspect Belgique FR","description":"Belzona : r\u00e9paration, protection et am\u00e9lioration des surfaces. Belzona pr\u00e9vient et r\u00e9pare l&#039;\u00e9rosion, la corrosion, l&#039;abrasion, ainsi que les d\u00e9gradations chimiques et m\u00e9caniques.","potentialAction":[{"@type":"SearchAction","target":{"@type":"EntryPoint","urlTemplate":"https:\/\/www.belzona.be\/fr\/?s={search_term_string}"},"query-input":{"@type":"PropertyValueSpecification","valueRequired":true,"valueName":"search_term_string"}}],"inLanguage":"fr-BE"}]}},"_links":{"self":[{"href":"https:\/\/www.belzona.be\/fr\/wp-json\/wp\/v2\/pages\/119","targetHints":{"allow":["GET"]}}],"collection":[{"href":"https:\/\/www.belzona.be\/fr\/wp-json\/wp\/v2\/pages"}],"about":[{"href":"https:\/\/www.belzona.be\/fr\/wp-json\/wp\/v2\/types\/page"}],"author":[{"embeddable":true,"href":"https:\/\/www.belzona.be\/fr\/wp-json\/wp\/v2\/users\/2"}],"replies":[{"embeddable":true,"href":"https:\/\/www.belzona.be\/fr\/wp-json\/wp\/v2\/comments?post=119"}],"version-history":[{"count":19,"href":"https:\/\/www.belzona.be\/fr\/wp-json\/wp\/v2\/pages\/119\/revisions"}],"predecessor-version":[{"id":1989,"href":"https:\/\/www.belzona.be\/fr\/wp-json\/wp\/v2\/pages\/119\/revisions\/1989"}],"wp:attachment":[{"href":"https:\/\/www.belzona.be\/fr\/wp-json\/wp\/v2\/media?parent=119"}],"curies":[{"name":"wp","href":"https:\/\/api.w.org\/{rel}","templated":true}]}}